{"id":411,"date":"2025-04-22T14:49:32","date_gmt":"2025-04-22T14:49:32","guid":{"rendered":"https:\/\/rcm1.rcm.upr.edu\/ayudantias\/?page_id=411"},"modified":"2025-04-22T16:13:15","modified_gmt":"2025-04-22T16:13:15","slug":"programa-de-ayudantias-graduadas-de-catedra-e-investigacion","status":"publish","type":"page","link":"https:\/\/rcm1.rcm.upr.edu\/ayudantias\/programa-de-ayudantias-graduadas-de-catedra-e-investigacion\/","title":{"rendered":"PROGRAMA DE AYUDANT\u00cdAS GRADUADAS DE C\u00c1TEDRA E INVESTIGACI\u00d3N"},"content":{"rendered":"<div class=\"wpb-content-wrapper\"><p>[vc_row][vc_column][vc_column_text css=&#8221;&#8221;]<\/p>\n<h4 style=\"text-align: center;\">A\u00f1o Acad\u00e9mico 2025-2026<\/h4>\n<h4 style=\"text-align: center;\">INSTRUCCIONES GENERALES PARA SOLICITAR AL PROGRAMA DE AYUDANT\u00cdAS GRADUADAS DE C\u00c1TEDRA E INVESTIGACI\u00d3N (PAG) (aplica a estudiantes nuevos y renovaciones)<\/h4>\n<h4 style=\"text-align: center;\"><span style=\"color: #ff0000;\">(LEA CUIDADOSAMENTE)<\/span><\/h4>\n<ul>\n<li>Podr\u00e1 someter solicitud <strong>todo estudiante admitido a un Programa Graduado <\/strong>que lleve una <strong>carga acad\u00e9mica regular<\/strong>, seg\u00fan su Facultad o Escuela, (a nivel de maestr\u00eda y grado doctoral). <strong>No ser\u00e1n elegibles estudiantes que tengan empleos regulares en la instituci\u00f3n o fuera de ella. <\/strong><\/li>\n<li>Antes de radicar esta o cualquier solicitud de Ayuda Econ\u00f3mica, aseg\u00farese de pasar por la Oficina de Asistencia Econ\u00f3mica para verificar el efecto de la misma en su estatus econ\u00f3mico.<\/li>\n<li>Si al momento de solicitar no tiene identificado un Claustral\/Supervisor, deber\u00e1 comunicarse con el Director del Departamento o representante de su escuela ante el Comit\u00e9 de Ayudant\u00eda para que le asigne uno. De no poder completar la informaci\u00f3n del claustral al momento de llenar la solicitud, podr\u00e1 dejar la informaci\u00f3n en blanco para que sea completado por el Director de Departamento o Representante de su Escuela. <strong><u>Ser\u00e1 responsabilidad del estudiante comunicarse con el <\/u><\/strong><strong><u>Director de Departamento o <\/u><\/strong><strong><u>Representante al Programa de Ayudant\u00eda de su Escuela para asegurarse que le asignen un claustral\/supervisor.<\/u><\/strong><\/li>\n<li>Antes de someter la solicitud aseg\u00farese que su informaci\u00f3n este escrita correctamente.<\/li>\n<li>Una vez complete la solicitud recibir\u00e1 un correo electr\u00f3nico de confirmaci\u00f3n.<\/li>\n<li>Luego que usted complete la solicitud pasar\u00e1 autom\u00e1ticamente para la aprobaci\u00f3n de las siguientes personas: 1) Claustral que usted haya seleccionado o al Claustral que el Representante de su Escuela le haya asignado, 2) Director de Departamento, 3) Representante de su Escuela, 4) Decano de su Escuela y 5) Programa de Ayudant\u00edas.<\/li>\n<li>En caso de no haber fondos disponibles para atender la totalidad de las solicitudes, las mismas se atender\u00e1n y se adjudicar\u00e1n de acuerdo <em>Las Prioridades para la Adjudicaci\u00f3n de Fondos<\/em>.<\/li>\n<li><strong>Al momento de completar la Solicitud al Programa de Ayudant\u00edas de C\u00e1tedra e Investigaci\u00f3n el estudiante, Certifica que toda la informaci\u00f3n suministrada es real y ver\u00eddica. Entendi\u00e9ndose as\u00ed que hacer una declaraci\u00f3n falsa o enga\u00f1osa podr\u00eda conllevar la cancelaci\u00f3n de la ayudant\u00eda.<\/strong><\/li>\n<\/ul>\n<p>[\/vc_column_text][\/vc_column][\/vc_row][vc_row][vc_column]<div id=\"ultimate-heading-709669f5c2916ea05\" class=\"uvc-heading ult-adjust-bottom-margin ultimate-heading-709669f5c2916ea05 uvc-2657  uvc-heading-default-font-sizes\" data-hspacer=\"no_spacer\"  data-halign=\"center\" style=\"text-align:center\"><div class=\"uvc-heading-spacer no_spacer\" style=\"top\"><\/div><div class=\"uvc-main-heading ult-responsive\"  data-ultimate-target='.uvc-heading.ultimate-heading-709669f5c2916ea05 h4'  data-responsive-json-new='{\"font-size\":\"\",\"line-height\":\"\"}' ><h4 style=\"--font-weight:theme;\">Representantes de las Escuelas<\/h4><\/div><\/div>[vc_column_text css=&#8221;&#8221;]<\/p>\n<table width=\"100%\">\n<tbody>\n<tr>\n<td align=\"center\" width=\"228\">Dr. Jorge Duconge Soler<\/p>\n<p>jorge.duconge@upr.edu<\/td>\n<td align=\"center\" width=\"90\">Escuela de Farmacia<\/td>\n<td align=\"center\" width=\"228\"><a href=\"mailto:representante-ayudantias-farmacia.rcm@upr.edu\">representante-ayudantias-farmacia.rcm@upr.edu<\/a><\/td>\n<\/tr>\n<tr>\n<td align=\"center\" width=\"228\">Dra. Rosa Ruiz<\/p>\n<p>rosa.ruiz3@upr.edu<\/td>\n<td align=\"center\" width=\"90\">Escuela de Enfermer\u00eda<\/td>\n<td align=\"center\" width=\"228\"><a href=\"mailto:representante-ayudantias-enfermeria.rcm@upr.edu\">representante-ayudantias-enfermeria.rcm@upr.edu<\/a><\/td>\n<\/tr>\n<tr>\n<td align=\"center\" width=\"228\">Dr. Francis Pic\u00f3n<\/p>\n<p>francis.picon1@upr.edu<\/td>\n<td align=\"center\" width=\"90\">Escuela de Medicina Dental<\/td>\n<td align=\"center\" width=\"228\"><a href=\"mailto:representante-ayudantias-medicinadental@upr.edu\">representante-ayudantias-medicinadental@upr.edu<\/a><\/p>\n<p>&nbsp;<\/td>\n<\/tr>\n<tr>\n<td align=\"center\" width=\"228\">Prof. Alexie M. Lugo Canales<\/p>\n<p>alexie.lugo@upr.edu<\/td>\n<td align=\"center\" width=\"90\">Escuela de Profesiones de la Salud<\/td>\n<td align=\"center\" width=\"228\"><a href=\"mailto:representante-ayudantias-profesionessalud.rcm@upr.edu\">representante-ayudantias-profesionessalud.rcm@upr.edu<\/a><\/td>\n<\/tr>\n<tr>\n<td align=\"center\" width=\"228\">Dra. Antonio H Martins Baccin<\/p>\n<p>antonio.martins@upr.edu<\/td>\n<td align=\"center\" width=\"90\">Escuela de Medicina<\/td>\n<td align=\"center\" width=\"228\"><a href=\"mailto:representante-ayudantias-medicina.rcm@upr.edu\">representante-ayudantias-medicina.rcm@upr.edu<\/a><\/td>\n<\/tr>\n<tr>\n<td align=\"center\" width=\"228\">Dra. Yiselly M. V\u00e1zquez Guzm\u00e1n<\/p>\n<p>yiselly.vazquez@upr.edu<\/td>\n<td align=\"center\" width=\"90\">Escuela Graduada de Salud P\u00fablica<\/td>\n<td align=\"center\" width=\"228\"><a href=\"mailto:representante-ayudantias-saludpublica.rcm@upr.edu\">representante-ayudantias-saludpublica.rcm@upr.edu<\/a><\/td>\n<\/tr>\n<\/tbody>\n<\/table>\n<p>[\/vc_column_text][\/vc_column][\/vc_row][vc_row][vc_column][vc_btn title=&#8221;Llenar solicitud Ayudant\u00eda&#8221; color=&#8221;black&#8221; size=&#8221;sm&#8221; align=&#8221;center&#8221; css=&#8221;&#8221; link=&#8221;url:https%3A%2F%2Fwebapps.md.rcm.upr.edu%2Fayudantia%2Fformularionuevo.php&#8221;][vc_column_text css=&#8221;&#8221;]<\/p>\n<p style=\"text-align: center;\"><strong>Enlace solicitud<\/strong>:\u00a0 \u00a0<a href=\"https:\/\/nam02.safelinks.protection.outlook.com\/?url=https%3A%2F%2Fwebapps.md.rcm.upr.edu%2Fayudantia%2Fformularionuevo.php&amp;data=05%7C02%7Cgaston.rodriguez%40upr.edu%7C814e638ca40946c0442508dd7aea1472%7C0dfa5dc0036f461599e494af822f2b84%7C0%7C0%7C638801867963013190%7CUnknown%7CTWFpbGZsb3d8eyJFbXB0eU1hcGkiOnRydWUsIlYiOiIwLjAuMDAwMCIsIlAiOiJXaW4zMiIsIkFOIjoiTWFpbCIsIldUIjoyfQ%3D%3D%7C0%7C%7C%7C&amp;sdata=gJcdUxZmyKD3IIyzH1uBzBJq6py0iPgT1sHqOqH2B44%3D&amp;reserved=0\">https:\/\/webapps.md.rcm.upr.edu\/ayudantia\/formularionuevo.php<\/a><\/p>\n<p style=\"text-align: center;\"><span style=\"color: #ff0000;\"><strong>FECHA L\u00cdMITE PARA RADICAR LA SOLICITUD:<\/strong> <strong>30 de junio de 2025<\/strong><\/span><\/p>\n<p>[\/vc_column_text][\/vc_column][\/vc_row][vc_row][vc_column][\/vc_column][\/vc_row]<\/p>\n<\/div>","protected":false},"excerpt":{"rendered":"<p>[vc_row][vc_column][vc_column_text css=&#8221;&#8221;] A\u00f1o Acad\u00e9mico 2025-2026 INSTRUCCIONES GENERALES PARA SOLICITAR AL PROGRAMA DE AYUDANT\u00cdAS GRADUADAS DE C\u00c1TEDRA E INVESTIGACI\u00d3N (PAG) (aplica a estudiantes nuevos y renovaciones) (LEA CUIDADOSAMENTE) Podr\u00e1 someter solicitud todo estudiante admitido a un Programa Graduado que lleve una carga acad\u00e9mica regular, seg\u00fan su Facultad o Escuela, (a nivel de maestr\u00eda y grado doctoral).&hellip;<\/p>\n","protected":false},"author":3,"featured_media":0,"parent":0,"menu_order":0,"comment_status":"closed","ping_status":"closed","template":"","meta":{"footnotes":""},"class_list":["post-411","page","type-page","status-publish","hentry","description-off"],"aioseo_notices":[],"_links":{"self":[{"href":"https:\/\/rcm1.rcm.upr.edu\/ayudantias\/wp-json\/wp\/v2\/pages\/411","targetHints":{"allow":["GET"]}}],"collection":[{"href":"https:\/\/rcm1.rcm.upr.edu\/ayudantias\/wp-json\/wp\/v2\/pages"}],"about":[{"href":"https:\/\/rcm1.rcm.upr.edu\/ayudantias\/wp-json\/wp\/v2\/types\/page"}],"author":[{"embeddable":true,"href":"https:\/\/rcm1.rcm.upr.edu\/ayudantias\/wp-json\/wp\/v2\/users\/3"}],"replies":[{"embeddable":true,"href":"https:\/\/rcm1.rcm.upr.edu\/ayudantias\/wp-json\/wp\/v2\/comments?post=411"}],"version-history":[{"count":7,"href":"https:\/\/rcm1.rcm.upr.edu\/ayudantias\/wp-json\/wp\/v2\/pages\/411\/revisions"}],"predecessor-version":[{"id":421,"href":"https:\/\/rcm1.rcm.upr.edu\/ayudantias\/wp-json\/wp\/v2\/pages\/411\/revisions\/421"}],"wp:attachment":[{"href":"https:\/\/rcm1.rcm.upr.edu\/ayudantias\/wp-json\/wp\/v2\/media?parent=411"}],"curies":[{"name":"wp","href":"https:\/\/api.w.org\/{rel}","templated":true}]}}