{"id":349,"date":"2018-06-27T18:18:57","date_gmt":"2018-06-27T18:18:57","guid":{"rendered":"http:\/\/127.0.0.1\/rcm\/bsri\/investigators\/"},"modified":"2018-06-27T18:18:57","modified_gmt":"2018-06-27T18:18:57","slug":"investigators","status":"publish","type":"page","link":"https:\/\/rcm1.rcm.upr.edu\/behavioralsciences\/investigators\/","title":{"rendered":"Investigators"},"content":{"rendered":"<div class=\"wpb-content-wrapper\"><p>[vc_row][vc_column][vc_tta_tour color=&#8221;chino&#8221; active_section=&#8221;1&#8243;][vc_tta_section title=&#8221;Glorisa Canino, Ph.D.&#8221; tab_id=&#8221;1539628406901-c099d00e-c42f&#8221;][vc_column_text]<img loading=\"lazy\" decoding=\"async\" class=\"alignnone wp-image-177\" src=\"https:\/\/rcm1.rcm.upr.edu\/behavioralsciences\/wp-content\/uploads\/sites\/2\/2020\/04\/gcanino.jpg\" alt=\"\" width=\"170\" height=\"151\" \/>Glorisa J. Canino, Ph.D. Glorisa is a Professor at the School of Medicine, Deanship of Academic Affairs, and the Director of the Behavioral Sciences Research Institute, University of Puerto Rico, School of Medicine. Throughout the last 30 years Dr. Canino has been the principal investigator or co-principal investigator of innumerable research grants funded by several Institutes of the National Institute of Health. She has published substantially in the area of psychometrics and adaptation of instruments to the Latino culture, has published in adult and child psychiatric epidemiology, asthma and mental health services research, the genetics and epigenetics of pediatric asthma and health disparities among Latinos. She has been the principal investigator of three Disparity Centers , two of them funded by the National Institute of Minority Health and Health Disparities and one funded by the National Heart, Lung and Blood Institute. At present she is the principal investigator of 5 RO1\u2019s together with investigators of Columbia and Harvard University. One of these studies is a ten year follow up study to investigate the effect of minority status, in the onset of depressive and anxiety disorders as well as the long term relationship of substance use disorders, risky sexual behavior and sexually transmitted infections and HIV among Puerto Rican populations of San Juan, Puerto Rico and the Bronx, New York. Using this same cohort of participants, Dr. Canino is the principal investigator of two other grants. One is studying the gambling behavior of these youths that have been studied for ten years, and another, is evaluating the cardiovascular health of these same youth. She is also principal investigator of two psychiatric epidemiology studies, one together with Dr. Raul Caetano of alcoholism and its relationship to chronic unemployment, and another study of service use and barriers to care in the island. In addition, together with Dr. Daphne Kionis Mitchell, she is the principal investigator of a study testing a school asthma intervention for children with persistent asthma. Dr. Canino is co-principal investigator together with Dr. Celedon of a study on the epigenetics of pediatric asthma. Dr. Canino has been for the past 20 years a leading Latino researcher and her various research studies have resulted in more than 250 publications in scientific journals. She has been active in the community assuming leadership positions in non- profit organizations mostly dedicated to help poor Puerto Rican children to succeed in school. Dr. Canino has also been dedicated to sponsor and mentor faculty, doctoral and post doctoral students from various Universities in Puerto Rico and abroad.<\/p>\n<p>Glorisa loves to cook, swim, travel, listen to opera and classical music, watch movies and overall loves to read, particularly novel scientific developments and South American novels. She often goes snorkeling in a beach with beautiful reefs full of fantastic Caribbean salt water fish.<\/p>\n<p><strong>Email:<\/strong> <a href=\"mailto:glorisa.canino@upr.edu\">glorisa.canino@upr.edu<\/a><br \/>\n<strong>Phone:<\/strong> (787) 758-2525 Ext: 2129<\/p>\n<p>&nbsp;<\/p>\n<p><strong>Recent Publications<\/strong><\/p>\n<ul>\n<li><a href=\"https:\/\/pubmed.ncbi.nlm.nih.gov\/21536604\/\" target=\"_blank\" rel=\"noopener noreferrer\">Access to and Use of Asthma Health Services Among Latino Children: The Rhode Island-Puerto Rico Asthma Center Study.<\/a> Jandasek, B., Ortega, A. N., McQuaid, E. L., Koinis-Mitchell, D., Fritz, G. K., Kopel, S., J., Seifer, R., Klein, R. B., Canino, G. (2011). Med Care Res Rev.<\/li>\n<li><a href=\"https:\/\/pubmed.ncbi.nlm.nih.gov\/21194742\/\" target=\"_blank\" rel=\"noopener noreferrer\">Parental psychosocial stress and asthma morbidity in Puerto Rican twins. <\/a>Lange, N. E., Bunyavanich, S., Silberg, J. L., Canino, G., Rosner, B. A., &amp; Celedon, J. C. (2011). J Allergy Clin Immunol, 127(3), 734-740 e731-737.<\/li>\n<\/ul>\n<p>&nbsp;<\/p>\n<p><a href=\"https:\/\/pubmed.ncbi.nlm.nih.gov\/?Db=pubmed&amp;Cmd=DetailsSearch&amp;Term=Canino+G%5BAuthor%5D\" target=\"_blank\" rel=\"noopener noreferrer\">More publications<\/a> by Glorisa Canino[\/vc_column_text][\/vc_tta_section][vc_tta_section title=&#8221;Margarita Alegria, Ph.D.&#8221; tab_id=&#8221;1539628406956-d299746b-ba0b&#8221;][vc_column_text]<img loading=\"lazy\" decoding=\"async\" class=\"size-full wp-image-175 alignleft\" src=\"https:\/\/rcm1.rcm.upr.edu\/behavioralsciences\/wp-content\/uploads\/sites\/2\/2020\/04\/maggie.gif\" alt=\"\" width=\"112\" height=\"120\" \/>Is the Director of the Center for Multicultural Mental Health Research and a professor of psychology in the Department of Psychiatry at Harvard Medical School. Dr. Alegria researches mental health services for Latinos and other ethnic populations. She is currently the Principal Investigator of the Advanced Center for Mental Health Disparities, and the Latino arm of the National Latino and Asian American Study, as well as the Co-Principal Investigator of the CHA-UPR Excellence in Partnerships for Community Outreach, Research on Health Disparities and Training (EXPORT) Center. Her published works focus on mental health services research, conceptual and methodological issues with minority populations, risk behaviors, and disparities in service delivery. Dr. Alegria received her Ph.D. from Temple University.<\/p>\n<p>&nbsp;<\/p>\n<p><strong>Recent Publications<\/strong><\/p>\n<ul>\n<li><a href=\"https:\/\/pubmed.ncbi.nlm.nih.gov\/21782264\/\" target=\"_blank\" rel=\"noopener noreferrer\">Psychiatric disorders and labor market outcomes: Evidence from the National Comorbidity Survey-Replication.<\/a> Chatterji P, Alegria M, Takeuchi D.<br \/>\nJ Health Econ. 2011 Jul 1.<\/li>\n<li><a href=\"https:\/\/pubmed.ncbi.nlm.nih.gov\/21632726\/\" target=\"_blank\" rel=\"noopener noreferrer\">Racial and ethnic service use disparities among homeless adults with severe mental illnesses receiving ACT.<\/a> Horvitz-Lennon M, Zhou D, Normand SL, Alegr\u00eda M, Thompson WK. Psychiatr Serv. 2011 Jun;62(6):598-604.<\/li>\n<\/ul>\n<p>&nbsp;<\/p>\n<p><a href=\"https:\/\/pubmed.ncbi.nlm.nih.gov\/?Db=pubmed&amp;Cmd=DetailsSearch&amp;Term=alegria+m.%5BAuthor%5D+OR+alegria+m.%5BInvestigator%5D\" target=\"_blank\" rel=\"noopener noreferrer\">More publications<\/a> by Margarita Alegria[\/vc_column_text][\/vc_tta_section][vc_tta_section title=&#8221;Juan C. Celed\u00f3n, MD, DrPH&#8221; tab_id=&#8221;1539628416848-daa52cce-e9a8&#8243;][vc_column_text]<img loading=\"lazy\" decoding=\"async\" class=\" wp-image-176 alignleft\" src=\"https:\/\/rcm1.rcm.upr.edu\/behavioralsciences\/wp-content\/uploads\/sites\/2\/2020\/04\/celedon.jpg\" alt=\"\" width=\"148\" height=\"111\" \/>Dr. Celed\u00f3n&#8217;s primary area of research is to identify genetic factors and environmental exposure that influence the development of obstructive airway diseases (asthma and chronic obstructive pulmonary disease (COPD) in general and among Hispanics in particular. Few studies of the genetics of obstructive airway diseases have included Hispanic individuals. To attempt to improve our understanding of the pathogenesis of asthma and COPD in Hispanics, Dr. Celed\u00f3n currently leads three NIH-funded studies of the genetics of obstructive airway diseases in individuals of Hispanic descent. Two of these studies employ a family-based design to examine the relation between genetic factors and asthma and COPD in an isolated Hispanic population living in the Central Valley of Costa Rica, and the third study uses a case-control design to examine the relation among genes, indoor allergen exposure, and asthma phenotypes among Puerto Rican children. Genome-wide linkage analyses in eight large pedigrees of Costa Rican children with asthma have led to identification of genomic regions likely to contain asthma-susceptibility genes. Fine-mapping association analyses of asthma phenotypes in genomic regions linked to asthma (chromosome 12q24) and serum total immunoglobulin E (chromosome 20p12) are ongoing and could lead to the identification of a susceptibility gene for asthma.<\/p>\n<p>&nbsp;<\/p>\n<p><strong>Recent Publications<\/strong><\/p>\n<ul>\n<li><a href=\"https:\/\/pubmed.ncbi.nlm.nih.gov\/21538075\/\" target=\"_blank\" rel=\"noopener noreferrer\">The Challenge of Asthma in Minority Populations.<\/a>Leong AB, Ramsey CD, Celed\u00f3n JC. Clin Rev Allergy Immunol. 2011 May 3.<\/li>\n<li><a href=\"https:\/\/pubmed.ncbi.nlm.nih.gov\/21436250\/\" target=\"_blank\" rel=\"noopener noreferrer\">Association of SERPINE2 with Asthma.<\/a> Himes BE, Klanderman B, Ziniti J, Senter-Sylvia J, Soto-Quiros ME, Avila L, Celed\u00f3n JC, Lange C, Mariani TJ, Lasky-Su J, Hersh CP, Raby BA, Silverman EK, Weiss ST, Demeo DL. Chest. 2011 Mar 24.<\/li>\n<\/ul>\n<p>&nbsp;<\/p>\n<p><a href=\"https:\/\/pubmed.ncbi.nlm.nih.gov\/?Db=pubmed&amp;Cmd=DetailsSearch&amp;Term=Celedon+JC%5BAuthor%5D\" target=\"_blank\" rel=\"noopener noreferrer\">More publications<\/a> by Juan Carlos Celed\u00f3n[\/vc_column_text][\/vc_tta_section][vc_tta_section title=&#8221;Doryliz Vila, MS&#8221; tab_id=&#8221;1539628417602-4e7abe24-379a&#8221;][vc_column_text]<img loading=\"lazy\" decoding=\"async\" class=\"size-full wp-image-178 alignleft\" src=\"https:\/\/rcm1.rcm.upr.edu\/behavioralsciences\/wp-content\/uploads\/sites\/2\/2020\/04\/dvila.png\" alt=\"\" width=\"140\" height=\"124\" \/>Ms. Vila has been working at the BSRI since 2004 and is its Associate Director. She has a Bachelor degree in Health Education (BS) from the Univesrity of Puerto Rico, Medical Sciences Campus and a Master degree in Health Service Research and Evaluation (MS) from the Graduate School of Public Health at the University of Puerto Rico, Medical Sciences Campus.<\/p>\n<p>&nbsp;<\/p>\n<p><strong>Email<\/strong>: <a href=\"mailto:doriliz.vila@upr.edu\">doriliz.vila@upr.edu<\/a><br \/>\n<strong>Phone<\/strong>: (787) 758-2525 Ext:1292<\/p>\n<p>&nbsp;<\/p>\n<p><strong>Recent Publications<\/strong><\/p>\n<ul>\n<li><a href=\"https:\/\/pubmed.ncbi.nlm.nih.gov\/21766048\/\" target=\"_blank\" rel=\"noopener noreferrer\">Barriers to Prescribing Controller Anti Inflammatory Medication among Puerto Rican Asthmatic Children with Public Insurance: Results of National Survey of Pediatricians.<\/a> Canino G, Vila D, Cabana M, Qui\u00f1ones A, Otero M, Acosta E, Pab\u00f3n-Cruz K, Col\u00f3n FM, Rand C. Pediatr Allergy Immunol Pulmonol. 2010 Nov 1;23(3):169-174.<\/li>\n<li><a href=\"https:\/\/pubmed.ncbi.nlm.nih.gov\/21039213\/\" target=\"_blank\" rel=\"noopener noreferrer\">Disparities in asthma medication dispensing patterns: the case of pediatric asthma in Puerto Rico.<\/a> Vila D, Rand CS, Cabana MD, Qui\u00f1ones A, Otero M, Gamache C, Ram\u00edrez R, Garc\u00eda P, Canino G.<br \/>\nJ Asthma. 2010 Dec;47(10):1136-41. Epub 2010 Nov 1.<\/li>\n<\/ul>\n<p>&nbsp;<\/p>\n<p><a href=\"https:\/\/pubmed.ncbi.nlm.nih.gov\/?term=Doryliz%20vila&amp;cmd=DetailsSearch\" target=\"_blank\" rel=\"noopener noreferrer\">More publications<\/a> by Doryliz Vila[\/vc_column_text][\/vc_tta_section][vc_tta_section title=&#8221;Edna Acosta Perez, Ph.D.&#8221; tab_id=&#8221;1539628418318-3693c48e-fa5c&#8221;][vc_column_text]<img loading=\"lazy\" decoding=\"async\" class=\"size-full wp-image-179 alignleft\" src=\"https:\/\/rcm1.rcm.upr.edu\/behavioralsciences\/wp-content\/uploads\/sites\/2\/2020\/04\/eacosta.png\" alt=\"\" width=\"150\" height=\"100\" \/>Is a project Director of the BSRI and has been working at the institute for the last 4 years. Dr. Acosta completed a doctoral degree in Psychology in Social-Community at the University of Puerto Rico, Rio Piedras Campus, and a post-doctoral Master degree in Clinical Research at the University of Puerto Rico Medical Sciences Campus.<br \/>\n<strong>Email<\/strong>:\u00a0<a href=\"mailto:edna.acosta2@upr.edu\">edna.acosta2@upr.edu<\/a><\/p>\n<p><strong>Phone<\/strong>: (787) 758-2525 Ext:1994<\/p>\n<p>&nbsp;<\/p>\n<p><strong>Recent Publications<\/strong><\/p>\n<ul>\n<li><a href=\"https:\/\/pubmed.ncbi.nlm.nih.gov\/21749019\/\" target=\"_blank\" rel=\"noopener noreferrer\">Occurrence and correlates of overweight and obesity among island Puerto Rican youth.<\/a> Garza JR, P\u00e9rez EA, Prelip M, McCarthy WJ, Feldman JM, Canino G, Ortega 2011 Spring;21(2):163-9.<\/li>\n<li><a href=\"https:\/\/pubmed.ncbi.nlm.nih.gov\/21169709\/\" target=\"_blank\" rel=\"noopener noreferrer\">The development of a community-based family asthma management intervention for Puerto Rican children.<\/a> Martin CG, Andrade AA, Vila D, Acosta-P\u00e9rez E, Canino G. 2010 Winter;4(4):315-24.<\/li>\n<\/ul>\n<p>&nbsp;<\/p>\n<p><a href=\"https:\/\/pubmed.ncbi.nlm.nih.gov\/?term=Perez%2C%20Edna%20Acosta%5BFull%20Author%20Name%5D%20OR%20Acosta%20Perez%2C%20Edna%5BFull%20Author%20Name%5D&amp;cmd=DetailsSearch\" target=\"_blank\" rel=\"noopener noreferrer\">More publications<\/a> by Edna Acosta[\/vc_column_text][\/vc_tta_section][vc_tta_section title=&#8221;Ligia Chavez, Ph.D&#8221; tab_id=&#8221;1539628418993-a0c78771-973c&#8221;][vc_column_text]<\/p>\n<div id=\"content\">\n<p><img loading=\"lazy\" decoding=\"async\" class=\" wp-image-180 alignleft\" src=\"https:\/\/rcm1.rcm.upr.edu\/behavioralsciences\/wp-content\/uploads\/sites\/2\/2020\/04\/lchavez.png\" alt=\"\" width=\"146\" height=\"130\" \/>Is an Associate Professor, she has been working since 1999 at the Behavioral Sciences Research Institute. Dr. Chavez earned a PhD in Social Experimental Psychology from Tulane University.<\/p>\n<p><strong>Email<\/strong>: <a href=\"mailto:ligia.chavez@upr.edu\">ligia.chavez@upr.edu<\/a> <strong>Phone<\/strong>: (787) 758-2525 Ext:1941<\/p>\n<p>&nbsp;<\/p>\n<p><strong>Recent Publications<\/strong><\/p>\n<ul>\n<li><a href=\"https:\/\/pubmed.ncbi.nlm.nih.gov\/20521095\/?dopt=Citation\" target=\"_blank\" rel=\"noopener noreferrer\">Ethnic Differences in Perceived Impairment and Need for Care.<\/a> Chavez LM, Shrout PE, Alegr\u00eda M, Lapatin S, Canino G. (2010).<\/li>\n<li><a href=\"https:\/\/pubmed.ncbi.nlm.nih.gov\/17425245\/\" target=\"_blank\" rel=\"noopener noreferrer\">Psychometric evaluation of the Spanish version of CONNECT: A measure of continuity of care in mental health<\/a> Chavez LM, Canino G, Shrout PE, Barrio C, &amp; Ware NC. (2007).<\/li>\n<\/ul>\n<p>&nbsp;<\/p>\n<p><a href=\"https:\/\/pubmed.ncbi.nlm.nih.gov\/?cmd=DetailsSearch&amp;term=%22Chavez+LM%22%5BAuthor%5D\" target=\"_blank\" rel=\"noopener noreferrer\">More publications<\/a> by Ligia Chavez<\/p>\n<\/div>\n<p>[\/vc_column_text][\/vc_tta_section][\/vc_tta_tour][\/vc_column][\/vc_row]<\/p>\n<\/div>","protected":false},"excerpt":{"rendered":"<p>[vc_row][vc_column][vc_tta_tour color=&#8221;chino&#8221; active_section=&#8221;1&#8243;][vc_tta_section title=&#8221;Glorisa Canino, Ph.D.&#8221; tab_id=&#8221;1539628406901-c099d00e-c42f&#8221;][vc_column_text]Glorisa J. Canino, Ph.D. Glorisa is a Professor at the School of Medicine, Deanship of Academic Affairs, and the Director of the Behavioral Sciences Research Institute, University of Puerto Rico, School of Medicine. Throughout the last 30 years Dr. Canino has been the principal investigator or co-principal investigator of&hellip;<\/p>\n","protected":false},"author":1,"featured_media":0,"parent":0,"menu_order":0,"comment_status":"closed","ping_status":"closed","template":"template-microsite.php","meta":{"footnotes":""},"class_list":["post-349","page","type-page","status-publish","hentry","description-off"],"aioseo_notices":[],"_links":{"self":[{"href":"https:\/\/rcm1.rcm.upr.edu\/behavioralsciences\/wp-json\/wp\/v2\/pages\/349","targetHints":{"allow":["GET"]}}],"collection":[{"href":"https:\/\/rcm1.rcm.upr.edu\/behavioralsciences\/wp-json\/wp\/v2\/pages"}],"about":[{"href":"https:\/\/rcm1.rcm.upr.edu\/behavioralsciences\/wp-json\/wp\/v2\/types\/page"}],"author":[{"embeddable":true,"href":"https:\/\/rcm1.rcm.upr.edu\/behavioralsciences\/wp-json\/wp\/v2\/users\/1"}],"replies":[{"embeddable":true,"href":"https:\/\/rcm1.rcm.upr.edu\/behavioralsciences\/wp-json\/wp\/v2\/comments?post=349"}],"version-history":[{"count":0,"href":"https:\/\/rcm1.rcm.upr.edu\/behavioralsciences\/wp-json\/wp\/v2\/pages\/349\/revisions"}],"wp:attachment":[{"href":"https:\/\/rcm1.rcm.upr.edu\/behavioralsciences\/wp-json\/wp\/v2\/media?parent=349"}],"curies":[{"name":"wp","href":"https:\/\/api.w.org\/{rel}","templated":true}]}}