{"id":41,"date":"2018-09-10T11:41:47","date_gmt":"2018-09-10T11:41:47","guid":{"rendered":"http:\/\/127.0.0.1\/rcm\/bsri\/publications\/"},"modified":"2018-09-10T11:41:47","modified_gmt":"2018-09-10T11:41:47","slug":"publications","status":"publish","type":"page","link":"https:\/\/rcm1.rcm.upr.edu\/behavioralsciences\/publications\/","title":{"rendered":"Publications"},"content":{"rendered":"<div class=\"wpb-content-wrapper\"><p>[vc_row][vc_column][vc_tta_tour color=&#8221;chino&#8221; active_section=&#8221;1&#8243;][vc_tta_section title=&#8221;Glorisa Canino, Ph.D.&#8221; tab_id=&#8221;1539692313169-a6ceb7d7-45a4&#8243;][vc_column_text]<\/p>\n<h4>Recent Publications<\/h4>\n<ul>\n<li>Posner, J., Amira, L., Algaze, A., Canino, G., &amp; Duarte, C. S. (2016). Reduced functional connectivity\u00a0within the mesocorticolimbic system in substance use disorders: An fMRI study of Puerto Rican young adults. Frontiers in behavioral neuroscience, 10(102), 1-9. PubMed PMID:27252633; PubMed Central PMCID: PMC4879128<br \/>\n<a href=\"https:\/\/www.frontiersin.org\/articles\/10.3389\/fnbeh.2016.00102\/full\">https:\/\/www.frontiersin.org\/articles\/10.3389\/fnbeh.2016.00102\/full<\/a><\/li>\n<li>Martins, S. S., Wall, M. M., Eisenberg, R., Blanco, C., Santaella, J., Ramos-Olazagasti,\u00a0M., Canino, G., Bird, H. R., Brown, Q. &amp; Duarte, C. S. (2015). Trajectories of Sensation Seeking Among Puerto Rican Children and Youth. Journal of the American Academy of Child &amp; Adolescent Psychiatry, 54(12), 1042-1050. PubMed PMID:26598479; PubMed Central PMCID: PMC4660263<br \/>\n<a href=\"https:\/\/www.jaacap.org\/article\/S0890-8567(15)00640-1\/fulltext\">https:\/\/www.jaacap.org\/article\/S0890-8567(15)00640-1\/fulltext<\/a><\/li>\n<li>Jennings, W. G., Gonzalez, J. R., Piquero, A. R., Bird, H., Canino, G., &amp; Maldonado-Molina, M. (2016). The nature and relevance of risk and protective factors for<br \/>\nviolence among Hispanic children and adolescents: Results from the Boricua Youth Study. Journal of Criminal Justice. doi:10.1016\/j.jcrimjus.2016.02.009<br \/>\n<a href=\"https:\/\/login.ccny-proxy1.libr.ccny.cuny.edu\/connect?session=sjTr8OZYir8ykfYk&amp;qurl=http%3a%2f%2fdx.doi.org%2f10.1016%2fj.jcrimjus.2016.02.009\">https:\/\/login.ccny-proxy1.libr.ccny.cuny.edu\/connect?session=sjTr8OZYir8ykfYk&amp;qurl=http%3a%2f%2fdx.doi.org%2f10.1016%2fj.jcrimjus.2016.02.009<\/a><\/li>\n<li>Morcillo, C., Ramos-Olazagasti, M. A., Blanco, C., Sala, R., Canino, G., Bird, H., &amp;\u00a0Duarte, C. S. (2015). Socio-cultural context and bulling others in\u00a0childhood. Journal of child and family studies, 24(8), 2241-2249. PubMed PMID:\u00a026425057; PubMed Central PMCID: PMC4584144<br \/>\n<a href=\"https:\/\/link.springer.com\/article\/10.1007\/s10826-014-0026-1?error=cookies_not_supported&amp;code=9608ba0d-60f7-4a90-a674-f24b729a39c8\">https:\/\/link.springer.com\/article\/10.1007\/s10826-014-0026-1<\/a><\/li>\n<li>Ramos-Olazagasti, M. A., Shrout, P. E., Yoshikawa, H., Canino, G. J., &amp; Bird, H. R.\u00a0(2013). Contextual risk and promotive processes in Puerto Rican youths&#8217;\u00a0internalizing trajectories in Puerto Rico and New York. Development and\u00a0psychopathology, 25(03), 755-771. PubMed PMID: 23880390; PubMed Central\u00a0PMCID: PMC3725656<br \/>\n<a href=\"https:\/\/www.cambridge.org\/core\/journals\/development-and-psychopathology\/article\/abs\/contextual-risk-and-promotive-processes-in-puerto-rican-youths-internalizing-trajectories-in-puerto-rico-and-new-york\/E102AA0DA00CFF8B4D095FC3DE29B13F\">Click here to read publication<\/a><\/li>\n<li>Ramos-Olazagasti, M. A., Shrout, P. E., Yoshikawa, H., Bird, H. R., &amp; Canino, G. J.\u00a0(2012). The longitudinal relationship between parental reports of asthma and anxiety and depression symptoms among two groups of Puerto Rican youth. Journal of Psychosomatic Research, 73(4), 283-288. PubMed PMID: 22980534; PubMed Central PMCID: PMC3444747<br \/>\n<a href=\"https:\/\/www.sciencedirect.com\/science\/article\/pii\/S0022399912001882\">https:\/\/www.sciencedirect.com\/science\/article\/pii\/S0022399912001882<\/a><\/li>\n<li>Jensen, P., Goldman, E., Offord, D., Costello, E. J., Friedman, R., Huff, B., Crowe, M.,\u00a0Amsel, L., Bennett, K., Bird, H. R., Conger, R., Fisher, P., Hoagwood, K.,\u00a0Kessler, R. C., &amp; Roberts, R. (2011). Overlooked and underserved: &#8220;action signs&#8221; for identifying children with unmet mental health needs. Pediatrics, 128(5):970-979. PubMed PMID: 22025589; PubMed Central PMCID: PMC3387881<br \/>\n<a href=\"https:\/\/pediatrics.aappublications.org\/content\/128\/5\/970\">http:\/\/pediatrics.aappublications.org\/content\/128\/5\/970.full.pdf+html<\/a><\/li>\n<li>Bauermeister, J.J., Bird, H. R., Shrout, P. E., Chavez, L., Ram\u00edrez, R., &amp; Canino, G. J.\u00a0(2011). Short-term persistence of DSM-IV ADHD diagnoses: influence of context, age, and gender. Journal of the American Academy of Child and Adolescent Psychiatry, 50(6):554-562. PubMed PMID:21621139; PubMed Central PMCID: PMC3119513<br \/>\n<a href=\"https:\/\/www.ncbi.nlm.nih.gov\/pmc\/articles\/PMC3119513\/?tool=pubmed\">https:\/\/www.ncbi.nlm.nih.gov\/pmc\/articles\/PMC3119513\/?tool=pubmed<\/a><\/li>\n<li>Morcillo, C., Duarte, C.S., Shen, S., Blanco, C., Canino, G., &amp; Bird, H. (2010). Parental\u00a0familism and antisocial behaviors: Development, gender and potential mechanisms. Journal of the American Academy of Child and Adolescent Psychiatry, 50(5): 471-479. PubMed PMID: 21515196; PMCID: PubMed Central PMC4391499<br \/>\n<a href=\"https:\/\/pubmed.ncbi.nlm.nih.gov\/21515196\/\">https:\/\/www.ncbi.nlm.nih.gov\/pubmed\/21515196<\/a><\/li>\n<li>Rivera, F., L\u00f3pez, I., Guarnaccia, P., Ramirez, R., Canino, G., &amp; Bird, H. (2010).\u00a0Perceived Discrimination and Antisocial Behaviors in Puerto Rican Children. Journal of Immigrant and Minority Health, 13(3), 453-461. PubMed PMID: 21113817; PubMed Central PMCID: PMC3113547<br \/>\n<a href=\"https:\/\/pubmed.ncbi.nlm.nih.gov\/21113817\/\">https:\/\/www.ncbi.nlm.nih.gov\/pubmed\/21113817<\/a><\/li>\n<li>Jennings, W., Maldonado-Molina, M., Piquero, A., Odgers, C., Bird, H., &amp; Canino, G.\u00a0(2010). Sex differences in trajectories of offending among Puerto Rican youth.\u00a0Crime &amp; Delinquency, 56(3), 327-357. PubMed PMID: 21701603; PubMed Central PMCID: PMC3119577<br \/>\n<a href=\"https:\/\/journals.sagepub.com\/\">http:\/\/cad.sagepub.com\/content\/56\/3\/327.full.pdf+html<\/a><\/li>\n<li>Wu, P., Bird, H., Liu, X., Duarte, C., Fuller, C., Fan, B., Shen, S., &amp; Canino, G. (2010).\u00a0Trauma, posttraumatic stress symptoms, and alcohol-use initiation in children.\u00a0Journal of Studies on Alcohol and Drugs, 71(3), 326-334. PubMed PMID:\u00a020409425; PubMed Central PMCID: PMC2859783<br \/>\n<a href=\"https:\/\/pubmed.ncbi.nlm.nih.gov\/20409425\/\">https:\/\/www.ncbi.nlm.nih.gov\/pubmed\/20409425<\/a><\/li>\n<li>Feldman, J.M., Ortega, A.N., Mitchell, D.K., Kuo, A.A., &amp; Canino, G. (2010). Child and\u00a0family psychiatric and psychological factors associated with child physical health\u00a0problems: Results from the Boricua Youth Study. Journal of Nervous and Mental\u00a0Disease, 198(4), 272-279. PubMed PMID: 20386256; PubMed Central PMCID: PMC2958697<br \/>\n<a href=\"https:\/\/www.ncbi.nlm.nih.gov\/pmc\/articles\/PMC2958697\/pdf\/nihms-241999.pdf\">https:\/\/www.ncbi.nlm.nih.gov\/pmc\/articles\/PMC2958697\/pdf\/nihms-241999.pdf<\/a><\/li>\n<li>Jennings, W., Maldonado-Molina, M., Piquero, A., &amp; Canino, G. (2010). Parental\u00a0suicidality as a risk factor for delinquency among Hispanic youth. Journal of\u00a0Youth and Adolescence, 39(3), 315-325. PubMed PMID: 19657728; PubMed Central PMCID: PMC3136210<br \/>\n<a href=\"https:\/\/link.springer.com\/article\/10.1007\/s10964-009-9439-3?error=cookies_not_supported&amp;code=dc89b9dc-d95e-4732-82ec-63b579932f98\">https:\/\/link.springer.com\/article\/10.1007%2Fs10964-009-9439-3<\/a><\/li>\n<li>L\u00f3pez, I., Rivera, F., Ramirez, R., Guarnaccia, P., Canino, G., &amp; Bird, H. (2009).\u00a0Ataques de nervios and their psychiatric correlates in Puerto Rican children from\u00a0two different contexts. Journal of Nervous and Mental Disease, 197(12), 923-929.\u00a0PubMed PMID: 20010029<br \/>\n<a href=\"https:\/\/pubmed.ncbi.nlm.nih.gov\/20010029\/\">https:\/\/www.ncbi.nlm.nih.gov\/pubmed\/20010029<\/a><\/li>\n<li>Sledjeski, E., Dierker, L., Bird, H., &amp; Canino, G. (2009). Predicting child maltreatment\u00a0among Puerto Rican children from migrant and non-migrant families. Child\u00a0Abuse &amp; Neglect, 33(6), 382-392. PubMed PMID:19457554; PubMed Central PMCID: PMC2737411<br \/>\n<a href=\"https:\/\/www.sciencedirect.com\/science\/article\/pii\/S0145213409000982\">https:\/\/www.sciencedirect.com\/science\/article\/pii\/S0145213409000982<\/a><\/li>\n<li>Maldonado-Molina, M., Piquero, A., Jennings, W., Bird, H., &amp; Canino, G. (2009).\u00a0Trajectories of delinquency among Puerto Rican children and adolescents at two\u00a0sites. Journal of Research in Crime and Delinquency, 46(2), 144-181. PubMed PMID: 24078746; PubMed Central PMCID: PMC3782861<br \/>\n<a href=\"https:\/\/journals.sagepub.com\/\">http:\/\/jrc.sagepub.com\/content\/46\/2\/144.abstract<\/a><\/li>\n<li>Bird, H., Shrout, P., Duarte, C., Shen, S., Bauermeister, J., &amp; Canino, G. (2008).\u00a0Longitudinal mental health service and medication use for ADHD among Puerto\u00a0Rican youth in two contexts. Journal of the American Academy of Child &amp;\u00a0Adolescent Psychiatry, 47(8), 879-889. PubMed PMID: 18596555; PubMed Central PMCID: PMC2602965<br \/>\n<a href=\"https:\/\/www.ncbi.nlm.nih.gov\/pmc\/articles\/PMC2602965\/pdf\/nihms78035.pdf\">https:\/\/www.ncbi.nlm.nih.gov\/pmc\/articles\/PMC2602965\/pdf\/nihms78035.pdf<\/a><\/li>\n<li>Duarte, C., Bird, H., Shrout, P., Wu, P., Lewis-Fernand\u00e9z, R., Shen, S., &amp; Canino, G.\u00a0(2008). Culture and psychiatric symptoms in Puerto Rican children: Longitudinal\u00a0results from one ethnic group in two contexts. Journal of Child Psychology and\u00a0Psychiatry, 49(5), 563-572. PubMed PMID: 18400061; PubMed Central PMCID: PMC2597153<br \/>\n<a href=\"https:\/\/www.ncbi.nlm.nih.gov\/pmc\/articles\/PMC2597153\/pdf\/nihms78013.pdf\">https:\/\/www.ncbi.nlm.nih.gov\/pmc\/articles\/PMC2597153\/pdf\/nihms78013.pdf<\/a><\/li>\n<li>Cohen, R., Canino, G., Bird, H., &amp; Celedon, J. (2008). Violence, abuse, and asthma in\u00a0Puerto Rican children. American Journal of Critical Care and Respiratory\u00a0Medicine, 178(5), 453-459. PubMed PMID: 18556622; PubMed Central PMCID: PMC2542427<br \/>\n<a href=\"https:\/\/www.ncbi.nlm.nih.gov\/pmc\/articles\/PMC2542427\/pdf\/AJRCCM1785453.pdf\">https:\/\/www.ncbi.nlm.nih.gov\/pmc\/articles\/PMC2542427\/pdf\/AJRCCM1785453.pdf<\/a>.<\/li>\n<li>Cohen, R., Canino, G., Bird, H., Shen, S., Rosner, B., &amp; Celedon, J. (2007). Area of\u00a0residence, birthplace, and asthma in Puerto Rican children. Chest, 131(5), 1331-1338. PubMed PMID: 17494783<br \/>\n<a href=\"https:\/\/journal.chestnet.org\/\">https:\/\/journal.chestnet.org\/<\/a><\/li>\n<li>Bird, H., Shrout, P., Davies, M., Canino, G., Duarte, C., Shen, S., &amp; Loeber, R. (2007).\u00a0Longitudinal Development of Antisocial Behaviors in Young and Early\u00a0Adolescent Puerto Rican Children at Two Sites. Journal of the American\u00a0Academy of Child &amp; Adolescent Psychiatry, 46(1), 5-14. PubMed PMID: 17195724<br \/>\n<a href=\"https:\/\/pubmed.ncbi.nlm.nih.gov\/17195724\/\">https:\/\/www.ncbi.nlm.nih.gov\/pubmed\/17195724<\/a><\/li>\n<li>Bird, H., Canino, G., Davies, M., Duarte, C., Febo, V., Ram\u00edrez, R., Hoven, C., Wicks, J.,\u00a0Musa, G., &amp; Loeber, R. (2006). A Study of Disruptive Behavior Disorders in\u00a0Puerto Rican Youth: I. Background, Design, and Survey Methods. Journal of the\u00a0American Academy of Child &amp; Adolescent Psychiatry, 45(9), 1032-1041. PubMed PMID:16926610<br \/>\n<a href=\"https:\/\/www.jaacap.org\/article\/S0890-8567(09)61777-9\/fulltext\">https:\/\/www.jaacap.org\/article\/S0890-8567(09)61777-9\/fulltext<\/a><\/li>\n<li>Bird, H., Davies, M., Duarte, C., Shen, S., Loeber, R., &amp; Canino, G. (2006). A Study of\u00a0Disruptive Behavior Disorders in Puerto Rican Youth: II. Baseline Prevalence,\u00a0Comorbidity, and Correlates in Two Sites. Journal of the American Academy of\u00a0Child &amp; Adolescent Psychiatry, 45(9), 1042-1053. PubMed PMID: 16926611<br \/>\n<a href=\"https:\/\/www.jaacap.org\/article\/S0890-8567(09)61778-0\/fulltext\">https:\/\/www.jaacap.org\/article\/S0890-8567(09)61778-0\/fulltext<\/a><\/li>\n<li>Wu, P., Bird, H., Liu, X., Fan, B., Fuller, C., Shen, S., Duarte, C., &amp; Canino, G. (2006).\u00a0Childhood Depressive Symptoms and Early Onset of Alcohol Use. Pediatrics,<br \/>\n118(5), 1907-1915. PubMed PMID: 17079561; PubMed Central PMCID: PMC3072781<a href=\"https:\/\/publications.aap.org\/pediatrics\">https:\/\/publications.aap.org\/pediatrics<\/a><\/li>\n<li>Bird, H., Davies, M., Canino, G., Loeber, R., Rubio-Stipec, M., &amp; Shen, S. (2005).\u00a0Classification of antisocial behaviors along severity and frequency parameters.\u00a0Journal of Child and Family Studies, 14(3), 325-341. doi: 10.1007\/s10826-005-6846-2<br \/>\n<a href=\"https:\/\/link.springer.com\/article\/10.1007\/s10826-005-6846-2?error=cookies_not_supported&amp;code=d2e7193e-ca26-42f9-a68c-ac54a0a77334#page-1\">https:\/\/link.springer.com\/article\/10.1007\/s10826-005-6846-2#page-1<\/a><\/li>\n<li>Bird, H., Canino, G., Davies, M., Ram\u00edrez, R., Ch\u00e1vez, L., Duarte, C., &amp; Shen, S. (2005).\u00a0The Brief Impairment Scale (BIS): A Multidimensional Scale of Functional\u00a0Impairment for Children and Adolescents. Journal of the American Academy of\u00a0Child &amp; Adolescent Psychiatry, 44(7), 699-707. PubMed PMID: 15968239<br \/>\n<a href=\"https:\/\/www.jaacap.org\/article\/S0890-8567(09)61660-9\/fulltext\">https:\/\/www.jaacap.org\/article\/S0890-8567(09)61660-9\/fulltext<\/a><\/li>\n<li>Jaschek G, Carter-Pokras O, He X, Lee S, Canino G. Association of child maltreatment and depressive symptoms among Puerto Rican youth.Child Abuse Negl. 2016 Aug;58:63-71. doi: 10.1016\/j.chiabu.2016.06.016. Epub 2016 Jun 23.<br \/>\n<a href=\"https:\/\/pubmed.ncbi.nlm.nih.gov\/27344268\/\">https:\/\/www.ncbi.nlm.nih.gov\/pubmed\/27344268<\/a><\/li>\n<\/ul>\n<p>&nbsp;<\/p>\n<p><a href=\"https:\/\/pubmed.ncbi.nlm.nih.gov\/?Db=pubmed&amp;Cmd=DetailsSearch&amp;Term=Canino+G%5BAuthor%5D\" target=\"_blank\" rel=\"noopener noreferrer\">More publications<\/a> by Glorisa Canino[\/vc_column_text][\/vc_tta_section][vc_tta_section title=&#8221;Margarita Alegria, Ph.D.&#8221; tab_id=&#8221;1539692313240-68a0b940-3010&#8243;][vc_column_text]<\/p>\n<h4>Recent Publications<\/h4>\n<ul>\n<li><a href=\"https:\/\/pubmed.ncbi.nlm.nih.gov\/21413984\/\" target=\"_blank\" rel=\"noopener noreferrer\">Crowd-out and Exposure Effects of Physical Comorbidities on Mental Health Care Use: Implications for Racial-Ethnic Disparities in Access.<\/a> L\u00ea Cook B, McGuire TG, Alegr\u00eda M, Normand SL. (2011) Aug;46(4):1259-80.<\/li>\n<li><a href=\"https:\/\/pubmed.ncbi.nlm.nih.gov\/21410919\/\" target=\"_blank\" rel=\"noopener noreferrer\">Childhood trauma and psychiatric disorders as correlates of school dropout in a national sample of young adults.<\/a> Porche MV, Fortuna LR, Lin J, Alegria M. (2011) May-Jun;82(3):982-98.<\/li>\n<li><a href=\"https:\/\/pubmed.ncbi.nlm.nih.gov\/19507168\/?ordinalpos=1&amp;itool=EntrezSystem2.PEntrez.Pubmed.Pubmed_ResultsPanel.Pubmed_DefaultReportPanel.Pubmed_RVDocSum\" target=\"_blank\" rel=\"noopener noreferrer\">Lessons Learned from the Clinical Reappraisal of the Composite International Diagnostic Interview with Latinos.<\/a> Alegria, M, Shrout, P, Torres, M, Lewis-Fernandez, R, Abelson, J, Powell, M, Lin, JY, Interian, A, Laderman, M &amp; Canino, G. (2009).<\/li>\n<li><a href=\"https:\/\/pubmed.ncbi.nlm.nih.gov\/19592438\/?ordinalpos=1&amp;itool=EntrezSystem2.PEntrez.Pubmed.Pubmed_ResultsPanel.Pubmed_DefaultReportPanel.Pubmed_RVDocSum\" target=\"_blank\" rel=\"noopener noreferrer\">Ataques de Nervios as a Marker of Social and Psychiatric Vulnerability: Results from the NLAAS.<\/a> Guarnaccia, P, Lewis-Fernandez, R, Pincay, IM, Shrout, P, Guo, J, Torres, M, Canino, G &amp; Alegria, M. (2009).<\/li>\n<\/ul>\n<p><a href=\"https:\/\/pubmed.ncbi.nlm.nih.gov\/?Db=pubmed&amp;Cmd=DetailsSearch&amp;Term=alegria+m.%5BAuthor%5D+OR+alegria+m.%5BInvestigator%5D\" target=\"_blank\" rel=\"noopener noreferrer\">More publications<\/a> <strong>by Margarita Alegria<\/strong>[\/vc_column_text][\/vc_tta_section][vc_tta_section title=&#8221;Juan C. Celed\u00f3n, MD, DrPH&#8221; tab_id=&#8221;1539692315323-9d0107ab-24e2&#8243;][vc_column_text]<\/p>\n<h4>Recent Publications<\/h4>\n<ul>\n<li><a href=\"https:\/\/pubmed.ncbi.nlm.nih.gov\/21419479\/\" target=\"_blank\" rel=\"noopener noreferrer\">Gut microbiota, probiotics, and vitamin D: interrelated exposures influencing allergy, asthma, and obesity?<\/a> Ly NP, Litonjua A, Gold DR, Celed\u00f3n JC.\u00a0J Allergy Clin Immunol. (2011) May;127(5):1087-94; quiz 1095-6.<\/li>\n<li><a href=\"https:\/\/pubmed.ncbi.nlm.nih.gov\/19576566\/?ordinalpos=2&amp;itool=EntrezSystem2.PEntrez.Pubmed.Pubmed_ResultsPanel.Pubmed_DefaultReportPanel.Pubmed_RVDocSum\" target=\"_blank\" rel=\"noopener noreferrer\">PRKCA: a positional candidate gene for body mass index and asthma.<\/a>Murphy A, Tantisira KG, Soto-Quir\u00f3s ME, Avila L, Klanderman BJ, Lake S, Weiss ST, Celed\u00f3n JC. Am J Hum Genet. (2009).<\/li>\n<li><a href=\"https:\/\/pubmed.ncbi.nlm.nih.gov\/19592438\/?ordinalpos=1&amp;itool=EntrezSystem2.PEntrez.Pubmed.Pubmed_ResultsPanel.Pubmed_DefaultReportPanel.Pubmed_RVDocSum\" target=\"_blank\" rel=\"noopener noreferrer\">IL1B polymorphisms modulate cystic fibrosis lung disease.<\/a> Levy H, Murphy A, Zou F, Gerard C, Klanderman B, Schuemann B, Lazarus R, Garc\u00eda KC, Celed\u00f3n JC, Drumm M, Dahmer M, Quasney M, Schneck K, Reske M, Knowles MR, Pier GB, Lange C, Weiss ST. (2009).<\/li>\n<\/ul>\n<p><a href=\"https:\/\/pubmed.ncbi.nlm.nih.gov\/?Db=pubmed&amp;Cmd=DetailsSearch&amp;Term=Celedon+JC%5BAuthor%5D\" target=\"_blank\" rel=\"noopener noreferrer\">More publications<\/a> by Juan Carlos Celed\u00f3n[\/vc_column_text][\/vc_tta_section][vc_tta_section title=&#8221;Doryliz Vila, MS&#8221; tab_id=&#8221;1539692315974-16e4cb1d-7804&#8243;][vc_column_text]<\/p>\n<h4>Recent Publications<\/h4>\n<ul>\n<li><a href=\"https:\/\/pubmed.ncbi.nlm.nih.gov\/18245178\/\" target=\"_blank\" rel=\"noopener noreferrer\">Prevalence of mental illness in immigrant and non-immigrant U.S. Latino groups.<\/a> Alegr\u00eda M, Canino G, Shrout PE, Woo M, Duan N, Vila D, Torres M, Chen CN, Meng XL. (2008).<\/li>\n<li><a href=\"https:\/\/pubmed.ncbi.nlm.nih.gov\/17499899\/\" target=\"_blank\" rel=\"noopener noreferrer\">Understanding differences in past year psychiatric disorders for Latinos living in the US. Soc Sci Med.<\/a> 65; 214-230. Alegria, M., Shrout, P.E., Woo, M., Guarnaccia, P., Sribney, W., Vila, D., Polo, A., Cao, Z., Mulvaney-Day, N., Torres, M., &amp; Canino, G. (2007).<\/li>\n<li><a href=\"https:\/\/pubmed.ncbi.nlm.nih.gov\/18061648\/\" target=\"_blank\" rel=\"noopener noreferrer\">Reducing Asthma Health Disparities in Poor Puerto Rican Children: The Effectiveness of a Culturally Tailored Family Intervention.<\/a> JACI Canino, G., Vila, D., Normand, S.L., Acosta-P\u00e9rez, E., Ramirez, R., Garc\u00eda, P., Rand, C. (In press).<\/li>\n<li><a href=\"https:\/\/pubmed.ncbi.nlm.nih.gov\/15719532\/\" target=\"_blank\" rel=\"noopener noreferrer\">Cultural relevance and equivalence in the NLAAS instrument: Integrating Etic and Emic in the development of cross-cultural measures for a psychiatric epidemiology and services study of Latinos.<\/a> Intern J Methods Psychiatric Res. 13:4, 270-288. Alegr\u00eda, M., Vila, D., Woo, M., Canino, G., Takeuchi, D., Vera, M., Febo, V., Guarnaccia, P., Aguilar-Gaxiola, S., &amp; Shrout, P. (2004).<\/li>\n<\/ul>\n<p><a href=\"https:\/\/pubmed.ncbi.nlm.nih.gov\/?term=Doryliz%20vila&amp;cmd=DetailsSearch\" target=\"_blank\" rel=\"noopener noreferrer\">More publications<\/a> by Doryliz Vila[\/vc_column_text][\/vc_tta_section][vc_tta_section title=&#8221;Edna Acosta P\u00e9rez, PhD&#8221; tab_id=&#8221;1539692316735-fed0fe59-098e&#8221;][vc_column_text]<\/p>\n<h4>Recent Publications<\/h4>\n<ul>\n<li><a href=\"https:\/\/pubmed.ncbi.nlm.nih.gov\/19253118\/\" target=\"_blank\" rel=\"noopener noreferrer\">The role of caregivers&#8217; depressive symptoms and asthma beliefs on asthma outcomes among low-income Puerto Rican children.<\/a> Journal of Asthma, 46(2):136-141. NIHMSID: NIHMS78020. Mart\u00ednez K, Acosta-P\u00e9rez E, Ram\u00edrez R, Canino G, Rand C. (2009).<\/li>\n<li><a href=\"https:\/\/pubmed.ncbi.nlm.nih.gov\/18061648\/\" target=\"_blank\" rel=\"noopener noreferrer\">Reducing asthma health disparities in poor Puerto Rican children: The effectiveness of a culturally tailored family intervention.<\/a> Journal of Allergy and Clinical Immunology. 121; 665-670. Canino,G., Vila, D., Normand, S. L., Acosta-P\u00e9rez,E., Ramirez, R., Garc\u00eda, P., &amp; Rand, C. (2008).<\/li>\n<li>Bibliographical Selection in Human Sexuality from 1990- 2005: Puerto Rico, Cuba and Dominican Republic. [In Spanish]. Journal of Social Science, University of Puerto Rico, 40 [Revista de Ciencias Sociales]. Acosta-P\u00e9rez, E., Ramos-Irrizarry, L., &amp; Serrano-Garc\u00eda, I. (2006).<\/li>\n<\/ul>\n<p><a href=\"https:\/\/pubmed.ncbi.nlm.nih.gov\/?term=Perez%2C%20Edna%20Acosta%5BFull%20Author%20Name%5D%20OR%20Acosta%20Perez%2C%20Edna%5BFull%20Author%20Name%5D&amp;cmd=DetailsSearch\" target=\"_blank\" rel=\"noopener noreferrer\">More publications<\/a> by Edna Acosta[\/vc_column_text][\/vc_tta_section][vc_tta_section title=&#8221;Ligia Chavez, Ph.D.&#8221; tab_id=&#8221;1539692317546-d37003b5-5744&#8243;][vc_column_text]<\/p>\n<div id=\"content\">\n<p><a href=\"https:\/\/bsri.rcm.upr.edu\/investigators\/\" name=\"malg\"><\/a><\/p>\n<p><a href=\"https:\/\/bsri.rcm.upr.edu\/investigators\/\" name=\"jcc\"><\/a><\/p>\n<p><a href=\"https:\/\/bsri.rcm.upr.edu\/investigators\/\" name=\"dvla\"><\/a><\/p>\n<p><a href=\"https:\/\/bsri.rcm.upr.edu\/investigators\/\" name=\"ecost\"><\/a><\/p>\n<p><a href=\"https:\/\/bsri.rcm.upr.edu\/investigators\/\" name=\"lchvz\"><\/a><\/p>\n<h4>Recent Publications<\/h4>\n<ul>\n<li><a href=\"https:\/\/pubmed.ncbi.nlm.nih.gov\/20521095\/?dopt=Citation\" target=\"_blank\" rel=\"noopener noreferrer\">Ethnic Differences in Perceived Impairment and Need for Care.<\/a> Chavez LM, Shrout PE, Alegr\u00eda M, Lapatin S, Canino G. (2010).<\/li>\n<li><a href=\"https:\/\/pubmed.ncbi.nlm.nih.gov\/17425245\/\" target=\"_blank\" rel=\"noopener noreferrer\">Psychometric evaluation of the Spanish version of CONNECT: A measure of continuity of care in mental health<\/a> Chavez LM, Canino G, Shrout PE, Barrio C, &amp; Ware NC. (2007).<\/li>\n<li><a href=\"https:\/\/pubmed.ncbi.nlm.nih.gov\/16194000\/\" target=\"_blank\" rel=\"noopener noreferrer\">Psychometric properties of the Spanish version of two mental health outcome measures: World Health Organization Disablements Assessment Schedule II and Lehman\u2019s Quality of Life Interview.<\/a> Ment Health Serv Res, 7(3), 145. Chavez LM, Canino G, Negr\u00f3n G, Shrout PE, Mat\u00edas-Carrelo LE, Aguilar-Gaxiola S, &amp; Hoppe S. (2005).<\/li>\n<li><a href=\"https:\/\/pubmed.ncbi.nlm.nih.gov\/18246964\/\" target=\"_blank\" rel=\"noopener noreferrer\">Prevalence and factors associated to sexual behavior in Puerto Rican adolescents.<\/a> Pando JR, Canino G, Ram\u00edrez R, Ch\u00e1vez LM, Mart\u00ednez-Taboas A.<br \/>\n2007 Dec;26(4):355-66.<\/li>\n<\/ul>\n<p><a href=\"https:\/\/pubmed.ncbi.nlm.nih.gov\/?cmd=DetailsSearch&amp;term=%22Chavez+LM%22%5BAuthor%5D\" target=\"_blank\" rel=\"noopener noreferrer\">More publications<\/a> by Ligia Chavez<\/p>\n<\/div>\n<p>[\/vc_column_text][\/vc_tta_section][\/vc_tta_tour][\/vc_column][\/vc_row]<\/p>\n<\/div>","protected":false},"excerpt":{"rendered":"<p>[vc_row][vc_column][vc_tta_tour color=&#8221;chino&#8221; active_section=&#8221;1&#8243;][vc_tta_section title=&#8221;Glorisa Canino, Ph.D.&#8221; tab_id=&#8221;1539692313169-a6ceb7d7-45a4&#8243;][vc_column_text] Recent Publications Posner, J., Amira, L., Algaze, A., Canino, G., &amp; Duarte, C. S. (2016). Reduced functional connectivity\u00a0within the mesocorticolimbic system in substance use disorders: An fMRI study of Puerto Rican young adults. Frontiers in behavioral neuroscience, 10(102), 1-9. PubMed PMID:27252633; PubMed Central PMCID: PMC4879128 https:\/\/www.frontiersin.org\/articles\/10.3389\/fnbeh.2016.00102\/full Martins, S.&hellip;<\/p>\n","protected":false},"author":1,"featured_media":0,"parent":0,"menu_order":0,"comment_status":"closed","ping_status":"closed","template":"template-microsite.php","meta":{"footnotes":""},"class_list":["post-41","page","type-page","status-publish","hentry","description-off"],"aioseo_notices":[],"_links":{"self":[{"href":"https:\/\/rcm1.rcm.upr.edu\/behavioralsciences\/wp-json\/wp\/v2\/pages\/41","targetHints":{"allow":["GET"]}}],"collection":[{"href":"https:\/\/rcm1.rcm.upr.edu\/behavioralsciences\/wp-json\/wp\/v2\/pages"}],"about":[{"href":"https:\/\/rcm1.rcm.upr.edu\/behavioralsciences\/wp-json\/wp\/v2\/types\/page"}],"author":[{"embeddable":true,"href":"https:\/\/rcm1.rcm.upr.edu\/behavioralsciences\/wp-json\/wp\/v2\/users\/1"}],"replies":[{"embeddable":true,"href":"https:\/\/rcm1.rcm.upr.edu\/behavioralsciences\/wp-json\/wp\/v2\/comments?post=41"}],"version-history":[{"count":0,"href":"https:\/\/rcm1.rcm.upr.edu\/behavioralsciences\/wp-json\/wp\/v2\/pages\/41\/revisions"}],"wp:attachment":[{"href":"https:\/\/rcm1.rcm.upr.edu\/behavioralsciences\/wp-json\/wp\/v2\/media?parent=41"}],"curies":[{"name":"wp","href":"https:\/\/api.w.org\/{rel}","templated":true}]}}