{"id":55,"date":"2018-09-10T11:44:17","date_gmt":"2018-09-10T11:44:17","guid":{"rendered":"http:\/\/127.0.0.1\/rcm\/bsri\/boricua\/"},"modified":"2023-12-11T15:13:26","modified_gmt":"2023-12-11T15:13:26","slug":"boricua","status":"publish","type":"page","link":"https:\/\/rcm1.rcm.upr.edu\/behavioralsciences\/boricua\/","title":{"rendered":"Boricua"},"content":{"rendered":"<div class=\"wpb-content-wrapper\"><p>[vc_row][vc_column][vc_column_text]<\/p>\n<h3>Estudio Juventud Boricua: J\u00f3venes Puertorrique\u00f1os\/as Creciendo<\/h3>\n<p>[\/vc_column_text][vc_column_text]<\/p>\n<h3>Documentos<\/h3>\n<p>[\/vc_column_text][vc_column_text]<br \/>\n<strong>Consentimiento Joven 17-20 a\u00f1os<\/strong><\/p>\n<ul>\n<li><a href=\"https:\/\/rcm1.rcm.upr.edu\/behavioralsciences\/wp-content\/uploads\/sites\/2\/2020\/04\/Consentimiento-Joven-Mentor-17-a-20.pdf\" target=\"_blank\" rel=\"noopener noreferrer\">Consentimiento joven menor de 17 a\u00f1os<\/a><\/li>\n<li><a href=\"https:\/\/rcm1.rcm.upr.edu\/behavioralsciences\/wp-content\/uploads\/sites\/2\/2020\/04\/BYS-W4-Adolescente-Asentimiento-Nov-23-2015.pdf\" target=\"_blank\" rel=\"noopener noreferrer\">Entrevista Telef\u00f3nica \/ Asentimiento<\/a><\/li>\n<li><a href=\"https:\/\/rcm1.rcm.upr.edu\/behavioralsciences\/wp-content\/uploads\/sites\/2\/2020\/04\/BYS-W4-Adolescente-Permiso-del-Padre-para-participar-en-la-Entrevista-Nov-23-2015.pdf\" target=\"_blank\" rel=\"noopener noreferrer\">Entrevista Telef\u00f3nica \/ Permiso de Padre<\/a><\/li>\n<li><a href=\"https:\/\/rcm1.rcm.upr.edu\/behavioralsciences\/wp-content\/uploads\/sites\/2\/2020\/04\/Introduccion-del-Consentimiento-del-W4.pdf\" target=\"_blank\" rel=\"noopener noreferrer\">Introducci\u00f3n del Consentimiento<\/a><\/li>\n<\/ul>\n<p>[\/vc_column_text][vc_column_text]<br \/>\n<strong>Consentimiento Joven 21 a\u00f1os<\/strong><\/p>\n<ul>\n<li><a href=\"https:\/\/rcm1.rcm.upr.edu\/behavioralsciences\/wp-content\/uploads\/sites\/2\/2020\/04\/Consentimiento-Joven-Mayor-21.pdf\" target=\"_blank\" rel=\"noopener noreferrer\">Consentimiento joven mayor de 21 a\u00f1os<\/a><\/li>\n<li><a href=\"https:\/\/rcm1.rcm.upr.edu\/behavioralsciences\/wp-content\/uploads\/sites\/2\/2020\/04\/BYS-W4-Adolescente-Informacion-Hoja-de-Consentimiento.pdf\" target=\"_blank\" rel=\"noopener noreferrer\">Entrevista Telef\u00f3nica \/ Informaci\u00f3n Hoja de Consentimiento<\/a><\/li>\n<li><a href=\"https:\/\/rcm1.rcm.upr.edu\/behavioralsciences\/wp-content\/uploads\/sites\/2\/2020\/04\/Introduccion-del-Consentimiento-del-W4.pdf\" target=\"_blank\" rel=\"noopener noreferrer\">Introducci\u00f3n del Consentimiento<\/a><\/li>\n<\/ul>\n<p>[\/vc_column_text][vc_column_text]<br \/>\n<strong>Tarjeta J\u00f3venes<\/strong><\/p>\n<ul>\n<li><a href=\"https:\/\/rcm1.rcm.upr.edu\/behavioralsciences\/wp-content\/uploads\/sites\/2\/2020\/04\/Cuaderno-de-Respuestas-CIDI-Nov-12-13.pdf\" target=\"_blank\" rel=\"noopener noreferrer\">Cuaderno de Respuestas<\/a><\/li>\n<li><a href=\"https:\/\/rcm1.rcm.upr.edu\/behavioralsciences\/wp-content\/uploads\/sites\/2\/2020\/04\/Youth-Cards-Telefonicas-Spanish.pdf\" target=\"_blank\" rel=\"noopener noreferrer\">Tarjetas<\/a><\/li>\n<\/ul>\n<p>[\/vc_column_text][vc_column_text]<br \/>\n<strong>Tarjeta Padres<\/strong><\/p>\n<ul>\n<li><a href=\"https:\/\/rcm1.rcm.upr.edu\/behavioralsciences\/wp-content\/uploads\/sites\/2\/2020\/04\/Parent-Cards-Telefonica-Spanish.pdf\" target=\"_blank\" rel=\"noopener noreferrer\">Tarjetas<\/a><\/li>\n<\/ul>\n<p>[\/vc_column_text][\/vc_column][\/vc_row]<\/p>\n<\/div>","protected":false},"excerpt":{"rendered":"<p>[vc_row][vc_column][vc_column_text] Estudio Juventud Boricua: J\u00f3venes Puertorrique\u00f1os\/as Creciendo [\/vc_column_text][vc_column_text] Documentos [\/vc_column_text][vc_column_text] Consentimiento Joven 17-20 a\u00f1os Consentimiento joven menor de 17 a\u00f1os Entrevista Telef\u00f3nica \/ Asentimiento Entrevista Telef\u00f3nica \/ Permiso de Padre Introducci\u00f3n del Consentimiento [\/vc_column_text][vc_column_text] Consentimiento Joven 21 a\u00f1os Consentimiento joven mayor de 21 a\u00f1os Entrevista Telef\u00f3nica \/ Informaci\u00f3n Hoja de Consentimiento Introducci\u00f3n del Consentimiento [\/vc_column_text][vc_column_text]&hellip;<\/p>\n","protected":false},"author":1,"featured_media":0,"parent":0,"menu_order":0,"comment_status":"closed","ping_status":"closed","template":"template-microsite.php","meta":{"footnotes":""},"class_list":["post-55","page","type-page","status-publish","hentry","description-off"],"aioseo_notices":[],"_links":{"self":[{"href":"https:\/\/rcm1.rcm.upr.edu\/behavioralsciences\/wp-json\/wp\/v2\/pages\/55","targetHints":{"allow":["GET"]}}],"collection":[{"href":"https:\/\/rcm1.rcm.upr.edu\/behavioralsciences\/wp-json\/wp\/v2\/pages"}],"about":[{"href":"https:\/\/rcm1.rcm.upr.edu\/behavioralsciences\/wp-json\/wp\/v2\/types\/page"}],"author":[{"embeddable":true,"href":"https:\/\/rcm1.rcm.upr.edu\/behavioralsciences\/wp-json\/wp\/v2\/users\/1"}],"replies":[{"embeddable":true,"href":"https:\/\/rcm1.rcm.upr.edu\/behavioralsciences\/wp-json\/wp\/v2\/comments?post=55"}],"version-history":[{"count":2,"href":"https:\/\/rcm1.rcm.upr.edu\/behavioralsciences\/wp-json\/wp\/v2\/pages\/55\/revisions"}],"predecessor-version":[{"id":863,"href":"https:\/\/rcm1.rcm.upr.edu\/behavioralsciences\/wp-json\/wp\/v2\/pages\/55\/revisions\/863"}],"wp:attachment":[{"href":"https:\/\/rcm1.rcm.upr.edu\/behavioralsciences\/wp-json\/wp\/v2\/media?parent=55"}],"curies":[{"name":"wp","href":"https:\/\/api.w.org\/{rel}","templated":true}]}}