{"id":1022,"date":"2018-02-20T14:24:11","date_gmt":"2018-02-20T14:24:11","guid":{"rendered":"http:\/\/127.0.0.1\/rcm\/bhi\/herramientas-populares\/"},"modified":"2018-02-20T14:24:11","modified_gmt":"2018-02-20T14:24:11","slug":"herramientas-populares","status":"publish","type":"page","link":"https:\/\/rcm1.rcm.upr.edu\/bioinformaticshealth\/herramientas-populares\/","title":{"rendered":"Herramientas m\u00e1s populares de Bioinform\u00e1tica e Inform\u00e1tica de la Salud utilizadas en la Investigaci\u00f3n Biom\u00e9dica"},"content":{"rendered":"<div class=\"wpb-content-wrapper\"><p>[vc_row][vc_column width=&#8221;1\/4&#8243;]<div class=\"aio-icon-component    style_1\"><div id=\"Info-box-wrap-2077\" class=\"aio-icon-box square_box-icon\" style=\"border-color:#36b6ed;border-style:solid;background-color:#36b6ed;\"  ><div class=\"aio-icon-header\" ><h3 class=\"aio-icon-title ult-responsive\"  data-ultimate-target='#Info-box-wrap-2077 .aio-icon-title'  data-responsive-json-new='{\"font-size\":\"\",\"line-height\":\"\"}'  style=\"\">Microarray Analysis<\/h3><\/div> <!-- header --><\/div> <!-- aio-icon-box --><\/div> <!-- aio-icon-component --><div class=\"aio-icon-component    style_1\"><div id=\"Info-box-wrap-8168\" class=\"aio-icon-box square_box-icon\" style=\"border-color:#36b6ed;border-style:solid;\"  ><div class=\"aio-icon-description ult-responsive\"  data-ultimate-target='#Info-box-wrap-8168 .aio-icon-description'  data-responsive-json-new='{\"font-size\":\"\",\"line-height\":\"\"}'  style=\"\">Processing<br \/>\nClustering<br \/>\nStatistical Analysis<br \/>\nGene functional Annotation<\/div> <!-- description --><\/div> <!-- aio-icon-box --><\/div> <!-- aio-icon-component -->[\/vc_column][vc_column width=&#8221;1\/4&#8243;]<div class=\"aio-icon-component    style_1\"><div id=\"Info-box-wrap-9498\" class=\"aio-icon-box square_box-icon\" style=\"border-color:#38912d;border-style:solid;background-color:#38912d;\"  ><div class=\"aio-icon-header\" ><h3 class=\"aio-icon-title ult-responsive\"  data-ultimate-target='#Info-box-wrap-9498 .aio-icon-title'  data-responsive-json-new='{\"font-size\":\"\",\"line-height\":\"\"}'  style=\"\">Next Gen Sequencing<\/h3><\/div> <!-- header --><\/div> <!-- aio-icon-box --><\/div> <!-- aio-icon-component --><div class=\"aio-icon-component    style_1\"><div id=\"Info-box-wrap-3752\" class=\"aio-icon-box square_box-icon\" style=\"border-color:#38912d;border-style:solid;\"  ><div class=\"aio-icon-description ult-responsive\"  data-ultimate-target='#Info-box-wrap-3752 .aio-icon-description'  data-responsive-json-new='{\"font-size\":\"\",\"line-height\":\"\"}'  style=\"\">TopHat\/Cufflinks<br \/>\nWhole Genome\/Transcriptome Assembly<br \/>\nGenome Annotation<br \/>\nDESeq<br \/>\nEdgeR<\/div> <!-- description --><\/div> <!-- aio-icon-box --><\/div> <!-- aio-icon-component -->[\/vc_column][vc_column width=&#8221;1\/4&#8243;]<div class=\"aio-icon-component    style_1\"><div id=\"Info-box-wrap-3673\" class=\"aio-icon-box square_box-icon\" style=\"border-color:#eeee22;border-style:solid;background-color:#eeee22;\"  ><div class=\"aio-icon-header\" ><h3 class=\"aio-icon-title ult-responsive\"  data-ultimate-target='#Info-box-wrap-3673 .aio-icon-title'  data-responsive-json-new='{\"font-size\":\"\",\"line-height\":\"\"}'  style=\"\">Pathway Analysis<\/h3><\/div> <!-- header --><\/div> <!-- aio-icon-box --><\/div> <!-- aio-icon-component --><div class=\"aio-icon-component    style_1\"><div id=\"Info-box-wrap-7161\" class=\"aio-icon-box square_box-icon\" style=\"border-color:#eeee22;border-style:solid;\"  ><div class=\"aio-icon-description ult-responsive\"  data-ultimate-target='#Info-box-wrap-7161 .aio-icon-description'  data-responsive-json-new='{\"font-size\":\"\",\"line-height\":\"\"}'  style=\"\">Ingenuity Pathways Analysis<br \/>\nKEGG<br \/>\nReactome<br \/>\nBioGRID<br \/>\nSTRING<\/div> <!-- description --><\/div> <!-- aio-icon-box --><\/div> <!-- aio-icon-component -->[\/vc_column][vc_column width=&#8221;1\/4&#8243;][vc_column_text]<\/p>\n<h3 style=\"text-align: center\"><a href=\"http:\/\/arl-lab-sp.rcm.upr.edu\/servicios\" target=\"_blank\" rel=\"noopener noreferrer\">Servicios<\/a><\/h3>\n<p>[\/vc_column_text][vc_column_text]<\/p>\n<p style=\"text-align: center\"><strong>Servicios de bioinform\u00e1tica e inform\u00e1tica de la salud se pueden proporcionar a trav\u00e9s de:<\/strong><\/p>\n<p style=\"text-align: center\"><a href=\"http:\/\/arl-lab-sp.rcm.upr.edu\/\"><img loading=\"lazy\" decoding=\"async\" class=\"alignnone wp-image-12 size-medium\" src=\"https:\/\/rcm1.rcm.upr.edu\/bioinformaticshealth\/wp-content\/uploads\/sites\/3\/2020\/04\/Mini-Logo-ARL-Lab-Biomedical-Data-Science.jpg\" alt=\"\" width=\"300\" height=\"150\" \/><\/a><\/p>\n<p>[\/vc_column_text][vc_separator][\/vc_column][\/vc_row][vc_row][vc_column width=&#8221;1\/4&#8243;]<div class=\"aio-icon-component    style_1\"><div id=\"Info-box-wrap-8692\" class=\"aio-icon-box square_box-icon\" style=\"border-color:#dd3333;border-style:solid;background-color:#dd3333;\"  ><div class=\"aio-icon-header\" ><h3 class=\"aio-icon-title ult-responsive\"  data-ultimate-target='#Info-box-wrap-8692 .aio-icon-title'  data-responsive-json-new='{\"font-size\":\"\",\"line-height\":\"\"}'  style=\"\">Protein modelling and Docking Analysis<\/h3><\/div> <!-- header --><\/div> <!-- aio-icon-box --><\/div> <!-- aio-icon-component --><div class=\"aio-icon-component    style_1\"><div id=\"Info-box-wrap-6041\" class=\"aio-icon-box square_box-icon\" style=\"border-color:#dd3333;border-style:solid;\"  ><div class=\"aio-icon-description ult-responsive\"  data-ultimate-target='#Info-box-wrap-6041 .aio-icon-description'  data-responsive-json-new='{\"font-size\":\"\",\"line-height\":\"\"}'  style=\"\"><strong>Databases<\/strong><\/p>\n<p>PDB<br \/>\nUniprot<br \/>\nPhyre2<br \/>\nI-TASSER<br \/>\nMTI-openscreen<br \/>\nISTAR-idock<\/p>\n<p><strong>Modelling Softwares<\/strong><\/p>\n<p>SWISS-MODEL<br \/>\nI-TASSER<br \/>\nPhyre2 Server<\/p>\n<p><strong>Structure Refinement<\/strong><\/p>\n<p>ModRefiner<br \/>\nRefiner-3D<\/p>\n<p><strong>Protein-Ligand Docking<\/strong><\/p>\n<p>MTI-openscreen<br \/>\nISTAR-idock<\/p>\n<p><strong>PPI-Docking<\/strong><\/p>\n<p>HADDOCK<br \/>\nCLUSPRO<br \/>\nPATCHDOCK\/FireDOCK<\/div> <!-- description --><\/div> <!-- aio-icon-box --><\/div> <!-- aio-icon-component -->[\/vc_column][vc_column width=&#8221;1\/4&#8243;]<div class=\"aio-icon-component    style_1\"><div id=\"Info-box-wrap-2739\" class=\"aio-icon-box square_box-icon\" style=\"border-color:#dd9933;border-style:solid;background-color:#dd9933;\"  ><div class=\"aio-icon-header\" ><h3 class=\"aio-icon-title ult-responsive\"  data-ultimate-target='#Info-box-wrap-2739 .aio-icon-title'  data-responsive-json-new='{\"font-size\":\"\",\"line-height\":\"\"}'  style=\"\">Genetic Variation<\/h3><\/div> <!-- header --><\/div> <!-- aio-icon-box --><\/div> <!-- aio-icon-component --><div class=\"aio-icon-component    style_1\"><div id=\"Info-box-wrap-9781\" class=\"aio-icon-box square_box-icon\" style=\"border-color:#dd9933;border-style:solid;\"  ><div class=\"aio-icon-description ult-responsive\"  data-ultimate-target='#Info-box-wrap-9781 .aio-icon-description'  data-responsive-json-new='{\"font-size\":\"\",\"line-height\":\"\"}'  style=\"\"><strong>Softwares<\/strong><\/p>\n<p>BWA<br \/>\nNovoAlign<br \/>\nSAMTools<br \/>\nGenome Analysis ToolKit<\/p>\n<p><strong>Variant Annotation Databases<\/strong><\/p>\n<p>dbSNP<br \/>\nPolyPhen<\/div> <!-- description --><\/div> <!-- aio-icon-box --><\/div> <!-- aio-icon-component -->[\/vc_column][vc_column width=&#8221;1\/4&#8243;]<div class=\"aio-icon-component    style_1\"><div id=\"Info-box-wrap-2907\" class=\"aio-icon-box square_box-icon\" style=\"border-color:#8224e3;border-style:solid;background-color:#8224e3;\"  ><div class=\"aio-icon-header\" ><h3 class=\"aio-icon-title ult-responsive\"  data-ultimate-target='#Info-box-wrap-2907 .aio-icon-title'  data-responsive-json-new='{\"font-size\":\"\",\"line-height\":\"\"}'  style=\"\">Sequence Analysis<\/h3><\/div> <!-- header --><\/div> <!-- aio-icon-box --><\/div> <!-- aio-icon-component --><div class=\"aio-icon-component    style_1\"><div id=\"Info-box-wrap-8656\" class=\"aio-icon-box square_box-icon\" style=\"border-color:#8224e3;border-style:solid;\"  ><div class=\"aio-icon-description ult-responsive\"  data-ultimate-target='#Info-box-wrap-8656 .aio-icon-description'  data-responsive-json-new='{\"font-size\":\"\",\"line-height\":\"\"}'  style=\"\"><strong>Alignment Software<\/strong><\/p>\n<p>BLAST<br \/>\nMUSCLE<br \/>\nMAFFT<br \/>\nT-COFFEE<br \/>\nClustal<\/p>\n<p><strong>Databases<\/strong><\/p>\n<p>NCBI Entrez<br \/>\nEnsembl<br \/>\nUniprot<\/div> <!-- description --><\/div> <!-- aio-icon-box --><\/div> <!-- aio-icon-component -->[\/vc_column][vc_column width=&#8221;1\/4&#8243;][vc_column_text]<\/p>\n<h3 id=\"s-lg-guide-name\">HSLS MolBio Licensed Tools: Resource Menu<\/h3>\n<p><a href=\"https:\/\/hsls.libguides.com\/MBISsoftware\" target=\"_blank\" rel=\"noopener noreferrer\">HSLS MolBio Licensed Tools<\/a>[\/vc_column_text][\/vc_column][\/vc_row]<\/p>\n<\/div>","protected":false},"excerpt":{"rendered":"<p>[vc_row][vc_column width=&#8221;1\/4&#8243;][\/vc_column][vc_column width=&#8221;1\/4&#8243;][\/vc_column][vc_column width=&#8221;1\/4&#8243;][\/vc_column][vc_column width=&#8221;1\/4&#8243;][vc_column_text] Servicios [\/vc_column_text][vc_column_text] Servicios de bioinform\u00e1tica e inform\u00e1tica de la salud se pueden proporcionar a trav\u00e9s de: [\/vc_column_text][vc_separator][\/vc_column][\/vc_row][vc_row][vc_column width=&#8221;1\/4&#8243;][\/vc_column][vc_column width=&#8221;1\/4&#8243;][\/vc_column][vc_column width=&#8221;1\/4&#8243;][\/vc_column][vc_column width=&#8221;1\/4&#8243;][vc_column_text] HSLS MolBio Licensed Tools: Resource Menu HSLS MolBio Licensed Tools[\/vc_column_text][\/vc_column][\/vc_row]<\/p>\n","protected":false},"author":1,"featured_media":0,"parent":0,"menu_order":0,"comment_status":"closed","ping_status":"closed","template":"template-microsite.php","meta":{"footnotes":""},"class_list":["post-1022","page","type-page","status-publish","hentry","description-off"],"aioseo_notices":[],"_links":{"self":[{"href":"https:\/\/rcm1.rcm.upr.edu\/bioinformaticshealth\/wp-json\/wp\/v2\/pages\/1022","targetHints":{"allow":["GET"]}}],"collection":[{"href":"https:\/\/rcm1.rcm.upr.edu\/bioinformaticshealth\/wp-json\/wp\/v2\/pages"}],"about":[{"href":"https:\/\/rcm1.rcm.upr.edu\/bioinformaticshealth\/wp-json\/wp\/v2\/types\/page"}],"author":[{"embeddable":true,"href":"https:\/\/rcm1.rcm.upr.edu\/bioinformaticshealth\/wp-json\/wp\/v2\/users\/1"}],"replies":[{"embeddable":true,"href":"https:\/\/rcm1.rcm.upr.edu\/bioinformaticshealth\/wp-json\/wp\/v2\/comments?post=1022"}],"version-history":[{"count":0,"href":"https:\/\/rcm1.rcm.upr.edu\/bioinformaticshealth\/wp-json\/wp\/v2\/pages\/1022\/revisions"}],"wp:attachment":[{"href":"https:\/\/rcm1.rcm.upr.edu\/bioinformaticshealth\/wp-json\/wp\/v2\/media?parent=1022"}],"curies":[{"name":"wp","href":"https:\/\/api.w.org\/{rel}","templated":true}]}}