{"id":314,"date":"2017-12-11T13:13:54","date_gmt":"2017-12-11T13:13:54","guid":{"rendered":"http:\/\/127.0.0.1\/rcm\/bhi\/comunidad\/"},"modified":"2017-12-11T13:13:54","modified_gmt":"2017-12-11T13:13:54","slug":"comunidad","status":"publish","type":"page","link":"https:\/\/rcm1.rcm.upr.edu\/bioinformaticshealth\/comunidad\/","title":{"rendered":"Comunidad"},"content":{"rendered":"<div class=\"wpb-content-wrapper\"><p>[vc_row][vc_column][vc_column_text]<\/p>\n<h3 id=\"bioinform\u00e1tica\"><strong>Bioinform\u00e1tica &#8211; De una manera simple<\/strong><\/h3>\n<p>[\/vc_column_text][\/vc_column][\/vc_row][vc_row][vc_column width=&#8221;1\/2&#8243;][vc_column_text]Supongamos que:[\/vc_column_text][vc_column_text]<\/p>\n<p style=\"text-align: center\">Los genes son cap\u00edtulos de libros.<\/p>\n<p>&nbsp;<\/p>\n<table>\n<tbody>\n<tr>\n<td><img loading=\"lazy\" decoding=\"async\" class=\"size-medium wp-image-1715 alignleft\" src=\"https:\/\/rcm1.rcm.upr.edu\/bioinformaticshealth\/wp-content\/uploads\/sites\/3\/2020\/04\/Genes-1024x576-1.jpg\" alt=\"\" width=\"300\" height=\"169\" \/><span style=\"font-family: inherit;font-size: inherit\">\u00a0<\/span><\/td>\n<td>\u00a0<img loading=\"lazy\" decoding=\"async\" class=\"alignnone size-medium wp-image-1723\" src=\"https:\/\/rcm1.rcm.upr.edu\/bioinformaticshealth\/wp-content\/uploads\/sites\/3\/2020\/04\/equal-sign.png\" alt=\"\" width=\"300\" height=\"180\" \/><\/td>\n<td>\u00a0<img loading=\"lazy\" decoding=\"async\" class=\"size-medium wp-image-1719 alignright\" src=\"https:\/\/rcm1.rcm.upr.edu\/bioinformaticshealth\/wp-content\/uploads\/sites\/3\/2020\/04\/book-chapter.png\" alt=\"\" width=\"300\" height=\"200\" \/><\/td>\n<\/tr>\n<\/tbody>\n<\/table>\n<p>[\/vc_column_text][vc_column_text]<\/p>\n<p style=\"text-align: center\">La transcripci\u00f3n y la traducci\u00f3n es leer un libro de principio a fin = entendi\u00e9ndolo.<\/p>\n<p>&nbsp;<\/p>\n<table>\n<tbody>\n<tr>\n<td><img loading=\"lazy\" decoding=\"async\" class=\"size-medium wp-image-1717 alignleft\" src=\"https:\/\/rcm1.rcm.upr.edu\/bioinformaticshealth\/wp-content\/uploads\/sites\/3\/2020\/04\/Transcription-and-Translation.jpg\" alt=\"\" width=\"300\" height=\"225\" \/><span style=\"font-family: inherit;font-size: inherit\">\u00a0<\/span><\/td>\n<td>\u00a0<img loading=\"lazy\" decoding=\"async\" class=\"alignnone size-medium wp-image-1723\" src=\"https:\/\/rcm1.rcm.upr.edu\/bioinformaticshealth\/wp-content\/uploads\/sites\/3\/2020\/04\/equal-sign.png\" alt=\"\" width=\"300\" height=\"180\" \/><\/td>\n<td>\u00a0<img loading=\"lazy\" decoding=\"async\" class=\"size-medium wp-image-1716 alignright\" src=\"https:\/\/rcm1.rcm.upr.edu\/bioinformaticshealth\/wp-content\/uploads\/sites\/3\/2020\/04\/Leer.jpg\" alt=\"\" width=\"300\" height=\"200\" \/><\/td>\n<\/tr>\n<\/tbody>\n<\/table>\n<p>[\/vc_column_text][vc_column_text]<\/p>\n<p style=\"text-align: center\">Los amino\u00e1cidos son palabras.<\/p>\n<p>&nbsp;<\/p>\n<table>\n<tbody>\n<tr>\n<td><span style=\"font-family: inherit;font-size: inherit\"><img loading=\"lazy\" decoding=\"async\" class=\"size-medium wp-image-1718 alignleft\" src=\"https:\/\/rcm1.rcm.upr.edu\/bioinformaticshealth\/wp-content\/uploads\/sites\/3\/2020\/04\/Amino-Acids.png\" alt=\"\" width=\"300\" height=\"300\" \/>\u00a0<\/span><\/td>\n<td>\u00a0<img loading=\"lazy\" decoding=\"async\" class=\"alignnone size-medium wp-image-1723\" src=\"https:\/\/rcm1.rcm.upr.edu\/bioinformaticshealth\/wp-content\/uploads\/sites\/3\/2020\/04\/equal-sign.png\" alt=\"\" width=\"300\" height=\"180\" \/><\/td>\n<td>\u00a0<img loading=\"lazy\" decoding=\"async\" class=\"size-medium wp-image-1713 alignright\" src=\"https:\/\/rcm1.rcm.upr.edu\/bioinformaticshealth\/wp-content\/uploads\/sites\/3\/2020\/11\/Bioinformatics.jpg\" alt=\"\" width=\"300\" height=\"173\" \/><\/td>\n<\/tr>\n<\/tbody>\n<\/table>\n<p>[\/vc_column_text][vc_column_text]Un genoma es una colecci\u00f3n de libros que cuentan una gran historia = la historia de la vida de alguien.<\/p>\n<table>\n<tbody>\n<tr>\n<td><img loading=\"lazy\" decoding=\"async\" class=\"size-medium wp-image-1721 alignleft\" src=\"https:\/\/rcm1.rcm.upr.edu\/bioinformaticshealth\/wp-content\/uploads\/sites\/3\/2020\/11\/Genome.png\" alt=\"\" width=\"300\" height=\"150\" \/><span style=\"font-family: inherit;font-size: inherit\">\u00a0<\/span><\/td>\n<td>\u00a0<img loading=\"lazy\" decoding=\"async\" class=\"alignnone size-medium wp-image-1723\" src=\"https:\/\/rcm1.rcm.upr.edu\/bioinformaticshealth\/wp-content\/uploads\/sites\/3\/2020\/04\/equal-sign.png\" alt=\"\" width=\"300\" height=\"180\" \/><\/td>\n<td>\u00a0<img loading=\"lazy\" decoding=\"async\" class=\"size-medium wp-image-1714 alignright\" src=\"https:\/\/rcm1.rcm.upr.edu\/bioinformaticshealth\/wp-content\/uploads\/sites\/3\/2020\/04\/Books.jpg\" alt=\"\" width=\"300\" height=\"200\" \/><\/p>\n<p>&nbsp;<\/td>\n<\/tr>\n<\/tbody>\n<\/table>\n<p>[\/vc_column_text][\/vc_column][vc_column width=&#8221;1\/2&#8243;][vc_column_text]Entonces, \u00bfqu\u00e9 hay con la bioinform\u00e1tica?<\/p>\n<p><img loading=\"lazy\" decoding=\"async\" class=\" wp-image-621 alignright\" src=\"https:\/\/rcm1.rcm.upr.edu\/bioinformaticshealth\/wp-content\/uploads\/sites\/3\/2020\/04\/Suppose-5.jpg\" alt=\"\" width=\"350\" height=\"211\" \/>[\/vc_column_text][vc_empty_space height=&#8221;50px&#8221;]<div class=\"standard-arrow list-divider bullet-top\"><ul>\n<li>\u00a1Es la \u00fanica forma de analizar toda la historia!<\/li>\n<li>Leer todos los libros uno por uno llevar\u00eda mucho tiempo.<\/li>\n<li>Se requiere el uso de una computadora.<\/li>\n<li>Los bi\u00f3logos computacionales usan computadoras para ayudar a comprender la historia de nuestras vidas.<\/li>\n<\/ul>\n<\/div>[vc_column_text]Y recuerda, seg\u00fan Einstein,<\/p>\n<p><i>\u201c<a href=\"https:\/\/www.ncbi.nlm.nih.gov\/pmc\/articles\/PMC3814846\/\" target=\"_blank\" rel=\"noopener noreferrer\">Realmente no entiendes algo a menos que puedas explic\u00e1rselo a tu abuela.<\/a>\u201d<\/i><\/p>\n<p><img loading=\"lazy\" decoding=\"async\" class=\" wp-image-622 aligncenter\" src=\"https:\/\/rcm1.rcm.upr.edu\/bioinformaticshealth\/wp-content\/uploads\/sites\/3\/2020\/04\/Suppose-6.jpg\" alt=\"\" width=\"354\" height=\"143\" \/>[\/vc_column_text][\/vc_column][\/vc_row][vc_row][vc_column][vc_empty_space height=&#8221;10px&#8221;][vc_column_text]<\/p>\n<h3><strong>Inform\u00e1tica de la Salud\u00a0<\/strong><strong>&#8211; De una manera simple<\/strong><\/h3>\n<p>[\/vc_column_text][vc_column_text]<span style=\"font-weight: 400\">Es la experiencia de los profesionales de inform\u00e1tica m\u00e9dica o\u00a0cuidado de la salud.<br \/>\n<img loading=\"lazy\" decoding=\"async\" class=\" wp-image-640 aligncenter\" src=\"https:\/\/rcm1.rcm.upr.edu\/bioinformaticshealth\/wp-content\/uploads\/sites\/3\/2020\/04\/Health-Informatics-1.png\" alt=\"\" width=\"200\" height=\"204\" \/> <\/span>[\/vc_column_text][vc_column_text]Que ayuda a las organizaciones de\u00a0cuidado de la salud\u00a0qu\u00e9 datos proporcionan la mejor informaci\u00f3n para el tratamiento, proceso o pr\u00e1ctica que se eval\u00faa, y c\u00f3mo utilizar los datos para respaldar las decisiones y el desarrollo de las mejores pr\u00e1cticas.<\/p>\n<p><img loading=\"lazy\" decoding=\"async\" class=\" wp-image-641 aligncenter\" src=\"https:\/\/rcm1.rcm.upr.edu\/bioinformaticshealth\/wp-content\/uploads\/sites\/3\/2020\/04\/Health-Informatics-2.png\" alt=\"\" width=\"300\" height=\"129\" \/>[\/vc_column_text][vc_column_text]<em><span style=\"font-weight: 400\">Mas informaci\u00f3n en: <\/span><a href=\"https:\/\/blogs.opentext.com\/health-informatics-4-ways-health-informatics-transforming-healthcare\/\" target=\"_blank\" rel=\"noopener noreferrer\"><span style=\"font-weight: 400\">What is Health Informatics? 4 Ways Health Informatics is Transforming Healthcare<\/span><\/a><\/em><\/p>\n<p><img loading=\"lazy\" decoding=\"async\" class=\" wp-image-407 aligncenter\" src=\"https:\/\/rcm1.rcm.upr.edu\/bioinformaticshealth\/wp-content\/uploads\/sites\/3\/2020\/04\/Medical-decision-making.png\" alt=\"\" width=\"350\" height=\"197\" \/>[\/vc_column_text][\/vc_column][\/vc_row][vc_row][vc_column][vc_empty_space height=&#8221;10px&#8221;][vc_column_text]<\/p>\n<h3 id=\"Juegos\"><strong>Juegos<\/strong><\/h3>\n<p>[\/vc_column_text][\/vc_column][\/vc_row][vc_row][vc_column][vc_tta_accordion][vc_tta_section title=&#8221;Resuelve las pistas de la vida inform\u00e1tica&#8221; tab_id=&#8221;1523382124174-276381f6-b76b&#8221;][vc_column_text]<\/p>\n<p style=\"text-align: center\"><a href=\"https:\/\/www.nigms.nih.gov\/education\/Booklets\/Computing-Life\/Pages\/Home.aspx\" target=\"_blank\" rel=\"noopener noreferrer\"><strong>Resuelve las pistas de la vida inform\u00e1tica<\/strong><\/a><\/p>\n<p style=\"text-align: center\">Este juego requiere Adobe Flash instalado.<\/p>\n<p><a href=\"https:\/\/www.nigms.nih.gov\/education\/Booklets\/Computing-Life\/Pages\/Home.aspx\"><img loading=\"lazy\" decoding=\"async\" class=\"wp-image-1279 aligncenter\" src=\"https:\/\/rcm1.rcm.upr.edu\/bioinformaticshealth\/wp-content\/uploads\/sites\/3\/2020\/04\/Crossword-Game.png\" alt=\"\" width=\"350\" height=\"238\" \/><\/a>[\/vc_column_text][\/vc_tta_section][vc_tta_section title=&#8221;Click and Learn&#8221; tab_id=&#8221;1523382124270-0d1e4816-b7a6&#8243;][vc_column_text]<\/p>\n<p style=\"text-align: center\"><span style=\"font-weight: 400\">Instale la aplicaci\u00f3n \u201c<strong>Click and Learn<\/strong>\u201d en su celular.<\/span><\/p>\n<p><span style=\"font-weight: 400\"><img loading=\"lazy\" decoding=\"async\" class=\"wp-image-1280 aligncenter\" src=\"https:\/\/rcm1.rcm.upr.edu\/bioinformaticshealth\/wp-content\/uploads\/sites\/3\/2020\/04\/Click-and-Learn-Game.jpg\" alt=\"\" width=\"270\" height=\"273\" \/><\/span>[\/vc_column_text][\/vc_tta_section][\/vc_tta_accordion][\/vc_column][\/vc_row][vc_row][vc_column][vc_empty_space height=&#8221;10px&#8221;][vc_column_text]<\/p>\n<h3 id=\"Recursos\"><strong>Recursos y Herramientas<\/strong><\/h3>\n<p>[\/vc_column_text]<div class=\"standard-arrow list-divider bullet-top\"><ul>\n<li><a href=\"https:\/\/bhi.rcm.upr.edu\/herramientas-populares\">Herramientas m\u00e1s populares de Bioinform\u00e1tica e Inform\u00e1tica de la Salud utilizadas en la Investigaci\u00f3n Biom\u00e9dica<\/a><\/li>\n<li><a href=\"https:\/\/bhi.rcm.upr.edu\/organizaciones-mas-populares\">Organizaciones m\u00e1s populares de bioinform\u00e1tica e inform\u00e1tica de la salud<\/a><\/li>\n<li><a href=\"https:\/\/bhi.rcm.upr.edu\/grupos-de-investigacion\">Grupos de investigaci\u00f3n en Puerto Rico<\/a><\/li>\n<li><a href=\"https:\/\/bhi.rcm.upr.edu\/revistas-mas-populares\">Revistas m\u00e1s populares de bioinform\u00e1tica e inform\u00e1tica de la salud<\/a><\/li>\n<li><a href=\"https:\/\/bhi.rcm.upr.edu\/tutoriales-y-cursos\">Tutoriales y Cursos<\/a><\/li>\n<\/ul>\n<\/div>[\/vc_column][\/vc_row]<\/p>\n<\/div>","protected":false},"excerpt":{"rendered":"<p>[vc_row][vc_column][vc_column_text] Bioinform\u00e1tica &#8211; De una manera simple [\/vc_column_text][\/vc_column][\/vc_row][vc_row][vc_column width=&#8221;1\/2&#8243;][vc_column_text]Supongamos que:[\/vc_column_text][vc_column_text] Los genes son cap\u00edtulos de libros. &nbsp; \u00a0 \u00a0 \u00a0 [\/vc_column_text][vc_column_text] La transcripci\u00f3n y la traducci\u00f3n es leer un libro de principio a fin = entendi\u00e9ndolo. &nbsp; \u00a0 \u00a0 \u00a0 [\/vc_column_text][vc_column_text] Los amino\u00e1cidos son palabras. &nbsp; \u00a0 \u00a0 \u00a0 [\/vc_column_text][vc_column_text]Un genoma es una colecci\u00f3n de&hellip;<\/p>\n","protected":false},"author":1,"featured_media":0,"parent":0,"menu_order":0,"comment_status":"closed","ping_status":"closed","template":"template-microsite.php","meta":{"footnotes":""},"class_list":["post-314","page","type-page","status-publish","hentry","description-off"],"aioseo_notices":[],"_links":{"self":[{"href":"https:\/\/rcm1.rcm.upr.edu\/bioinformaticshealth\/wp-json\/wp\/v2\/pages\/314","targetHints":{"allow":["GET"]}}],"collection":[{"href":"https:\/\/rcm1.rcm.upr.edu\/bioinformaticshealth\/wp-json\/wp\/v2\/pages"}],"about":[{"href":"https:\/\/rcm1.rcm.upr.edu\/bioinformaticshealth\/wp-json\/wp\/v2\/types\/page"}],"author":[{"embeddable":true,"href":"https:\/\/rcm1.rcm.upr.edu\/bioinformaticshealth\/wp-json\/wp\/v2\/users\/1"}],"replies":[{"embeddable":true,"href":"https:\/\/rcm1.rcm.upr.edu\/bioinformaticshealth\/wp-json\/wp\/v2\/comments?post=314"}],"version-history":[{"count":0,"href":"https:\/\/rcm1.rcm.upr.edu\/bioinformaticshealth\/wp-json\/wp\/v2\/pages\/314\/revisions"}],"wp:attachment":[{"href":"https:\/\/rcm1.rcm.upr.edu\/bioinformaticshealth\/wp-json\/wp\/v2\/media?parent=314"}],"curies":[{"name":"wp","href":"https:\/\/api.w.org\/{rel}","templated":true}]}}