{"id":329,"date":"2017-12-11T13:19:48","date_gmt":"2017-12-11T13:19:48","guid":{"rendered":"http:\/\/127.0.0.1\/rcm\/bhi\/profesores-estudiantes\/"},"modified":"2017-12-11T13:19:48","modified_gmt":"2017-12-11T13:19:48","slug":"profesores-estudiantes","status":"publish","type":"page","link":"https:\/\/rcm1.rcm.upr.edu\/bioinformaticshealth\/profesores-estudiantes\/","title":{"rendered":"Profesores y Estudiantes"},"content":{"rendered":"<div class=\"wpb-content-wrapper\"><p>[vc_row][vc_column][vc_column_text]<\/p>\n<h3 id=\"Beneficios\"><strong>Beneficios de la Bioinform\u00e1tica y la Inform\u00e1tica de la Salud para profesores y estudiantes en Ciencias de la Salud<\/strong><\/h3>\n<p>[\/vc_column_text][vc_column_text]La Bioinform\u00e1tica y la Inform\u00e1tica de la Salud son un \u00e1rea altamente integradora en la biolog\u00eda moderna, ya que la tecnolog\u00eda de la informaci\u00f3n hace que los datos biol\u00f3gicos abrumadores est\u00e9n disponibles para una variedad de cient\u00edficos, estudiantes, profesores, cl\u00ednicos y poblaci\u00f3n en general. Espec\u00edficamente, los estudiantes pueden acceder a datos biol\u00f3gicos y utilizar herramientas de bioinform\u00e1tica en l\u00ednea y de inform\u00e1tica de la salud como parte de las lecciones en el aula. El campo es \u00fanico, ya que presenta el potencial de ense\u00f1ar ciencias de la salud a trav\u00e9s de aplicaciones reales de primera mano.<\/p>\n<p>De acuerdo con el informe del Instituto de Medicina, el profesional de la salud moderno debe tener competencia en inform\u00e1tica como parte de un objetivo m\u00e1s amplio para proporcionar atenci\u00f3n centrada en el paciente. Por lo tanto, la inform\u00e1tica es un componente central del &#8220;sistema de salud de aprendizaje&#8221;.[\/vc_column_text][vc_empty_space height=&#8221;20px&#8221;][\/vc_column][\/vc_row][vc_row][vc_column][vc_column_text]<\/p>\n<h3 id=\"Especializacion\"><strong>\u00c1reas de Especializaci\u00f3n<\/strong><\/h3>\n<p>[\/vc_column_text][vc_column_text]<\/p>\n<table style=\"width: 633px\">\n<tbody>\n<tr>\n<td style=\"text-align: center;width: 271px\"><strong>Areas de Especializaci\u00f3n<\/strong><\/td>\n<td style=\"text-align: center;width: 361px\"><strong>Cursos generales<\/strong><\/td>\n<\/tr>\n<tr>\n<td style=\"width: 271px\"><strong>1. Inform\u00e1tica de salud<\/strong><\/p>\n<p><strong>\u00a0<\/strong><\/p>\n<p><strong>\u00a0<\/strong><\/p>\n<p><strong>\u00a0<\/strong><strong>2.\u00a0Bioinform\u00e1tica translacional<\/strong><\/p>\n<p><strong>\u00a0<\/strong><\/p>\n<p><strong>\u00a0<\/strong><\/p>\n<p><strong>\u00a0<\/strong><strong>3. Inform\u00e1tica de investigaci\u00f3n\u00a0<\/strong><strong>cl\u00ednica<\/strong><\/p>\n<p><strong>\u00a0<\/strong><\/p>\n<p><strong>\u00a0<\/strong><\/p>\n<p><strong>\u00a0<\/strong><strong>4. Public Health Informatics<\/strong><\/p>\n<p>&nbsp;<\/td>\n<td style=\"width: 361px\">\n<ul>\n<li>Introducci\u00f3n a la Inform\u00e1tica Cl\u00ednica y de Salud P\u00fablica<\/li>\n<li>Fundamentos de la Bioinform\u00e1tica<\/li>\n<li>Introducci\u00f3n a la Inform\u00e1tica Biom\u00e9dica<\/li>\n<li>Fundamentos de la Bioinform\u00e1tica Translacional<\/li>\n<li>Introducci\u00f3n a la Inform\u00e1tica de Investigaci\u00f3n Cl\u00ednica<\/li>\n<li>Gen\u00f3mica Computacional<\/li>\n<li>M\u00e9todos para la toma de Decisiones Basadas en Computadora<\/li>\n<li>Ingenier\u00eda de Proyectos de Software en Atenci\u00f3n M\u00e9dica<\/li>\n<li>Estudios Cognitivos para Inform\u00e1tica de Salud<\/li>\n<li>Vigilancia en tiempo real de brotes y enfermedades<\/li>\n<li>Inform\u00e1tica M\u00e9dica Aplicada<\/li>\n<li>Principios de inform\u00e1tica de salud global<\/li>\n<\/ul>\n<\/td>\n<\/tr>\n<\/tbody>\n<\/table>\n<p>[\/vc_column_text][\/vc_column][\/vc_row][vc_row][vc_column][vc_empty_space height=&#8221;20px&#8221;][vc_column_text]<\/p>\n<h3 id=\"Cursos\"><strong>Cursos y Tutoriales<\/strong><\/h3>\n<p>[\/vc_column_text][vc_tta_tour][vc_tta_section title=&#8221;Puerto Rico&#8221; tab_id=&#8221;1522446026108-9d330a72-68ff&#8221;][vc_column_text]<a href=\"https:\/\/www.upr.edu\/\" target=\"_blank\" rel=\"noopener noreferrer\">Universidad de Puerto Rico<\/a>:<\/p>\n<p><ol style=\"counter-reset: my-badass-counter 0;\" class=\"standard-number-list\"><li><p>Bioinform\u00e1tica en el Departamento M\u00e9dico por Dr. Ricardo Gonz\u00e1lez &#8211; <a href=\"https:\/\/rcm2.rcm.upr.edu\/\" target=\"_blank\" rel=\"noopener noreferrer\">Recinto de Ciencias M\u00e9dicas<\/a><\/p>\n<\/li><li><p>Inform\u00e1tica Biom\u00e9dica por Dr. Abiel Roche &#8211; <a href=\"https:\/\/rcm2.rcm.upr.edu\/\" target=\"_blank\" rel=\"noopener noreferrer\">Recinto de Ciencias M\u00e9dicas<\/a><\/p>\n<\/li><li><p>Bioinform\u00e1tica y Gen\u00f3mica M\u00e9dica por el Dr. Abiel Roche y el Dr. Jorge Duconge &#8211; <a href=\"https:\/\/rcm2.rcm.upr.edu\/\" target=\"_blank\" rel=\"noopener noreferrer\">Recinto de Ciencias M\u00e9dicas<\/a><\/p>\n<\/li><li><p>Doctorado en Bioingenier\u00eda &#8211; Track en Bioinform\u00e1tica por <span style=\"font-weight: 400\">Dr. Mauricio Cabrera and Dr. Jaime Seguel<\/span>&#8211; <a href=\"https:\/\/www.uprm.edu\/bioeng\/\" target=\"_blank\" rel=\"noopener noreferrer\">Recinto de Mayag\u00fcez<\/a><\/p>\n<\/li><\/ol>[\/vc_column_text][\/vc_tta_section][vc_tta_section title=&#8221;Estados Unidos&#8221; tab_id=&#8221;1522446026161-dcf3756c-7502&#8243;][vc_column_text]<\/p>\n<p>A partir del 1 de julio de 2017, la Biblioteca Nacional de Medicina apoya la capacitaci\u00f3n en investigaci\u00f3n en inform\u00e1tica biom\u00e9dica y ciencia de datos en diecis\u00e9is instituciones educativas.<\/p>\n<p><em><span style=\"font-weight: 400\">Fuente: <\/span><a href=\"https:\/\/www.nlm.nih.gov\/ep\/GrantTrainInstitute.html\" target=\"_blank\" rel=\"noopener noreferrer\"><span style=\"font-weight: 400\">Grants and Funding: Extramural Programs (EP)<\/span><\/a><\/em><\/p>\n<ol style=\"counter-reset: my-badass-counter 0;\" class=\"standard-number-list\"><li><p><a href=\"https:\/\/dbmi.ucsd.edu\/education\/nlm-fellowship.html\" target=\"_blank\" rel=\"noopener noreferrer\"><span style=\"font-weight: 400\">University of California San Diego<\/span><\/a><br \/>\n<span style=\"font-weight: 400\">San Diego, CA<\/span><\/p>\n<\/li><li><p><a href=\"https:\/\/med.stanford.edu:443\/bmi.html\" target=\"_blank\" rel=\"noopener noreferrer\"><span style=\"font-weight: 400\">Stanford University<\/span><\/a><br \/>\n<span style=\"font-weight: 400\">Stanford, CA<\/span><\/p>\n<\/li><li><p><a href=\"https:\/\/www.cuanschutz.edu\/graduate-programs\/computational-bioscience\" target=\"_blank\" rel=\"noopener noreferrer\"><span style=\"font-weight: 400\">University of Colorado, Anschutz Medical Campus<\/span><\/a><br \/>\n<span style=\"font-weight: 400\">Aurora, CO<\/span><\/p>\n<\/li><li><p><a href=\"https:\/\/medicine.yale.edu\/ycmi\/\" target=\"_blank\" rel=\"noopener noreferrer\"><span style=\"font-weight: 400\">Yale University<\/span><\/a><br \/>\n<span style=\"font-weight: 400\">New Haven, CT<\/span><\/p>\n<\/li><li><p><a href=\"https:\/\/www.regenstrief.org\/research\/\" target=\"_blank\" rel=\"noopener noreferrer\"><span style=\"font-weight: 400\">Indiana University\/Regenstrief Institute<\/span><\/a><br \/>\n<span style=\"font-weight: 400\">Indianapolis, IN<\/span><\/p>\n<\/li><li><p><a href=\"https:\/\/dbmi.hms.harvard.edu\/education\" target=\"_blank\" rel=\"noopener noreferrer\"><span style=\"font-weight: 400\">Harvard University (Medical School)<\/span><\/a><br \/>\n<span style=\"font-weight: 400\">Boston, MA<\/span><\/p>\n<\/li><li><p><a href=\"https:\/\/www.dbmi.columbia.edu\/\" target=\"_blank\" rel=\"noopener noreferrer\"><span style=\"font-weight: 400\">Columbia University Medical Center<\/span><\/a><br \/>\n<span style=\"font-weight: 400\">New York, NY<\/span><\/p>\n<\/li><li><p><a href=\"http:\/\/medicine.buffalo.edu\/education\/ggb.html\" target=\"_blank\" rel=\"noopener noreferrer\"><span style=\"font-weight: 400\">State University of New York at Buffalo<\/span><\/a><br \/>\n<span style=\"font-weight: 400\">Buffalo, NY<\/span><\/p>\n<\/li><li><p><a href=\"https:\/\/chip.unc.edu\/\" target=\"_blank\" rel=\"noopener noreferrer\"><span style=\"font-weight: 400\">University of North Carolina Chapel Hill<\/span><\/a><br \/>\n<span style=\"font-weight: 400\">Chapel Hill, NC<\/span><\/p>\n<\/li><li><p><a href=\"https:\/\/www.ohsu.edu\/school-of-medicine\/medical-informatics-and-clinical-epidemiology\" target=\"_blank\" rel=\"noopener noreferrer\"><span style=\"font-weight: 400\">Oregon Health &amp; Science University<\/span><\/a><br \/>\n<span style=\"font-weight: 400\">Portland, OR<\/span><\/p>\n<\/li><li><p><a href=\"https:\/\/www.dbmi.pitt.edu\/\" target=\"_blank\" rel=\"noopener noreferrer\"><span style=\"font-weight: 400\">University of Pittsburgh at Pittsburgh<\/span><\/a><br \/>\n<span style=\"font-weight: 400\">Pittsburgh, PA<\/span><\/p>\n<\/li><li><p><a href=\"https:\/\/www.vumc.org\/dbmi\/education\" target=\"_blank\" rel=\"noopener noreferrer\"><span style=\"font-weight: 400\">Vanderbilt University<\/span><\/a><br \/>\n<span style=\"font-weight: 400\">Nashville, TN<\/span><\/p>\n<\/li><li><p><a href=\"https:\/\/www.gulfcoastconsortia.org\/home\/training\/bmi-nlm\/\" target=\"_blank\" rel=\"noopener noreferrer\"><span style=\"font-weight: 400\">Rice University<\/span><\/a><br \/>\n<span style=\"font-weight: 400\">Houston, TX<\/span><\/p>\n<\/li><li><p><a href=\"https:\/\/medicine.utah.edu\/dbmi\/\" target=\"_blank\" rel=\"noopener noreferrer\"><span style=\"font-weight: 400\">University of Utah<\/span><\/a><br \/>\n<span style=\"font-weight: 400\">Salt Lake City, UT<\/span><\/p>\n<\/li><li><p><a href=\"http:\/\/bime.uw.edu\/\" target=\"_blank\" rel=\"noopener noreferrer\"><span style=\"font-weight: 400\">University of Washington<\/span><\/a><br \/>\n<span style=\"font-weight: 400\">Madison, WI<\/span><\/p>\n<\/li><\/ol>\n<p>[\/vc_column_text][\/vc_tta_section][\/vc_tta_tour][\/vc_column][\/vc_row][vc_row][vc_column][vc_empty_space height=&#8221;20px&#8221;][vc_column_text]<\/p>\n<h3 id=\"Recursos\"><strong>Recursos y Herramientas<\/strong><\/h3>\n<p>[\/vc_column_text][vc_column_text]<ul class=\"standard-arrow\"><li><p><a href=\"https:\/\/bhi.rcm.upr.edu\/herramientas-populares\" target=\"_blank\" rel=\"noopener noreferrer\">Herramientas m\u00e1s populares de Bioinform\u00e1tica e Inform\u00e1tica de la Salud utilizadas en la Investigaci\u00f3n Biom\u00e9dica<\/a><\/p>\n<\/li><li><p><a href=\"https:\/\/bhi.rcm.upr.edu\/organizaciones-mas-populares\" target=\"_blank\" rel=\"noopener noreferrer\">Organizaciones m\u00e1s populares de bioinform\u00e1tica e inform\u00e1tica de la salud<\/a><\/p>\n<\/li><li><p><a href=\"https:\/\/bhi.rcm.upr.edu\/grupos-de-investigacion\" target=\"_blank\" rel=\"noopener noreferrer\">Grupos de investigaci\u00f3n en Puerto Rico<\/a><\/p>\n<\/li><li><p><a href=\"https:\/\/bhi.rcm.upr.edu\/revistas-mas-populares\" target=\"_blank\" rel=\"noopener noreferrer\">Revistas m\u00e1s populares de bioinform\u00e1tica e inform\u00e1tica de la salud<\/a><\/p>\n<\/li><li><p><a href=\"https:\/\/bhi.rcm.upr.edu\/tutoriales-y-cursos\" target=\"_blank\" rel=\"noopener noreferrer\">Tutoriales y Cursos<\/a><\/p>\n<\/li><\/ul>[\/vc_column_text][\/vc_column][\/vc_row]<\/p>\n<\/div>","protected":false},"excerpt":{"rendered":"<p>[vc_row][vc_column][vc_column_text] Beneficios de la Bioinform\u00e1tica y la Inform\u00e1tica de la Salud para profesores y estudiantes en Ciencias de la Salud [\/vc_column_text][vc_column_text]La Bioinform\u00e1tica y la Inform\u00e1tica de la Salud son un \u00e1rea altamente integradora en la biolog\u00eda moderna, ya que la tecnolog\u00eda de la informaci\u00f3n hace que los datos biol\u00f3gicos abrumadores est\u00e9n disponibles para una variedad&hellip;<\/p>\n","protected":false},"author":1,"featured_media":0,"parent":0,"menu_order":0,"comment_status":"closed","ping_status":"closed","template":"template-microsite.php","meta":{"footnotes":""},"class_list":["post-329","page","type-page","status-publish","hentry","description-off"],"aioseo_notices":[],"_links":{"self":[{"href":"https:\/\/rcm1.rcm.upr.edu\/bioinformaticshealth\/wp-json\/wp\/v2\/pages\/329","targetHints":{"allow":["GET"]}}],"collection":[{"href":"https:\/\/rcm1.rcm.upr.edu\/bioinformaticshealth\/wp-json\/wp\/v2\/pages"}],"about":[{"href":"https:\/\/rcm1.rcm.upr.edu\/bioinformaticshealth\/wp-json\/wp\/v2\/types\/page"}],"author":[{"embeddable":true,"href":"https:\/\/rcm1.rcm.upr.edu\/bioinformaticshealth\/wp-json\/wp\/v2\/users\/1"}],"replies":[{"embeddable":true,"href":"https:\/\/rcm1.rcm.upr.edu\/bioinformaticshealth\/wp-json\/wp\/v2\/comments?post=329"}],"version-history":[{"count":0,"href":"https:\/\/rcm1.rcm.upr.edu\/bioinformaticshealth\/wp-json\/wp\/v2\/pages\/329\/revisions"}],"wp:attachment":[{"href":"https:\/\/rcm1.rcm.upr.edu\/bioinformaticshealth\/wp-json\/wp\/v2\/media?parent=329"}],"curies":[{"name":"wp","href":"https:\/\/api.w.org\/{rel}","templated":true}]}}