{"id":40,"date":"2018-09-10T19:11:36","date_gmt":"2018-09-10T19:11:36","guid":{"rendered":"http:\/\/exalumnos.rcm.upr.edu\/cmc\/?page_id=5"},"modified":"2018-09-10T19:11:36","modified_gmt":"2018-09-10T19:11:36","slug":"centro-de-mediacion-de-conflictos-del-recinto-de-ciencias-medicas","status":"publish","type":"page","link":"https:\/\/rcm1.rcm.upr.edu\/centromediacion\/","title":{"rendered":"Centro de Mediaci\u00f3n de Conflictos del Recinto de Ciencias M\u00e9dicas"},"content":{"rendered":"<div class=\"wpb-content-wrapper\"><p>[vc_row][vc_column][vc_raw_js]JTNDJTIxLS0lMjBHbG9iYWwlMjBzaXRlJTIwdGFnJTIwJTI4Z3RhZy5qcyUyOSUyMC0lMjBHb29nbGUlMjBBbmFseXRpY3MlMjAtLSUzRSUwQSUzQ3NjcmlwdCUyMGFzeW5jJTIwc3JjJTNEJTIyaHR0cHMlM0ElMkYlMkZ3d3cuZ29vZ2xldGFnbWFuYWdlci5jb20lMkZndGFnJTJGanMlM0ZpZCUzRFVBLTExOTU5MjEyMy01JTIyJTNFJTNDJTJGc2NyaXB0JTNFJTBBJTNDc2NyaXB0JTNFJTBBJTIwJTIwd2luZG93LmRhdGFMYXllciUyMCUzRCUyMHdpbmRvdy5kYXRhTGF5ZXIlMjAlN0MlN0MlMjAlNUIlNUQlM0IlMEElMjAlMjBmdW5jdGlvbiUyMGd0YWclMjglMjklN0JkYXRhTGF5ZXIucHVzaCUyOGFyZ3VtZW50cyUyOSUzQiU3RCUwQSUyMCUyMGd0YWclMjglMjdqcyUyNyUyQyUyMG5ldyUyMERhdGUlMjglMjklMjklM0IlMEElMEElMjAlMjBndGFnJTI4JTI3Y29uZmlnJTI3JTJDJTIwJTI3VUEtMTE5NTkyMTIzLTUlMjclMjklM0IlMEElM0MlMkZzY3JpcHQlM0U=[\/vc_raw_js][vc_column_text]De acuerdo al <i>Reglamento de M\u00e9todos Alternos para la Soluci\u00f3n de Conflictos del Tribunal Supremo de Puerto Rico<\/i>,\u00a0<b>Mediaci\u00f3n<\/b>\u00a0es: un proceso de intervenci\u00f3n, no adjudicativo, en el cual un interventor o una interventora neutral (mediador o mediadora) ayuda a las personas en conflicto a lograr un acuerdo que les resulte mutuamente aceptable. En la mediaci\u00f3n, las partes tienen potestad de decidir si se someten o no al proceso.<\/p>\n<p>&nbsp;<\/p>\n<h2>Misi\u00f3n<\/h2>\n<p>El Centro de Mediaci\u00f3n de Conflictos del Recinto de Ciencias M\u00e9dicas prestar\u00e1 a la comunidad universitaria un servicio que contribuya a la soluci\u00f3n de conflictos en un clima participativo y democr\u00e1tico, transformando los mismos. El proceso de mediaci\u00f3n se concibe como uno educativo mediante el cual las partes en conflicto puedan analizar cu\u00e1les son los or\u00edgenes del mismo y las distintas opciones para resolverlo.<\/p>\n<p>&nbsp;<\/p>\n<h2>Visi\u00f3n<\/h2>\n<p>El Centro de Mediaci\u00f3n de Conflictos del RCM ser\u00e1 un l\u00edder en la construcci\u00f3n de una comunidad universitaria participativa y democr\u00e1tica y en la formaci\u00f3n y promoci\u00f3n de una cultura de paz, ambiente de armon\u00eda y colaboraci\u00f3n.<\/p>\n<p>&nbsp;<\/p>\n<h2>Objetivos<\/h2>\n<p>(Similares a la de los Centros de Mediaci\u00f3n de Conflicto de la Rama Judicial de Puerto Rico)<\/p>\n<ul>\n<li>Fomentar la participaci\u00f3n de las personas en la b\u00fasqueda de alternativas para el manejo de controversias.<\/li>\n<li>Ayudar a las partes en controversia a llegar a acuerdos que consideren justos y razonables.<\/li>\n<li>Atender controversias en forma sencilla y r\u00e1pida.<\/li>\n<li>Servir como recurso de informaci\u00f3n y orientaci\u00f3n.<\/li>\n<li>Promover un ambiente de armon\u00eda y colaboraci\u00f3n mediante conversatorios, talleres y campa\u00f1as de concienciaci\u00f3n.<\/li>\n<\/ul>\n<p>&nbsp;<\/p>\n<h2>Fundamentos que lo rigen<\/h2>\n<ul>\n<li>El Centro de mediaci\u00f3n es facilitador: El Centro facilita el di\u00e1logo y la comunicaci\u00f3n entre los participantes. No toma decisiones sobre los acuerdos o arreglo a la controversia.<\/li>\n<li>Es un proceso voluntario: Las partes participan libre y voluntariamente.<\/li>\n<li>Todo lo que se discuta es confidencial.<\/li>\n<li>Imparcialidad<\/li>\n<li>Autonom\u00eda<\/li>\n<li>Busca cambiar la estructura del conflicto, visualiz\u00e1ndolo como un proceso renovador.<\/li>\n<\/ul>\n<p>&nbsp;<\/p>\n<h2>Documentos<\/h2>\n<ul>\n<li><a href=\"https:\/\/rcm1.rcm.upr.edu\/centromediacion\/wp-content\/uploads\/sites\/5\/2020\/04\/CMC-RCM-Aceptacion-Servicio.pdf\" target=\"_blank\" rel=\"noopener noreferrer\">Aceptaci\u00f3n Del Servicio De Mediaci\u00f3n<\/a><\/li>\n<li><a href=\"https:\/\/rcm1.rcm.upr.edu\/centromediacion\/wp-content\/uploads\/sites\/5\/2020\/04\/CMC-RCM-Formulario-Acuerdo.pdf\" target=\"_blank\" rel=\"noopener noreferrer\">Formulario de Aceptaci\u00f3n De Acuerdo<\/a><\/li>\n<\/ul>\n<p>[\/vc_column_text][\/vc_column][\/vc_row]<\/p>\n<\/div>","protected":false},"excerpt":{"rendered":"<p>[vc_row][vc_column][vc_raw_js]JTNDJTIxLS0lMjBHbG9iYWwlMjBzaXRlJTIwdGFnJTIwJTI4Z3RhZy5qcyUyOSUyMC0lMjBHb29nbGUlMjBBbmFseXRpY3MlMjAtLSUzRSUwQSUzQ3NjcmlwdCUyMGFzeW5jJTIwc3JjJTNEJTIyaHR0cHMlM0ElMkYlMkZ3d3cuZ29vZ2xldGFnbWFuYWdlci5jb20lMkZndGFnJTJGanMlM0ZpZCUzRFVBLTExOTU5MjEyMy01JTIyJTNFJTNDJTJGc2NyaXB0JTNFJTBBJTNDc2NyaXB0JTNFJTBBJTIwJTIwd2luZG93LmRhdGFMYXllciUyMCUzRCUyMHdpbmRvdy5kYXRhTGF5ZXIlMjAlN0MlN0MlMjAlNUIlNUQlM0IlMEElMjAlMjBmdW5jdGlvbiUyMGd0YWclMjglMjklN0JkYXRhTGF5ZXIucHVzaCUyOGFyZ3VtZW50cyUyOSUzQiU3RCUwQSUyMCUyMGd0YWclMjglMjdqcyUyNyUyQyUyMG5ldyUyMERhdGUlMjglMjklMjklM0IlMEElMEElMjAlMjBndGFnJTI4JTI3Y29uZmlnJTI3JTJDJTIwJTI3VUEtMTE5NTkyMTIzLTUlMjclMjklM0IlMEElM0MlMkZzY3JpcHQlM0U=[\/vc_raw_js][vc_column_text]De acuerdo al Reglamento de M\u00e9todos Alternos para la Soluci\u00f3n de Conflictos del Tribunal Supremo de Puerto Rico,\u00a0Mediaci\u00f3n\u00a0es: un proceso de intervenci\u00f3n, no adjudicativo, en el cual un interventor o una interventora neutral (mediador o mediadora) ayuda a las personas en conflicto a lograr un acuerdo que les resulte mutuamente aceptable. En la mediaci\u00f3n, las&hellip;<\/p>\n","protected":false},"author":1,"featured_media":0,"parent":0,"menu_order":0,"comment_status":"closed","ping_status":"closed","template":"template-microsite.php","meta":{"footnotes":""},"class_list":["post-40","page","type-page","status-publish","hentry","description-off"],"aioseo_notices":[],"_links":{"self":[{"href":"https:\/\/rcm1.rcm.upr.edu\/centromediacion\/wp-json\/wp\/v2\/pages\/40","targetHints":{"allow":["GET"]}}],"collection":[{"href":"https:\/\/rcm1.rcm.upr.edu\/centromediacion\/wp-json\/wp\/v2\/pages"}],"about":[{"href":"https:\/\/rcm1.rcm.upr.edu\/centromediacion\/wp-json\/wp\/v2\/types\/page"}],"author":[{"embeddable":true,"href":"https:\/\/rcm1.rcm.upr.edu\/centromediacion\/wp-json\/wp\/v2\/users\/1"}],"replies":[{"embeddable":true,"href":"https:\/\/rcm1.rcm.upr.edu\/centromediacion\/wp-json\/wp\/v2\/comments?post=40"}],"version-history":[{"count":0,"href":"https:\/\/rcm1.rcm.upr.edu\/centromediacion\/wp-json\/wp\/v2\/pages\/40\/revisions"}],"wp:attachment":[{"href":"https:\/\/rcm1.rcm.upr.edu\/centromediacion\/wp-json\/wp\/v2\/media?parent=40"}],"curies":[{"name":"wp","href":"https:\/\/api.w.org\/{rel}","templated":true}]}}