{"id":101,"date":"2017-06-30T12:22:35","date_gmt":"2017-06-30T16:22:35","guid":{"rendered":"http:\/\/exalumnos.rcm.upr.edu\/cpsp\/?page_id=101"},"modified":"2017-06-30T12:22:35","modified_gmt":"2017-06-30T16:22:35","slug":"v-conferencia-2016","status":"publish","type":"page","link":"https:\/\/rcm1.rcm.upr.edu\/conferenciaspuertorriquenas\/v-conferencia-2016\/","title":{"rendered":"V Conferencia (2016)"},"content":{"rendered":"<div class=\"wpb-content-wrapper\"><p>[vc_row][vc_column]<div class=\"dt-fancy-separator h4-size style-thick\" style=\"width: 100%;\"><div class=\"dt-fancy-title\"><span class=\"separator-holder separator-left\"><\/span>Quinta Conferencia Puertorrique\u00f1a de Salud P\u00fablica<span class=\"separator-holder separator-right\"><\/span><\/div><\/div>[vc_empty_space][\/vc_column][\/vc_row][vc_row][vc_column][vc_column_text]<\/p>\n<h4>OBJETIVOS<\/h4>\n<ul>\n<li>Proveer un foro para el an\u00e1lisis cr\u00edtico de la situaci\u00f3n social y de Salud en el contexto Nacional e Internacional.<\/li>\n<li>Exponer los avances, los desaf\u00edos y las oportunidades de la Salud P\u00fablica y la Promoci\u00f3n de la Salud desde las perspectivas conceptual, metodol\u00f3gica, de investigaci\u00f3n y de servicio.<\/li>\n<li>Promover la discusi\u00f3n y el intercambio de propuestas y modalidades<br \/>\nefectivas de intervenci\u00f3n en Salud P\u00fablica y Promoci\u00f3n de la Salud.<\/li>\n<li>Propiciar la integraci\u00f3n y las alianzas de los sectores sociales, profesionales, comunitarios y universitarios en la gesti\u00f3n de Salud P\u00fablica y la Promoci\u00f3n de la Salud.<\/li>\n<li>Enunciar los desaf\u00edos de la Salud P\u00fablica y la Promoci\u00f3n de la Salud y sus implicaciones para la formaci\u00f3n de profesionales y el desarrollo de capacidades en Salud.<\/li>\n<li>Examinar la relaci\u00f3n sociedad y academia ante los desaf\u00edos de la Salud P\u00fablica y la Promoci\u00f3n de la Salud y sus implicaciones para la formaci\u00f3n de profesionales y el desarrollo de capacidades en Salud.<\/li>\n<li>Fortalecer las asociaciones y las redes Nacionales e Internacionales en los campos de la Salud P\u00fablica y la Promoci\u00f3n de la Salud.<\/li>\n<li>Promover el intercambio y la colaboraci\u00f3n acad\u00e9mica entre las Escuelas de Salud P\u00fablica Iberoamericananas.<\/li>\n<li>Influenciar la agenda y la priorizaci\u00f3n del sector social y de Salud a nivel Nacional e Internacional.<\/li>\n<\/ul>\n<p>[\/vc_column_text][\/vc_column][\/vc_row]<\/p>\n<\/div>","protected":false},"excerpt":{"rendered":"<p>[vc_row][vc_column][vc_empty_space][\/vc_column][\/vc_row][vc_row][vc_column][vc_column_text] OBJETIVOS Proveer un foro para el an\u00e1lisis cr\u00edtico de la situaci\u00f3n social y de Salud en el contexto Nacional e Internacional. Exponer los avances, los desaf\u00edos y las oportunidades de la Salud P\u00fablica y la Promoci\u00f3n de la Salud desde las perspectivas conceptual, metodol\u00f3gica, de investigaci\u00f3n y de servicio. Promover la discusi\u00f3n y el&hellip;<\/p>\n","protected":false},"author":1,"featured_media":0,"parent":0,"menu_order":0,"comment_status":"closed","ping_status":"closed","template":"template-microsite.php","meta":{"footnotes":""},"class_list":["post-101","page","type-page","status-publish","hentry","description-off"],"aioseo_notices":[],"_links":{"self":[{"href":"https:\/\/rcm1.rcm.upr.edu\/conferenciaspuertorriquenas\/wp-json\/wp\/v2\/pages\/101","targetHints":{"allow":["GET"]}}],"collection":[{"href":"https:\/\/rcm1.rcm.upr.edu\/conferenciaspuertorriquenas\/wp-json\/wp\/v2\/pages"}],"about":[{"href":"https:\/\/rcm1.rcm.upr.edu\/conferenciaspuertorriquenas\/wp-json\/wp\/v2\/types\/page"}],"author":[{"embeddable":true,"href":"https:\/\/rcm1.rcm.upr.edu\/conferenciaspuertorriquenas\/wp-json\/wp\/v2\/users\/1"}],"replies":[{"embeddable":true,"href":"https:\/\/rcm1.rcm.upr.edu\/conferenciaspuertorriquenas\/wp-json\/wp\/v2\/comments?post=101"}],"version-history":[{"count":0,"href":"https:\/\/rcm1.rcm.upr.edu\/conferenciaspuertorriquenas\/wp-json\/wp\/v2\/pages\/101\/revisions"}],"wp:attachment":[{"href":"https:\/\/rcm1.rcm.upr.edu\/conferenciaspuertorriquenas\/wp-json\/wp\/v2\/media?parent=101"}],"curies":[{"name":"wp","href":"https:\/\/api.w.org\/{rel}","templated":true}]}}