{"id":531,"date":"2017-07-17T13:37:54","date_gmt":"2017-07-17T17:37:54","guid":{"rendered":"http:\/\/exalumnos.rcm.upr.edu\/cpsp\/?page_id=531"},"modified":"2017-07-17T13:37:54","modified_gmt":"2017-07-17T17:37:54","slug":"v-festival-de-arte-y-salud2016","status":"publish","type":"page","link":"https:\/\/rcm1.rcm.upr.edu\/conferenciaspuertorriquenas\/v-festival-de-arte-y-salud2016\/","title":{"rendered":"V Festival de Arte y Salud (2016)"},"content":{"rendered":"<p>Arte y Salud: Esfuerzos colectivos y metas comunes<\/p>\n<p>Descripci\u00f3n:<br \/>\nEl Festival de Arte y Salud es un evento program\u00e1tico, cient\u00edfico y cultural, que aborda la relaci\u00f3n entre las diversas manifestaciones del arte y la salud. Este tendr\u00e1 como objetivo primordial proveer un escenario formal y estructurado en el que se presenten a nivel conceptual y art\u00edstico, experiencias exitosas del uso del arte en los esfuerzos de promoci\u00f3n de la salud. Basado en el reconocimiento de la relaci\u00f3n de complementariedad entre el arte y la salud, este evento incorporar\u00e1 en el programa diversas sesiones cient\u00edficas y actividades culturales. En ellas participar\u00e1n entidades c\u00edvicas, culturales y comunitarias que utilizan el arte como expresi\u00f3n de bienestar, mecanismo alternativo en beneficio de la salud, propuesta terap\u00e9utica, manifestaci\u00f3n de participaci\u00f3n social y comunitaria, herramienta metodol\u00f3gica de Educaci\u00f3n en Salud, y como opci\u00f3n instruccional y de entretenimiento, entre otras finalidades. El lema del V Festival de Arte y Salud girar\u00e1 en torno a los esfuerzos colectivos organizados a trav\u00e9s del arte, para alcanzar metas comunes en el \u00e1rea de la salud y la salud p\u00fablica. Este evento, reconoce a la clase art\u00edstica como un colectivo aliado en el \u00e1rea de la salud p\u00fablica y la pertinencia de que sus esfuerzos y diversidad de expresiones sean incorporadas al quehacer de la academia y la comunidad cient\u00edfica en general.<br \/>\nEl desarrollo del Festival de Arte y Salud permitir\u00e1 continuar demostrando la importancia de este componente a trav\u00e9s de la exposici\u00f3n de diversos proyectos e intervenciones de arte y salud que se llevan a cabo tanto a nivel local como internacional. Este evento constituir\u00e1 una experiencia de intercambio acad\u00e9mico, profesional y cultural. El mismo ofrecer\u00e1 una excelente oportunidad para el desarrollo de proyectos colaborativos y de redes y alianzas que utilicen el arte como componente fundamental en los esfuerzos de promoci\u00f3n de la salud y a salud p\u00fablica.<\/p>\n","protected":false},"excerpt":{"rendered":"<p>Arte y Salud: Esfuerzos colectivos y metas comunes Descripci\u00f3n: El Festival de Arte y Salud es un evento program\u00e1tico, cient\u00edfico y cultural, que aborda la relaci\u00f3n entre las diversas manifestaciones del arte y la salud. Este tendr\u00e1 como objetivo primordial proveer un escenario formal y estructurado en el que se presenten a nivel conceptual y&hellip;<\/p>\n","protected":false},"author":1,"featured_media":0,"parent":0,"menu_order":0,"comment_status":"closed","ping_status":"closed","template":"template-microsite.php","meta":{"footnotes":""},"class_list":["post-531","page","type-page","status-publish","hentry","description-off"],"aioseo_notices":[],"_links":{"self":[{"href":"https:\/\/rcm1.rcm.upr.edu\/conferenciaspuertorriquenas\/wp-json\/wp\/v2\/pages\/531","targetHints":{"allow":["GET"]}}],"collection":[{"href":"https:\/\/rcm1.rcm.upr.edu\/conferenciaspuertorriquenas\/wp-json\/wp\/v2\/pages"}],"about":[{"href":"https:\/\/rcm1.rcm.upr.edu\/conferenciaspuertorriquenas\/wp-json\/wp\/v2\/types\/page"}],"author":[{"embeddable":true,"href":"https:\/\/rcm1.rcm.upr.edu\/conferenciaspuertorriquenas\/wp-json\/wp\/v2\/users\/1"}],"replies":[{"embeddable":true,"href":"https:\/\/rcm1.rcm.upr.edu\/conferenciaspuertorriquenas\/wp-json\/wp\/v2\/comments?post=531"}],"version-history":[{"count":0,"href":"https:\/\/rcm1.rcm.upr.edu\/conferenciaspuertorriquenas\/wp-json\/wp\/v2\/pages\/531\/revisions"}],"wp:attachment":[{"href":"https:\/\/rcm1.rcm.upr.edu\/conferenciaspuertorriquenas\/wp-json\/wp\/v2\/media?parent=531"}],"curies":[{"name":"wp","href":"https:\/\/api.w.org\/{rel}","templated":true}]}}