{"id":533,"date":"2017-07-17T13:39:00","date_gmt":"2017-07-17T17:39:00","guid":{"rendered":"http:\/\/exalumnos.rcm.upr.edu\/cpsp\/?page_id=533"},"modified":"2017-07-17T13:39:00","modified_gmt":"2017-07-17T17:39:00","slug":"encuentro-iberoamericano-de-escuelas-de-salud-publica-2016","status":"publish","type":"page","link":"https:\/\/rcm1.rcm.upr.edu\/conferenciaspuertorriquenas\/encuentro-iberoamericano-de-escuelas-de-salud-publica-2016\/","title":{"rendered":"Encuentro Iberoamericano de Escuelas de Salud P\u00fablica (2016)"},"content":{"rendered":"<p>El evento propiciar\u00e1 un excelente punto de encuentro para los representantes institucionales de las Escuelas de Salud P\u00fablica de Iberoam\u00e9rica. Las actividades consistir\u00e1n en la participaci\u00f3n de las Escuelas de Salud P\u00fablica en las diferentes sesiones cient\u00edficas del evento. Habr\u00e1 reuniones de los delegados de las Escuelas de Salud P\u00fablica representadas a los fines de intercambiar experiencias y generar una agenda de colaboraci\u00f3n futura. Las redes de Escuelas de Salud P\u00fablica existentes en la regi\u00f3n podr\u00e1n convocarse en el marco de este evento para ofrecer seguimiento al trabajo de las referidas redes. Los delegados institucionales al evento deben enviar una comunicaci\u00f3n oficial de su universidad que le acredite como representante oficial al Encuentro. Las comunicaciones deben dirigirse al correo electr\u00f3nico del evento conferenciasp.rcm@upr.edu<\/p>\n","protected":false},"excerpt":{"rendered":"<p>El evento propiciar\u00e1 un excelente punto de encuentro para los representantes institucionales de las Escuelas de Salud P\u00fablica de Iberoam\u00e9rica. Las actividades consistir\u00e1n en la participaci\u00f3n de las Escuelas de Salud P\u00fablica en las diferentes sesiones cient\u00edficas del evento. Habr\u00e1 reuniones de los delegados de las Escuelas de Salud P\u00fablica representadas a los fines de&hellip;<\/p>\n","protected":false},"author":1,"featured_media":0,"parent":0,"menu_order":0,"comment_status":"closed","ping_status":"closed","template":"template-microsite.php","meta":{"footnotes":""},"class_list":["post-533","page","type-page","status-publish","hentry","description-off"],"aioseo_notices":[],"_links":{"self":[{"href":"https:\/\/rcm1.rcm.upr.edu\/conferenciaspuertorriquenas\/wp-json\/wp\/v2\/pages\/533","targetHints":{"allow":["GET"]}}],"collection":[{"href":"https:\/\/rcm1.rcm.upr.edu\/conferenciaspuertorriquenas\/wp-json\/wp\/v2\/pages"}],"about":[{"href":"https:\/\/rcm1.rcm.upr.edu\/conferenciaspuertorriquenas\/wp-json\/wp\/v2\/types\/page"}],"author":[{"embeddable":true,"href":"https:\/\/rcm1.rcm.upr.edu\/conferenciaspuertorriquenas\/wp-json\/wp\/v2\/users\/1"}],"replies":[{"embeddable":true,"href":"https:\/\/rcm1.rcm.upr.edu\/conferenciaspuertorriquenas\/wp-json\/wp\/v2\/comments?post=533"}],"version-history":[{"count":0,"href":"https:\/\/rcm1.rcm.upr.edu\/conferenciaspuertorriquenas\/wp-json\/wp\/v2\/pages\/533\/revisions"}],"wp:attachment":[{"href":"https:\/\/rcm1.rcm.upr.edu\/conferenciaspuertorriquenas\/wp-json\/wp\/v2\/media?parent=533"}],"curies":[{"name":"wp","href":"https:\/\/api.w.org\/{rel}","templated":true}]}}