{"id":621,"date":"2017-06-21T13:17:38","date_gmt":"2017-06-21T13:17:38","guid":{"rendered":"http:\/\/exalumnos.rcm.upr.edu\/cpsp\/?page_id=5"},"modified":"2017-06-21T13:17:38","modified_gmt":"2017-06-21T13:17:38","slug":"invitacion","status":"publish","type":"page","link":"https:\/\/rcm1.rcm.upr.edu\/conferenciaspuertorriquenas\/invitacion\/","title":{"rendered":"Invitaci\u00f3n"},"content":{"rendered":"<h3>V Conferencia Puertorrique\u00f1a de Salud P\u00fablica, V Festival de Arte y Salud y Encuentro Iboeramericano de Escuelas de Salud P\u00fablica<\/h3>\n<p>La Universidad de Puerto Rico, el Recinto de Ciencias M\u00e9dicas y la Facultad de Ciencias Biosociales y Escuela Graduada de Salud P\u00fablica se honran en invitarle a la<strong> V Conferencia Puertorrique\u00f1a de Salud P\u00fablica, el V Festival de Arte y Salud y el Encuentro Iberoamericano de Escuelas de Salud P\u00fablica<\/strong>. Los eventos integrados ser\u00e1n realizados del <strong>2 al 4 de mayo de 2016 en el Centro de Convenciones en la Ciudad de San Juan de Puerto Rico<\/strong>.<\/p>\n<p>Con el tema <strong>Solidaridad pol\u00edtica y ciudadana por la salud<\/strong> se invita a la reflexi\u00f3n, al an\u00e1lisis cr\u00edtico y al compromiso para la acci\u00f3n de los sectores sociales , comunitarios y universitarios por la salud. Implica la exhortaci\u00f3n y el reclamo de una cultura de Salud P\u00fablica y Promoci\u00f3n de la Salud basada en el di\u00e1logo salubrista y en la concertaci\u00f3n de acciones de pol\u00edtica p\u00fablica y esfuerzos intersectoriales en beneficio de la salud.<\/p>\n<p>El enfoque del evento promover\u00e1 la discusi\u00f3n y el an\u00e1lisis de los asuntos de Salud P\u00fablica y Promoci\u00f3n de la Salud desde las perspectivas multidisciplinaria y multisectorial. El evento fomentar\u00e1 la apertura e integraci\u00f3n de grupos y asociaciones profesionales de la salud, instituciones y organizaciones p\u00fablicas y privadas de salud, programas y proyectos de servicio, centros de investigaci\u00f3n, programas acad\u00e9micos e iniciativas comunitarias.<\/p>\n<h3>Objetivos de la Conferencia<\/h3>\n<ul>\n<li>Proveer un foro para el an\u00e1lisis cr\u00edtico de la situaci\u00f3n social y de salud en el contexto nacional e internacional.<\/li>\n<li>Exponer los avances, los desaf\u00edos y las oportunidades de la Salud P\u00fablica y la Promoci\u00f3n de la Salud desde las perspectivas conceptual, metodol\u00f3gica, de investigaci\u00f3n y de servicio.<\/li>\n<li>Promover la discusi\u00f3n y el intercambio de propuestas y modalidades efectivas de intervenci\u00f3n en Salud P\u00fablica y Promoci\u00f3n de la Salud.<\/li>\n<li>Propiciar la integraci\u00f3n y las alianzas de los sectores sociales, profesionales, comunitarios y universitarios en la gesti\u00f3n de Salud P\u00fablica y la Promoci\u00f3n de la Salud.<\/li>\n<li>Enunciar los desaf\u00edos de la Salud P\u00fablica y la Promoci\u00f3n de la Salud y sus implicaciones para la formaci\u00f3n de profesionales y el desarrollo de capacidades en salud.<\/li>\n<li>Examinar la relaci\u00f3n sociedad y academia ante los desaf\u00edos de la Salud P\u00fablica y la Promoci\u00f3n de la Salud y sus implicaciones para la formaci\u00f3n de profesionales y el desarrollo de capacidades en salud.<\/li>\n<li>Fortalecer las asociaciones y las redes nacionales e internacionales en los campos de la Salud P\u00fablica y la Promoci\u00f3n de la Salud.<\/li>\n<li>Promover el intercambio y la colaboraci\u00f3n acad\u00e9mica entre las Escuelas de Salud P\u00fablica Iberoamericananas.<\/li>\n<li>Influenciar la agenda y la priorizaci\u00f3n del sector social y de salud a nivel nacional e internacional.<\/li>\n<\/ul>\n<h3>Secci\u00f3n de Fotos<\/h3>\n<p>En esta secci\u00f3n, colocaremos fotos de las diferentes actividades previas al evento de la V Conferencia Puertorrique\u00f1a de Salud P\u00fablica, V Festival de Arte y Salud y Encuentro Iberoamericano de Escuelas de Salud P\u00fablica.<\/p>\n<ul>\n<li>Lanzamiento de la V Conferencia Puertorrique\u00f1a de Salud P\u00fablica, V Festival de Arte y Salud y Encuentro Iberoamericano de Escuelas de Salud P\u00fablica.<\/li>\n<\/ul>\n","protected":false},"excerpt":{"rendered":"<p>V Conferencia Puertorrique\u00f1a de Salud P\u00fablica, V Festival de Arte y Salud y Encuentro Iboeramericano de Escuelas de Salud P\u00fablica La Universidad de Puerto Rico, el Recinto de Ciencias M\u00e9dicas y la Facultad de Ciencias Biosociales y Escuela Graduada de Salud P\u00fablica se honran en invitarle a la V Conferencia Puertorrique\u00f1a de Salud P\u00fablica, el&hellip;<\/p>\n","protected":false},"author":1,"featured_media":0,"parent":0,"menu_order":0,"comment_status":"closed","ping_status":"closed","template":"template-microsite.php","meta":{"footnotes":""},"class_list":["post-621","page","type-page","status-publish","hentry","description-off"],"aioseo_notices":[],"_links":{"self":[{"href":"https:\/\/rcm1.rcm.upr.edu\/conferenciaspuertorriquenas\/wp-json\/wp\/v2\/pages\/621","targetHints":{"allow":["GET"]}}],"collection":[{"href":"https:\/\/rcm1.rcm.upr.edu\/conferenciaspuertorriquenas\/wp-json\/wp\/v2\/pages"}],"about":[{"href":"https:\/\/rcm1.rcm.upr.edu\/conferenciaspuertorriquenas\/wp-json\/wp\/v2\/types\/page"}],"author":[{"embeddable":true,"href":"https:\/\/rcm1.rcm.upr.edu\/conferenciaspuertorriquenas\/wp-json\/wp\/v2\/users\/1"}],"replies":[{"embeddable":true,"href":"https:\/\/rcm1.rcm.upr.edu\/conferenciaspuertorriquenas\/wp-json\/wp\/v2\/comments?post=621"}],"version-history":[{"count":0,"href":"https:\/\/rcm1.rcm.upr.edu\/conferenciaspuertorriquenas\/wp-json\/wp\/v2\/pages\/621\/revisions"}],"wp:attachment":[{"href":"https:\/\/rcm1.rcm.upr.edu\/conferenciaspuertorriquenas\/wp-json\/wp\/v2\/media?parent=621"}],"curies":[{"name":"wp","href":"https:\/\/api.w.org\/{rel}","templated":true}]}}