{"id":622,"date":"2017-06-21T13:23:17","date_gmt":"2017-06-21T13:23:17","guid":{"rendered":"http:\/\/exalumnos.rcm.upr.edu\/cpsp\/?page_id=7"},"modified":"2017-06-21T13:23:17","modified_gmt":"2017-06-21T13:23:17","slug":"informacion-de-visado-y-descuentos-de-lineas-aereas","status":"publish","type":"page","link":"https:\/\/rcm1.rcm.upr.edu\/conferenciaspuertorriquenas\/informacion-de-visado-y-descuentos-de-lineas-aereas\/","title":{"rendered":"Informaci\u00f3n de Visado y Descuentos de L\u00edneas A\u00e9reas"},"content":{"rendered":"<h4><strong>El procedimiento para la solicitud de visas es el siguiente:<\/strong><\/h4>\n<ol>\n<li>Los participantes deben comunicarse con la embajada norteamericana de su pa\u00eds y solicitar una cita para gestionar un visado de negocios (Visa Business B-1):<a href=\"https:\/\/travel.state.gov\/content\/travel\/en\/us-visas.html\">http:\/\/travel.state.gov\/content\/visas\/english\/business.html<\/a><\/li>\n<li>Los participantes procedentes de Cuba, Venezuela o Colombia deben realizar este tr\u00e1mite con antelaci\u00f3n (preferiblemente 6 meses antes de la realizaci\u00f3n del evento). Los delegados que proceden de otros pa\u00edses deben hacer la solicitud 3 meses antes del evento.<\/li>\n<\/ol>\n<ol>\n<li>El Comit\u00e9 Organizador del evento en Puerto Rico enviar\u00e1 la carta de invitaci\u00f3n a las personas que lo requieran.<\/li>\n<\/ol>\n<ol>\n<li>Para poder enviar la carta de invitaci\u00f3n es necesario que el participante con la necesidad de visa le env\u00ede al Comit\u00e9 Organizador la siguiente informaci\u00f3n:<\/li>\n<\/ol>\n<p>Nombre completo del participante<\/p>\n<p>Direcci\u00f3n residencial<\/p>\n<p>Correo electr\u00f3nico<\/p>\n<p>Fecha de llegada a Puerto Rico<\/p>\n<p>Fecha de salida de Puerto Rico<\/p>\n<p>N\u00famero de pasaporte<\/p>\n<p>Lugar de emisi\u00f3n del pasaporte<\/p>\n<p>Fecha de vencimiento del pasaporte<\/p>\n<p>Lugar de trabajo<\/p>\n<p>Direcci\u00f3n del trabajo<\/p>\n<ol>\n<li>Una vez tengamos la informaci\u00f3n se enviar\u00e1 la carta al solicitante para que la lleve consigo a la cita con la Embajada Norteamericana en su pa\u00eds y se le notificar\u00e1 al Departamento de Estado de Puerto Rico para que ellos tambi\u00e9n env\u00eden una nota desde Puerto Rico confirmando que el VI Congreso Internacional de Universidades Promotoras de la Salud \u00a0ser\u00e1 realizado en las fechas establecidas.<\/li>\n<\/ol>\n<ol>\n<li>El permiso lo otorga el Departamento de Estado Norteamericano. Es por ello que es necesario que cada participante se comunique directamente con la Embajada Norteamericana de su pa\u00eds para instrucciones adicionales.<\/li>\n<\/ol>\n<h3>C\u00f3digos de Descuento en Transportaci\u00f3n<\/h3>\n<h2>Descuentos en Alquiler de Autom\u00f3viles<\/h2>\n<p>*Compa\u00f1\u00eda:<br \/>\n*Hasta 25% de descuento<br \/>\n*Reservaciones: 1-800-433-1790<br \/>\n*C\u00f3digo: D317059<br \/>\n*Reservaciones: 1-800-331-1600, 1-800-433-1790<\/p>\n<h2>Descuentos L\u00edneas A\u00e9reas<\/h2>\n<p>*Compa\u00f1\u00eda:<br \/>\n*Descuento de 15% para vuelos desde Centroam\u00e9rica, Suram\u00e9rica, Norteam\u00e9rica y el Caribe<br \/>\n*Viaje entre 27 de abril y 8 de mayo<br \/>\n*Reservas telef\u00f3nicas: 1-800-359-2672<br \/>\n*Reservas en web: <a href=\"https:\/\/www.copaair.com\/es\/web\/gs\">www.copaair.com<\/a><br \/>\n*C\u00f3digo: C6447<\/p>\n<p>*Compa\u00f1\u00eda:<br \/>\n*Descuento en tarifa hasta 10%; para verificar tarifa llamar al 1-800-328-2216<br \/>\n*Reservaciones: Puede llamar a 1-800-328-1111, Lunes-Viernes 7:00 a.m. &#8211; 7:00 p.m.\u00a0 CDT<br \/>\n*Viaje entre 27 de abril y 9 de mayo<br \/>\n*C\u00f3digo: NMLLF<\/p>\n<p>*Compa\u00f1\u00eda:<br \/>\n*S\u00f3lo para vuelos desde EE.UU.<br \/>\n*Costo de pasaje de acuerdo a zona<br \/>\n*Viaje entre 28 de abril y 8 de mayo<br \/>\n*C\u00f3digo: A1146AG<\/p>\n<p>*Compa\u00f1\u00eda:<br \/>\n*Salida entre 30 de abril y 2 de mayo. Regreso del 4 al 8 de mayo.<br \/>\n*Descuento de 15% en clase Business y 10% en clase Turista<br \/>\n*Reserva y compra debe realizarse s\u00f3lo desde el siguiente enlace: <a href=\"https:\/\/www.iberia.com\/web\/flightOffer.do?cntType=IB_Offer_Desc_FA&amp;cntPage=\/jsp\/rbrand\/booking\/IBOFDT.jsp&amp;cntId=US_SALUDPUBLICA_SJU&amp;quadrigam=IBOFDT&amp;quickaccess=true&amp;cntCat=COLECTIVOS&amp;group=SALUDPUBLICASJU&amp;market=ES&amp;country=ES&amp;language=es&amp;BV_UseBVCookie=no&amp;utm_medium=col&amp;utm_campaign=SALUDPUBLICASJU&amp;utm_source=us_saludpublica_2015\">http:\/\/goo.gl\/l9LMGz<\/a><\/p>\n","protected":false},"excerpt":{"rendered":"<p>El procedimiento para la solicitud de visas es el siguiente: Los participantes deben comunicarse con la embajada norteamericana de su pa\u00eds y solicitar una cita para gestionar un visado de negocios (Visa Business B-1):http:\/\/travel.state.gov\/content\/visas\/english\/business.html Los participantes procedentes de Cuba, Venezuela o Colombia deben realizar este tr\u00e1mite con antelaci\u00f3n (preferiblemente 6 meses antes de la realizaci\u00f3n&hellip;<\/p>\n","protected":false},"author":1,"featured_media":0,"parent":0,"menu_order":0,"comment_status":"closed","ping_status":"closed","template":"template-microsite.php","meta":{"footnotes":""},"class_list":["post-622","page","type-page","status-publish","hentry","description-off"],"aioseo_notices":[],"_links":{"self":[{"href":"https:\/\/rcm1.rcm.upr.edu\/conferenciaspuertorriquenas\/wp-json\/wp\/v2\/pages\/622","targetHints":{"allow":["GET"]}}],"collection":[{"href":"https:\/\/rcm1.rcm.upr.edu\/conferenciaspuertorriquenas\/wp-json\/wp\/v2\/pages"}],"about":[{"href":"https:\/\/rcm1.rcm.upr.edu\/conferenciaspuertorriquenas\/wp-json\/wp\/v2\/types\/page"}],"author":[{"embeddable":true,"href":"https:\/\/rcm1.rcm.upr.edu\/conferenciaspuertorriquenas\/wp-json\/wp\/v2\/users\/1"}],"replies":[{"embeddable":true,"href":"https:\/\/rcm1.rcm.upr.edu\/conferenciaspuertorriquenas\/wp-json\/wp\/v2\/comments?post=622"}],"version-history":[{"count":0,"href":"https:\/\/rcm1.rcm.upr.edu\/conferenciaspuertorriquenas\/wp-json\/wp\/v2\/pages\/622\/revisions"}],"wp:attachment":[{"href":"https:\/\/rcm1.rcm.upr.edu\/conferenciaspuertorriquenas\/wp-json\/wp\/v2\/media?parent=622"}],"curies":[{"name":"wp","href":"https:\/\/api.w.org\/{rel}","templated":true}]}}