{"id":632,"date":"2017-06-21T13:28:44","date_gmt":"2017-06-21T13:28:44","guid":{"rendered":"http:\/\/exalumnos.rcm.upr.edu\/cpsp\/?page_id=11"},"modified":"2017-06-21T13:28:44","modified_gmt":"2017-06-21T13:28:44","slug":"contacto","status":"publish","type":"page","link":"https:\/\/rcm1.rcm.upr.edu\/conferenciaspuertorriquenas\/contacto\/","title":{"rendered":"Contacto"},"content":{"rendered":"\n<p>El correo electr\u00f3nico de las Conferencias Puertorrique\u00f1as de Salud P\u00fablica es conferenciasp.rcm@upr.edu<br \/>Para informaci\u00f3n relacionada a inscripciones al evento puede comunicarse con la Divisi\u00f3n de Educaci\u00f3n Continua y Estudios Profesionales, Escuela Graduada de Salud P\u00fablica, Universidad de Puerto Rico al Tel: 787-758-2525 exts. 1411 \/ 1475 \/ 4627 \u00f3 al Tel: 787-522-9409 y Fax: 787-763-7291. Correos electr\u00f3nicos: decepspublica.rcm@upr.edu<br \/>Para informaci\u00f3n a los delegados internacionales y cartas de invitaci\u00f3n pueden comunicarse al tel\u00e9fono: (1) (787) 758 2525, extensi\u00f3n 1414 \u00f3 1420<br \/>(Atenci\u00f3n Sra. Yaritza Morgado yaritza.morgado@upr.edu).<br \/>Los auspiciadores del evento pueden comunicarse directamente al Decanato de la Escuela de Salud P\u00fablica al (787) 764-5975 (Atenci\u00f3n Sra. Claribel G\u00f3mez claribel.gomez@upr.edu) o al 787-274-0582 (Atenci\u00f3n Sra. Yaritza Morgado).<br \/>Los n\u00fameros de fax de la Conferencia son: (1) (787) 754-6621 \u00f3 (1) (787) 759-6719.<\/p>\n","protected":false},"excerpt":{"rendered":"<p>El correo electr\u00f3nico de las Conferencias Puertorrique\u00f1as de Salud P\u00fablica es conferenciasp.rcm@upr.eduPara informaci\u00f3n relacionada a inscripciones al evento puede comunicarse con la Divisi\u00f3n de Educaci\u00f3n Continua y Estudios Profesionales, Escuela Graduada de Salud P\u00fablica, Universidad de Puerto Rico al Tel: 787-758-2525 exts. 1411 \/ 1475 \/ 4627 \u00f3 al Tel: 787-522-9409 y Fax: 787-763-7291. Correos&hellip;<\/p>\n","protected":false},"author":1,"featured_media":0,"parent":0,"menu_order":5,"comment_status":"closed","ping_status":"closed","template":"template-microsite.php","meta":{"footnotes":""},"class_list":["post-632","page","type-page","status-publish","hentry","description-off"],"aioseo_notices":[],"_links":{"self":[{"href":"https:\/\/rcm1.rcm.upr.edu\/conferenciaspuertorriquenas\/wp-json\/wp\/v2\/pages\/632","targetHints":{"allow":["GET"]}}],"collection":[{"href":"https:\/\/rcm1.rcm.upr.edu\/conferenciaspuertorriquenas\/wp-json\/wp\/v2\/pages"}],"about":[{"href":"https:\/\/rcm1.rcm.upr.edu\/conferenciaspuertorriquenas\/wp-json\/wp\/v2\/types\/page"}],"author":[{"embeddable":true,"href":"https:\/\/rcm1.rcm.upr.edu\/conferenciaspuertorriquenas\/wp-json\/wp\/v2\/users\/1"}],"replies":[{"embeddable":true,"href":"https:\/\/rcm1.rcm.upr.edu\/conferenciaspuertorriquenas\/wp-json\/wp\/v2\/comments?post=632"}],"version-history":[{"count":0,"href":"https:\/\/rcm1.rcm.upr.edu\/conferenciaspuertorriquenas\/wp-json\/wp\/v2\/pages\/632\/revisions"}],"wp:attachment":[{"href":"https:\/\/rcm1.rcm.upr.edu\/conferenciaspuertorriquenas\/wp-json\/wp\/v2\/media?parent=632"}],"curies":[{"name":"wp","href":"https:\/\/api.w.org\/{rel}","templated":true}]}}