{"id":637,"date":"2017-06-21T13:37:38","date_gmt":"2017-06-21T13:37:38","guid":{"rendered":"http:\/\/exalumnos.rcm.upr.edu\/cpsp\/?page_id=13"},"modified":"2017-06-21T13:37:38","modified_gmt":"2017-06-21T13:37:38","slug":"programa","status":"publish","type":"page","link":"https:\/\/rcm1.rcm.upr.edu\/conferenciaspuertorriquenas\/programa\/","title":{"rendered":"Programa"},"content":{"rendered":"<p><strong>Estructura de la Conferencia<\/strong><br \/>\nEl programa constar\u00e1 de sesiones plenarias, sesiones especiales, sesiones orales, sesiones de carteles y sesiones de arte y salud. Se programar\u00e1n reuniones de grupos de inter\u00e9s especial y reuniones t\u00e9cnicas de organismos internacionales. Habr\u00e1 espacio para exhibidores y promotores de programas y servicios de salud.<\/p>\n","protected":false},"excerpt":{"rendered":"<p>Estructura de la Conferencia El programa constar\u00e1 de sesiones plenarias, sesiones especiales, sesiones orales, sesiones de carteles y sesiones de arte y salud. Se programar\u00e1n reuniones de grupos de inter\u00e9s especial y reuniones t\u00e9cnicas de organismos internacionales. Habr\u00e1 espacio para exhibidores y promotores de programas y servicios de salud.<\/p>\n","protected":false},"author":1,"featured_media":0,"parent":0,"menu_order":0,"comment_status":"closed","ping_status":"closed","template":"template-microsite.php","meta":{"footnotes":""},"class_list":["post-637","page","type-page","status-publish","hentry","description-off"],"aioseo_notices":[],"_links":{"self":[{"href":"https:\/\/rcm1.rcm.upr.edu\/conferenciaspuertorriquenas\/wp-json\/wp\/v2\/pages\/637","targetHints":{"allow":["GET"]}}],"collection":[{"href":"https:\/\/rcm1.rcm.upr.edu\/conferenciaspuertorriquenas\/wp-json\/wp\/v2\/pages"}],"about":[{"href":"https:\/\/rcm1.rcm.upr.edu\/conferenciaspuertorriquenas\/wp-json\/wp\/v2\/types\/page"}],"author":[{"embeddable":true,"href":"https:\/\/rcm1.rcm.upr.edu\/conferenciaspuertorriquenas\/wp-json\/wp\/v2\/users\/1"}],"replies":[{"embeddable":true,"href":"https:\/\/rcm1.rcm.upr.edu\/conferenciaspuertorriquenas\/wp-json\/wp\/v2\/comments?post=637"}],"version-history":[{"count":0,"href":"https:\/\/rcm1.rcm.upr.edu\/conferenciaspuertorriquenas\/wp-json\/wp\/v2\/pages\/637\/revisions"}],"wp:attachment":[{"href":"https:\/\/rcm1.rcm.upr.edu\/conferenciaspuertorriquenas\/wp-json\/wp\/v2\/media?parent=637"}],"curies":[{"name":"wp","href":"https:\/\/api.w.org\/{rel}","templated":true}]}}