{"id":638,"date":"2017-06-21T13:39:45","date_gmt":"2017-06-21T13:39:45","guid":{"rendered":"http:\/\/exalumnos.rcm.upr.edu\/cpsp\/?page_id=18"},"modified":"2017-06-21T13:39:45","modified_gmt":"2017-06-21T13:39:45","slug":"requisitos-para-la-presentacion-de-resumenes","status":"publish","type":"page","link":"https:\/\/rcm1.rcm.upr.edu\/conferenciaspuertorriquenas\/requisitos-para-la-presentacion-de-resumenes\/","title":{"rendered":"Requisitos para la presentaci\u00f3n de Res\u00famenes"},"content":{"rendered":"<p><strong>\u00a0Requisitos:\u00a0\u00a0\u00a0\u00a0\u00a0\u00a0\u00a0\u00a0\u00a0\u00a0\u00a0\u00a0\u00a0\u00a0\u00a0\u00a0\u00a0\u00a0\u00a0\u00a0\u00a0\u00a0\u00a0\u00a0\u00a0\u00a0\u00a0\u00a0\u00a0\u00a0 \u00a0\u00a0\u00a0\u00a0\u00a0\u00a0\u00a0\u00a0\u00a0 <span style=\"color: #ff0000\">Fecha L\u00edmite para someter:\u00a0 15 de diciembre de 2015<\/span><\/strong><\/p>\n<ol>\n<li>Los res\u00famenes presentados deben tener relaci\u00f3n con las <a href=\"\u200e\">\u00e1reas tem\u00e1ticas y subtemas<\/a> de la Conferencia.<\/li>\n<\/ol>\n<ol>\n<li>Los res\u00famenes deben estar enmarcados en una de las siguientes categor\u00edas:<br \/>\na. Programas y Proyectos de Servicios<br \/>\nb. Investigaci\u00f3n<br \/>\nc. Actividades de Educaci\u00f3n y Capacitaci\u00f3n.<\/li>\n<\/ol>\n<ol>\n<li>Los res\u00famenes pueden ser sometidos en los idiomas de espa\u00f1ol o ingl\u00e9s.<\/li>\n<\/ol>\n<ol>\n<li>Los res\u00famenes deben ser originales lo que significa que no deben haber sido presentados o publicados en otras conferencias.<\/li>\n<\/ol>\n<ol>\n<li>No exceder de 300 palabras en cada resumen utilizando letra Arial de 10 puntos<\/li>\n<\/ol>\n<ol>\n<li>La estructura del resumen debe ser la siguiente: T\u00edtulo, Autor (es), Afiliaci\u00f3n del autor principal y resumen. (Ver detalles en el formulario para someter res\u00famenes).<\/li>\n<li>En el caso de resumenes de investigaci\u00f3n o de programas de servicio el resumen puede estructurarse basado en los siguientes componentes: Objetivos, M\u00e9todos, Resultados y Conclusiones.<\/li>\n<li><strong>La fecha l\u00edmite para enviar el resumen es el <\/strong><span style=\"color: #ff0000\"><u><strong>15 de diciembre de 201<\/strong><\/u><u><strong>5<\/strong><\/u><\/span><\/li>\n<li>Los trabajos que se acepten podr\u00e1n ser presentados en modalidad oral o cartel. Corresponde al Comit\u00e9 Cient\u00edfico la decisi\u00f3n de ubicaci\u00f3n de los trabajos en las referidas modalidades de presentaci\u00f3n.<\/li>\n<li>Los expositores de las sesiones concurrentes en modalidad oral tendr\u00e1n un m\u00e1ximo de <strong>15 minutos<\/strong> para su exposici\u00f3n. Esto incluye el tiempo destinado para responder a preguntas. Se sugiere que al momento de redactar los res\u00famenes tomen en consideraci\u00f3n la realidad del tiempo programado para este tipo de sesi\u00f3n.<\/li>\n<li>Las personas que reciban la aceptaci\u00f3n de su resumen se comprometen a inscribirse en la Conferencia, pagar los costos de inscripci\u00f3n establecidos y realizar la presentaci\u00f3n en el horario asignado.<\/li>\n<li>El Comit\u00e9 Cient\u00edfico estar\u00e1 enviando las cartas de aceptaci\u00f3n en o antes del <strong>30 de enero de 2016<\/strong>.<\/li>\n<li>Los res\u00famenes aprobados ser\u00e1n publicados seg\u00fan fueron enviados.<\/li>\n<\/ol>\n","protected":false},"excerpt":{"rendered":"<p>\u00a0Requisitos:\u00a0\u00a0\u00a0\u00a0\u00a0\u00a0\u00a0\u00a0\u00a0\u00a0\u00a0\u00a0\u00a0\u00a0\u00a0\u00a0\u00a0\u00a0\u00a0\u00a0\u00a0\u00a0\u00a0\u00a0\u00a0\u00a0\u00a0\u00a0\u00a0\u00a0 \u00a0\u00a0\u00a0\u00a0\u00a0\u00a0\u00a0\u00a0\u00a0 Fecha L\u00edmite para someter:\u00a0 15 de diciembre de 2015 Los res\u00famenes presentados deben tener relaci\u00f3n con las \u00e1reas tem\u00e1ticas y subtemas de la Conferencia. Los res\u00famenes deben estar enmarcados en una de las siguientes categor\u00edas: a. Programas y Proyectos de Servicios b. Investigaci\u00f3n c. Actividades de Educaci\u00f3n y Capacitaci\u00f3n. Los res\u00famenes pueden ser&hellip;<\/p>\n","protected":false},"author":1,"featured_media":0,"parent":0,"menu_order":0,"comment_status":"closed","ping_status":"closed","template":"template-microsite.php","meta":{"footnotes":""},"class_list":["post-638","page","type-page","status-publish","hentry","description-off"],"aioseo_notices":[],"_links":{"self":[{"href":"https:\/\/rcm1.rcm.upr.edu\/conferenciaspuertorriquenas\/wp-json\/wp\/v2\/pages\/638","targetHints":{"allow":["GET"]}}],"collection":[{"href":"https:\/\/rcm1.rcm.upr.edu\/conferenciaspuertorriquenas\/wp-json\/wp\/v2\/pages"}],"about":[{"href":"https:\/\/rcm1.rcm.upr.edu\/conferenciaspuertorriquenas\/wp-json\/wp\/v2\/types\/page"}],"author":[{"embeddable":true,"href":"https:\/\/rcm1.rcm.upr.edu\/conferenciaspuertorriquenas\/wp-json\/wp\/v2\/users\/1"}],"replies":[{"embeddable":true,"href":"https:\/\/rcm1.rcm.upr.edu\/conferenciaspuertorriquenas\/wp-json\/wp\/v2\/comments?post=638"}],"version-history":[{"count":0,"href":"https:\/\/rcm1.rcm.upr.edu\/conferenciaspuertorriquenas\/wp-json\/wp\/v2\/pages\/638\/revisions"}],"wp:attachment":[{"href":"https:\/\/rcm1.rcm.upr.edu\/conferenciaspuertorriquenas\/wp-json\/wp\/v2\/media?parent=638"}],"curies":[{"name":"wp","href":"https:\/\/api.w.org\/{rel}","templated":true}]}}