{"id":642,"date":"2017-06-21T11:02:56","date_gmt":"2017-06-21T11:02:56","guid":{"rendered":"http:\/\/exalumnos.rcm.upr.edu\/cpsp\/?page_id=31"},"modified":"2025-02-28T00:06:13","modified_gmt":"2025-02-28T00:06:13","slug":"inicio","status":"publish","type":"page","link":"https:\/\/rcm1.rcm.upr.edu\/conferenciaspuertorriquenas\/","title":{"rendered":"Inicio"},"content":{"rendered":"<div class=\"wpb-content-wrapper\"><p>[vc_row][vc_column][vc_raw_js]JTNDJTIxLS0lMjBHbG9iYWwlMjBzaXRlJTIwdGFnJTIwJTI4Z3RhZy5qcyUyOSUyMC0lMjBHb29nbGUlMjBBbmFseXRpY3MlMjAtLSUzRSUwQSUzQ3NjcmlwdCUyMGFzeW5jJTIwc3JjJTNEJTIyaHR0cHMlM0ElMkYlMkZ3d3cuZ29vZ2xldGFnbWFuYWdlci5jb20lMkZndGFnJTJGanMlM0ZpZCUzRFVBLTExOTYwNTAxOS0xJTIyJTNFJTNDJTJGc2NyaXB0JTNFJTBBJTNDc2NyaXB0JTNFJTBBJTIwJTIwd2luZG93LmRhdGFMYXllciUyMCUzRCUyMHdpbmRvdy5kYXRhTGF5ZXIlMjAlN0MlN0MlMjAlNUIlNUQlM0IlMEElMjAlMjBmdW5jdGlvbiUyMGd0YWclMjglMjklN0JkYXRhTGF5ZXIucHVzaCUyOGFyZ3VtZW50cyUyOSUzQiU3RCUwQSUyMCUyMGd0YWclMjglMjdqcyUyNyUyQyUyMG5ldyUyMERhdGUlMjglMjklMjklM0IlMEElMEElMjAlMjBndGFnJTI4JTI3Y29uZmlnJTI3JTJDJTIwJTI3VUEtMTE5NjA1MDE5LTElMjclMjklM0IlMEElM0MlMkZzY3JpcHQlM0U=[\/vc_raw_js][vc_column_text css=&#8221;&#8221;]<\/p>\r\n<div class=\"wp-block-cover aligncenter has-white-background-color has-background-dim-NaN\" style=\"background-image: url(&apos;https:\/\/rcm1.rcm.upr.edu\/conferenciaspuertorriquenas\/wp-content\/uploads\/sites\/8\/2020\/04\/CPSP-Logo.jpg&apos;); background-position: 50% 50%; min-height: 384px;aspect-ratio:unset;\">\r\n<div class=\"wp-block-cover__inner-container is-layout-flow wp-block-cover-is-layout-flow\">\r\n<div class=\"wp-block-spacer\" style=\"height: 20px;\" aria-hidden=\"true\">\u00a0<\/div>\r\n\r\n\r\n\r\n<div class=\"wp-block-columns is-layout-flex wp-container-core-columns-is-layout-9d6595d7 wp-block-columns-is-layout-flex\">\r\n<div class=\"wp-block-column is-layout-flow wp-block-column-is-layout-flow\">\u00a0<\/div>\r\n\r\n\r\n\r\n<div class=\"wp-block-column is-layout-flow wp-block-column-is-layout-flow\">\r\n<p class=\"has-text-color has-background has-accent-color has-white-background-color\">Las <strong>Conferencias Puertorrique\u00f1as de Salud P\u00fablica<\/strong> son una iniciativa de la Facultad de Ciencias Biosociales y Escuela Graduada de Salud P\u00fablica del Recinto de Ciencias M\u00e9dicas de la Universidad de Puerto Rico. Su prop\u00f3sito ha sido viabilizar la oportunidad de encuentro y reuni\u00f3n nacional e internacional de los sectores sociales y profesionales de las ciencias de la salud y \u00e1mbitos relacionados.<\/p>\r\n<p><\/p>\r\n<\/div>\r\n\r\n\r\n\r\n<div class=\"wp-block-column is-layout-flow wp-block-column-is-layout-flow\">\u00a0<\/div>\r\n<p><\/p>\r\n<\/div>\r\n\r\n<p><\/p>\r\n<\/div>\r\n<\/div>\r\n\r\n<p>&nbsp;<\/p>\r\n\r\n<div class=\"wp-block-spacer\" style=\"height: 70px;\" aria-hidden=\"true\">\u00a0<\/div>\r\n\r\n<p>&nbsp;<\/p>\r\n\r\n<div class=\"wp-block-columns is-layout-flex wp-container-core-columns-is-layout-9d6595d7 wp-block-columns-is-layout-flex\">\r\n<div class=\"wp-block-column is-layout-flow wp-block-column-is-layout-flow\" style=\"flex-basis: 15%;\">\r\n<div class=\"wp-block-spacer\" style=\"height: 20px;\" aria-hidden=\"true\">\u00a0<\/div>\r\n\r\n\r\n<hr class=\"wp-block-separator has-text-color has-background has-accent-background-color has-accent-color\" \/>\r\n<p><\/p>\r\n<\/div>\r\n\r\n\r\n\r\n<div class=\"wp-block-column is-layout-flow wp-block-column-is-layout-flow\" style=\"flex-basis: 70%;\">\r\n<h2 class=\"has-accent-color has-text-color has-text-align-center wp-block-heading\">Conferencias Puertorrique\u00f1as de Salud P\u00fablica<\/h2>\r\n<p><\/p>\r\n<\/div>\r\n\r\n\r\n\r\n<div class=\"wp-block-column is-layout-flow wp-block-column-is-layout-flow\" style=\"flex-basis: 15%;\">\r\n<div class=\"wp-block-spacer\" style=\"height: 20px;\" aria-hidden=\"true\">\u00a0<\/div>\r\n\r\n\r\n<hr class=\"wp-block-separator has-text-color has-background has-accent-background-color has-accent-color\" \/>\r\n<p><\/p>\r\n<\/div>\r\n<p><\/p>\r\n<\/div>\r\n\r\n<p>&nbsp;<\/p>\r\n\r\n<div class=\"wp-block-spacer\" style=\"height: 50px;\" aria-hidden=\"true\">\u00a0<\/div>\r\n\r\n<p>&nbsp;<\/p>\r\n\r\n<div class=\"wp-block-columns is-layout-flex wp-container-core-columns-is-layout-9d6595d7 wp-block-columns-is-layout-flex\">\r\n<div class=\"wp-block-column is-layout-flow wp-block-column-is-layout-flow\">\r\n<div class=\"wp-block-spacer\" style=\"height: 80px;\" aria-hidden=\"true\">\u00a0<\/div>\r\n\r\n<p>Logra consolidarse a nivel nacional como un evento cient\u00edfico, t\u00e9cnico y profesional de alta calidad caracterizado por:<\/p>\r\n\r\n\r\n\r\n<ul class=\"wp-block-list\">\r\n<li>la pertinencia social de los temas y el contenido general de las actividades,<\/li>\r\n<li>la variedad en la oferta tem\u00e1tica permitiendo el incluir temas emergentes en el \u00e1mbito social y de Salud P\u00fablica,<\/li>\r\n<li>la presentaci\u00f3n de un programa cient\u00edfico amplio y sugestivo estructurado en modalidades de presentaci\u00f3n,<\/li>\r\n<li>el balance en la representatividad de los ponentes facilitando la exposici\u00f3n de perspectivas cr\u00edticas de los sectores gubernamental y no gubernamental, acad\u00e9mico, profesional y comunitario,<\/li>\r\n<li>la oportunidad de reuni\u00f3n de grupos de inter\u00e9s especial y de sectores profesionales con peritaje diferenciado en tem\u00e1ticas sociales y de Salud P\u00fablica.<\/li>\r\n<\/ul>\r\n\r\n\r\n\r\n<div class=\"wp-block-button alignright\"><a class=\"wp-block-button__link has-text-color has-white-color has-background has-light-gray-background-color no-border-radius\" href=\"https:\/\/cpsp.rcm.upr.edu\/project\/trasfondo\/\">Contin\u00faa leyendo&#8230;<\/a><\/div>\r\n<p><\/p>\r\n<\/div>\r\n\r\n\r\n\r\n<div class=\"wp-block-column is-layout-flow wp-block-column-is-layout-flow\">\r\n<figure class=\"wp-block-image size-large\"><img loading=\"lazy\" decoding=\"async\" width=\"1792\" height=\"1344\" class=\"wp-image-797\" src=\"https:\/\/rcm1.rcm.upr.edu\/conferenciaspuertorriquenas\/wp-content\/uploads\/sites\/8\/2020\/04\/Plenaria_1_PC.jpg\" alt=\"\" srcset=\"https:\/\/rcm1.rcm.upr.edu\/conferenciaspuertorriquenas\/wp-content\/uploads\/sites\/8\/2020\/04\/Plenaria_1_PC.jpg 1792w, https:\/\/rcm1.rcm.upr.edu\/conferenciaspuertorriquenas\/wp-content\/uploads\/sites\/8\/2020\/04\/Plenaria_1_PC-300x225.jpg 300w, https:\/\/rcm1.rcm.upr.edu\/conferenciaspuertorriquenas\/wp-content\/uploads\/sites\/8\/2020\/04\/Plenaria_1_PC-1024x768.jpg 1024w, https:\/\/rcm1.rcm.upr.edu\/conferenciaspuertorriquenas\/wp-content\/uploads\/sites\/8\/2020\/04\/Plenaria_1_PC-768x576.jpg 768w, https:\/\/rcm1.rcm.upr.edu\/conferenciaspuertorriquenas\/wp-content\/uploads\/sites\/8\/2020\/04\/Plenaria_1_PC-1536x1152.jpg 1536w\" sizes=\"auto, (max-width: 1792px) 100vw, 1792px\" \/><\/figure>\r\n\r\n\r\n\r\n<figure class=\"wp-block-image size-large\"><img loading=\"lazy\" decoding=\"async\" width=\"1792\" height=\"1344\" class=\"wp-image-800\" src=\"https:\/\/rcm1.rcm.upr.edu\/conferenciaspuertorriquenas\/wp-content\/uploads\/sites\/8\/2020\/04\/Memorable_8_PC.jpg\" alt=\"\" srcset=\"https:\/\/rcm1.rcm.upr.edu\/conferenciaspuertorriquenas\/wp-content\/uploads\/sites\/8\/2020\/04\/Memorable_8_PC.jpg 1792w, https:\/\/rcm1.rcm.upr.edu\/conferenciaspuertorriquenas\/wp-content\/uploads\/sites\/8\/2020\/04\/Memorable_8_PC-300x225.jpg 300w, https:\/\/rcm1.rcm.upr.edu\/conferenciaspuertorriquenas\/wp-content\/uploads\/sites\/8\/2020\/04\/Memorable_8_PC-1024x768.jpg 1024w, https:\/\/rcm1.rcm.upr.edu\/conferenciaspuertorriquenas\/wp-content\/uploads\/sites\/8\/2020\/04\/Memorable_8_PC-768x576.jpg 768w, https:\/\/rcm1.rcm.upr.edu\/conferenciaspuertorriquenas\/wp-content\/uploads\/sites\/8\/2020\/04\/Memorable_8_PC-1536x1152.jpg 1536w\" sizes=\"auto, (max-width: 1792px) 100vw, 1792px\" \/><\/figure>\r\n\r\n\r\n\r\n<figure class=\"wp-block-image size-large\"><img decoding=\"async\" class=\"wp-image-853\" src=\"https:\/\/cpsp.rcm.upr.edu\/wp-content\/uploads\/sites\/8\/2020\/04\/20130320_162126-1024x768.jpg\" alt=\"\" \/><\/figure>\r\n<p><\/p>\r\n<\/div>\r\n\r\n\r\n\r\n<div class=\"wp-block-column is-layout-flow wp-block-column-is-layout-flow\">\r\n<div class=\"wp-block-spacer\" style=\"height: 81px;\" aria-hidden=\"true\">\u00a0<\/div>\r\n\r\n\r\n\r\n<figure class=\"wp-block-image size-large\"><img loading=\"lazy\" decoding=\"async\" width=\"1000\" height=\"1088\" class=\"wp-image-801\" src=\"https:\/\/rcm1.rcm.upr.edu\/conferenciaspuertorriquenas\/wp-content\/uploads\/sites\/8\/2020\/04\/aysV.jpg\" alt=\"\" srcset=\"https:\/\/rcm1.rcm.upr.edu\/conferenciaspuertorriquenas\/wp-content\/uploads\/sites\/8\/2020\/04\/aysV.jpg 1000w, https:\/\/rcm1.rcm.upr.edu\/conferenciaspuertorriquenas\/wp-content\/uploads\/sites\/8\/2020\/04\/aysV-276x300.jpg 276w, https:\/\/rcm1.rcm.upr.edu\/conferenciaspuertorriquenas\/wp-content\/uploads\/sites\/8\/2020\/04\/aysV-941x1024.jpg 941w, https:\/\/rcm1.rcm.upr.edu\/conferenciaspuertorriquenas\/wp-content\/uploads\/sites\/8\/2020\/04\/aysV-768x836.jpg 768w\" sizes=\"auto, (max-width: 1000px) 100vw, 1000px\" \/><\/figure>\r\n\r\n\r\n\r\n<figure class=\"wp-block-image size-large\"><img loading=\"lazy\" decoding=\"async\" width=\"600\" height=\"399\" class=\"wp-image-798\" src=\"https:\/\/rcm1.rcm.upr.edu\/conferenciaspuertorriquenas\/wp-content\/uploads\/sites\/8\/2020\/04\/Festival_6-1.jpg\" alt=\"\" srcset=\"https:\/\/rcm1.rcm.upr.edu\/conferenciaspuertorriquenas\/wp-content\/uploads\/sites\/8\/2020\/04\/Festival_6-1.jpg 600w, https:\/\/rcm1.rcm.upr.edu\/conferenciaspuertorriquenas\/wp-content\/uploads\/sites\/8\/2020\/04\/Festival_6-1-300x200.jpg 300w\" sizes=\"auto, (max-width: 600px) 100vw, 600px\" \/><\/figure>\r\n<p><\/p>\r\n<\/div>\r\n<p><\/p>\r\n<\/div>\r\n\r\n<p>&nbsp;<\/p>\r\n\r\n<div class=\"wp-block-spacer\" style=\"height: 96px;\" aria-hidden=\"true\">\u00a0<\/div>\r\n\r\n<p>&nbsp;<\/p>\r\n\r\n<div class=\"wp-block-cover has-background-dim-70 has-dark-gray-background-color has-background-dim\" style=\"background-image: url('https:\/\/rcm1.rcm.upr.edu\/conferenciaspuertorriquenas\/wp-content\/uploads\/sites\/8\/2020\/04\/Plenaria2.jpg');\">\r\n<div class=\"wp-block-cover__inner-container is-layout-flow wp-block-cover-is-layout-flow\">\r\n<div class=\"wp-block-spacer\" style=\"height: 20px;\" aria-hidden=\"true\">\u00a0<\/div>\r\n\r\n\r\n\r\n<p class=\"has-text-align-center has-large-font-size\">Cont\u00e1ctanos<\/p>\r\n\r\n\r\n\r\n<div class=\"wp-block-columns is-layout-flex wp-container-core-columns-is-layout-9d6595d7 wp-block-columns-is-layout-flex\">\r\n<div class=\"wp-block-column is-layout-flow wp-block-column-is-layout-flow\">\r\n<p class=\"has-text-align-center\"><strong>conferenciasp.rcm@upr.edu<\/strong><\/p>\r\n<p><\/p>\r\n<\/div>\r\n\r\n\r\n\r\n<div class=\"wp-block-column is-layout-flow wp-block-column-is-layout-flow\">\r\n<p class=\"has-text-align-center\"><strong>Fax: +1 (787) 754-6621 \u00f3 +1 (787) 759-6719<\/strong><\/p>\r\n<p><\/p>\r\n<\/div>\r\n<p><\/p>\r\n<\/div>\r\n\r\n\r\n\r\n<div class=\"wp-block-spacer\" style=\"height: 20px;\" aria-hidden=\"true\">\u00a0<\/div>\r\n\r\n\r\n\r\n<div class=\"wp-block-columns is-layout-flex wp-container-core-columns-is-layout-9d6595d7 wp-block-columns-is-layout-flex\">\r\n<div class=\"wp-block-column is-layout-flow wp-block-column-is-layout-flow\" style=\"flex-basis: 36%;\">\r\n<h5 class=\"wp-block-heading\">Inscripciones:<\/h5>\r\n\r\n<p>Educaci\u00f3n Continua y Estudios Profesionales<br \/>Escuela Graduada de Salud P\u00fablica<br \/>Universidad de Puerto Rico<br \/>+1 (787) 758-2525, exts. 1411, 1475, 4627<br \/>+1 (787) 522-9409<br \/>Fax: +1 (787) 763-7291<br \/>decepspublica.rcm@upr.edu<\/p>\r\n<p><\/p>\r\n<\/div>\r\n\r\n\r\n\r\n<div class=\"wp-block-column is-layout-flow wp-block-column-is-layout-flow\" style=\"flex-basis: 28%;\">\r\n<h5 class=\"wp-block-heading\">Delegados internacionales y cartas de invitaci\u00f3n:<\/h5>\r\n\r\n<p><strong>Sra. Yaritza Morgado<\/strong><br \/>+1 (787) 758-2525, exts. 1414, 1420<br \/>yaritza.morgado@upr.edu<\/p>\r\n\r\n\r\n\r\n<div class=\"wp-block-spacer\" style=\"height: 20px;\" aria-hidden=\"true\">\u00a0<\/div>\r\n\r\n\r\n\r\n<div class=\"wp-block-image\">\r\n<figure class=\"aligncenter size-thumbnail is-resized\"><a href=\"https:\/\/www.facebook.com\/login\/?next=https%3A%2F%2Fwww.facebook.com%2FIV-Conferencia-Puertorrique%25C3%25B1a-de-Salud-P%25C3%25BAblica-457641124276505%2F\" target=\"_blank\" rel=\"noreferrer noopener\"><img loading=\"lazy\" decoding=\"async\" class=\"wp-image-824\" src=\"https:\/\/rcm1.rcm.upr.edu\/conferenciaspuertorriquenas\/wp-content\/uploads\/sites\/8\/2020\/04\/facebook-150x150.png\" alt=\"Facebook\" width=\"50\" height=\"50\" \/><\/a><\/figure>\r\n<\/div>\r\n<p><\/p>\r\n<\/div>\r\n\r\n\r\n\r\n<div class=\"wp-block-column is-layout-flow wp-block-column-is-layout-flow\" style=\"flex-basis: 36%;\">\r\n<h5 class=\"wp-block-heading\">Compa\u00f1\u00edas\/personas interesadas en auspiciar el evento:<\/h5>\r\n\r\n<p><strong>Sra. Claribel G\u00f3mez<\/strong><br \/>Decanato Escuela de Salud P\u00fablica<br \/>+1 (787) 764-5975 claribel.gomez@upr.edu<br \/><strong>Sra. Yaritza Morgado<\/strong><br \/>Departamento de Ciencias Sociales<br \/>+1 (787) 274-0582<br \/>yaritza.morgado@upr.edu<\/p>\r\n<p><\/p>\r\n<\/div>\r\n<p><\/p>\r\n<\/div>\r\n\r\n<p><\/p>\r\n<\/div>\r\n<\/div>\r\n\r\n<p>&nbsp;<\/p>\r\n\r\n<div class=\"wp-block-spacer\" style=\"height: 96px;\" aria-hidden=\"true\">\u00a0<\/div>\r\n\r\n<p>&nbsp;<\/p>\r\n\r\n<h2 class=\"has-text-align-center wp-block-heading\">Conferencias Pasadas<\/h2>\r\n\r\n<p>&nbsp;<\/p>\r\n\r\n<div class=\"wp-block-spacer\" style=\"height: 32px;\" aria-hidden=\"true\">\u00a0<\/div>\r\n\r\n<p>&nbsp;<\/p>\r\n\r\n<div class=\"wp-block-columns are-vertically-aligned-center is-layout-flex wp-container-core-columns-is-layout-9d6595d7 wp-block-columns-is-layout-flex\">\r\n<div class=\"wp-block-column is-vertically-aligned-center is-layout-flow wp-block-column-is-layout-flow\">\r\n<div class=\"wp-block-image\">\r\n<figure class=\"aligncenter\"><img loading=\"lazy\" decoding=\"async\" width=\"250\" height=\"350\" class=\"wp-image-897\" src=\"https:\/\/rcm1.rcm.upr.edu\/conferenciaspuertorriquenas\/wp-content\/uploads\/sites\/8\/2020\/04\/i-cpsp-250x350-1.png\" alt=\"\" srcset=\"https:\/\/rcm1.rcm.upr.edu\/conferenciaspuertorriquenas\/wp-content\/uploads\/sites\/8\/2020\/04\/i-cpsp-250x350-1.png 250w, https:\/\/rcm1.rcm.upr.edu\/conferenciaspuertorriquenas\/wp-content\/uploads\/sites\/8\/2020\/04\/i-cpsp-250x350-1-214x300.png 214w\" sizes=\"auto, (max-width: 250px) 100vw, 250px\" \/><\/figure>\r\n<\/div>\r\n<p><\/p>\r\n<\/div>\r\n\r\n\r\n\r\n<div class=\"wp-block-column is-vertically-aligned-center is-layout-flow wp-block-column-is-layout-flow\">\r\n<div class=\"wp-block-image\">\r\n<figure class=\"aligncenter\"><img loading=\"lazy\" decoding=\"async\" width=\"250\" height=\"350\" class=\"wp-image-901\" src=\"https:\/\/rcm1.rcm.upr.edu\/conferenciaspuertorriquenas\/wp-content\/uploads\/sites\/8\/2020\/04\/ii-logo.png\" alt=\"\" srcset=\"https:\/\/rcm1.rcm.upr.edu\/conferenciaspuertorriquenas\/wp-content\/uploads\/sites\/8\/2020\/04\/ii-logo.png 250w, https:\/\/rcm1.rcm.upr.edu\/conferenciaspuertorriquenas\/wp-content\/uploads\/sites\/8\/2020\/04\/ii-logo-214x300.png 214w\" sizes=\"auto, (max-width: 250px) 100vw, 250px\" \/><\/figure>\r\n<\/div>\r\n<p><\/p>\r\n<\/div>\r\n\r\n\r\n\r\n<div class=\"wp-block-column is-vertically-aligned-center is-layout-flow wp-block-column-is-layout-flow\">\r\n<div class=\"wp-block-image\">\r\n<figure class=\"aligncenter size-large\"><a href=\"https:\/\/cpsp.rcm.upr.edu\/project\/iii-cpsp\/\"><img loading=\"lazy\" decoding=\"async\" width=\"250\" height=\"350\" class=\"wp-image-1042\" src=\"https:\/\/rcm1.rcm.upr.edu\/conferenciaspuertorriquenas\/wp-content\/uploads\/sites\/8\/2020\/05\/3-cpsp-logo.png\" alt=\"III CPSP\" srcset=\"https:\/\/rcm1.rcm.upr.edu\/conferenciaspuertorriquenas\/wp-content\/uploads\/sites\/8\/2020\/05\/3-cpsp-logo.png 250w, https:\/\/rcm1.rcm.upr.edu\/conferenciaspuertorriquenas\/wp-content\/uploads\/sites\/8\/2020\/05\/3-cpsp-logo-214x300.png 214w\" sizes=\"auto, (max-width: 250px) 100vw, 250px\" \/><\/a><\/figure>\r\n<\/div>\r\n<p><\/p>\r\n<\/div>\r\n\r\n\r\n\r\n<div class=\"wp-block-column is-vertically-aligned-center is-layout-flow wp-block-column-is-layout-flow\">\r\n<div class=\"wp-block-image\">\r\n<figure class=\"aligncenter\"><a href=\"https:\/\/cpsp.rcm.upr.edu\/project\/iv-cpsp\/\"><img loading=\"lazy\" decoding=\"async\" width=\"250\" height=\"350\" class=\"wp-image-895\" src=\"https:\/\/rcm1.rcm.upr.edu\/conferenciaspuertorriquenas\/wp-content\/uploads\/sites\/8\/2020\/04\/iv-cpsp-250x350-1.png\" alt=\"\" srcset=\"https:\/\/rcm1.rcm.upr.edu\/conferenciaspuertorriquenas\/wp-content\/uploads\/sites\/8\/2020\/04\/iv-cpsp-250x350-1.png 250w, https:\/\/rcm1.rcm.upr.edu\/conferenciaspuertorriquenas\/wp-content\/uploads\/sites\/8\/2020\/04\/iv-cpsp-250x350-1-214x300.png 214w\" sizes=\"auto, (max-width: 250px) 100vw, 250px\" \/><\/a><\/figure>\r\n<\/div>\r\n<p><\/p>\r\n<\/div>\r\n\r\n\r\n\r\n<div class=\"wp-block-column is-vertically-aligned-center is-layout-flow wp-block-column-is-layout-flow\">\r\n<div class=\"wp-block-image\">\r\n<figure class=\"aligncenter\"><a href=\"https:\/\/cpsp.rcm.upr.edu\/project\/v-cpsp\/\"><img loading=\"lazy\" decoding=\"async\" width=\"250\" height=\"350\" class=\"wp-image-896\" src=\"https:\/\/rcm1.rcm.upr.edu\/conferenciaspuertorriquenas\/wp-content\/uploads\/sites\/8\/2020\/04\/v-cpsp-250x350-1.png\" alt=\"\" srcset=\"https:\/\/rcm1.rcm.upr.edu\/conferenciaspuertorriquenas\/wp-content\/uploads\/sites\/8\/2020\/04\/v-cpsp-250x350-1.png 250w, https:\/\/rcm1.rcm.upr.edu\/conferenciaspuertorriquenas\/wp-content\/uploads\/sites\/8\/2020\/04\/v-cpsp-250x350-1-214x300.png 214w\" sizes=\"auto, (max-width: 250px) 100vw, 250px\" \/><\/a><\/figure>\r\n<\/div>\r\n<p><\/p>\r\n<\/div>\r\n<p><\/p>\r\n<\/div>\r\n\r\n<p>&nbsp;<\/p>\r\n\r\n<p>&nbsp;<\/p>\r\n<p>[\/vc_column_text][\/vc_column][\/vc_row]<\/p><\/div>","protected":false},"excerpt":{"rendered":"<p>[vc_row][vc_column][vc_raw_js]JTNDJTIxLS0lMjBHbG9iYWwlMjBzaXRlJTIwdGFnJTIwJTI4Z3RhZy5qcyUyOSUyMC0lMjBHb29nbGUlMjBBbmFseXRpY3MlMjAtLSUzRSUwQSUzQ3NjcmlwdCUyMGFzeW5jJTIwc3JjJTNEJTIyaHR0cHMlM0ElMkYlMkZ3d3cuZ29vZ2xldGFnbWFuYWdlci5jb20lMkZndGFnJTJGanMlM0ZpZCUzRFVBLTExOTYwNTAxOS0xJTIyJTNFJTNDJTJGc2NyaXB0JTNFJTBBJTNDc2NyaXB0JTNFJTBBJTIwJTIwd2luZG93LmRhdGFMYXllciUyMCUzRCUyMHdpbmRvdy5kYXRhTGF5ZXIlMjAlN0MlN0MlMjAlNUIlNUQlM0IlMEElMjAlMjBmdW5jdGlvbiUyMGd0YWclMjglMjklN0JkYXRhTGF5ZXIucHVzaCUyOGFyZ3VtZW50cyUyOSUzQiU3RCUwQSUyMCUyMGd0YWclMjglMjdqcyUyNyUyQyUyMG5ldyUyMERhdGUlMjglMjklMjklM0IlMEElMEElMjAlMjBndGFnJTI4JTI3Y29uZmlnJTI3JTJDJTIwJTI3VUEtMTE5NjA1MDE5LTElMjclMjklM0IlMEElM0MlMkZzY3JpcHQlM0U=[\/vc_raw_js][vc_column_text css=&#8221;&#8221;] &nbsp; &nbsp; Conferencias Puertorrique\u00f1as de Salud P\u00fablica &nbsp; &nbsp; Logra consolidarse a nivel nacional como un evento cient\u00edfico, t\u00e9cnico y profesional de alta calidad caracterizado por: la pertinencia social de los temas y el contenido general de las actividades, la variedad en la oferta tem\u00e1tica permitiendo el incluir temas emergentes en el \u00e1mbito&hellip;<\/p>\n","protected":false},"author":1,"featured_media":0,"parent":0,"menu_order":0,"comment_status":"closed","ping_status":"closed","template":"template-microsite.php","meta":{"footnotes":""},"class_list":["post-642","page","type-page","status-publish","hentry","description-off"],"aioseo_notices":[],"_links":{"self":[{"href":"https:\/\/rcm1.rcm.upr.edu\/conferenciaspuertorriquenas\/wp-json\/wp\/v2\/pages\/642","targetHints":{"allow":["GET"]}}],"collection":[{"href":"https:\/\/rcm1.rcm.upr.edu\/conferenciaspuertorriquenas\/wp-json\/wp\/v2\/pages"}],"about":[{"href":"https:\/\/rcm1.rcm.upr.edu\/conferenciaspuertorriquenas\/wp-json\/wp\/v2\/types\/page"}],"author":[{"embeddable":true,"href":"https:\/\/rcm1.rcm.upr.edu\/conferenciaspuertorriquenas\/wp-json\/wp\/v2\/users\/1"}],"replies":[{"embeddable":true,"href":"https:\/\/rcm1.rcm.upr.edu\/conferenciaspuertorriquenas\/wp-json\/wp\/v2\/comments?post=642"}],"version-history":[{"count":1,"href":"https:\/\/rcm1.rcm.upr.edu\/conferenciaspuertorriquenas\/wp-json\/wp\/v2\/pages\/642\/revisions"}],"predecessor-version":[{"id":1508,"href":"https:\/\/rcm1.rcm.upr.edu\/conferenciaspuertorriquenas\/wp-json\/wp\/v2\/pages\/642\/revisions\/1508"}],"wp:attachment":[{"href":"https:\/\/rcm1.rcm.upr.edu\/conferenciaspuertorriquenas\/wp-json\/wp\/v2\/media?parent=642"}],"curies":[{"name":"wp","href":"https:\/\/api.w.org\/{rel}","templated":true}]}}