{"id":70,"date":"2017-06-30T11:02:27","date_gmt":"2017-06-30T15:02:27","guid":{"rendered":"http:\/\/exalumnos.rcm.upr.edu\/cpsp\/?page_id=70"},"modified":"2017-06-30T11:02:27","modified_gmt":"2017-06-30T15:02:27","slug":"iv-conferencia-2013","status":"publish","type":"page","link":"https:\/\/rcm1.rcm.upr.edu\/conferenciaspuertorriquenas\/iv-conferencia-2013\/","title":{"rendered":"IV Conferencia (2013)"},"content":{"rendered":"<h4>OBJETIVOS DE LA CONFERENCIA<\/h4>\n<ul>\n<li>Proveer un foro para el an\u00e1lisis cr\u00edtico de la situaci\u00f3n de salud en los \u00e1mbitos social y universitario en el contexto de la realidad nacional e internacional.<\/li>\n<li>Exponer los avances, los desaf\u00edos y las oportunidades de la Salud P\u00fablica y la Promoci\u00f3n de la Salud desde las perspectivas conceptual, metodol\u00f3gica, de investigaci\u00f3n y de servicio.<\/li>\n<li>Promover la discusi\u00f3n y el intercambio de propuestas y modalidades efectivas de intervenci\u00f3n en Salud P\u00fablica y Promoci\u00f3n de la Salud a nivel social y en el escenario universitario.<\/li>\n<li>Propiciar la integraci\u00f3n y las alianzas de los sectores sociales, profesionales, comunitarios y universitarios en la gesti\u00f3n de Salud P\u00fablica y la Promoci\u00f3n de la Salud.<\/li>\n<li>Promover el an\u00e1lisis de la contribuci\u00f3n de la Salud P\u00fablica y la Promoci\u00f3n de la Salud y su articulaci\u00f3n con las pol\u00edticas sociales y universitarias.<\/li>\n<li>Examinar la relaci\u00f3n sociedad y academia ante los desaf\u00edos de la Salud P\u00fablica y la Promoci\u00f3n de la Salud y sus implicaciones para la formaci\u00f3n de profesionales y el desarrollo de capacidades en salud.<\/li>\n<li>Fortalecer las asociaciones y las redes nacionales e internacionales en los campos de la Salud P\u00fablica, la Promoci\u00f3n de la Salud y en la iniciativa de Universidades Promotoras de la Salud.<\/li>\n<li>Influenciar la agenda y la priorizaci\u00f3n del sector social y de salud a nivel nacional e internacional.<\/li>\n<\/ul>\n","protected":false},"excerpt":{"rendered":"<p>OBJETIVOS DE LA CONFERENCIA Proveer un foro para el an\u00e1lisis cr\u00edtico de la situaci\u00f3n de salud en los \u00e1mbitos social y universitario en el contexto de la realidad nacional e internacional. Exponer los avances, los desaf\u00edos y las oportunidades de la Salud P\u00fablica y la Promoci\u00f3n de la Salud desde las perspectivas conceptual, metodol\u00f3gica, de&hellip;<\/p>\n","protected":false},"author":1,"featured_media":0,"parent":0,"menu_order":0,"comment_status":"closed","ping_status":"closed","template":"template-microsite.php","meta":{"footnotes":""},"class_list":["post-70","page","type-page","status-publish","hentry","description-off"],"aioseo_notices":[],"_links":{"self":[{"href":"https:\/\/rcm1.rcm.upr.edu\/conferenciaspuertorriquenas\/wp-json\/wp\/v2\/pages\/70","targetHints":{"allow":["GET"]}}],"collection":[{"href":"https:\/\/rcm1.rcm.upr.edu\/conferenciaspuertorriquenas\/wp-json\/wp\/v2\/pages"}],"about":[{"href":"https:\/\/rcm1.rcm.upr.edu\/conferenciaspuertorriquenas\/wp-json\/wp\/v2\/types\/page"}],"author":[{"embeddable":true,"href":"https:\/\/rcm1.rcm.upr.edu\/conferenciaspuertorriquenas\/wp-json\/wp\/v2\/users\/1"}],"replies":[{"embeddable":true,"href":"https:\/\/rcm1.rcm.upr.edu\/conferenciaspuertorriquenas\/wp-json\/wp\/v2\/comments?post=70"}],"version-history":[{"count":0,"href":"https:\/\/rcm1.rcm.upr.edu\/conferenciaspuertorriquenas\/wp-json\/wp\/v2\/pages\/70\/revisions"}],"wp:attachment":[{"href":"https:\/\/rcm1.rcm.upr.edu\/conferenciaspuertorriquenas\/wp-json\/wp\/v2\/media?parent=70"}],"curies":[{"name":"wp","href":"https:\/\/api.w.org\/{rel}","templated":true}]}}