{"id":72,"date":"2017-06-30T11:09:29","date_gmt":"2017-06-30T15:09:29","guid":{"rendered":"http:\/\/exalumnos.rcm.upr.edu\/cpsp\/?page_id=72"},"modified":"2017-06-30T11:09:29","modified_gmt":"2017-06-30T15:09:29","slug":"sesiones-de-cartel","status":"publish","type":"page","link":"https:\/\/rcm1.rcm.upr.edu\/conferenciaspuertorriquenas\/iv-conferencia-2013\/sesiones-de-cartel\/","title":{"rendered":"Sesiones de cartel"},"content":{"rendered":"<ul>\n<li>SC-3_Picado_Programacion neurolingu\u00edstica el nuevo aliado en la Promoci\u00f3n de la Salud<\/li>\n<li>SC-26_Leon_Percepci\u00f3n del rol de enfermer\u00eda en la coordinaci\u00f3n de los planes de Salud Territorial<\/li>\n<li>SC_26_Saavedra_Percepci\u00f3n del rol de enfermer\u00eda en la coordinaci\u00f3n de los planes de Salud Territorial<\/li>\n<li>SC-28_Bonal_C\u00f3mo conciben los m\u00e9dicos de familia de universidades<\/li>\n<li>SC-28_Bonal_Propuesta de transversalizaci\u00f3n de la promoci\u00f3n de salud en la carr era de medicina<\/li>\n<li>SC-58_Sila_Estudio cl\u00ednico epidemiol\u00f3gico de casos confirmados de influenza (H1N1) en el Hospital Regional III Honorio Delgado Arequipa<\/li>\n<li>SC-70_Carvajal_Funciones de m\u00e9dicos de familia de universidades<\/li>\n<li>SC-75_Mu\u00f1oz_Actividades Desarrolladas durante 2011 en la Unidad de Promoci\u00f3n de la Univerisdad de Almeria<\/li>\n<li>SC-126_Lourinho_Promoci\u00f3n de la salud en sus an\u00e1lisis de la obesidad infantil<\/li>\n<li>SC-142_Picado_Empoderando a los gobiernos locales para la aplicaci\u00f3n del enfoque de Promoci\u00f3n de la Salud desde su gesti\u00f3n<\/li>\n<\/ul>\n","protected":false},"excerpt":{"rendered":"<p>SC-3_Picado_Programacion neurolingu\u00edstica el nuevo aliado en la Promoci\u00f3n de la Salud SC-26_Leon_Percepci\u00f3n del rol de enfermer\u00eda en la coordinaci\u00f3n de los planes de Salud Territorial SC_26_Saavedra_Percepci\u00f3n del rol de enfermer\u00eda en la coordinaci\u00f3n de los planes de Salud Territorial SC-28_Bonal_C\u00f3mo conciben los m\u00e9dicos de familia de universidades SC-28_Bonal_Propuesta de transversalizaci\u00f3n de la promoci\u00f3n de salud&hellip;<\/p>\n","protected":false},"author":1,"featured_media":0,"parent":70,"menu_order":0,"comment_status":"closed","ping_status":"closed","template":"template-microsite.php","meta":{"footnotes":""},"class_list":["post-72","page","type-page","status-publish","hentry","description-off"],"aioseo_notices":[],"_links":{"self":[{"href":"https:\/\/rcm1.rcm.upr.edu\/conferenciaspuertorriquenas\/wp-json\/wp\/v2\/pages\/72","targetHints":{"allow":["GET"]}}],"collection":[{"href":"https:\/\/rcm1.rcm.upr.edu\/conferenciaspuertorriquenas\/wp-json\/wp\/v2\/pages"}],"about":[{"href":"https:\/\/rcm1.rcm.upr.edu\/conferenciaspuertorriquenas\/wp-json\/wp\/v2\/types\/page"}],"author":[{"embeddable":true,"href":"https:\/\/rcm1.rcm.upr.edu\/conferenciaspuertorriquenas\/wp-json\/wp\/v2\/users\/1"}],"replies":[{"embeddable":true,"href":"https:\/\/rcm1.rcm.upr.edu\/conferenciaspuertorriquenas\/wp-json\/wp\/v2\/comments?post=72"}],"version-history":[{"count":0,"href":"https:\/\/rcm1.rcm.upr.edu\/conferenciaspuertorriquenas\/wp-json\/wp\/v2\/pages\/72\/revisions"}],"up":[{"embeddable":true,"href":"https:\/\/rcm1.rcm.upr.edu\/conferenciaspuertorriquenas\/wp-json\/wp\/v2\/pages\/70"}],"wp:attachment":[{"href":"https:\/\/rcm1.rcm.upr.edu\/conferenciaspuertorriquenas\/wp-json\/wp\/v2\/media?parent=72"}],"curies":[{"name":"wp","href":"https:\/\/api.w.org\/{rel}","templated":true}]}}