{"id":862,"date":"2020-04-29T14:49:20","date_gmt":"2020-04-29T14:49:20","guid":{"rendered":"https:\/\/cpsp.rcm.upr.edu\/?page_id=862"},"modified":"2020-04-29T14:49:20","modified_gmt":"2020-04-29T14:49:20","slug":"trasfondo","status":"publish","type":"page","link":"https:\/\/rcm1.rcm.upr.edu\/conferenciaspuertorriquenas\/trasfondo\/","title":{"rendered":"Trasfondo"},"content":{"rendered":"\n<p>Las Conferencias Puertorrique\u00f1as de Salud P\u00fablica son una iniciativa de la Facultad de Ciencias Biosociales y Escuela Graduada de Salud P\u00fablica del Recinto de Ciencias M\u00e9dicas de la Universidad de Puerto Rico. Su prop\u00f3sito ha sido viabilizar la oportunidad de encuentro y reuni\u00f3n nacional e internacional de los sectores sociales y profesionales de las ciencias de la salud y \u00e1mbitos relacionados.<\/p>\n\n\n\n<p><!--more contin\u00faa leyendo--><\/p>\n\n\n\n<p>Logra consolidarse a nivel nacional como un evento cient\u00edfico, t\u00e9cnico y profesional de alta calidad caracterizado por:<\/p>\n\n\n\n<ul class=\"wp-block-list\">\n<li>la pertinencia social de los temas y el contenido general de las actividades,<\/li>\n<li>la diversidad en la oferta tem\u00e1tica permitiendo la inclusi\u00f3n de temas emergentes en el \u00e1mbito social y de Salud P\u00fablica,<\/li>\n<li>la presentaci\u00f3n de un programa cient\u00edfico amplio y sugestivo estructurado en modalidades de presentaci\u00f3n,<\/li>\n<li>el balance en la representatividad de los ponentes facilitando la exposici\u00f3n de perspectivas cr\u00edticas de los sectores gubernamental y no gubernamental, acad\u00e9mico, profesional y comunitario,<\/li>\n<li>la oportunidad de reuni\u00f3n de grupos de inter\u00e9s especial y de sectores profesionales con peritaje diferenciado en tem\u00e1ticas sociales y de Salud P\u00fablica.<\/li>\n<\/ul>\n\n\n\n<p>Las Conferencias logran ampliar la presencia y la participaci\u00f3n internacional al recibir delegados de la comunidad internacional e incorporar en el programa eventos t\u00e9cnicos internacionales, foros de tem\u00e1ticas espec\u00edficas y reuniones paralelas que ampl\u00edan la relaci\u00f3n de interdependencia entre academia-sociedad.<\/p>\n\n\n\n<p>La expectativa es que las Conferencias provean resultados y recomendaciones favorables al quehacer social y de salud en la esfera nacional e internacional. Que sea oportunidad de intercambio real para el an\u00e1lisis cr\u00edtico y el disfrute intelectual y cultural y que viabilice la participaci\u00f3n activa de los delegados en las reuniones de grupos de inter\u00e9s especial y en otras actividades incluidas en el programa.<\/p>\n\n\n\n<p>La iniciativa de las Conferencias de Salud P\u00fablica se formaliza el 7 de febrero de 2001 en el Comit\u00e9 de Administraci\u00f3n y Docencia (CAD) de la Escuela Graduada de Salud P\u00fablica. En ese momento el Decano era el Dr. Antonio Silva-Iglecia. La propuesta fue presentada al CAD por el Dr. Hiram V. Arroyo quien destac\u00f3 que el evento se enmarcaba en la Meta #1 contenida en el Plan Estrat\u00e9gico de la Escuela. \u00a0El Comit\u00e9 Organizador de la Primera Conferencia fue nombrado por el CAD y qued\u00f3 constitu\u00eddo en el 2001 por miembros de la facultad de la Escuela, a saber; Dr. Hiram V. Arroyo, Profa. Daisy M. Gely, Dra. Nirzka Labault, Dra. Rosa P\u00e9rez, Dra. Silvia Rabionet y el Dr. Mario Rodr\u00edguez. La idea de realizar una Conferencia Puertorrique\u00f1a de Salud P\u00fablica hab\u00eda sido planteada previamente por varios facultativos incluyendo al Dr. Erick Su\u00e1rez y a la Dra. Rosa P\u00e9rez qui\u00e9nes hab\u00edan desarrollado una propuesta previa sobre el tema (Arroyo, 2001; Escuela de Salud P\u00fablica, CAD, 2001).<\/p>\n","protected":false},"excerpt":{"rendered":"<p>Las Conferencias Puertorrique\u00f1as de Salud P\u00fablica son una iniciativa de la Facultad de Ciencias Biosociales y Escuela Graduada de Salud P\u00fablica del Recinto de Ciencias M\u00e9dicas de la Universidad de Puerto Rico. Su prop\u00f3sito ha sido viabilizar la oportunidad de encuentro y reuni\u00f3n nacional e internacional de los sectores sociales y profesionales de las ciencias&hellip;<\/p>\n","protected":false},"author":1,"featured_media":0,"parent":0,"menu_order":0,"comment_status":"closed","ping_status":"closed","template":"template-microsite.php","meta":{"footnotes":""},"class_list":["post-862","page","type-page","status-publish","hentry","description-off"],"aioseo_notices":[],"_links":{"self":[{"href":"https:\/\/rcm1.rcm.upr.edu\/conferenciaspuertorriquenas\/wp-json\/wp\/v2\/pages\/862","targetHints":{"allow":["GET"]}}],"collection":[{"href":"https:\/\/rcm1.rcm.upr.edu\/conferenciaspuertorriquenas\/wp-json\/wp\/v2\/pages"}],"about":[{"href":"https:\/\/rcm1.rcm.upr.edu\/conferenciaspuertorriquenas\/wp-json\/wp\/v2\/types\/page"}],"author":[{"embeddable":true,"href":"https:\/\/rcm1.rcm.upr.edu\/conferenciaspuertorriquenas\/wp-json\/wp\/v2\/users\/1"}],"replies":[{"embeddable":true,"href":"https:\/\/rcm1.rcm.upr.edu\/conferenciaspuertorriquenas\/wp-json\/wp\/v2\/comments?post=862"}],"version-history":[{"count":0,"href":"https:\/\/rcm1.rcm.upr.edu\/conferenciaspuertorriquenas\/wp-json\/wp\/v2\/pages\/862\/revisions"}],"wp:attachment":[{"href":"https:\/\/rcm1.rcm.upr.edu\/conferenciaspuertorriquenas\/wp-json\/wp\/v2\/media?parent=862"}],"curies":[{"name":"wp","href":"https:\/\/api.w.org\/{rel}","templated":true}]}}