{"id":293,"date":"2018-08-31T17:39:44","date_gmt":"2018-08-31T17:39:44","guid":{"rendered":"http:\/\/127.0.0.1\/rcm\/cecsi\/preguntas-frecuentes\/"},"modified":"2018-08-31T17:39:44","modified_gmt":"2018-08-31T17:39:44","slug":"preguntas-frecuentes","status":"publish","type":"page","link":"https:\/\/rcm1.rcm.upr.edu\/consejeriasicologia\/preguntas-frecuentes\/","title":{"rendered":"Preguntas Frecuentes"},"content":{"rendered":"<div class=\"wpb-content-wrapper\"><p>[vc_row][vc_column][vc_toggle title=&#8221;\u00bfNecesito estar deprimido para ir al CECSi?&#8221; el_id=&#8221;\u00bfNecesito estar deprimido para ir al CECSi?&#8221;]No, solo necesitas sospechar que te beneficiar\u00edas de recibir ayuda en cualquier asunto emocional o cognitivo como: ansiedad, tristeza, concentraci\u00f3n, manejo del tiempo, estrategias\/t\u00e9cnicas de estudios, tomar decisiones, b\u00fasqueda de empleo, relaciones interpersonales, etc\u00e9tera. Cualquier cosa que pudiera (aunque no est\u00e9s totalmente convencido\/a) dificultar el lograr tus metas personales o acad\u00e9micas. Ver\u00e1s, legalmente en Puerto Rico la Consejer\u00eda Profesional se define como el proceso de ayuda que tiene lugar a trav\u00e9s de una relaci\u00f3n personal y directa en la cual se utilizan teor\u00edas, principios, m\u00e9todos y estrategias basados en el conocimiento cient\u00edfico, para promover el desarrollo y el bienestar integral de las personas.[\/vc_toggle][vc_toggle title=&#8221;\u00bfEs confidencial?&#8221; el_id=&#8221;\u00bfEs confidencial?&#8221;]Completamente confidencial menos en las circunstancias que la ley obliga a lo contrario. Por ejemplo, si es previsible de que realmente te vayas hacer da\u00f1o a ti o a otra persona. En tu primera cita podr\u00e1s aclarar cualquier duda al respecto.[\/vc_toggle][vc_toggle title=&#8221;\u00bfEs obligatorio?&#8221; el_id=&#8221;\u00bfEs obligatorio?&#8221;]Completamente voluntario, pero si te refieren o te lo sugieren es muy recomendable venir. Puedes dejar el proceso en cualquier momento sin ning\u00fan tipo de repercusi\u00f3n.[\/vc_toggle][vc_toggle title=&#8221;\u00bfTiene alg\u00fan costo?&#8221; el_id=&#8221;\u00bfTiene alg\u00fan costo?&#8221;]Completamente gratis e ilimitado mientras seas estudiante del RCM.[\/vc_toggle][vc_toggle title=&#8221;Yo no necesito orientaci\u00f3n, \u00bfpor qu\u00e9 ir\u00eda?&#8221; el_id=&#8221;Yo no necesito orientaci\u00f3n, \u00bfpor qu\u00e9 ir\u00eda?&#8221;]Orientaci\u00f3n y consejer\u00eda ocupacional es solo una peque\u00f1a parte de lo que te puede ayudar un profesional en consejer\u00eda licenciado. Puedes recibir ayuda en cualquier asunto emocional, cognitivo, conductual, desarrollo personal y\/o bienestar integral.[\/vc_toggle][vc_toggle title=&#8221;\u00bfAfectar\u00e1 mis notas, se enterar\u00e1n los profesores?&#8221; el_id=&#8221;\u00bfAfectar\u00e1 mis notas, se enterar\u00e1n los profesores?&#8221;]Usar los servicios del CECSi no se puede utilizar como un criterio de evaluaci\u00f3n acad\u00e9mica bajo ninguna circunstancia. T\u00fa decides con qui\u00e9n y qu\u00e9 tipo de informaci\u00f3n compartes. Lo m\u00e1s probable es que tu ejecuci\u00f3n acad\u00e9mica mejore en forma directa o indirecta por usar nuestros servicios. Recuerda que es confidencial.[\/vc_toggle][vc_toggle title=&#8221;\u00bfTengo que hacer cita o puedo ir sin cita?&#8221; el_id=&#8221;\u00bfTengo que hacer cita o puedo ir sin cita?&#8221;]Si es urgente, ven y se te atender\u00e1. Si no lo es, pero hay alg\u00fan profesional disponible se te atender\u00e1. En caso de no haber personal disponible en ese momento puedes coordinar una cita personalmente, por tel\u00e9fono o email directamente con el profesional o con la secretaria.[\/vc_toggle][vc_toggle title=&#8221;\u00bfC\u00f3mo hago una cita?&#8221; el_id=&#8221;\u00bfC\u00f3mo hago una cita?&#8221;]Puedes llamar, escribir o ver al profesional directamente o por medio de la secretaria.[\/vc_toggle][vc_toggle title=&#8221;\u00bfC\u00f3mo s\u00e9 si necesito sic\u00f3loga o consejero(a)?&#8221; el_id=&#8221;\u00bfC\u00f3mo s\u00e9 si necesito sic\u00f3loga o consejero(a)?&#8221;]En la mayor\u00eda de las veces los profesionales en consejer\u00eda del CECSi van a ayudarte completamente, pero en ocasiones es necesario referir a la sic\u00f3loga para que te ayude exclusivamente o en equipo. T\u00edpicamente eso pasa cuando el estudiante se beneficiar\u00eda de alguna(s) destreza(s) que posea la sic\u00f3loga o venga referido a ella directamente.[\/vc_toggle][vc_toggle title=&#8221;\u00bfC\u00f3mo es el proceso de ayuda?&#8221; el_id=&#8221;\u00bfC\u00f3mo es el proceso de ayuda?&#8221;]La primera vez completas el Formulario de Solicitud de Servicios y la Notificaci\u00f3n de Confidencialidad que te dar\u00e1 la secretaria y te re\u00fanes con el profesional por espacio de aproximadamente una hora. Los m\u00e9todos principales utilizados en los procesos de ayuda son escuchar, explorar e identificar el problema, identificar opciones y la planificaci\u00f3n de acciones (internas y externas). Si es beneficioso, se pudieran administrar instrumentos como escalas e inventarios. Todo depende del asunto que se est\u00e9 trabajando, el tipo y duraci\u00f3n de la consejer\u00eda, las destrezas espec\u00edficas del\/a Profesional de Ayuda y el esfuerzo que inviertas en el proceso, honestidad y compromiso. Aunque no hay l\u00edmite de citas t\u00edpicamente luego de unas 5-7 eval\u00faas junto al profesional si han logrado las metas, si contin\u00faan o si establecen metas nuevas.[\/vc_toggle][\/vc_column][\/vc_row]<\/p>\n<\/div>","protected":false},"excerpt":{"rendered":"<p>[vc_row][vc_column][vc_toggle title=&#8221;\u00bfNecesito estar deprimido para ir al CECSi?&#8221; el_id=&#8221;\u00bfNecesito estar deprimido para ir al CECSi?&#8221;]No, solo necesitas sospechar que te beneficiar\u00edas de recibir ayuda en cualquier asunto emocional o cognitivo como: ansiedad, tristeza, concentraci\u00f3n, manejo del tiempo, estrategias\/t\u00e9cnicas de estudios, tomar decisiones, b\u00fasqueda de empleo, relaciones interpersonales, etc\u00e9tera. Cualquier cosa que pudiera (aunque no est\u00e9s&hellip;<\/p>\n","protected":false},"author":1,"featured_media":0,"parent":0,"menu_order":0,"comment_status":"closed","ping_status":"closed","template":"template-microsite.php","meta":{"footnotes":""},"class_list":["post-293","page","type-page","status-publish","hentry","description-off"],"aioseo_notices":[],"_links":{"self":[{"href":"https:\/\/rcm1.rcm.upr.edu\/consejeriasicologia\/wp-json\/wp\/v2\/pages\/293","targetHints":{"allow":["GET"]}}],"collection":[{"href":"https:\/\/rcm1.rcm.upr.edu\/consejeriasicologia\/wp-json\/wp\/v2\/pages"}],"about":[{"href":"https:\/\/rcm1.rcm.upr.edu\/consejeriasicologia\/wp-json\/wp\/v2\/types\/page"}],"author":[{"embeddable":true,"href":"https:\/\/rcm1.rcm.upr.edu\/consejeriasicologia\/wp-json\/wp\/v2\/users\/1"}],"replies":[{"embeddable":true,"href":"https:\/\/rcm1.rcm.upr.edu\/consejeriasicologia\/wp-json\/wp\/v2\/comments?post=293"}],"version-history":[{"count":0,"href":"https:\/\/rcm1.rcm.upr.edu\/consejeriasicologia\/wp-json\/wp\/v2\/pages\/293\/revisions"}],"wp:attachment":[{"href":"https:\/\/rcm1.rcm.upr.edu\/consejeriasicologia\/wp-json\/wp\/v2\/media?parent=293"}],"curies":[{"name":"wp","href":"https:\/\/api.w.org\/{rel}","templated":true}]}}