{"id":308,"date":"2017-08-22T17:12:39","date_gmt":"2017-08-22T17:12:39","guid":{"rendered":"http:\/\/127.0.0.1\/rcm\/cecsi\/inicio\/"},"modified":"2024-01-16T18:44:56","modified_gmt":"2024-01-16T18:44:56","slug":"inicio","status":"publish","type":"page","link":"https:\/\/rcm1.rcm.upr.edu\/consejeriasicologia\/","title":{"rendered":"Inicio"},"content":{"rendered":"<div class=\"wpb-content-wrapper\"><p>[vc_row][vc_column width=&#8221;1\/6&#8243;][\/vc_column][vc_column width=&#8221;2\/3&#8243;][vc_column_text]<\/p>\n<p style=\"text-align: center\"><a href=\"https:\/\/iacsinc.org\/\"><img loading=\"lazy\" decoding=\"async\" class=\"aligncenter\" src=\"https:\/\/rcm1.rcm.upr.edu\/consejeriasicologia\/wp-content\/uploads\/sites\/6\/2023\/01\/Emblema-IACS.png\" alt=\"\" width=\"333\" height=\"100\" \/><\/a><strong>Acreditado por IACS<\/strong><br \/>\n<strong>(International Accreditation of Counseling Services)<\/strong>[\/vc_column_text][vc_separator][\/vc_column][vc_column width=&#8221;1\/6&#8243;][vc_raw_js]JTNDJTIxLS0lMjBHbG9iYWwlMjBzaXRlJTIwdGFnJTIwJTI4Z3RhZy5qcyUyOSUyMC0lMjBHb29nbGUlMjBBbmFseXRpY3MlMjAtLSUzRSUwQSUzQ3NjcmlwdCUyMGFzeW5jJTIwc3JjJTNEJTIyaHR0cHMlM0ElMkYlMkZ3d3cuZ29vZ2xldGFnbWFuYWdlci5jb20lMkZndGFnJTJGanMlM0ZpZCUzRFVBLTExOTU5MjEyMy0xMCUyMiUzRSUzQyUyRnNjcmlwdCUzRSUwQSUzQ3NjcmlwdCUzRSUwQSUyMCUyMHdpbmRvdy5kYXRhTGF5ZXIlMjAlM0QlMjB3aW5kb3cuZGF0YUxheWVyJTIwJTdDJTdDJTIwJTVCJTVEJTNCJTBBJTIwJTIwZnVuY3Rpb24lMjBndGFnJTI4JTI5JTdCZGF0YUxheWVyLnB1c2glMjhhcmd1bWVudHMlMjklM0IlN0QlMEElMjAlMjBndGFnJTI4JTI3anMlMjclMkMlMjBuZXclMjBEYXRlJTI4JTI5JTI5JTNCJTBBJTBBJTIwJTIwZ3RhZyUyOCUyN2NvbmZpZyUyNyUyQyUyMCUyN1VBLTExOTU5MjEyMy0xMCUyNyUyOSUzQiUwQSUzQyUyRnNjcmlwdCUzRQ==[\/vc_raw_js][\/vc_column][\/vc_row][vc_row][vc_column width=&#8221;1\/4&#8243;][\/vc_column][vc_column width=&#8221;1\/2&#8243;][vc_column_text]<\/p>\n<h1 style=\"text-align: center\">\u00bfEn qu\u00e9 te podemos ayudar?<\/h1>\n<h3 style=\"text-align: center\"><\/h3>\n<p>[\/vc_column_text][vc_empty_space]<div class=\" ubtn-ctn-center \"><a class=\"ubtn-link ult-adjust-bottom-margin ubtn-center ubtn-block \" href=\"https:\/\/cecsi.rcm.upr.edu\/solicitud\/\" title=\"Solicitud de Servicios Consejer\u00eda\/Sicolog\u00eda\" target=\"_blank\" rel=\"noopener\" ><button type=\"button\" id=\"ubtn-2947\"  class=\"ubtn ult-adjust-bottom-margin ult-responsive ubtn-block ubtn-no-hover-bg  none  ubtn-center   tooltip-69dd328c8017a ubtn-block\"  data-hover=\"\" data-border-color=\"\" data-bg=\"#81d742\" data-hover-bg=\"\" data-border-hover=\"\" data-shadow-hover=\"\" data-shadow-click=\"none\" data-shadow=\"\" data-shd-shadow=\"\"  data-ultimate-target='#ubtn-2947'  data-responsive-json-new='{\"font-size\":\"desktop:24px;\",\"line-height\":\"\"}'  style=\"font-weight:bold;border:none;background: #81d742;color: #0c0808;\"><span class=\"ubtn-hover\" style=\"background-color:\"><\/span><span class=\"ubtn-data ubtn-text \" >Solicitud de Servicios Consejer\u00eda\/Sicolog\u00eda<\/span><\/button><\/a><\/div>[vc_separator][\/vc_column][vc_column width=&#8221;1\/4&#8243;][\/vc_column][\/vc_row][vc_row][vc_column width=&#8221;2\/3&#8243;][vc_message message_box_style=&#8221;3d&#8221; message_box_color=&#8221;danger&#8221; icon_fontawesome=&#8221;fas fa-phone-alt&#8221;]<\/p>\n<h3><strong>L\u00ednea PAS: 1-800-981-0023<\/strong><\/h3>\n<p>&nbsp;<\/p>\n<h3>INSPIRA-L\u00ednea de Crisis: (787) 448-5651<\/h3>\n<p>&nbsp;<\/p>\n<h3>Envenenamiento: 1-800-222-1222<\/h3>\n<p>&nbsp;<\/p>\n<h3>CECSi: 787-758-2525 extensi\u00f3n 5212<\/h3>\n<p>&nbsp;<\/p>\n<h3>V\u00edctimas de Violaci\u00f3n: (787) 765-2285<\/h3>\n<p>&nbsp;<\/p>\n<h3><em>Fuera de horas laborables\u00a0llame al\u00a09-1-1\u00a0o\u00a0<\/em><\/h3>\n<h3>(787) 758-2525 extensi\u00f3n <em>7911 (Seguridad)<\/em><\/h3>\n<p>[\/vc_message][vc_message message_box_style=&#8221;3d&#8221; message_box_color=&#8221;alert-warning&#8221; icon_fontawesome=&#8221;fas fa-link&#8221;]<\/p>\n<h2 style=\"text-align: center\"><a href=\"https:\/\/cecsi.rcm.upr.edu\/publicaciones\/\">RECURSOS<\/a><\/h2>\n<h4><a href=\"https:\/\/cecsi.rcm.upr.edu\/cecsi-capsulas\/\">CECSi C\u00e1psulas<\/a><\/h4>\n<h4><a href=\"https:\/\/rcm1.rcm.upr.edu\/consejeriasicologia\/wp-content\/uploads\/sites\/6\/2020\/04\/CECSi-Recetas-RCM-24-7.pdf\" target=\"_blank\" rel=\"noopener noreferrer\">CECSi Recetas RCM 24-7<\/a><\/h4>\n<h4><a href=\"https:\/\/cecsi.rcm.upr.edu\/actividades\/\">Actividades<\/a><\/h4>\n<h4><a href=\"https:\/\/cecsi.rcm.upr.edu\/telefonos-y-enlaces-de-interes\/\" target=\"_blank\" rel=\"noopener noreferrer\">Tel\u00e9fonos y Enlaces de inter\u00e9s<\/a><\/h4>\n<h4><a href=\"https:\/\/cecsi.rcm.upr.edu\/publicaciones\/\">Otras Publicaciones del CECSi<\/a><\/h4>\n<h4><a href=\"https:\/\/rcm1.rcm.upr.edu\/consejeriasicologia\/wp-content\/uploads\/sites\/6\/2022\/11\/Mapa-CECSi-al-21noviembre2022.pdf\" target=\"_blank\" rel=\"noopener\">Mapa e instrucciones para llegar al CECSi desde dentro o fuera del RCM<\/a><\/h4>\n<h4><a href=\"https:\/\/de.rcm.upr.edu\/wp-content\/uploads\/sites\/13\/2022\/11\/Prevencion-y-Manejo-del-Comportamiento-Suicida-2018-19.pdf\" target=\"_blank\" rel=\"noopener\">Certificaci\u00f3n 40, 2018-19, Protocolo para la Prevenci\u00f3n y Manejo del Comportamiento Suicida en la UPR<\/a><\/h4>\n<p>[\/vc_message][\/vc_column][vc_column width=&#8221;1\/3&#8243;][vc_message message_box_style=&#8221;3d&#8221;]<\/p>\n<h2 style=\"text-align: center\"><a href=\"https:\/\/cecsi.rcm.upr.edu\/servicios-a-estudiantes\/\">SERVICIOS<\/a><\/h2>\n<h4><a href=\"https:\/\/cecsi.rcm.upr.edu\/servicios-a-estudiantes\/\">A Estudiantes del RCM<\/a><\/h4>\n<h4><a href=\"https:\/\/preguntame.rcm.upr.edu\/\">A Estudiantes Futuros<\/a><\/h4>\n<h4><a href=\"https:\/\/de.rcm.upr.edu\/osei\">A Estudiantes con Impedimentos<\/a><\/h4>\n<h4><a href=\"https:\/\/cecsi.rcm.upr.edu\/servicios-a-facultad\/\">A Facultad del RCM<\/a><\/h4>\n<h4><a href=\"https:\/\/cecsi.rcm.upr.edu\/servicios-de-apoyo-al-veterano\/\">A Veteranos<\/a><\/h4>\n<h4><a href=\"https:\/\/cecsi.rcm.upr.edu\/autoayuda\/\">Autoayuda r\u00e1pida personal, acad\u00e9mica y otros temas<\/a><\/h4>\n<h4><a href=\"https:\/\/rcm1.rcm.upr.edu\/consejeriasicologia\/wp-content\/uploads\/sites\/6\/2023\/02\/Listado-Hospedaje-San-Juan-22-23.pdf\" target=\"_blank\" rel=\"noopener noreferrer\">Gu\u00eda de Hospedaje<\/a><\/h4>\n<h4><a href=\"https:\/\/cecsi.rcm.upr.edu\/preguntas-frecuentes\/\">Preguntas Frecuentes<\/a><\/h4>\n<p>[\/vc_message][vc_message message_box_style=&#8221;3d&#8221; message_box_color=&#8221;violet&#8221; icon_fontawesome=&#8221;far fa-calendar-check&#8221;]<\/p>\n<h3>TODAS LAS CITAS ahora podr\u00e1n ser presenciales o virtuales seg\u00fan los estudiantes deseen.<\/h3>\n<p>[\/vc_message][vc_message message_box_style=&#8221;3d&#8221; message_box_color=&#8221;green&#8221; icon_fontawesome=&#8221;fab fa-twitter&#8221;]<\/p>\n<h3>\u00a1AHORA el CECSi est\u00e1 en Twitter (@CecsiRcm) e Instagram (CECSi_RCM) adem\u00e1s de Facebook!<\/h3>\n<p>[\/vc_message][vc_empty_space height=&#8221;15px&#8221;][\/vc_column][\/vc_row][vc_row][vc_column width=&#8221;1\/6&#8243;][\/vc_column][vc_column width=&#8221;2\/3&#8243;][vc_empty_space][vc_separator][vc_column_text]<\/p>\n<h1 style=\"text-align: center\">\u00bfD\u00f3nde estamos ubicados?<\/h1>\n<p>[\/vc_column_text][vc_empty_space][vc_message message_box_style=&#8221;3d&#8221; message_box_color=&#8221;sandy_brown&#8221; icon_fontawesome=&#8221;far fa-building&#8221;]<\/p>\n<h3>Estamos en el segundo piso de EPS en la oficina 229.<\/h3>\n<p>[\/vc_message][vc_empty_space height=&#8221;15px&#8221;][vc_column_text]<img loading=\"lazy\" decoding=\"async\" class=\"aligncenter wp-image-3602 size-large\" src=\"https:\/\/cecsi.rcm.upr.edu\/wp-content\/uploads\/sites\/6\/2022\/11\/Mapa-CECSi-al-21noviembre2022-791x1024.jpg\" alt=\"\" width=\"791\" height=\"1024\" \/>[\/vc_column_text][vc_separator][\/vc_column][vc_column width=&#8221;1\/6&#8243;][\/vc_column][\/vc_row][vc_row][vc_column][vc_column_text]<\/p>\n<h1 style=\"text-align: center\">Para citas puedes comunicarte:<\/h1>\n<p>[\/vc_column_text][\/vc_column][\/vc_row][vc_row][vc_column width=&#8221;1\/4&#8243;][vc_column_text]<strong>Director: Dr. Carlos J. Ca\u00f1uelas<\/strong><\/p>\n<p><a href=\"mailto:carlos.canuelas1@upr.edu\">carlos.canuelas1@upr.edu<\/a><\/p>\n<p>787-758-2525 ext. 5212[\/vc_column_text][\/vc_column][vc_column width=&#8221;1\/4&#8243;][vc_column_text]<strong>Sic\u00f3loga: Dra. Maribel Mangual <\/strong><\/p>\n<p><a href=\"mailto:maribel.mangual@upr.edu\">maribel.mangual@upr.edu<\/a><\/p>\n<p>787-758-2525 ext. 5216[\/vc_column_text][\/vc_column][vc_column width=&#8221;1\/4&#8243;][vc_column_text]<strong>Consejera: Maribel Pag\u00e1n<\/strong><\/p>\n<p><a href=\"mailto:maribel.pagan4@upr.edu\">maribel.pagan4@upr.edu<\/a><\/p>\n<p>787-758-2525 ext. 5210[\/vc_column_text][\/vc_column][vc_column width=&#8221;1\/4&#8243;][vc_column_text]<strong>Secretaria: Wendy Guzm\u00e1n<\/strong><\/p>\n<p><a href=\"mailto:wendy.guzman1@upr.edu\">wendy.guzman1@upr.edu<\/a><\/p>\n<p>787-758-2525 ext. 5209[\/vc_column_text][\/vc_column][\/vc_row]<\/p>\n<\/div>","protected":false},"excerpt":{"rendered":"<p>[vc_row][vc_column width=&#8221;1\/6&#8243;][\/vc_column][vc_column width=&#8221;2\/3&#8243;][vc_column_text] Acreditado por IACS (International Accreditation of Counseling Services)[\/vc_column_text][vc_separator][\/vc_column][vc_column width=&#8221;1\/6&#8243;][vc_raw_js]JTNDJTIxLS0lMjBHbG9iYWwlMjBzaXRlJTIwdGFnJTIwJTI4Z3RhZy5qcyUyOSUyMC0lMjBHb29nbGUlMjBBbmFseXRpY3MlMjAtLSUzRSUwQSUzQ3NjcmlwdCUyMGFzeW5jJTIwc3JjJTNEJTIyaHR0cHMlM0ElMkYlMkZ3d3cuZ29vZ2xldGFnbWFuYWdlci5jb20lMkZndGFnJTJGanMlM0ZpZCUzRFVBLTExOTU5MjEyMy0xMCUyMiUzRSUzQyUyRnNjcmlwdCUzRSUwQSUzQ3NjcmlwdCUzRSUwQSUyMCUyMHdpbmRvdy5kYXRhTGF5ZXIlMjAlM0QlMjB3aW5kb3cuZGF0YUxheWVyJTIwJTdDJTdDJTIwJTVCJTVEJTNCJTBBJTIwJTIwZnVuY3Rpb24lMjBndGFnJTI4JTI5JTdCZGF0YUxheWVyLnB1c2glMjhhcmd1bWVudHMlMjklM0IlN0QlMEElMjAlMjBndGFnJTI4JTI3anMlMjclMkMlMjBuZXclMjBEYXRlJTI4JTI5JTI5JTNCJTBBJTBBJTIwJTIwZ3RhZyUyOCUyN2NvbmZpZyUyNyUyQyUyMCUyN1VBLTExOTU5MjEyMy0xMCUyNyUyOSUzQiUwQSUzQyUyRnNjcmlwdCUzRQ==[\/vc_raw_js][\/vc_column][\/vc_row][vc_row][vc_column width=&#8221;1\/4&#8243;][\/vc_column][vc_column width=&#8221;1\/2&#8243;][vc_column_text] \u00bfEn qu\u00e9 te podemos ayudar? [\/vc_column_text][vc_empty_space][vc_separator][\/vc_column][vc_column width=&#8221;1\/4&#8243;][\/vc_column][\/vc_row][vc_row][vc_column width=&#8221;2\/3&#8243;][vc_message message_box_style=&#8221;3d&#8221; message_box_color=&#8221;danger&#8221; icon_fontawesome=&#8221;fas fa-phone-alt&#8221;] L\u00ednea PAS: 1-800-981-0023 &nbsp; INSPIRA-L\u00ednea de Crisis: (787) 448-5651 &nbsp; Envenenamiento: 1-800-222-1222 &nbsp; CECSi: 787-758-2525 extensi\u00f3n 5212 &nbsp; V\u00edctimas de Violaci\u00f3n: (787) 765-2285 &nbsp; Fuera de horas laborables\u00a0llame al\u00a09-1-1\u00a0o\u00a0&hellip;<\/p>\n","protected":false},"author":1,"featured_media":0,"parent":0,"menu_order":0,"comment_status":"closed","ping_status":"closed","template":"template-microsite.php","meta":{"footnotes":""},"class_list":["post-308","page","type-page","status-publish","hentry","description-off"],"aioseo_notices":[],"_links":{"self":[{"href":"https:\/\/rcm1.rcm.upr.edu\/consejeriasicologia\/wp-json\/wp\/v2\/pages\/308","targetHints":{"allow":["GET"]}}],"collection":[{"href":"https:\/\/rcm1.rcm.upr.edu\/consejeriasicologia\/wp-json\/wp\/v2\/pages"}],"about":[{"href":"https:\/\/rcm1.rcm.upr.edu\/consejeriasicologia\/wp-json\/wp\/v2\/types\/page"}],"author":[{"embeddable":true,"href":"https:\/\/rcm1.rcm.upr.edu\/consejeriasicologia\/wp-json\/wp\/v2\/users\/1"}],"replies":[{"embeddable":true,"href":"https:\/\/rcm1.rcm.upr.edu\/consejeriasicologia\/wp-json\/wp\/v2\/comments?post=308"}],"version-history":[{"count":3,"href":"https:\/\/rcm1.rcm.upr.edu\/consejeriasicologia\/wp-json\/wp\/v2\/pages\/308\/revisions"}],"predecessor-version":[{"id":3665,"href":"https:\/\/rcm1.rcm.upr.edu\/consejeriasicologia\/wp-json\/wp\/v2\/pages\/308\/revisions\/3665"}],"wp:attachment":[{"href":"https:\/\/rcm1.rcm.upr.edu\/consejeriasicologia\/wp-json\/wp\/v2\/media?parent=308"}],"curies":[{"name":"wp","href":"https:\/\/api.w.org\/{rel}","templated":true}]}}