{"id":309,"date":"2018-02-26T18:39:16","date_gmt":"2018-02-26T18:39:16","guid":{"rendered":"http:\/\/127.0.0.1\/rcm\/cecsi\/mision-y-vision\/"},"modified":"2018-02-26T18:39:16","modified_gmt":"2018-02-26T18:39:16","slug":"mision-y-vision","status":"publish","type":"page","link":"https:\/\/rcm1.rcm.upr.edu\/consejeriasicologia\/mision-y-vision\/","title":{"rendered":"Misi\u00f3n y Visi\u00f3n"},"content":{"rendered":"<h3><strong>Misi\u00f3n<\/strong><\/h3>\n<p>&nbsp;<\/p>\n<p><span style=\"font-weight: 400\">Fortalecer el proceso ense\u00f1anza-aprendizaje mediante la promoci\u00f3n del bienestar y el desarrollo \u00f3ptimo del estudiante en sus aspectos f\u00edsicos, sociales, emocionales, culturales y morales y la inserci\u00f3n responsable como agente de cambio en la sociedad.<\/span><\/p>\n<p>&nbsp;<\/p>\n<h3><strong>Visi\u00f3n<\/strong><\/h3>\n<p>&nbsp;<\/p>\n<p><span style=\"font-weight: 400\">Constituirse y proyectarse como red de apoyo y recurso de excelencia en la prestaci\u00f3n de servicios que respondan a las necesidades de la poblaci\u00f3n estudiantil y acad\u00e9mica, fortaleciendo el bienestar de toda la comunidad universitaria.<\/span><\/p>\n","protected":false},"excerpt":{"rendered":"<p>Misi\u00f3n &nbsp; Fortalecer el proceso ense\u00f1anza-aprendizaje mediante la promoci\u00f3n del bienestar y el desarrollo \u00f3ptimo del estudiante en sus aspectos f\u00edsicos, sociales, emocionales, culturales y morales y la inserci\u00f3n responsable como agente de cambio en la sociedad. &nbsp; Visi\u00f3n &nbsp; Constituirse y proyectarse como red de apoyo y recurso de excelencia en la prestaci\u00f3n de&hellip;<\/p>\n","protected":false},"author":1,"featured_media":0,"parent":0,"menu_order":0,"comment_status":"closed","ping_status":"closed","template":"template-microsite.php","meta":{"footnotes":""},"class_list":["post-309","page","type-page","status-publish","hentry","description-off"],"aioseo_notices":[],"_links":{"self":[{"href":"https:\/\/rcm1.rcm.upr.edu\/consejeriasicologia\/wp-json\/wp\/v2\/pages\/309","targetHints":{"allow":["GET"]}}],"collection":[{"href":"https:\/\/rcm1.rcm.upr.edu\/consejeriasicologia\/wp-json\/wp\/v2\/pages"}],"about":[{"href":"https:\/\/rcm1.rcm.upr.edu\/consejeriasicologia\/wp-json\/wp\/v2\/types\/page"}],"author":[{"embeddable":true,"href":"https:\/\/rcm1.rcm.upr.edu\/consejeriasicologia\/wp-json\/wp\/v2\/users\/1"}],"replies":[{"embeddable":true,"href":"https:\/\/rcm1.rcm.upr.edu\/consejeriasicologia\/wp-json\/wp\/v2\/comments?post=309"}],"version-history":[{"count":0,"href":"https:\/\/rcm1.rcm.upr.edu\/consejeriasicologia\/wp-json\/wp\/v2\/pages\/309\/revisions"}],"wp:attachment":[{"href":"https:\/\/rcm1.rcm.upr.edu\/consejeriasicologia\/wp-json\/wp\/v2\/media?parent=309"}],"curies":[{"name":"wp","href":"https:\/\/api.w.org\/{rel}","templated":true}]}}