{"id":315,"date":"2018-02-27T12:31:37","date_gmt":"2018-02-27T12:31:37","guid":{"rendered":"http:\/\/127.0.0.1\/rcm\/cecsi\/servicios-a-facultad\/"},"modified":"2018-02-27T12:31:37","modified_gmt":"2018-02-27T12:31:37","slug":"servicios-a-facultad","status":"publish","type":"page","link":"https:\/\/rcm1.rcm.upr.edu\/consejeriasicologia\/servicios-a-facultad\/","title":{"rendered":"Servicios a Facultad"},"content":{"rendered":"<div class=\"wpb-content-wrapper\"><p>[vc_row][vc_column][vc_column_text]<\/p>\n<h3>Consultor\u00eda<\/h3>\n<p><span style=\"font-weight: 400\">Ayuda a los miembros de la comunidad universitaria en la identificaci\u00f3n y soluci\u00f3n de problemas relacionados con los estudiantes (inspirado en UPR Carolina).<\/span>[\/vc_column_text][\/vc_column][\/vc_row][vc_row][vc_column][vc_column_text]<\/p>\n<h3>Talleres<\/h3>\n<p><span style=\"font-weight: 400\">Se crean o adaptan talleres para el desarrollo de Facultad y\/o para grupos de estudiantes. Algunos ejemplos son; Liderazgo, Trabajo en Equipo, Relaciones Interpersonales, Comunicaci\u00f3n Asertiva, Toma de Decisiones, Manejo de Estr\u00e9s y Quemaz\u00f3n Profesional (\u201cBurnout\u201d).<\/span>[\/vc_column_text][\/vc_column][\/vc_row]<\/p>\n<\/div>","protected":false},"excerpt":{"rendered":"<p>[vc_row][vc_column][vc_column_text] Consultor\u00eda Ayuda a los miembros de la comunidad universitaria en la identificaci\u00f3n y soluci\u00f3n de problemas relacionados con los estudiantes (inspirado en UPR Carolina).[\/vc_column_text][\/vc_column][\/vc_row][vc_row][vc_column][vc_column_text] Talleres Se crean o adaptan talleres para el desarrollo de Facultad y\/o para grupos de estudiantes. Algunos ejemplos son; Liderazgo, Trabajo en Equipo, Relaciones Interpersonales, Comunicaci\u00f3n Asertiva, Toma de Decisiones,&hellip;<\/p>\n","protected":false},"author":1,"featured_media":0,"parent":0,"menu_order":0,"comment_status":"closed","ping_status":"closed","template":"template-microsite.php","meta":{"footnotes":""},"class_list":["post-315","page","type-page","status-publish","hentry","description-off"],"aioseo_notices":[],"_links":{"self":[{"href":"https:\/\/rcm1.rcm.upr.edu\/consejeriasicologia\/wp-json\/wp\/v2\/pages\/315","targetHints":{"allow":["GET"]}}],"collection":[{"href":"https:\/\/rcm1.rcm.upr.edu\/consejeriasicologia\/wp-json\/wp\/v2\/pages"}],"about":[{"href":"https:\/\/rcm1.rcm.upr.edu\/consejeriasicologia\/wp-json\/wp\/v2\/types\/page"}],"author":[{"embeddable":true,"href":"https:\/\/rcm1.rcm.upr.edu\/consejeriasicologia\/wp-json\/wp\/v2\/users\/1"}],"replies":[{"embeddable":true,"href":"https:\/\/rcm1.rcm.upr.edu\/consejeriasicologia\/wp-json\/wp\/v2\/comments?post=315"}],"version-history":[{"count":0,"href":"https:\/\/rcm1.rcm.upr.edu\/consejeriasicologia\/wp-json\/wp\/v2\/pages\/315\/revisions"}],"wp:attachment":[{"href":"https:\/\/rcm1.rcm.upr.edu\/consejeriasicologia\/wp-json\/wp\/v2\/media?parent=315"}],"curies":[{"name":"wp","href":"https:\/\/api.w.org\/{rel}","templated":true}]}}