{"id":319,"date":"2018-02-27T12:34:37","date_gmt":"2018-02-27T12:34:37","guid":{"rendered":"http:\/\/127.0.0.1\/rcm\/cecsi\/publicaciones\/"},"modified":"2018-02-27T12:34:37","modified_gmt":"2018-02-27T12:34:37","slug":"publicaciones","status":"publish","type":"page","link":"https:\/\/rcm1.rcm.upr.edu\/consejeriasicologia\/publicaciones\/","title":{"rendered":"Publicaciones"},"content":{"rendered":"<div class=\"wpb-content-wrapper\"><p>[vc_row][vc_column][vc_column_text]<\/p>\n<ul>\n<li><a href=\"https:\/\/rcm1.rcm.upr.edu\/consejeriasicologia\/wp-content\/uploads\/sites\/6\/2022\/01\/Fatiga-emocional-por-COVID-19.pdf\" target=\"_blank\" rel=\"noopener\">Fatiga emocional por COVID-19<\/a><\/li>\n<li><a href=\"https:\/\/rcm1.rcm.upr.edu\/consejeriasicologia\/wp-content\/uploads\/sites\/6\/2020\/04\/Abuso-sexual-intrafamiliar-incesto.pdf\">Abuso sexual intrafamiliar (incesto)<\/a><\/li>\n<li><a href=\"https:\/\/rcm1.rcm.upr.edu\/consejeriasicologia\/wp-content\/uploads\/sites\/6\/2020\/04\/ACECHO-CIBERNETICO.pdf\">Acecho Cibern\u00e9tico<\/a><\/li>\n<li><a href=\"https:\/\/cecsi.rcm.upr.edu\/cecsi-capsulas\/\">CECSi C\u00e1psulas<\/a><\/li>\n<li><a href=\"https:\/\/rcm1.rcm.upr.edu\/consejeriasicologia\/wp-content\/uploads\/sites\/6\/2020\/04\/CECSi-Recetas-RCM-24-7.pdf\">CECSi Recetas RCM 24-7<\/a><\/li>\n<li><a href=\"https:\/\/rcm1.rcm.upr.edu\/consejeriasicologia\/wp-content\/uploads\/sites\/6\/2020\/04\/Concurrent-MD-PhD-JD-Degrees-Programs-Overview.pdf\">Concurrent MD-PhD-JD Degrees Programs Overview<\/a><\/li>\n<li><a href=\"https:\/\/rcm1.rcm.upr.edu\/consejeriasicologia\/wp-content\/uploads\/sites\/6\/2020\/04\/Consejeria-vs-Psicoterapia.pdf\">Consejer\u00eda vs Psicoterapia<\/a><\/li>\n<li><a href=\"https:\/\/de.rcm.upr.edu\/costos-de-matricula\" target=\"_blank\" rel=\"noopener\">Costos de matr\u00edcula<\/a><\/li>\n<li><a href=\"https:\/\/de.rcm.upr.edu\/costos-institucionales\">Costos Institucionales<\/a><\/li>\n<li><a href=\"https:\/\/rcm1.rcm.upr.edu\/consejeriasicologia\/wp-content\/uploads\/sites\/6\/2020\/04\/CECSi-Notas-Estres.pdf\">El Estr\u00e9s<\/a><\/li>\n<li><a href=\"https:\/\/rcm1.rcm.upr.edu\/consejeriasicologia\/wp-content\/uploads\/sites\/6\/2020\/04\/Estudiar-con-Sueno.pdf\">Estudiar con Sue\u00f1o<\/a><\/li>\n<li><a href=\"https:\/\/rcm1.rcm.upr.edu\/consejeriasicologia\/wp-content\/uploads\/sites\/6\/2020\/04\/Examenes-antes-durante-y-despues.pdf\">Ex\u00e1menes&#8230; antes, durante y despu\u00e9s<\/a><\/li>\n<li><a href=\"https:\/\/rcm1.rcm.upr.edu\/consejeriasicologia\/wp-content\/uploads\/sites\/6\/2023\/02\/Listado-Hospedaje-San-Juan-22-23.pdf\">Gu\u00eda de Hospedaje<\/a><\/li>\n<li><a href=\"https:\/\/rcm1.rcm.upr.edu\/consejeriasicologia\/wp-content\/uploads\/sites\/6\/2021\/07\/MAIS-y-MHSA-21julio2021.pdf\"> Administraci\u00f3n de <strong> Informaci\u00f3n<\/strong> de Salud vs Administraci\u00f3n de <strong><strong>Servicios<\/strong><\/strong> de Salud<\/a><\/li>\n<li><a href=\"https:\/\/de.rcm.upr.edu\/wp-content\/uploads\/sites\/13\/2023\/04\/MANUAL-DEL-ESTUDIANTE-2022-2023-rev-1.pdf\">Manual del Estudiante<\/a><\/li>\n<li><a href=\"https:\/\/rcm1.rcm.upr.edu\/consejeriasicologia\/wp-content\/uploads\/sites\/6\/2022\/11\/Mapa-CECSi-al-21noviembre2022.pdf\">Mapa del Recinto<\/a> (El Centro de Consejer\u00eda se encuentra en el segundo piso del edificio #5)<\/li>\n<li><a href=\"https:\/\/rcm1.rcm.upr.edu\/consejeriasicologia\/wp-content\/uploads\/sites\/6\/2020\/04\/Concurrent-MD-PhD-JD-Degrees-Programs-Overview.pdf\">MD y JD combinados<\/a><\/li>\n<li><a href=\"https:\/\/rcm1.rcm.upr.edu\/consejeriasicologia\/wp-content\/uploads\/sites\/6\/2020\/04\/MD-PhD-combinados-al-29marzo2019.pdf\">MD y PhD combinados<\/a><\/li>\n<li><a href=\"https:\/\/rcm1.rcm.upr.edu\/consejeriasicologia\/wp-content\/uploads\/sites\/6\/2021\/07\/MS-PhD-Ciencias-Farmacia-vs-Farmacologia-Toxicologia-vs-PharmD-al-7abril2021.pdf\">MS\/PhD Farmacia vs Farmacolog\u00eda-Toxicolog\u00eda vs PharmD<\/a><\/li>\n<li><a href=\"https:\/\/rcm1.rcm.upr.edu\/consejeriasicologia\/wp-content\/uploads\/sites\/6\/2021\/07\/Nutricion-Internado-y-MSHN-21julio2021.pdf\">Internado en Nutrici\u00f3n vs Maestr\u00eda en Salud P\u00fablica Nutrici\u00f3n<\/a><\/li>\n<li><a href=\"https:\/\/daa.rcm.upr.edu\/wp-content\/uploads\/sites\/12\/2021\/09\/UPR-MSC-CATALOG-2021-2024-Rev-June_21_2021-AddendumsAug2021.pdf\">Op\u00fasculo de Ofrecimientos Acad\u00e9micos<\/a><\/li>\n<li><a href=\"https:\/\/rcm1.rcm.upr.edu\/consejeriasicologia\/wp-content\/uploads\/sites\/6\/2020\/04\/Prevencion-del-Suicidio.pdf\">Prevenci\u00f3n del Suicidio<\/a><\/li>\n<li><a href=\"https:\/\/rcm1.rcm.upr.edu\/consejeriasicologia\/wp-content\/uploads\/sites\/6\/2020\/04\/MD-PhD-combinados-al-29marzo2019.pdf\">Programas combinados de MD-PhD resumidos<\/a><\/li>\n<li><a href=\"https:\/\/rcm1.rcm.upr.edu\/consejeriasicologia\/wp-content\/uploads\/sites\/6\/2020\/04\/Que-es-una-Crisis-Emocional.pdf\">\u00bfQu\u00e9 es una Crisis Emocional?<\/a><\/li>\n<li><a href=\"https:\/\/rcm1.rcm.upr.edu\/consejeriasicologia\/wp-content\/uploads\/sites\/6\/2020\/04\/Relaciones-adictivas.pdf\">Relaciones adictivas<\/a><\/li>\n<li><a href=\"https:\/\/rcm1.rcm.upr.edu\/consejeriasicologia\/wp-content\/uploads\/sites\/6\/2020\/04\/Superando-el-postergar-Sugerencias-B.pdf\">Superando el postergar Sugerencias<\/a><\/li>\n<li><a href=\"https:\/\/rcm1.rcm.upr.edu\/consejeriasicologia\/wp-content\/uploads\/sites\/6\/2020\/04\/Tal-vez-tengo-un-trastono-alimentario.pdf\">Tal vez tengo un trastono alimentario<\/a><\/li>\n<li><a href=\"https:\/\/rcm1.rcm.upr.edu\/consejeriasicologia\/wp-content\/uploads\/sites\/6\/2021\/07\/Terapia-Fisica-vs-Ocupacional-26oct2020-2.pdf\">Terapia F\u00edsica vs Ocupacional<\/a><\/li>\n<\/ul>\n<p>[\/vc_column_text][\/vc_column][\/vc_row]<\/p>\n<\/div>","protected":false},"excerpt":{"rendered":"<p>[vc_row][vc_column][vc_column_text] Fatiga emocional por COVID-19 Abuso sexual intrafamiliar (incesto) Acecho Cibern\u00e9tico CECSi C\u00e1psulas CECSi Recetas RCM 24-7 Concurrent MD-PhD-JD Degrees Programs Overview Consejer\u00eda vs Psicoterapia Costos de matr\u00edcula Costos Institucionales El Estr\u00e9s Estudiar con Sue\u00f1o Ex\u00e1menes&#8230; antes, durante y despu\u00e9s Gu\u00eda de Hospedaje Administraci\u00f3n de Informaci\u00f3n de Salud vs Administraci\u00f3n de Servicios de Salud Manual&hellip;<\/p>\n","protected":false},"author":1,"featured_media":0,"parent":0,"menu_order":0,"comment_status":"closed","ping_status":"closed","template":"template-microsite.php","meta":{"footnotes":""},"class_list":["post-319","page","type-page","status-publish","hentry","description-off"],"aioseo_notices":[],"_links":{"self":[{"href":"https:\/\/rcm1.rcm.upr.edu\/consejeriasicologia\/wp-json\/wp\/v2\/pages\/319","targetHints":{"allow":["GET"]}}],"collection":[{"href":"https:\/\/rcm1.rcm.upr.edu\/consejeriasicologia\/wp-json\/wp\/v2\/pages"}],"about":[{"href":"https:\/\/rcm1.rcm.upr.edu\/consejeriasicologia\/wp-json\/wp\/v2\/types\/page"}],"author":[{"embeddable":true,"href":"https:\/\/rcm1.rcm.upr.edu\/consejeriasicologia\/wp-json\/wp\/v2\/users\/1"}],"replies":[{"embeddable":true,"href":"https:\/\/rcm1.rcm.upr.edu\/consejeriasicologia\/wp-json\/wp\/v2\/comments?post=319"}],"version-history":[{"count":0,"href":"https:\/\/rcm1.rcm.upr.edu\/consejeriasicologia\/wp-json\/wp\/v2\/pages\/319\/revisions"}],"wp:attachment":[{"href":"https:\/\/rcm1.rcm.upr.edu\/consejeriasicologia\/wp-json\/wp\/v2\/media?parent=319"}],"curies":[{"name":"wp","href":"https:\/\/api.w.org\/{rel}","templated":true}]}}