{"id":633,"date":"2018-08-29T18:15:55","date_gmt":"2018-08-29T18:15:55","guid":{"rendered":"http:\/\/127.0.0.1\/rcm\/cecsi\/telefonos-y-enlaces-de-interes\/"},"modified":"2018-08-29T18:15:55","modified_gmt":"2018-08-29T18:15:55","slug":"telefonos-y-enlaces-de-interes","status":"publish","type":"page","link":"https:\/\/rcm1.rcm.upr.edu\/consejeriasicologia\/telefonos-y-enlaces-de-interes\/","title":{"rendered":"Tel\u00e9fonos y Enlaces de Inter\u00e9s"},"content":{"rendered":"<table style=\"width: 95%\" border=\"0\" summary=\"tabla de contactos\" cellspacing=\"0\" cellpadding=\"8\">\n<tbody>\n<tr>\n<td style=\"border-bottom: 1px solid #4141be\" align=\"left\" valign=\"top\" width=\"50%\"><a href=\"https:\/\/cecsi.rcm.upr.edu\/telefonos-y-enlaces-de-interes\/\">Centro Estudiantil de Consejer\u00eda y Sicolog\u00eda (CECSi)<\/a><br \/>\nRecinto de Ciencias M\u00e9dicas<br \/>\n2do piso Escuela de Profesiones de la Salud<br \/>\nOficina 229<\/td>\n<td style=\"border-bottom: 1px solid #4141be\" align=\"left\" valign=\"top\" width=\"50%\">(787) 758-2525, extensiones 5209 \/ 5210<\/td>\n<\/tr>\n<tr>\n<td style=\"border-bottom: 1px solid #4141be\" align=\"left\" valign=\"top\" width=\"50%\">Emergencia<\/td>\n<td style=\"border-bottom: 1px solid #4141be\" align=\"left\" valign=\"top\" width=\"50%\">911<\/td>\n<\/tr>\n<tr>\n<td style=\"border-bottom: 1px solid #4141be\" align=\"left\" valign=\"top\" width=\"50%\"><a href=\"https:\/\/preguntame.rcm.upr.edu\/\" target=\"_blank\" rel=\"noopener noreferrer\">Preg\u00fantame<\/a><\/td>\n<td style=\"border-bottom: 1px solid #4141be\" align=\"left\" valign=\"top\" width=\"50%\">(787) 758-2525, extensiones 5209 \/ 5210<\/td>\n<\/tr>\n<tr>\n<td style=\"border-bottom: 1px solid #4141be\" align=\"left\" valign=\"top\" width=\"50%\">Oficina de Seguridad RCM<\/td>\n<td style=\"border-bottom: 1px solid #4141be\" align=\"left\" valign=\"top\" width=\"50%\">(787) 758-2525, extensi\u00f3n 1000<\/td>\n<\/tr>\n<tr>\n<td style=\"border-bottom: 1px solid #4141be\" align=\"left\" valign=\"top\" width=\"50%\"><a href=\"https:\/\/md.rcm.upr.edu\/clinicappmi\/\" target=\"_blank\" rel=\"noopener noreferrer\">Cl\u00ednica de la Escuela de Medicina<\/a><\/td>\n<td style=\"border-bottom: 1px solid #4141be\" align=\"left\" valign=\"top\" width=\"50%\">Centro Comercial Rpto. Metropolitano<br \/>\n(787) 758-7908<br \/>\n(787) 758-7910<\/td>\n<\/tr>\n<tr>\n<td style=\"border-bottom: 1px solid #4141be\" align=\"left\" valign=\"top\" width=\"50%\"><a href=\"https:\/\/md.rcm.upr.edu\/psychiatry\/adult\/\" target=\"_blank\" rel=\"noopener noreferrer\">Cl\u00ednica de Psiquiatr\u00eda de Adultos<\/a><br \/>\nRecinto de Ciencias M\u00e9dicas<br \/>\n9no piso Edificio Principal, oficina A-994<\/td>\n<td style=\"border-bottom: 1px solid #4141be\" align=\"left\" valign=\"top\" width=\"50%\">(787) 758-2525, extensi\u00f3n 1923<br \/>\n(787) 766-0940 directo<\/td>\n<\/tr>\n<tr>\n<td style=\"border-bottom: 1px solid #4141be\" align=\"left\" valign=\"top\" width=\"50%\">L\u00ednea PAS (Primera Ayuda Sicosocial)<\/td>\n<td style=\"border-bottom: 1px solid #4141be\" align=\"left\" valign=\"top\" width=\"50%\">1-800-981-0023<\/td>\n<\/tr>\n<tr>\n<td style=\"border-bottom: 1px solid #4141be\" align=\"left\" valign=\"top\" width=\"50%\">Dept. de\u00a0la Familia<\/td>\n<td style=\"border-bottom: 1px solid #4141be\" align=\"left\" valign=\"top\" width=\"50%\">Emergencias (787) 724-0680<br \/>\nMaltrato de Menores (787) 749-1333<\/td>\n<\/tr>\n<tr>\n<td style=\"border-bottom: 1px solid #4141be\" align=\"left\" valign=\"top\" width=\"50%\">Centro Control de Envenenamiento<\/td>\n<td style=\"border-bottom: 1px solid #4141be\" align=\"left\" valign=\"top\" width=\"50%\">1-800-222-1222<\/td>\n<\/tr>\n<tr>\n<td style=\"border-bottom: 1px solid #4141be\" align=\"left\" valign=\"top\" width=\"50%\">V\u00edctimas de Violaci\u00f3n<\/td>\n<td style=\"border-bottom: 1px solid #4141be\" align=\"left\" valign=\"top\" width=\"50%\">(787) 765-2285 \/ (787) 474-2028<br \/>\n1-800-981-5721 \/ 1-800-222-1222<\/td>\n<\/tr>\n<tr>\n<td style=\"border-bottom: 1px solid #4141be\" align=\"left\" valign=\"top\" width=\"50%\"><a href=\"https:\/\/pazparalamujer.org\/\" target=\"_blank\" rel=\"noopener noreferrer\">Coordinadora Paz para la Mujer<\/a><\/td>\n<td style=\"border-bottom: 1px solid #4141be\" align=\"left\" valign=\"top\" width=\"50%\">(787) 722-2977 \/ 1-877-722-2977 \/ (787) 697-2977<\/td>\n<\/tr>\n<tr>\n<td style=\"border-bottom: 1px solid #4141be\" align=\"left\" valign=\"top\" width=\"50%\"><a href=\"https:\/\/www.mujer.pr.gov\/\" target=\"_blank\" rel=\"noopener noreferrer\">Oficina de la Procuradora de las Mujeres<\/a><\/td>\n<td style=\"border-bottom: 1px solid #4141be\" align=\"left\" valign=\"top\" width=\"50%\">(787) 721-7676<br \/>\n(787) 697-7676 libre de costo<\/td>\n<\/tr>\n<tr>\n<td style=\"border-bottom: 1px solid #4141be\" align=\"left\" valign=\"top\" width=\"50%\">Casa Protegida Julia de Burgos<\/td>\n<td style=\"border-bottom: 1px solid #4141be\" align=\"left\" valign=\"top\" width=\"50%\">(787) 723-3500<\/td>\n<\/tr>\n<tr>\n<td style=\"border-bottom: 1px solid #4141be\" align=\"left\" valign=\"top\" width=\"50%\">Emergencias Sociales<\/td>\n<td style=\"border-bottom: 1px solid #4141be\" align=\"left\" valign=\"top\" width=\"50%\">(787) 749-1333 \/ 1-800-981-8333<\/td>\n<\/tr>\n<tr>\n<td style=\"border-bottom: 1px solid #4141be\" align=\"left\" valign=\"top\" width=\"50%\"><a href=\"https:\/\/www.assmca.pr.gov\/\" target=\"_blank\" rel=\"noopener noreferrer\">AMSSCA<\/a><\/td>\n<td style=\"border-bottom: 1px solid #4141be\" align=\"left\" valign=\"top\" width=\"50%\">Emergencia Psiqui\u00e1tricas (787) 763-7575<br \/>\nL\u00ednea de Auxilio (787) 787-7211<\/td>\n<\/tr>\n<tr>\n<td style=\"border-bottom: 1px solid #4141be\" align=\"left\" valign=\"top\" width=\"50%\">L\u00ednea Interactiva de Salud<\/td>\n<td style=\"border-bottom: 1px solid #4141be\" align=\"left\" valign=\"top\" width=\"50%\">Metro: (787) 474-2028<br \/>\nIsla: 1-800-981-5721<\/td>\n<\/tr>\n<tr>\n<td style=\"border-bottom: 1px solid #4141be\" align=\"left\" valign=\"top\" width=\"50%\">Comisi\u00f3n Prevenci\u00f3n del Suicidio<\/td>\n<td style=\"border-bottom: 1px solid #4141be\" align=\"left\" valign=\"top\" width=\"50%\">(787) 274-7700<\/td>\n<\/tr>\n<tr>\n<td style=\"border-bottom: 1px solid #4141be\" align=\"left\" valign=\"top\" width=\"50%\">Fundaci\u00f3n Prevenci\u00f3n Suicidio<\/td>\n<td style=\"border-bottom: 1px solid #4141be\" align=\"left\" valign=\"top\" width=\"50%\">(787) 749-8270<\/td>\n<\/tr>\n<tr>\n<td style=\"border-bottom: 1px solid #4141be\" align=\"left\" valign=\"top\" width=\"50%\"><a href=\"https:\/\/www.jedfoundation.org\/students-with-mental-troubles-on-rise\/\" target=\"_blank\" rel=\"noopener noreferrer\">&#8220;The Jed Foundation&#8221;<\/a><\/td>\n<td style=\"border-bottom: 1px solid #4141be\" align=\"left\" valign=\"top\" width=\"50%\"><span class=\"jed-blue\">1-800-273-TALK (8255) o t<\/span>extea <span class=\"jed-blue\">&#8220;START&#8221;<\/span> al <span class=\"jed-blue\">741-741<\/span><\/td>\n<\/tr>\n<tr>\n<td style=\"border-bottom: 1px solid #4141be\" align=\"left\" valign=\"top\" width=\"50%\">Centro de Servicios Psicol\u00f3gicos CUSEP<br \/>\nRecinto de R\u00edo Piedras<\/td>\n<td style=\"border-bottom: 1px solid #4141be\" align=\"left\" valign=\"top\" width=\"50%\">(787) 764-0000, extensi\u00f3n 3345<\/td>\n<\/tr>\n<tr>\n<td style=\"border-bottom: 1px solid #4141be\" align=\"left\" valign=\"top\" width=\"50%\">Cl\u00ednica de Salud Mental de la Comunidad<br \/>\nUniversidad Carlos Albizu<\/td>\n<td style=\"border-bottom: 1px solid #4141be\" align=\"left\" valign=\"top\" width=\"50%\">(787) 725-6500<\/td>\n<\/tr>\n<tr>\n<td style=\"border-bottom: 1px solid #4141be\" align=\"left\" valign=\"top\" width=\"50%\">Hospital San Juan Capestrano<\/td>\n<td style=\"border-bottom: 1px solid #4141be\" align=\"left\" valign=\"top\" width=\"50%\">(787) 760-0222 \/ 1-800-981-7575<\/td>\n<\/tr>\n<tr>\n<td style=\"border-bottom: 1px solid #4141be\" align=\"left\" valign=\"top\" width=\"50%\">Cl\u00ednica Universidad Interamericana<\/td>\n<td style=\"border-bottom: 1px solid #4141be\" align=\"left\" valign=\"top\" width=\"50%\">(787) 751-1867<\/td>\n<\/tr>\n<tr>\n<td style=\"border-bottom: 1px solid #4141be\" align=\"left\" valign=\"top\" width=\"50%\">Asistencia a V\u00edctimas y Testigos (Dpto. Justicia)<\/td>\n<td style=\"border-bottom: 1px solid #4141be\" align=\"left\" valign=\"top\" width=\"50%\">(787)729-2106 \/ 641-7480<\/td>\n<\/tr>\n<tr>\n<td style=\"border-bottom: 1px solid #4141be\" align=\"left\" valign=\"top\" width=\"50%\">Centro M\u00e9dico<\/td>\n<td style=\"border-bottom: 1px solid #4141be\" align=\"left\" valign=\"top\" width=\"50%\">(787) 777-3535<\/td>\n<\/tr>\n<tr>\n<td style=\"border-bottom: 1px solid #4141be\" align=\"left\" valign=\"top\" width=\"50%\">Alcoh\u00f3licos An\u00f3nimos<\/td>\n<td style=\"border-bottom: 1px solid #4141be\" align=\"left\" valign=\"top\" width=\"50%\">(787) 704-1634<\/td>\n<\/tr>\n<tr>\n<td style=\"border-bottom: 1px solid #4141be\" align=\"left\" valign=\"top\" width=\"50%\">Cuartel de la Policia de PR en Centro M\u00e9dico<\/td>\n<td style=\"border-bottom: 1px solid #4141be\" align=\"left\" valign=\"top\" width=\"50%\">(787) 777-3434<\/td>\n<\/tr>\n<\/tbody>\n<\/table>\n","protected":false},"excerpt":{"rendered":"<p>Centro Estudiantil de Consejer\u00eda y Sicolog\u00eda (CECSi) Recinto de Ciencias M\u00e9dicas 2do piso Escuela de Profesiones de la Salud Oficina 229 (787) 758-2525, extensiones 5209 \/ 5210 Emergencia 911 Preg\u00fantame (787) 758-2525, extensiones 5209 \/ 5210 Oficina de Seguridad RCM (787) 758-2525, extensi\u00f3n 1000 Cl\u00ednica de la Escuela de Medicina Centro Comercial Rpto. Metropolitano (787)&hellip;<\/p>\n","protected":false},"author":1,"featured_media":0,"parent":0,"menu_order":0,"comment_status":"closed","ping_status":"closed","template":"template-microsite.php","meta":{"footnotes":""},"class_list":["post-633","page","type-page","status-publish","hentry","description-off"],"aioseo_notices":[],"_links":{"self":[{"href":"https:\/\/rcm1.rcm.upr.edu\/consejeriasicologia\/wp-json\/wp\/v2\/pages\/633","targetHints":{"allow":["GET"]}}],"collection":[{"href":"https:\/\/rcm1.rcm.upr.edu\/consejeriasicologia\/wp-json\/wp\/v2\/pages"}],"about":[{"href":"https:\/\/rcm1.rcm.upr.edu\/consejeriasicologia\/wp-json\/wp\/v2\/types\/page"}],"author":[{"embeddable":true,"href":"https:\/\/rcm1.rcm.upr.edu\/consejeriasicologia\/wp-json\/wp\/v2\/users\/1"}],"replies":[{"embeddable":true,"href":"https:\/\/rcm1.rcm.upr.edu\/consejeriasicologia\/wp-json\/wp\/v2\/comments?post=633"}],"version-history":[{"count":0,"href":"https:\/\/rcm1.rcm.upr.edu\/consejeriasicologia\/wp-json\/wp\/v2\/pages\/633\/revisions"}],"wp:attachment":[{"href":"https:\/\/rcm1.rcm.upr.edu\/consejeriasicologia\/wp-json\/wp\/v2\/media?parent=633"}],"curies":[{"name":"wp","href":"https:\/\/api.w.org\/{rel}","templated":true}]}}