{"id":2203,"date":"2018-02-15T18:35:25","date_gmt":"2018-02-15T18:35:25","guid":{"rendered":"http:\/\/127.0.0.1\/rcm\/daa\/oficina-registrador\/"},"modified":"2025-08-12T18:37:33","modified_gmt":"2025-08-12T18:37:33","slug":"oficina-registrador","status":"publish","type":"page","link":"https:\/\/rcm1.rcm.upr.edu\/deanshipacademicaffairs\/oficina-registrador\/","title":{"rendered":"Oficina del Registrador"},"content":{"rendered":"<div class=\"wpb-content-wrapper\"><p>[vc_row][vc_column][vc_column_text]<\/p>\r\n<h3>Recursos<strong><br \/><\/strong><\/h3>\r\n<p>[\/vc_column_text][vc_empty_space height=&#8221;20px&#8221;][vc_column_text]<\/p>\r\n<ul>\r\n<li><a href=\"https:\/\/rcm1.rcm.upr.edu\/deanshipacademicaffairs\/wp-content\/uploads\/sites\/12\/2023\/01\/Instucciones-Pre-Matricula-3er-Trimestre-C2Y-2022-2023.pdf\" target=\"_blank\" rel=\"noopener\">Instrucciones para Pre-Matr\u00edcula Tercer Trimestre 2022-2023<\/a><\/li>\r\n<li><a href=\"https:\/\/tsorder.studentclearinghouse.org\/school\/select\" target=\"_blank\" rel=\"noopener noreferrer\">Solicitud de Transcripci\u00f3n en L\u00ednea<\/a><\/li>\r\n<li>Calendario Acad\u00e9mico\r\n<ul>\r\n<li><a href=\"https:\/\/rcm2.rcm.upr.edu\/wp-content\/uploads\/2022\/02\/2021-22-CalendarioAcademico.1.2-Cert_72_2021-22JA-Enm30nov21-Rev23feb22.pdf\" target=\"_blank\" rel=\"noopener noreferrer\">Calendario Acad\u00e9mico 2021-2022<\/a><\/li>\r\n<li><a href=\"https:\/\/rcm2.rcm.upr.edu\/wp-content\/uploads\/2022\/05\/2022-23-Calendario-Academico-RevBPP26mayo22.pdf\" target=\"_blank\" rel=\"noopener\">Calendario Acad\u00e9mico 2022-2023<\/a><\/li>\r\n<li><a href=\"https:\/\/rcm1.rcm.upr.edu\/wp-content\/uploads\/2024\/03\/2023-24-CalendarioAcadRCM-AprobJA135-EnmJA127-23-24.pdf\">Calendario Acad\u00e9mico 2023-2024<\/a><\/li>\r\n<li><a href=\"https:\/\/rcm1.rcm.upr.edu\/deanshipacademicaffairs\/wp-content\/uploads\/sites\/12\/2024\/05\/2024-25-CalendarioAcademicoRCM-Aprob-Cert153-JA23-24.pdf\">Calendario Acad\u00e9mico 2024-2025<\/a><\/li>\r\n<\/ul>\r\n<\/li>\r\n<li><a href=\"https:\/\/www.upr.edu\/mdocs-posts\/disposiciones-de-la-ley-ferpa\/\" target=\"_blank\" rel=\"noopener\">Disposiciones de la Ley FERPA<\/a><\/li>\r\n<\/ul>\r\n<p>[\/vc_column_text][vc_empty_space][vc_column_text]<\/p>\r\n<h3>Documentos y Formularios<\/h3>\r\n<p>[\/vc_column_text][vc_empty_space height=&#8221;20px&#8221;][vc_column_text css=&#8221;&#8221;]<\/p>\r\n<ul>\r\n<li><a href=\"https:\/\/rcm1.rcm.upr.edu\/deanshipacademicaffairs\/wp-content\/uploads\/sites\/12\/2022\/04\/Datos-Basicos-Estudiante.pdf\" target=\"_blank\" rel=\"noopener noreferrer\">Actualizaci\u00f3n Datos Estudiante<\/a><\/li>\r\n<li><a href=\"https:\/\/rcm1.rcm.upr.edu\/deanshipacademicaffairs\/wp-content\/uploads\/sites\/12\/2020\/03\/dkf_ofic_reg_6_permiso_especial.pdf\" target=\"_blank\" rel=\"noopener noreferrer\">Permiso Especial<\/a><\/li>\r\n<li><a href=\"https:\/\/rcm1.rcm.upr.edu\/deanshipacademicaffairs\/wp-content\/uploads\/sites\/12\/2022\/04\/Hoja-de-Baja.pdf\" target=\"_blank\" rel=\"noopener noreferrer\">Solicitud Baja de Curso<\/a><\/li>\r\n<li><a href=\"https:\/\/rcm1.rcm.upr.edu\/deanshipacademicaffairs\/wp-content\/uploads\/sites\/12\/2020\/03\/Solicitud-de-Certificacion-2018.pdf\" target=\"_blank\" rel=\"noopener noreferrer\">Solicitud de Certificaci\u00f3n<\/a><\/li>\r\n<li><a href=\"https:\/\/rcm1.rcm.upr.edu\/deanshipacademicaffairs\/wp-content\/uploads\/sites\/12\/2020\/11\/Guia-para-Solicitud-Cambio-de-Domicilio-Final-y-Solicitud.pdf\" target=\"_blank\" rel=\"noopener noreferrer\">Gu\u00eda para Solicitar Cambio de Domicilio y Solicitud<\/a><\/li>\r\n<li><a href=\"https:\/\/rcm1.rcm.upr.edu\/deanshipacademicaffairs\/wp-content\/uploads\/sites\/12\/2020\/03\/Solicitud-de-Graduacion-12-09-2018.pdf\" target=\"_blank\" rel=\"noopener noreferrer\">Solicitud de Graduaci\u00f3n<\/a><\/li>\r\n<li><a href=\"https:\/\/rcm1.rcm.upr.edu\/deanshipacademicaffairs\/wp-content\/uploads\/sites\/12\/2020\/03\/dkf_ofic_reg_4_solicitud_readmision.pdf\" target=\"_blank\" rel=\"noopener noreferrer\">Solicitud de Readmisi\u00f3n<\/a><\/li>\r\n<li><a href=\"https:\/\/rcm1.rcm.upr.edu\/deanshipacademicaffairs\/wp-content\/uploads\/sites\/12\/2020\/03\/dkf_ofic_reg_2_solicitud_reclasificacion.pdf\" target=\"_blank\" rel=\"noopener noreferrer\">Solicitud de Reclasificaci\u00f3n<\/a><\/li>\r\n<li><a href=\"https:\/\/rcm1.rcm.upr.edu\/deanshipacademicaffairs\/wp-content\/uploads\/sites\/12\/2020\/03\/dkf_ofic_reg_11_solicitud_estudiante_especial_universidades_privadas.pdf\" target=\"_blank\" rel=\"noopener noreferrer\">Solicitud Estudiante Especial de Universidad Privada<\/a><\/li>\r\n<li><a href=\"https:\/\/rcm1.rcm.upr.edu\/deanshipacademicaffairs\/wp-content\/uploads\/sites\/12\/2025\/08\/ManualRegistrador-2025.pdf\" target=\"_blank\" rel=\"noopener noreferrer\">Manual de Normas y Procedimientos del Registrador<\/a><\/li>\r\n<li><a href=\"https:\/\/sistemas2.rcm.upr.edu\/relevoestudiante\/\" target=\"_blank\" rel=\"noopener noreferrer\">Proceso Relevo Responsabilidad Estudiantil<\/a> (Recoger Diploma)<\/li>\r\n<li><a href=\"https:\/\/rcm1.rcm.upr.edu\/deanshipacademicaffairs\/wp-content\/uploads\/sites\/12\/2024\/02\/FORMA-PARA-RECOGER-DIPLOMA.pdf\">Forma para Recoger Diploma<\/a><\/li>\r\n<\/ul>\r\n<p>[\/vc_column_text][vc_empty_space][vc_column_text]<\/p>\r\n<div>\u00a0<\/div>\r\n<div class=\"x_x_ContentPasted5\">\r\n<div class=\"x_x_ContentPasted5\">\r\n<h3>Beneficios Educativos a Veteranos<\/h3>\r\n<\/div>\r\n<\/div>\r\n<ul>\r\n<li class=\"x_x_ContentPasted6 x_x_ContentPasted10 x_ContentPasted2\">La Universidad de Puerto Rico &#8211; Recinto de Ciencias M\u00e9dicas est\u00e1 aprobada por la\u00a0<span class=\"x_ContentPasted3\">Agencia Aprobadora de Servicios Educativos a Veteranos para proveer formaci\u00f3n acad\u00e9mica a los estudiantes bajo los diversos programas de\u00a0<\/span>GI Bill<sup class=\"x_ContentPasted2\">\u00ae<\/sup><span class=\"x_ContentPasted2\">.<\/span><span class=\"x_ContentPasted2\">\u00a0<\/span>\u00a0GI Bill<sup class=\"x_ContentPasted2\">\u00ae<\/sup><span class=\"x_ContentPasted2 x_ContentPasted4\">\u00a0es una marca registrada\u00a0del Departamento de Asuntos de Veteranos de EE. UU.\u00a0<\/span><\/li>\r\n<\/ul>\r\n<div>\r\n<div>\r\n<ul>\r\n<li class=\"x_x_ContentPasted8 x_x_ContentPasted9 x_ContentPasted2\">Para informaci\u00f3n sobre los beneficios de educaci\u00f3n y entrenamiento para veteranos, visite la p\u00e1gina electr\u00f3nica oficial del gobierno de los E.U. en la direcci\u00f3n\u00a0<a class=\"x_ContentPasted2\" title=\"Original URL: http:\/\/www.benefits.va.gov\/gibill. Click or tap if you trust this link.\" href=\"https:\/\/www.benefits.va.gov\/gibill\/\" target=\"_blank\" rel=\"noopener noreferrer\" data-auth=\"Verified\" data-loopstyle=\"link\" data-safelink=\"true\" data-linkindex=\"0\">www.benefits.va.gov\/gibill<\/a>.<\/li>\r\n<\/ul>\r\n<div>\r\n<ul>\r\n<li><a href=\"https:\/\/rcm1.rcm.upr.edu\/deanshipacademicaffairs\/wp-content\/uploads\/sites\/12\/2023\/03\/Cert-65-2002-CESPR-Protocolo-Estudiantes-Activos-Militares-1.pdf\"><span class=\"x_x_ContentPasted11 x_ContentPasted2\">Medidas de Protecci\u00f3n a los Estudiantes de Educaci\u00f3n Superior Activados por las Fuerzas Armadas de los E.U. y la Guardia Nacional de P.R.<\/span><\/a><span class=\"x_x_ContentPasted11\"><br class=\"x_ContentPasted2\" aria-hidden=\"true\" \/><\/span><\/li>\r\n<\/ul>\r\n<div>\r\n<ul>\r\n<li><a href=\"https:\/\/rcm1.rcm.upr.edu\/deanshipacademicaffairs\/wp-content\/uploads\/sites\/12\/2023\/03\/203-2007-Carta-Derechos-Veteranos-1.pdf\"><span class=\"x_x_ContentPasted11 x_x_ContentPasted13 x_ContentPasted2\">Carta de Derechos del Veterano Puertorrique\u00f1o del Siglo XXI<\/span><\/a><\/li>\r\n<\/ul>\r\n<\/div>\r\n<\/div>\r\n<\/div>\r\n<\/div>\r\n<h3>Personal de la Oficina<\/h3>\r\n<p>[\/vc_column_text][vc_empty_space][vc_column_text]<\/p>\r\n<h3>Cont\u00e1ctenos<\/h3>\r\n<p>[\/vc_column_text][vc_empty_space][vc_column_text]<\/p>\r\n<p><strong>Abelardo F. Mart\u00ednez<\/strong><\/p>\r\n<p><strong><em>Registrador<\/em><\/strong><\/p>\r\n<p>abelardo.martinez@upr.edu<\/p>\r\n<p><strong>Eva M. Cruz<\/strong><\/p>\r\n<p><em><strong>Registradora Auxiliar<\/strong><\/em><\/p>\r\n<p>\u00c1rea de Matr\u00edcula<\/p>\r\n<p>eva.cruz1@upr.edu<\/p>\r\n<p><strong>Ivonne A. Rubio<\/strong><\/p>\r\n<p><strong><em>Asistente de Administraci\u00f3n (Transcripciones de Cr\u00e9ditos)<\/em><\/strong><\/p>\r\n<p>ivonne.rubio@upr.edu<\/p>\r\n<p><strong>Joannie Fonseca<\/strong><\/p>\r\n<p><strong><em>Secretaria Administrativa (\u00c1rea de Grado)<\/em><\/strong><\/p>\r\n<p>787-758-2525 Extensi\u00f3n 5224<\/p>\r\n<p>joannie.fonseca@upr.edu<\/p>\r\n<p><strong>Glorimar L\u00f3pez<\/strong><\/p>\r\n<p><strong><em>Oficial de Anotaciones y Oficial de Veteranos (\u00c1rea de Grado)<\/em><\/strong><\/p>\r\n<p>glorimar.lopez3@upr.edu<\/p>\r\n<p><strong>Brenda L. Hern\u00e1ndez<\/strong><\/p>\r\n<p><strong><em>Oficial de Evaluaciones de Expedientes Acad\u00e9micos (\u00c1rea de Grado)<\/em><\/strong><\/p>\r\n<p>brenda.hernandez5@upr.edu<\/p>\r\n<p>[\/vc_column_text][vc_empty_space][vc_column_text]<\/p>\r\n<h3><b>Correo Electr\u00f3nico<\/b><\/h3>\r\n<p><span data-ogsc=\"rgb(0, 0, 0)\">registrador.rcm@upr.edu<\/span><\/p>\r\n<h3><!-- \/wp:post-content --><\/h3>\r\n<!-- wp:heading {\"level\":3} -->\r\n<h3>Fax<\/h3>\r\n<!-- \/wp:heading -->\r\n<p><!-- wp:paragraph -->787-756-7944<\/p>\r\n<h3>Direcci\u00f3n F\u00edsica<\/h3>\r\n<h3><!-- \/wp:paragraph --><\/h3>\r\n<p>Recinto de Ciencias M\u00e9dicas<br \/>Edificio Principal<br \/>Segundo Piso<br \/>Oficina B-227<\/p>\r\n<h3><!-- \/wp:paragraph --><\/h3>\r\n<h3><!-- wp:heading {\"level\":3} --><\/h3>\r\n<h3>\u00a0<\/h3>\r\n<h3>Direcci\u00f3n Postal<\/h3>\r\n<h3><!-- \/wp:heading --><\/h3>\r\n<p><!-- wp:paragraph -->Universidad dePuerto Rico<br \/>Recinto de Ciencias M\u00e9dicas<br \/>Oficina del Registrador<br \/>PO Box 365067<br \/>San Juan, Puerto Rico 00936-5067<\/p>\r\n<!-- wp:heading {\"level\":3} -->\r\n<h3><!-- \/wp:paragraph --><\/h3>\r\n<p>[\/vc_column_text][vc_empty_space height=&#8221;15px&#8221;][vc_column_text]<\/p>\r\n<h4><b>Certificaciones y Leyes Aplicables<\/b><\/h4>\r\n<p>[\/vc_column_text][vc_empty_space][vc_column_text]<\/p>\r\n<p><strong>Ley de Privacidad y Derechos Educativos de la Familia (FERPA)<\/strong><\/p>\r\n<p>Mejor conocida como la Enmienda Buckley, la Ley de Privacidad y Derechos Educativos de la Familia incorpora el concepto de proteger la confidencialidad de la informaci\u00f3n acad\u00e9mica de los estudiantes (desde la escuela primaria hasta la universidad). Proporciona los mecanismos para hacer valer estos derechos de privacidad y las correspondientes excepciones, as\u00ed como los procesos de acceso y revisi\u00f3n de los estudiantes a su informaci\u00f3n acad\u00e9mica y personal. Su cumplimiento es obligatorio para todas las instituciones que reciben fondos federales directos e indirectos. Vigente desde 1976, se hace efectivo a trav\u00e9s del reglamento emitido por el Departamento Federal de Educaci\u00f3n y la interpretaci\u00f3n de la oficina de cumplimiento correspondiente.<\/p>\r\n<div>\u00a0<\/div>\r\n<div>PL 93-568 17 de junio de 1976<\/div>\r\n<div>\u00a0<\/div>\r\n<p>34 CFR 99 y siguientes enlaces:<\/p>\r\n<ul>\r\n<li style=\"list-style-type: none;\">\r\n<ul>\r\n<li><a href=\"https:\/\/www2.ed.gov\/policy\/gen\/guid\/fpco\/ferpa\/index.html\" target=\"_blank\" rel=\"noopener\">Ley de Privacidad y Derechos Educativos de la Familia (FERPA)<\/a><\/li>\r\n<\/ul>\r\n<\/li>\r\n<\/ul>\r\n<ul>\r\n<li style=\"list-style-type: none;\">\r\n<ul>\r\n<li><a href=\"https:\/\/study.com\/academy\/lesson\/family-policy-compliance-office-fpco-duties-authority.html\" target=\"_blank\" rel=\"noopener\">Oficina de Cumplimiento de Pol\u00edticas Familiares (FPCO)<\/a><\/li>\r\n<\/ul>\r\n<\/li>\r\n<\/ul>\r\n<p>Para m\u00e1s informaci\u00f3n puede enviar un correo electr\u00f3nico a: <b>ferpa@ed.gov<\/b><\/p>\r\n<p>[\/vc_column_text][\/vc_column][\/vc_row]<\/p><\/div>","protected":false},"excerpt":{"rendered":"<p>[vc_row][vc_column][vc_column_text] Recursos [\/vc_column_text][vc_empty_space height=&#8221;20px&#8221;][vc_column_text] Instrucciones para Pre-Matr\u00edcula Tercer Trimestre 2022-2023 Solicitud de Transcripci\u00f3n en L\u00ednea Calendario Acad\u00e9mico Calendario Acad\u00e9mico 2021-2022 Calendario Acad\u00e9mico 2022-2023 Calendario Acad\u00e9mico 2023-2024 Calendario Acad\u00e9mico 2024-2025 Disposiciones de la Ley FERPA [\/vc_column_text][vc_empty_space][vc_column_text] Documentos y Formularios [\/vc_column_text][vc_empty_space height=&#8221;20px&#8221;][vc_column_text css=&#8221;&#8221;] Actualizaci\u00f3n Datos Estudiante Permiso Especial Solicitud Baja de Curso Solicitud de Certificaci\u00f3n Gu\u00eda para&hellip;<\/p>\n","protected":false},"author":1,"featured_media":0,"parent":0,"menu_order":0,"comment_status":"closed","ping_status":"closed","template":"template-microsite.php","meta":{"footnotes":""},"class_list":["post-2203","page","type-page","status-publish","hentry","description-off"],"aioseo_notices":[],"_links":{"self":[{"href":"https:\/\/rcm1.rcm.upr.edu\/deanshipacademicaffairs\/wp-json\/wp\/v2\/pages\/2203","targetHints":{"allow":["GET"]}}],"collection":[{"href":"https:\/\/rcm1.rcm.upr.edu\/deanshipacademicaffairs\/wp-json\/wp\/v2\/pages"}],"about":[{"href":"https:\/\/rcm1.rcm.upr.edu\/deanshipacademicaffairs\/wp-json\/wp\/v2\/types\/page"}],"author":[{"embeddable":true,"href":"https:\/\/rcm1.rcm.upr.edu\/deanshipacademicaffairs\/wp-json\/wp\/v2\/users\/1"}],"replies":[{"embeddable":true,"href":"https:\/\/rcm1.rcm.upr.edu\/deanshipacademicaffairs\/wp-json\/wp\/v2\/comments?post=2203"}],"version-history":[{"count":8,"href":"https:\/\/rcm1.rcm.upr.edu\/deanshipacademicaffairs\/wp-json\/wp\/v2\/pages\/2203\/revisions"}],"predecessor-version":[{"id":4154,"href":"https:\/\/rcm1.rcm.upr.edu\/deanshipacademicaffairs\/wp-json\/wp\/v2\/pages\/2203\/revisions\/4154"}],"wp:attachment":[{"href":"https:\/\/rcm1.rcm.upr.edu\/deanshipacademicaffairs\/wp-json\/wp\/v2\/media?parent=2203"}],"curies":[{"name":"wp","href":"https:\/\/api.w.org\/{rel}","templated":true}]}}