{"id":241,"date":"2020-03-02T03:37:39","date_gmt":"2020-03-02T03:37:39","guid":{"rendered":"http:\/\/daa.rcm.upr.edu\/?page_id=241"},"modified":"2025-07-29T14:52:45","modified_gmt":"2025-07-29T14:52:45","slug":"resources","status":"publish","type":"page","link":"https:\/\/rcm1.rcm.upr.edu\/deanshipacademicaffairs\/resources\/","title":{"rendered":"Resources"},"content":{"rendered":"<div class=\"wpb-content-wrapper\"><p>[vc_row][vc_column][vc_column_text css=&#8221;&#8221;]<strong>Bulletins\/Manuals<\/strong><\/p>\n<table style=\"height: 277px;\" width=\"1010\">\n<tbody>\n<tr>\n<td>\n<ul>\n<li><a style=\"color: #005177;\" href=\"https:\/\/rcm2.rcm.upr.edu\/wp-content\/uploads\/2023\/06\/UPR-MSC-CATALOG-2021-2024-Rev-March-2023.pdf\" target=\"_blank\" rel=\"noopener\">MSC Academic Catalog<\/a><\/li>\n<\/ul>\n<\/td>\n<\/tr>\n<tr>\n<td>\n<ul>\n<li><a style=\"color: #005177;\" href=\"https:\/\/rcm1.rcm.upr.edu\/deanshipacademicaffairs\/wp-content\/uploads\/sites\/12\/2021\/11\/Manual-del-Docente-2021-24.pdf\" target=\"_blank\" rel=\"noreferrer noopener\" aria-label=\" (opens in a new tab)\">MSC Faculty Manual<\/a><\/li>\n<\/ul>\n<\/td>\n<\/tr>\n<tr>\n<td>\n<ul>\n<li><a style=\"color: #005177;\" href=\"https:\/\/rcm1.rcm.upr.edu\/deanshipacademicaffairs\/download\/msc-registrar-manual\/?wpdmdl=4138&amp;refresh=686bb76f071e31751889775\" target=\"_blank\" rel=\"noreferrer noopener\" aria-label=\" (opens in a new tab)\">MSC Registrar Manual<\/a><\/li>\n<\/ul>\n<\/td>\n<\/tr>\n<tr>\n<td>\n<ul>\n<li><a style=\"color: #005177;\" href=\"https:\/\/rcm1.rcm.upr.edu\/deanshipacademicaffairs\/wp-content\/uploads\/sites\/12\/2021\/03\/Anejo25-Norma-Acad-Exams-Remotos-RCM-AprobSA-marzo2021.pdf\" target=\"_blank\" rel=\"noopener noreferrer\">Norma Acad\u00e9mica para la Implementaci\u00f3n y Uso de las Herramientas para el Ofrecimiento y Monitoreo de Ex\u00e1menes Remotos<\/a><\/li>\n<\/ul>\n<\/td>\n<\/tr>\n<tr>\n<td>\n<ul>\n<li><a style=\"color: #005177;\" href=\"https:\/\/rcm1.rcm.upr.edu\/deanshipacademicaffairs\/wp-content\/uploads\/sites\/12\/2021\/05\/Guias-Ofrecimientos-Examenes-Remotos-RCM-DAA-10-mayo-2021.pdf\" target=\"_blank\" rel=\"noopener noreferrer\">Gu\u00edas para el ofrecimiento y monitoreo de ex\u00e1menes remotos a trav\u00e9s de Respondus Lockdown, Respondus Monitor, Live Proctoring y Examsoft<\/a><\/li>\n<\/ul>\n<\/td>\n<\/tr>\n<tr>\n<td>\n<ul>\n<li><a href=\"https:\/\/rcm1.rcm.upr.edu\/calendario-academico\/\">Academic Calendar<\/a><\/li>\n<\/ul>\n<\/td>\n<\/tr>\n<\/tbody>\n<\/table>\n<p>[\/vc_column_text][vc_empty_space][vc_column_text css=&#8221;&#8221;]<strong>Institutional Assessment Documents<\/strong><\/p>\n<table style=\"height: 243px;\" width=\"1010\">\n<tbody>\n<tr>\n<td>\n<ul>\n<li><a style=\"color: #005177;\" href=\"https:\/\/rcm1.rcm.upr.edu\/deanshipacademicaffairs\/wp-content\/uploads\/sites\/12\/2021\/03\/Anejo11-Institutional-Assessment-Plan-MSC-2017_22.pdf\" target=\"_blank\" rel=\"noopener noreferrer\">Institutional Assessment Plan MSC 2017-2022<\/a><\/li>\n<\/ul>\n<\/td>\n<\/tr>\n<tr>\n<td>\n<ul>\n<li><a href=\"https:\/\/rcm1.rcm.upr.edu\/deanshipacademicaffairs\/wp-content\/uploads\/sites\/12\/2024\/05\/plan-estrategico-upr-2023-2028.pdf\">UPR Strategic Plan 2023-2028<\/a><\/li>\n<li><a style=\"color: #005177;\" href=\"https:\/\/rcm1.rcm.upr.edu\/deanshipacademicaffairs\/wp-content\/uploads\/sites\/12\/2023\/05\/PLAN-ESTRATEGICO-UPR-2017-2022.pdf\" target=\"_blank\" rel=\"noreferrer noopener\">UPR Strategic Plan 2017-2022<\/a><\/li>\n<\/ul>\n<\/td>\n<\/tr>\n<tr>\n<td>\n<ul>\n<li><a href=\"https:\/\/rcm1.rcm.upr.edu\/download\/plan-estrategico-rcm-2024-29\/?wpdmdl=19240\"><i>MSC Strategic Plan 2024-2029<\/i><\/a><\/li>\n<li><a style=\"color: #005177;\" href=\"https:\/\/rcm1.rcm.upr.edu\/deanshipacademicaffairs\/wp-content\/uploads\/sites\/12\/2023\/05\/Plan-Estrategico-RCM-UPR-2017-2022-Rev-Cert-079-2016-17-SA-Ext.pdf\" target=\"_blank\" rel=\"noreferrer noopener\">MSC Strategic Plan 2017-2022<\/a>\n<ul>\n<li><a href=\"https:\/\/rcm1.rcm.upr.edu\/deanshipacademicaffairs\/wp-content\/uploads\/sites\/12\/2023\/04\/RESUMEN-Plan-Estrategico-RCM-UPR-2017-2022.pdf\" target=\"_blank\" rel=\"noreferrer noopener\">MSC Strategic Plan 2017-2022 Summary<\/a><\/li>\n<\/ul>\n<\/li>\n<\/ul>\n<\/td>\n<\/tr>\n<tr>\n<td>\n<ul>\n<li><a style=\"color: #005177;\" href=\"https:\/\/coia.rcm.upr.edu\/dashboard\/\" target=\"_blank\" rel=\"noreferrer noopener\">Dashboard\u00a0<\/a><a href=\"https:\/\/coia.rcm.upr.edu\/dashboard\/\" target=\"_blank\" rel=\"noreferrer noopener\">Institutional Effectiveness Results<\/a><\/li>\n<\/ul>\n<\/td>\n<\/tr>\n<\/tbody>\n<\/table>\n<p>[\/vc_column_text][vc_empty_space][vc_column_text css=&#8221;&#8221;]<strong>Policies<\/strong><\/p>\n<table style=\"height: 328px;\" width=\"1010\">\n<tbody>\n<tr>\n<td>\n<ul>\n<li><a style=\"color: #005177;\" href=\"https:\/\/rcm1.rcm.upr.edu\/deanshipacademicaffairs\/wp-content\/uploads\/sites\/12\/2021\/11\/Transfer-Credit-Policies-Guidelines-RevSept2021.Final_.pdf\" target=\"_blank\" rel=\"noreferrer noopener\" aria-label=\" (opens in a new tab)\">MSC Transfer Credit Policy and Guidelines<\/a><\/li>\n<\/ul>\n<\/td>\n<\/tr>\n<tr>\n<td>\n<ul>\n<li><a style=\"color: #005177;\" href=\"https:\/\/rcm1.rcm.upr.edu\/deanshipacademicaffairs\/wp-content\/uploads\/sites\/12\/2021\/06\/MSC-UPR-Credit-Hour-Policy-CIPE-Jun072021.pdf\" target=\"_blank\" rel=\"noreferrer noopener\">MSC Credit Hour Policy<\/a><\/li>\n<\/ul>\n<\/td>\n<\/tr>\n<tr>\n<td>\n<ul>\n<li><a style=\"color: #005177;\" href=\"https:\/\/rcm1.rcm.upr.edu\/deanshipacademicaffairs\/wp-content\/uploads\/sites\/12\/2020\/04\/11-REGLAMENTO-CIPE-1997.pdf\" target=\"_blank\" rel=\"noreferrer noopener\">By-laws Council on Academic Planning and Integration<\/a><\/li>\n<\/ul>\n<\/td>\n<\/tr>\n<tr>\n<td>\n<ul>\n<li><a style=\"color: #005177;\" href=\"https:\/\/rcm1.rcm.upr.edu\/deanshipacademicaffairs\/download\/reglamento-para-el-licenciamiento-de-instituciones-de-educacion-postsecundaria-en-puerto-rico\/\" target=\"_blank\" rel=\"noreferrer noopener\" aria-label=\" (opens in a new tab)\">Puerto Rico council of Education By-laws (CEPR N\u00fam. 8265, 2012)<\/a><\/li>\n<\/ul>\n<\/td>\n<\/tr>\n<tr>\n<td>\n<ul>\n<li><a style=\"color: #005177;\" href=\"https:\/\/rcm1.rcm.upr.edu\/deanshipacademicaffairs\/wp-content\/uploads\/sites\/12\/2020\/04\/13-119-2014-2015.pdf\" target=\"_blank\" rel=\"noreferrer noopener\" aria-label=\" (opens in a new tab)\">Pol\u00edtica de la UPR sobre la Procuradur\u00eda Estudiantil (Cert. JG 119, 2014-2015)<\/a><\/li>\n<\/ul>\n<\/td>\n<\/tr>\n<tr>\n<td>\n<ul>\n<li><a style=\"color: #005177;\" href=\"https:\/\/rcm1.rcm.upr.edu\/deanshipacademicaffairs\/wp-content\/uploads\/sites\/12\/2020\/03\/Cert_033_2007-2008_SA_RCM.pdf\" target=\"_blank\" rel=\"noreferrer noopener\" aria-label=\" (opens in a new tab)\">Pol\u00edtica sobre el aval\u00fao de la efectividad institucional del RCM<\/a><\/li>\n<\/ul>\n<\/td>\n<\/tr>\n<tr>\n<td>\n<ul>\n<li><a style=\"color: #005177;\" href=\"https:\/\/rcm2.rcm.upr.edu\/wp-content\/uploads\/2021\/10\/Student-Identity-Verification-in-Distance-and-Correspondance-Education.pdf\" target=\"_blank\" rel=\"noreferrer noopener\" aria-label=\" (opens in a new tab)\">Policy for Student Identity verification in Distance and Correspondence Education<br \/>\n<\/a><\/li>\n<\/ul>\n<\/td>\n<\/tr>\n<\/tbody>\n<\/table>\n<p>[\/vc_column_text][vc_empty_space][vc_column_text css=&#8221;&#8221;]<b>Guidelines, Policies and Regulations<\/b><\/p>\n<ul>\n<li><a href=\"https:\/\/rcm1.rcm.upr.edu\/deanshipacademicaffairs\/wp-content\/uploads\/sites\/12\/2025\/07\/RCM-OfertaHabil-2025-rev-WCR-20sep24.pdf\">Oferta H\u00e1bil 2025 RCM<\/a><\/li>\n<li><a style=\"color: #005177;\" href=\"https:\/\/rcm1.rcm.upr.edu\/deanshipacademicaffairs\/wp-content\/uploads\/sites\/12\/2021\/03\/Oferta-Habil-RCM-2021.pdf\" target=\"_blank\" rel=\"noopener noreferrer\">Oferta H\u00e1bil 2021 RCM<\/a><\/li>\n<li><a style=\"color: #005177;\" href=\"https:\/\/rcm1.rcm.upr.edu\/download\/renewal-license-to-university-of-puerto-rico\/\">Renewal License to University of Puerto Rico<\/a><\/li>\n<li><a style=\"color: #005177;\" href=\"https:\/\/rcm1.rcm.upr.edu\/deanshipacademicaffairs\/wp-content\/uploads\/sites\/12\/2024\/04\/125-2023-2024-JG-Enmienda-Cert-33-2020-21.pdf\" target=\"_blank\" rel=\"noopener noreferrer\">Gu\u00eda para la creaci\u00f3n uniforme y el registro de cursos en la Universidad de Puerto Rico<\/a><\/li>\n<li><a style=\"color: #005177;\" href=\"https:\/\/rcm1.rcm.upr.edu\/deanshipacademicaffairs\/wp-content\/uploads\/sites\/12\/2020\/04\/18-43-2019-2020-JG-PolInstProgTraslado.pdf\">Pol\u00edtica institucional sobre programas de traslado y movimiento de estudiante entre unidades de la Universidad de Puerto Rico<\/a><\/li>\n<li><a href=\"https:\/\/rcm1.rcm.upr.edu\/deanshipacademicaffairs\/wp-content\/uploads\/sites\/12\/2020\/04\/19-44-2019-2020-JG-PolSegundosBaContrac.pdf\">Pol\u00edtica de segundos bachilleratos, segundas concentraciones o especialidades, concentraciones menores y certificaciones profesionales en la Universidad de Puerto Rico<\/a><\/li>\n<li><a style=\"color: #005177;\" href=\"https:\/\/rcm1.rcm.upr.edu\/deanshipacademicaffairs\/wp-content\/uploads\/sites\/12\/2020\/04\/20-GUIA-PoliticaSegundosBachilleratos-Cert44-JG-edt.pdf\">Gu\u00eda para la implantaci\u00f3n de la pol\u00edtica de segundos bachilleratos, segundas concentraciones o especialidades, concentraciones menores y certificaciones profesionales en la Universidad de Puerto Rico<\/a><\/li>\n<li><a style=\"color: #005177;\" href=\"https:\/\/rcm1.rcm.upr.edu\/deanshipacademicaffairs\/wp-content\/uploads\/sites\/12\/2020\/04\/21-45-2019-2020-JG-EvalProgramas.pdf\">Reglamento para la evaluaci\u00f3n peri\u00f3dica de programas acad\u00e9micos en la Universidad de Puerto Rico<\/a><\/li>\n<li><a style=\"color: #005177;\" href=\"https:\/\/rcm1.rcm.upr.edu\/deanshipacademicaffairs\/wp-content\/uploads\/sites\/12\/2020\/04\/22-GuiaEvaluacionProgAcadUPR-Cert-45-JG.pdf\">Gu\u00eda para la evaluaci\u00f3n de programas acad\u00e9micos en la Universidad de Puerto Rico<\/a><\/li>\n<li><a style=\"color: #005177;\" href=\"https:\/\/rcm1.rcm.upr.edu\/deanshipacademicaffairs\/wp-content\/uploads\/sites\/12\/2025\/02\/Cert_67_JG_Reglamento_Creacion_Prog_Acad_Nuevos_UPR.pdf\">Reglamento para la creaci\u00f3n de programas acad\u00e9micos nuevos de la Universidad de Puerto Rico<\/a>\n<ul>\n<li><a href=\"https:\/\/rcm1.rcm.upr.edu\/deanshipacademicaffairs\/wp-content\/uploads\/sites\/12\/2021\/03\/Anejo17-32-2020-2021-Enmiendas-Cert-64-2018-19.pdf\" target=\"_blank\" rel=\"noopener noreferrer\">Enmiendas Reglamento para la Creaci\u00f3n de Programas Acad\u00e9micos Nuevos de la Universidad de Puerto Rico<\/a><\/li>\n<\/ul>\n<\/li>\n<li><a style=\"color: #005177;\" href=\"https:\/\/rcm1.rcm.upr.edu\/deanshipacademicaffairs\/wp-content\/uploads\/sites\/12\/2024\/08\/Sistema-Codificacion-Uniforme-Cursos.pdf\" target=\"_blank\" rel=\"noopener noreferrer\">Sistema para la Codificaci\u00f3n Uniforme de Cursos<\/a><\/li>\n<li><a style=\"color: #005177;\" href=\"https:\/\/rcm1.rcm.upr.edu\/deanshipacademicaffairs\/wp-content\/uploads\/sites\/12\/2025\/07\/Conceptualizacion_Prontuario_Curso.pdf\" target=\"_blank\" rel=\"noopener noreferrer\">Componentes para la Creaci\u00f3n del Prontuario de un Curso<\/a><\/li>\n<li><a style=\"color: #005177;\" href=\"https:\/\/rcm1.rcm.upr.edu\/deanshipacademicaffairs\/wp-content\/uploads\/sites\/12\/2020\/04\/24-Carta-Intencion-PROP-ProgAcadNuevo-UPR.pdf\">Carta de intenci\u00f3n previo a redactar propuestas para la creaci\u00f3n de programas acad\u00e9micos nuevos en la UPR<\/a><\/li>\n<li><a href=\"https:\/\/rcm1.rcm.upr.edu\/deanshipacademicaffairs\/wp-content\/uploads\/sites\/12\/2020\/04\/25-Guia-ProgAcadNuevos-Cert-64-18-19-JG_23-feb-2019.pdf\">Gu\u00eda para la redacci\u00f3n de propuestas para el establecimiento de programas acad\u00e9micos nuevos En la Universidad de Puerto Rico<\/a><\/li>\n<li><a style=\"color: #005177;\" href=\"https:\/\/rcm1.rcm.upr.edu\/deanshipacademicaffairs\/wp-content\/uploads\/sites\/12\/2020\/04\/26-Guia-Propuestas-Metodos-no-Convencionales-dic2019.pdf\">Gu\u00eda para la preparaci\u00f3n de propuestas para la oferta de programas acad\u00e9micos existentes mediante m\u00e9todos no convencionales de la Universidad de Puerto Rico<\/a><\/li>\n<li><a style=\"color: #005177;\" href=\"https:\/\/rcm1.rcm.upr.edu\/deanshipacademicaffairs\/wp-content\/uploads\/sites\/12\/2020\/04\/27-GuiaGeneralPropCambioAcad-vFNL-ene2020.pdf\">Gu\u00eda general para la preparaci\u00f3n y tr\u00e1mite de propuestas de cambio acad\u00e9mico en la Universidad de Puerto Rico<\/a><\/li>\n<li><a style=\"color: #005177;\" href=\"https:\/\/rcm1.rcm.upr.edu\/deanshipacademicaffairs\/wp-content\/uploads\/sites\/12\/2020\/04\/28-HojaCotejo-PropProfAcadNuevo-23feb19.pdf\">Hoja de cotejo y autocotejo para la evaluaci\u00f3n de propuestas para el establecimiento de programas acad\u00e9micos nuevos<\/a><\/li>\n<li><a style=\"color: #005177;\" href=\"https:\/\/rcm1.rcm.upr.edu\/deanshipacademicaffairs\/wp-content\/uploads\/sites\/12\/2020\/04\/29-GuiaDescontinReactivOfrecimAcadUPR-VPAAI-dic2019.pdf\">Gu\u00eda para la descontinuaci\u00f3n y reactivaci\u00f3n de ofrecimientos acad\u00e9micos en la Universidad de Puerto Rico<\/a><\/li>\n<li><a href=\"https:\/\/rcm1.rcm.upr.edu\/deanshipacademicaffairs\/wp-content\/uploads\/sites\/12\/2025\/02\/Cert_66_JG_Politica_Uso_IA_UPR.pdf\">Pol\u00edtica de Uso de Inteligencia Artificial en la Universidad de Puerto Rico<\/a><\/li>\n<li><a href=\"https:\/\/rcm1.rcm.upr.edu\/deanshipacademicaffairs\/wp-content\/uploads\/sites\/12\/2025\/07\/Cert-030-2024-25-SA-RCM.pdf\">Normativa de Educaci\u00f3n a Distancia del Recinto de Ciencias M\u00e9dicas (Certificaci\u00f3n 030 SA-RCM 2024-2025)<\/a><\/li>\n<li><a href=\"https:\/\/rcm1.rcm.upr.edu\/deanshipacademicaffairs\/wp-content\/uploads\/sites\/12\/2025\/07\/Certf_JG_56_2023-24_Politica_IA.pdf\">Pol\u00edtica de Uso de la Inteligencia Artificial en la Universidad de Puerto Rico (Certificaci\u00f3n 56 JG 2024-2025)<\/a><\/li>\n<\/ul>\n<p>[\/vc_column_text][vc_empty_space][vc_column_text css=&#8221;&#8221;]<b>Forms<\/b><\/p>\n<table>\n<tbody>\n<tr>\n<td>\n<ul>\n<li><a style=\"color: #005177;\" href=\"https:\/\/rcm1.rcm.upr.edu\/deanshipacademicaffairs\/wp-content\/uploads\/sites\/12\/2024\/08\/ANEJO_4_Solicitud_Creacion_Codif_Unif_Registro_Cursos_Ajustado_ODA-F.pdf\" target=\"_blank\" rel=\"noopener noreferrer\">Solicitud de creaci\u00f3n, codificaci\u00f3n uniforme y registro de cursos<\/a><\/li>\n<\/ul>\n<\/td>\n<\/tr>\n<tr>\n<td>\n<ul>\n<li><a style=\"color: #005177;\" href=\"https:\/\/rcm1.rcm.upr.edu\/deanshipacademicaffairs\/wp-content\/uploads\/sites\/12\/2024\/10\/ANEJO_5_Solicitud_CAMBIO_Cursos_Regisrados_REV_DAA_ODA_Final.pdf\" target=\"_blank\" rel=\"noopener noreferrer\">Solicitud de cambios en cursos registrados<\/a><\/li>\n<\/ul>\n<\/td>\n<\/tr>\n<tr>\n<td>\n<ul>\n<li><a href=\"https:\/\/rcm1.rcm.upr.edu\/deanshipacademicaffairs\/wp-content\/uploads\/sites\/12\/2024\/08\/ANEJO-7-Solicitud-REACTIVAR-Cursos-Regisrados-REV-DAA-ODA-F.pdf\" target=\"_blank\" rel=\"noopener noreferrer\">Solicitud para reactivar cursos registrados<\/a><\/li>\n<\/ul>\n<\/td>\n<\/tr>\n<tr>\n<td>\n<ul>\n<li><a style=\"color: #005177;\" href=\"https:\/\/rcm1.rcm.upr.edu\/deanshipacademicaffairs\/wp-content\/uploads\/sites\/12\/2024\/08\/ANEJO-6-Solicitud-INACTIVAR-Cursos-Regisrados-REV-DAA-ODA-F.pdf\" target=\"_blank\" rel=\"noopener noreferrer\">Solicitud para inactivar cursos registrados<\/a><\/li>\n<\/ul>\n<\/td>\n<\/tr>\n<tr>\n<td>\n<ul>\n<li><a href=\"https:\/\/rcm1.rcm.upr.edu\/deanshipacademicaffairs\/wp-content\/uploads\/sites\/12\/2025\/07\/ANEJO_3AB_Modelo_Prontuario_Curso_Presencial-Linea-RCM-Espanol-ingles.pdf\">Modelo de prontuario curso presencial en espa\u00f1ol e ingl\u00e9s<\/a><\/li>\n<\/ul>\n<\/td>\n<\/tr>\n<tr>\n<td>\n<ul>\n<li><a href=\"https:\/\/rcm1.rcm.upr.edu\/deanshipacademicaffairs\/wp-content\/uploads\/sites\/12\/2025\/07\/ANEJO_3CD_Modelo_Prontuario_Curso_Hibrido-Mutimodal-RCM-Espanol_Ingles.pdf\">Modelo de prontuario cursos a distancia en espa\u00f1ol e ingl\u00e9s<\/a><\/li>\n<\/ul>\n<\/td>\n<\/tr>\n<tr>\n<td>\n<ul>\n<li><a href=\"https:\/\/rcm1.rcm.upr.edu\/deanshipacademicaffairs\/wp-content\/uploads\/sites\/12\/2025\/07\/Clausulas-Prontuario-RCM_Cert-125-2023-24-JG-Rev_nov-24-CIPE.pdf\">Cl\u00e1usulas Atemperadas a la Certificaci\u00f3n JG 125 2023-2024<\/a><\/li>\n<\/ul>\n<\/td>\n<\/tr>\n<\/tbody>\n<\/table>\n<p>[\/vc_column_text][\/vc_column][\/vc_row]<\/p>\n<\/div>","protected":false},"excerpt":{"rendered":"<p>[vc_row][vc_column][vc_column_text css=&#8221;&#8221;]Bulletins\/Manuals MSC Academic Catalog MSC Faculty Manual MSC Registrar Manual Norma Acad\u00e9mica para la Implementaci\u00f3n y Uso de las Herramientas para el Ofrecimiento y Monitoreo de Ex\u00e1menes Remotos Gu\u00edas para el ofrecimiento y monitoreo de ex\u00e1menes remotos a trav\u00e9s de Respondus Lockdown, Respondus Monitor, Live Proctoring y Examsoft Academic Calendar [\/vc_column_text][vc_empty_space][vc_column_text css=&#8221;&#8221;]Institutional Assessment Documents&hellip;<\/p>\n","protected":false},"author":1,"featured_media":0,"parent":0,"menu_order":0,"comment_status":"closed","ping_status":"closed","template":"template-microsite.php","meta":{"footnotes":""},"class_list":["post-241","page","type-page","status-publish","hentry","description-off"],"aioseo_notices":[],"_links":{"self":[{"href":"https:\/\/rcm1.rcm.upr.edu\/deanshipacademicaffairs\/wp-json\/wp\/v2\/pages\/241","targetHints":{"allow":["GET"]}}],"collection":[{"href":"https:\/\/rcm1.rcm.upr.edu\/deanshipacademicaffairs\/wp-json\/wp\/v2\/pages"}],"about":[{"href":"https:\/\/rcm1.rcm.upr.edu\/deanshipacademicaffairs\/wp-json\/wp\/v2\/types\/page"}],"author":[{"embeddable":true,"href":"https:\/\/rcm1.rcm.upr.edu\/deanshipacademicaffairs\/wp-json\/wp\/v2\/users\/1"}],"replies":[{"embeddable":true,"href":"https:\/\/rcm1.rcm.upr.edu\/deanshipacademicaffairs\/wp-json\/wp\/v2\/comments?post=241"}],"version-history":[{"count":22,"href":"https:\/\/rcm1.rcm.upr.edu\/deanshipacademicaffairs\/wp-json\/wp\/v2\/pages\/241\/revisions"}],"predecessor-version":[{"id":4151,"href":"https:\/\/rcm1.rcm.upr.edu\/deanshipacademicaffairs\/wp-json\/wp\/v2\/pages\/241\/revisions\/4151"}],"wp:attachment":[{"href":"https:\/\/rcm1.rcm.upr.edu\/deanshipacademicaffairs\/wp-json\/wp\/v2\/media?parent=241"}],"curies":[{"name":"wp","href":"https:\/\/api.w.org\/{rel}","templated":true}]}}