{"id":34,"date":"2016-02-16T19:35:53","date_gmt":"2016-02-16T19:35:53","guid":{"rendered":"http:\/\/127.0.0.1\/rcm\/daa\/personnel\/"},"modified":"2025-02-21T20:31:20","modified_gmt":"2025-02-21T20:31:20","slug":"office-of-the-dean","status":"publish","type":"page","link":"https:\/\/rcm1.rcm.upr.edu\/deanshipacademicaffairs\/office-of-the-dean\/","title":{"rendered":"Office of the Dean"},"content":{"rendered":"<div class=\"wpb-content-wrapper\"><p>[vc_row][vc_column][vc_column_text css=&#8221;&#8221;]Yasm\u00edn Pedrogo Rodr\u00edguez, MD, FAAP, MEdL<br \/>\n<strong>Dean<\/strong><br \/>\n<a href=\"mailto:decano-asuntosacademicos.rcm@upr.edu\">decano-asuntosacademicos.rcm@upr.edu<\/a><\/p>\n<p>Wanda I. Col\u00f3n Ram\u00edrez, , Ph.D., MS., OTR\/L<br \/>\n<strong>Associate Dean<\/strong><br \/>\n<a href=\"mailto:wanda.colon4@upr.edu\">wanda.colon4@upr.edu<\/a>[\/vc_column_text][vc_column_text css=&#8221;&#8221;]<strong>Mrs. Irisely L\u00f3pez Ramos<\/strong><br \/>\n<strong><em>Secretary<\/em><\/strong><br \/>\n<a href=\"mailto:irisely.lopez1@upr.edu\">irisely.lopez1@upr.edu<\/a><br \/>\n787-758-2525 x 1720, 1717[\/vc_column_text][vc_empty_space][vc_column_text css=&#8221;.vc_custom_1621340991005{margin-bottom: 40px !important;}&#8221;]<strong>Phone:<\/strong>\u00a0787-758-2525<\/p>\n<p style=\"text-align: left;\"><strong>Fax:<\/strong>\u00a0787-758-2556<\/p>\n<p style=\"text-align: left;\"><strong>Physical Address:<\/strong><br \/>\nOffice #A756<br \/>\n7th Floor<br \/>\nDr. Jos\u00e9\u00a0Guillermo Arbona Building (main building)<\/p>\n<p>[\/vc_column_text][\/vc_column][\/vc_row]<\/p>\n<\/div>","protected":false},"excerpt":{"rendered":"<p>[vc_row][vc_column][vc_column_text css=&#8221;&#8221;]Yasm\u00edn Pedrogo Rodr\u00edguez, MD, FAAP, MEdL Dean decano-asuntosacademicos.rcm@upr.edu Wanda I. Col\u00f3n Ram\u00edrez, , Ph.D., MS., OTR\/L Associate Dean wanda.colon4@upr.edu[\/vc_column_text][vc_column_text css=&#8221;&#8221;]Mrs. Irisely L\u00f3pez Ramos Secretary irisely.lopez1@upr.edu 787-758-2525 x 1720, 1717[\/vc_column_text][vc_empty_space][vc_column_text css=&#8221;.vc_custom_1621340991005{margin-bottom: 40px !important;}&#8221;]Phone:\u00a0787-758-2525 Fax:\u00a0787-758-2556 Physical Address: Office #A756 7th Floor Dr. Jos\u00e9\u00a0Guillermo Arbona Building (main building) [\/vc_column_text][\/vc_column][\/vc_row]<\/p>\n","protected":false},"author":1,"featured_media":0,"parent":0,"menu_order":0,"comment_status":"closed","ping_status":"closed","template":"template-microsite.php","meta":{"footnotes":""},"class_list":["post-34","page","type-page","status-publish","hentry","description-off"],"aioseo_notices":[],"_links":{"self":[{"href":"https:\/\/rcm1.rcm.upr.edu\/deanshipacademicaffairs\/wp-json\/wp\/v2\/pages\/34","targetHints":{"allow":["GET"]}}],"collection":[{"href":"https:\/\/rcm1.rcm.upr.edu\/deanshipacademicaffairs\/wp-json\/wp\/v2\/pages"}],"about":[{"href":"https:\/\/rcm1.rcm.upr.edu\/deanshipacademicaffairs\/wp-json\/wp\/v2\/types\/page"}],"author":[{"embeddable":true,"href":"https:\/\/rcm1.rcm.upr.edu\/deanshipacademicaffairs\/wp-json\/wp\/v2\/users\/1"}],"replies":[{"embeddable":true,"href":"https:\/\/rcm1.rcm.upr.edu\/deanshipacademicaffairs\/wp-json\/wp\/v2\/comments?post=34"}],"version-history":[{"count":2,"href":"https:\/\/rcm1.rcm.upr.edu\/deanshipacademicaffairs\/wp-json\/wp\/v2\/pages\/34\/revisions"}],"predecessor-version":[{"id":4036,"href":"https:\/\/rcm1.rcm.upr.edu\/deanshipacademicaffairs\/wp-json\/wp\/v2\/pages\/34\/revisions\/4036"}],"wp:attachment":[{"href":"https:\/\/rcm1.rcm.upr.edu\/deanshipacademicaffairs\/wp-json\/wp\/v2\/media?parent=34"}],"curies":[{"name":"wp","href":"https:\/\/api.w.org\/{rel}","templated":true}]}}