{"id":3633,"date":"2022-10-11T19:14:51","date_gmt":"2022-10-11T19:14:51","guid":{"rendered":"https:\/\/daa.rcm.upr.edu\/?page_id=3633"},"modified":"2023-10-12T17:33:31","modified_gmt":"2023-10-12T17:33:31","slug":"faculty","status":"publish","type":"page","link":"https:\/\/rcm1.rcm.upr.edu\/deanshipacademicaffairs\/faculty\/","title":{"rendered":"Instrumentos de Evaluaci\u00f3n"},"content":{"rendered":"<div class=\"wpb-content-wrapper\"><p>[vc_row][vc_column][vc_column_text]<a href=\"https:\/\/rcm1.rcm.upr.edu\/deanshipacademicaffairs\/wp-content\/uploads\/sites\/12\/2022\/10\/Manual-Instrucciones-Evaluar-Facultad-28-JUNIO-2016.pdf\" target=\"_blank\" rel=\"noopener\"><strong>Manual Instrucciones Evaluar Facultad<\/strong><\/a>&#8211; junio 2016<\/p>\n<p><a href=\"https:\/\/rcm1.rcm.upr.edu\/deanshipacademicaffairs\/wp-content\/uploads\/sites\/12\/2022\/10\/Plantilla-Portafolio-para-Ascenso-en-Rango.pptx\" target=\"_blank\" rel=\"noopener\"><strong>Plantilla Portafolio para Ascenso en Rango<\/strong><\/a>&#8211; agosto 2016<\/p>\n<p>[\/vc_column_text][vc_empty_space][vc_tta_tour][vc_tta_section title=&#8221;\u00c1rea de Docencia General&#8221; tab_id=&#8221;1666097967323-f86e6e46-dac3&#8243;][vc_column_text]<a href=\"https:\/\/rcm1.rcm.upr.edu\/deanshipacademicaffairs\/wp-content\/uploads\/sites\/12\/2022\/10\/Evaluacion-Labor-Facultad-Area-Docencia-General-27-junio-2016.pdf\" target=\"_blank\" rel=\"noopener\">Evaluaci\u00f3n de la labor de La facultad en el \u00e1rea de docencia general<\/a>&#8211; junio 2016<\/p>\n<p><a href=\"https:\/\/rcm1.rcm.upr.edu\/deanshipacademicaffairs\/wp-content\/uploads\/sites\/12\/2022\/10\/Valoracion-Pares-Area-Docencia-General-27-junio-2016.pdf\" target=\"_blank\" rel=\"noopener\">Valoraci\u00f3n de los pares de la labor de la facultad en el \u00e1rea de docencia general<\/a>&#8211; junio 2016<\/p>\n<p><a href=\"https:\/\/rcm1.rcm.upr.edu\/deanshipacademicaffairs\/wp-content\/uploads\/sites\/12\/2022\/10\/Valoracion-Supervisor-Inmediato-Docencia-General-27-JUNIO-2016.pdf\" target=\"_blank\" rel=\"noopener\">Valoraci\u00f3n del supervisor inmediato de la labor de la facultad en el \u00e1rea de docencia general<\/a>&#8211; junio 2016<\/p>\n<div><\/div>\n<p>[\/vc_column_text][\/vc_tta_section][vc_tta_section title=&#8221;\u00c1rea de Ense\u00f1anza&#8221; tab_id=&#8221;1666097977244-51e472ff-5200&#8243;][vc_column_text]<a href=\"https:\/\/rcm1.rcm.upr.edu\/deanshipacademicaffairs\/wp-content\/uploads\/sites\/12\/2022\/10\/Evaluacion-de-la-Labor-de-la-Facultad-en-el-Area-de-Ensenanza-27-junio-2016.pdf\" target=\"_blank\" rel=\"noopener\">Evaluaci\u00f3n de la labor de la facultad en el \u00e1rea de ense\u00f1anza<\/a>&#8211; junio 2016<\/p>\n<p><a href=\"https:\/\/rcm1.rcm.upr.edu\/deanshipacademicaffairs\/wp-content\/uploads\/sites\/12\/2022\/10\/Valoracion-por-los-Pares-en-el-Area-de-Ensenaza-27-junio-2016.pdf\" target=\"_blank\" rel=\"noopener\">Valoraci\u00f3n de los pares de la labor de la facultad en el \u00e1rea de ense\u00f1anza<\/a>&#8211; junio 2016<\/p>\n<p><a href=\"https:\/\/rcm1.rcm.upr.edu\/deanshipacademicaffairs\/wp-content\/uploads\/sites\/12\/2022\/10\/Valoracion-Supervisor-Inmediato-Ensenanza-27-junio-2016.pdf\" target=\"_blank\" rel=\"noopener\">Valoraci\u00f3n del supervisor inmediato de la labor de la facultad en el \u00e1rea de ense\u00f1anza<\/a>&#8211; junio 2016<\/p>\n<div><\/div>\n<p>[\/vc_column_text][\/vc_tta_section][vc_tta_section title=&#8221;\u00c1rea de Investigaci\u00f3n&#8221; tab_id=&#8221;1666097976796-0048a85c-d4a6&#8243;][vc_column_text]<a href=\"https:\/\/rcm1.rcm.upr.edu\/deanshipacademicaffairs\/wp-content\/uploads\/sites\/12\/2022\/10\/Evaluacion-Labor-Facultad-Area-Investigacion-28-junio-2016.pdf\" target=\"_blank\" rel=\"noopener\">Evaluaci\u00f3n de la labor de la facultad en el \u00e1rea de investigaci\u00f3n<\/a>&#8211; junio 2016<\/p>\n<div><\/div>\n<p>[\/vc_column_text][\/vc_tta_section][vc_tta_section title=&#8221;\u00c1rea de Servicio Especial&#8221; tab_id=&#8221;1666097976260-8e49891c-2c59&#8243;][vc_column_text]<a href=\"https:\/\/rcm1.rcm.upr.edu\/deanshipacademicaffairs\/wp-content\/uploads\/sites\/12\/2022\/10\/Evaluacion-Labor-Facultad-Area-Servicio-Especial-28-junio-2016.pdf\" target=\"_blank\" rel=\"noopener\">Evaluaci\u00f3n de la labor de la facultad en el \u00e1rea de servicio especial<\/a>&#8211; junio 2016<\/p>\n<p><a href=\"https:\/\/rcm1.rcm.upr.edu\/deanshipacademicaffairs\/wp-content\/uploads\/sites\/12\/2022\/10\/Valoracion-Pares-Area-Servicio-Especial-28-Junio-2016.pdf\" target=\"_blank\" rel=\"noopener\">Valoraci\u00f3n de los pares de la labor de la facultad en el \u00e1rea de servicio especial<\/a>&#8211; junio 2016<\/p>\n<p><a href=\"https:\/\/rcm1.rcm.upr.edu\/deanshipacademicaffairs\/wp-content\/uploads\/sites\/12\/2022\/10\/Valoracion-Supervisor-Inmediato-Servicio-Especial-28-junio-2016.pdf\" target=\"_blank\" rel=\"noopener\">Valoraci\u00f3n del supervisor inmediato de la labor de la facultad en el \u00e1rea de servicio especial-<\/a> junio 2016<\/p>\n<div><\/div>\n<p>[\/vc_column_text][\/vc_tta_section][vc_tta_section title=&#8221;\u00c1rea de Consejer\u00eda&#8221; tab_id=&#8221;1666097975660-b4987cbe-c1a5&#8243;][vc_column_text]<a href=\"https:\/\/rcm1.rcm.upr.edu\/deanshipacademicaffairs\/wp-content\/uploads\/sites\/12\/2022\/10\/Evaluacion-Labor-Personal-Docente-Consejeria-Enero-2017.pdf\" target=\"_blank\" rel=\"noopener\">Evaluaci\u00f3n de la labor de la facultad en el \u00e1rea de consejer\u00eda<\/a>&#8211; junio 2016<\/p>\n<p><a href=\"https:\/\/rcm1.rcm.upr.edu\/deanshipacademicaffairs\/wp-content\/uploads\/sites\/12\/2022\/10\/Valoracion-Supervisor-Labor-Personal-Docente-Consejeria-Enero-2017.pdf\" target=\"_blank\" rel=\"noopener\">Valoraci\u00f3n del supervisor inmediato de la labor del personal docente en el \u00e1rea de consejer\u00eda<\/a>&#8211; enero 2017<\/p>\n<p><a href=\"https:\/\/rcm1.rcm.upr.edu\/deanshipacademicaffairs\/wp-content\/uploads\/sites\/12\/2022\/10\/Valoracion-Pares-Labor-Personal-Docente-Consejeria-Enero-2017.pdf\" target=\"_blank\" rel=\"noopener\">Valoraci\u00f3n de los pares de la labor personal docente en el \u00e1rea de consejer\u00eda<\/a>&#8211; enero 2017<\/p>\n<p><a href=\"https:\/\/rcm1.rcm.upr.edu\/deanshipacademicaffairs\/wp-content\/uploads\/sites\/12\/2022\/10\/Percepcion-Estudiantes-Labor-Personal-Docente-Consejeria-Enero-2017.pdf\" target=\"_blank\" rel=\"noopener\">Percepci\u00f3n estudiantes de la labor personal docente en el \u00e1rea de consejer\u00eda<\/a>&#8211; enero 2017<\/p>\n<div><\/div>\n<p>[\/vc_column_text][\/vc_tta_section][vc_tta_section title=&#8221;\u00c1rea de Biblioteca&#8221; tab_id=&#8221;1666097975123-bde147d3-420e&#8221;][vc_column_text]<a href=\"https:\/\/rcm1.rcm.upr.edu\/deanshipacademicaffairs\/wp-content\/uploads\/sites\/12\/2022\/10\/Valoracion-Supervisor-Inm-Personal-Docente-Bibliotecario-Octubre-2012.pdf\" target=\"_blank\" rel=\"noopener\">Evaluaci\u00f3n de la labor de la facultad en el \u00e1rea de la biblioteca<\/a>&#8211; junio 2016<\/p>\n<p><a href=\"https:\/\/rcm1.rcm.upr.edu\/deanshipacademicaffairs\/wp-content\/uploads\/sites\/12\/2022\/10\/Evaluacion-Personal-Docente-Bibliotecario-28-junio-2016.pdf\" target=\"_blank\" rel=\"noopener\">Evaluaci\u00f3n de la labor personal docente en el \u00e1rea de la biblioteca<\/a>&#8211; junio 2016<\/p>\n<p><a href=\"https:\/\/rcm1.rcm.upr.edu\/deanshipacademicaffairs\/wp-content\/uploads\/sites\/12\/2022\/10\/Valoracion-Supervisor-Inm-Personal-Docente-Bibliotecario-Octubre-2012.pdf\" target=\"_blank\" rel=\"noopener\">Valoraci\u00f3n del supervisor inmediato personal docente bibliotecario<\/a>&#8211; octubre 2012<\/p>\n<p><a href=\"https:\/\/rcm1.rcm.upr.edu\/deanshipacademicaffairs\/wp-content\/uploads\/sites\/12\/2022\/10\/Valoracion-Pares-Personal-Docente-Bibliotecario-Octubre-2012.pdf\" target=\"_blank\" rel=\"noopener\">Valoraci\u00f3n de los pares personal docente bibliotecario<\/a>&#8211; octubre 2012<\/p>\n<div><\/div>\n<p>[\/vc_column_text][\/vc_tta_section][vc_tta_section title=&#8221;\u00c1rea de Administraci\u00f3n Acad\u00e9mica&#8221; tab_id=&#8221;1666097973939-7ac1f91a-0d01&#8243;][vc_column_text]<a href=\"https:\/\/rcm1.rcm.upr.edu\/deanshipacademicaffairs\/wp-content\/uploads\/sites\/12\/2022\/10\/Evaluacion-Labor-Administradores-Academicos-Junio-2016.pdf\" target=\"_blank\" rel=\"noopener\">Evaluaci\u00f3n de la labor del administrador acad\u00e9mico<\/a>&#8211; junio 2016<\/p>\n<p><a href=\"https:\/\/rcm1.rcm.upr.edu\/deanshipacademicaffairs\/wp-content\/uploads\/sites\/12\/2022\/10\/Valoracion-Pares-Labor-Administradores-Academicos-junio-2016.pdf\" target=\"_blank\" rel=\"noopener\">Valoraci\u00f3n de los pares administradores de la labor de la labor del administrador acad\u00e9mico<\/a>&#8211; junio 2016<\/p>\n<p><a href=\"https:\/\/rcm1.rcm.upr.edu\/deanshipacademicaffairs\/wp-content\/uploads\/sites\/12\/2022\/10\/Valoracion-Supervisor-Inmediato-Labor-Administradores-Academicos-junio-2016.pdf\" target=\"_blank\" rel=\"noopener\">Valoraci\u00f3n del supervisor inmediato de la labor del administrador acad\u00e9mico<\/a>&#8211; junio 2016<\/p>\n<p><a href=\"https:\/\/rcm1.rcm.upr.edu\/deanshipacademicaffairs\/wp-content\/uploads\/sites\/12\/2022\/10\/Valoracion-administradores-por-facultad-Junio-2016.pdf\" target=\"_blank\" rel=\"noopener\">Valoraci\u00f3n por la facultad de la labor del administrador acad\u00e9mico<\/a>&#8211; junio 2016<\/p>\n<p><a href=\"https:\/\/rcm1.rcm.upr.edu\/deanshipacademicaffairs\/wp-content\/uploads\/sites\/12\/2022\/10\/Valoracion-personal-no-docente-labor-administradores-academicos-junio-2016.pdf\" target=\"_blank\" rel=\"noopener\">Valoraci\u00f3n por el personal no docente de la labor del administrador acad\u00e9mico<\/a>&#8211; junio 2016<\/p>\n<p><a href=\"https:\/\/rcm1.rcm.upr.edu\/deanshipacademicaffairs\/wp-content\/uploads\/sites\/12\/2022\/10\/Percepcion-Estudiantes-Labor-Administrador-Academico-2016.pdf\" target=\"_blank\" rel=\"noopener\">Percepci\u00f3n de los estudiantes acerca de la labor del administrador acad\u00e9mico<\/a>&#8211; octubre 2016<\/p>\n<div><\/div>\n<p>[\/vc_column_text][\/vc_tta_section][vc_tta_section title=&#8221;\u00c1rea de Servicio Cl\u00ednico&#8221; tab_id=&#8221;1666097973308-516522e0-ac94&#8243;][vc_column_text]<a href=\"https:\/\/rcm1.rcm.upr.edu\/deanshipacademicaffairs\/wp-content\/uploads\/sites\/12\/2023\/10\/Evaluacion-Labor-Facultad-Area-Servicio-Clinico-28-junio-2016.pdf\" target=\"_blank\" rel=\"noopener\">Evaluaci\u00f3n de la labor de la facultad en el \u00e1rea de servicio cl\u00ednico<\/a>&#8211; junio 2016<\/p>\n<p><a href=\"https:\/\/rcm1.rcm.upr.edu\/deanshipacademicaffairs\/wp-content\/uploads\/sites\/12\/2022\/10\/Valoracion-Pares-Labor-Facultad-Area-Servicio-Clinico-28-junio-2016.pdf\" target=\"_blank\" rel=\"noopener\">Valoraci\u00f3n de los pares de la labor de la facultad en el \u00e1rea de servicio cl\u00ednico<\/a>&#8211; junio 2016<\/p>\n<p><a href=\"https:\/\/rcm1.rcm.upr.edu\/deanshipacademicaffairs\/wp-content\/uploads\/sites\/12\/2022\/10\/Valoracion-Supervisor-Inmediato-Labor-Facultad-Area-Servicio-Clinico-28-junio-2016.pdf\" target=\"_blank\" rel=\"noopener\">Valoraci\u00f3n del supervisor inmediato acerca de la labor de la facultad en el \u00e1rea de servicio cl\u00ednico<\/a>&#8211; junio 2016<\/p>\n<div><\/div>\n<p>[\/vc_column_text][\/vc_tta_section][vc_tta_section title=&#8221;\u00c1rea de Psicolog\u00eda&#8221; tab_id=&#8221;1666097972644-5d7fd602-b5d3&#8243;][vc_column_text]<a href=\"https:\/\/rcm1.rcm.upr.edu\/deanshipacademicaffairs\/wp-content\/uploads\/sites\/12\/2022\/10\/Evaluacion-Labor-Personal-Docente-Psicologos-Marzo-2018.pdf\" target=\"_blank\" rel=\"noopener\">Evaluaci\u00f3n de la labor del personal docente en el \u00e1rea de la psicolog\u00eda<\/a>&#8211; marzo 2018<\/p>\n<p><a href=\"https:\/\/rcm1.rcm.upr.edu\/deanshipacademicaffairs\/wp-content\/uploads\/sites\/12\/2022\/10\/Valoracion-Pares-Area-Psicologos-Marzo-2018.pdf\" target=\"_blank\" rel=\"noopener\">Valoraci\u00f3n por los pares de la labor del personal docente en el \u00e1rea de la psicolog\u00eda<\/a>&#8211; marzo 2018<\/p>\n<p><a href=\"https:\/\/rcm1.rcm.upr.edu\/deanshipacademicaffairs\/wp-content\/uploads\/sites\/12\/2022\/10\/Valoracion-Supervisor-Inmediato-Psicologos-Marzo-2018.pdf\" target=\"_blank\" rel=\"noopener\">Valoraci\u00f3n por el supervisor inmediato de la labor del personal docente en el \u00e1rea de la psicolog\u00eda<\/a>&#8211; marzo 2018<\/p>\n<div><\/div>\n<p>[\/vc_column_text][\/vc_tta_section][vc_tta_section title=&#8221;\u00c1rea de Trabajo Social&#8221; tab_id=&#8221;1666097972092-92bde567-9829&#8243;][vc_column_text]<a href=\"https:\/\/rcm1.rcm.upr.edu\/deanshipacademicaffairs\/wp-content\/uploads\/sites\/12\/2022\/10\/Evaluacion-Labor-Personal-Docente-Trabajo-Social-Febrero-2018.pdf\" target=\"_blank\" rel=\"noopener\">Evaluaci\u00f3n de la labor del personal docente en el \u00e1rea de trabajo social<\/a>&#8211; febrero 2018<\/p>\n<p><a href=\"https:\/\/rcm1.rcm.upr.edu\/deanshipacademicaffairs\/wp-content\/uploads\/sites\/12\/2022\/10\/Percepcion-del-Estudiante-Labor-Personal-Docente-Trabajo-Social-Febrero-2018.pdf\" target=\"_blank\" rel=\"noopener\">Percepci\u00f3n del Estudiante Labor Personal Docente en el \u00e1rea de trabajo social<\/a>&#8211; febrero 2018<\/p>\n<p><a href=\"https:\/\/rcm1.rcm.upr.edu\/deanshipacademicaffairs\/wp-content\/uploads\/sites\/12\/2022\/10\/Valoracion-Pares-Labor-Personal-Docente-Trabajo-Social-Febrero-2018.pdf\" target=\"_blank\" rel=\"noopener\">Valoraci\u00f3n por los pares de la labor del personal docente en el \u00e1rea de trabajo social<\/a>&#8211; febrero 2018<\/p>\n<p><a href=\"https:\/\/rcm1.rcm.upr.edu\/deanshipacademicaffairs\/wp-content\/uploads\/sites\/12\/2022\/10\/Valoracion-Supervisor-Labor-Personal-Docente-Trabajo-Social-Febrero-2018.pdf\" target=\"_blank\" rel=\"noopener\">Valoraci\u00f3n por el supervisor inmediato de la labor del personal docente en el \u00e1rea\u00a0de trabajo social<\/a>&#8211; febrero 2018<\/p>\n<div><\/div>\n<p>[\/vc_column_text][\/vc_tta_section][vc_tta_section title=&#8221;Percepci\u00f3n del Estudiante&#8221; tab_id=&#8221;1666097971555-46d10c7b-4400&#8243;][vc_column_text]<a href=\"https:\/\/rcm1.rcm.upr.edu\/deanshipacademicaffairs\/wp-content\/uploads\/sites\/12\/2022\/10\/PERCEPCION-ESTUDIANTE-DESEMPENO-PROFESOR-2-nov-2017.pdf\" target=\"_blank\" rel=\"noopener\">Percepci\u00f3n del estudiante sobre el desempe\u00f1o del profesor en el curso<\/a>&#8211; noviembre 2017<\/p>\n<div><\/div>\n<p>[\/vc_column_text][\/vc_tta_section][vc_tta_section title=&#8221;Encuesta a Pacientes&#8221; tab_id=&#8221;1666097970988-4fba0c19-2145&#8243;][vc_column_text]<a href=\"https:\/\/rcm1.rcm.upr.edu\/deanshipacademicaffairs\/wp-content\/uploads\/sites\/12\/2022\/10\/Encuesta-a-Pacientes-28-junio-2016.pdf\" target=\"_blank\" rel=\"noopener\">Encuesta a Pacientes<\/a>&#8211; junio 2016<\/p>\n<p><a href=\"https:\/\/rcm1.rcm.upr.edu\/deanshipacademicaffairs\/wp-content\/uploads\/sites\/12\/2022\/10\/Uso-Encuesta-Pacientes-28-junio-2016.pdf\" target=\"_blank\" rel=\"noopener\">Uso de la Encuesta a Pacientes<\/a>&#8211; junio 2016<\/p>\n<div><\/div>\n<p>[\/vc_column_text][\/vc_tta_section][vc_tta_section title=&#8221;Resumen Evaluaciones&#8221; tab_id=&#8221;1666097970444-dd50484f-fff1&#8243;][vc_column_text]<a href=\"https:\/\/rcm1.rcm.upr.edu\/deanshipacademicaffairs\/wp-content\/uploads\/sites\/12\/2022\/10\/Distribucion-Areas-Evaluacion-Sumativa-Personal-Docente-Tarea-Academica-28-junio-2016.pdf\" target=\"_blank\" rel=\"noopener\">Distribuci\u00f3n de las \u00c1reas en la Evaluaci\u00f3n Sumativa del Personal Docente de Acuerdo con la Tarea Acad\u00e9mica Asignada<\/a>&#8211; junio 2016<\/p>\n<p><a href=\"https:\/\/rcm1.rcm.upr.edu\/deanshipacademicaffairs\/wp-content\/uploads\/sites\/12\/2022\/10\/Resumen-Final-Evaluacion-Personal-Docente-de-AcuerdoTarea-Academica-28-junio-2016.pdf\" target=\"_blank\" rel=\"noopener\">Resumen Final de la Evaluaci\u00f3n del Personal Docente de Acuerdo a la Tarea Acad\u00e9mica<\/a>&#8211; junio 2016<\/p>\n<p><a href=\"https:\/\/rcm1.rcm.upr.edu\/deanshipacademicaffairs\/wp-content\/uploads\/sites\/12\/2022\/10\/Resumen-Participantes-Evaluacion-Sumativa-Facultad-junio-2016.pdf\" target=\"_blank\" rel=\"noopener\">Resumen Participantes Evaluaci\u00f3n Sumativa Facultad<\/a>&#8211; junio 2016<\/p>\n<div><\/div>\n<p>[\/vc_column_text][\/vc_tta_section][vc_tta_section title=&#8221;Certificaciones Senado Acad\u00e9mico (SA)&#8221; tab_id=&#8221;1666097967338-7cd0d222-7f13&#8243;][vc_column_text]Certificaci\u00f3n 056, 2010-2011 SA- <a href=\"https:\/\/rcm1.rcm.upr.edu\/deanshipacademicaffairs\/wp-content\/uploads\/sites\/12\/2022\/10\/Certificacion-Numero-56-2010-11-SA-RCM-Creacion-Foro-para-Recoger-Insumo-Comunidad-de-los-Instrumentos-Evaluacion-Facultad.pdf\" target=\"_blank\" rel=\"noopener\">Foro insumo comunidad instrumentos de evaluaci\u00f3n personal docente.<\/a><\/p>\n<p>Certificaci\u00f3n 057, 2010-2011 SA Enm.- <a href=\"https:\/\/rcm1.rcm.upr.edu\/deanshipacademicaffairs\/wp-content\/uploads\/sites\/12\/2022\/10\/Certificacion-Numero-57-2010-11-SA-RCM-Aprobacion-Propuesta-Establecer-Nuevo-Sistema-Evaluacion-Facultad-Enmendada.pdf\" target=\"_blank\" rel=\"noopener\">Aprobaci\u00f3n de instrumentos nuevo sistema evaluaci\u00f3n personal docente.<\/a><\/p>\n<p>Certificaci\u00f3n 010, 2012-2013 SA- <a href=\"https:\/\/rcm1.rcm.upr.edu\/deanshipacademicaffairs\/wp-content\/uploads\/sites\/12\/2022\/10\/Certificacion-Numero-10-2012-13-SA-RCM-Aprobacion-Instrumento-Evaluacion-Servicio-Clinico.pdf\" target=\"_blank\" rel=\"noopener\">Aprobaci\u00f3n evaluaci\u00f3n servicio cl\u00ednico.<\/a><\/p>\n<p>Certificaci\u00f3n 014, 2017-2018 SA- <a href=\"https:\/\/rcm1.rcm.upr.edu\/deanshipacademicaffairs\/wp-content\/uploads\/sites\/12\/2022\/10\/CERT-SA-14-2017-2018-APROBACION-CUESTIONARIO-ESTUDIANTIL.pdf\" target=\"_blank\" rel=\"noopener\">Aprobaci\u00f3n cuestionario estudiantil.<\/a><\/p>\n<p>Certificaci\u00f3n 062, 2017-2018 SA- <a href=\"https:\/\/rcm1.rcm.upr.edu\/deanshipacademicaffairs\/wp-content\/uploads\/sites\/12\/2022\/10\/CERT-SA-62-2017-2018-APROBACION-INSTRUMENTO-TRABAJO-SOCIAL.pdf\" target=\"_blank\" rel=\"noopener\">Aprobaci\u00f3n evaluaci\u00f3n trabajo social.<\/a><\/p>\n<p>Certificaci\u00f3n 016, 2017-2018 SA- <a href=\"https:\/\/rcm1.rcm.upr.edu\/deanshipacademicaffairs\/wp-content\/uploads\/sites\/12\/2022\/10\/CERT-SA-16-2017-2018-APROBACION-INSTRUMENTO-PSICOLOGOS.pdf\" target=\"_blank\" rel=\"noopener\">Aprobaci\u00f3n evaluaci\u00f3n psic\u00f3logos.<\/a><\/p>\n<p>Certificaci\u00f3n 063, 2017-2018 SA- <a href=\"https:\/\/rcm1.rcm.upr.edu\/deanshipacademicaffairs\/wp-content\/uploads\/sites\/12\/2022\/10\/CERT-SA-63-2017-2018-APROBACION-INSTRUMENTO-PSICOLOGOS-ENMENDADO.pdf\" target=\"_blank\" rel=\"noopener\">Aprobaci\u00f3n evaluaci\u00f3n psic\u00f3logos enmendada<\/a>[\/vc_column_text][\/vc_tta_section][\/vc_tta_tour][\/vc_column][\/vc_row]<\/p>\n<\/div>","protected":false},"excerpt":{"rendered":"<p>[vc_row][vc_column][vc_column_text]Manual Instrucciones Evaluar Facultad&#8211; junio 2016 Plantilla Portafolio para Ascenso en Rango&#8211; agosto 2016 [\/vc_column_text][vc_empty_space][vc_tta_tour][vc_tta_section title=&#8221;\u00c1rea de Docencia General&#8221; tab_id=&#8221;1666097967323-f86e6e46-dac3&#8243;][vc_column_text]Evaluaci\u00f3n de la labor de La facultad en el \u00e1rea de docencia general&#8211; junio 2016 Valoraci\u00f3n de los pares de la labor de la facultad en el \u00e1rea de docencia general&#8211; junio 2016 Valoraci\u00f3n del supervisor&hellip;<\/p>\n","protected":false},"author":1,"featured_media":0,"parent":0,"menu_order":0,"comment_status":"closed","ping_status":"closed","template":"template-microsite.php","meta":{"footnotes":""},"class_list":["post-3633","page","type-page","status-publish","hentry","description-off"],"aioseo_notices":[],"_links":{"self":[{"href":"https:\/\/rcm1.rcm.upr.edu\/deanshipacademicaffairs\/wp-json\/wp\/v2\/pages\/3633","targetHints":{"allow":["GET"]}}],"collection":[{"href":"https:\/\/rcm1.rcm.upr.edu\/deanshipacademicaffairs\/wp-json\/wp\/v2\/pages"}],"about":[{"href":"https:\/\/rcm1.rcm.upr.edu\/deanshipacademicaffairs\/wp-json\/wp\/v2\/types\/page"}],"author":[{"embeddable":true,"href":"https:\/\/rcm1.rcm.upr.edu\/deanshipacademicaffairs\/wp-json\/wp\/v2\/users\/1"}],"replies":[{"embeddable":true,"href":"https:\/\/rcm1.rcm.upr.edu\/deanshipacademicaffairs\/wp-json\/wp\/v2\/comments?post=3633"}],"version-history":[{"count":1,"href":"https:\/\/rcm1.rcm.upr.edu\/deanshipacademicaffairs\/wp-json\/wp\/v2\/pages\/3633\/revisions"}],"predecessor-version":[{"id":3917,"href":"https:\/\/rcm1.rcm.upr.edu\/deanshipacademicaffairs\/wp-json\/wp\/v2\/pages\/3633\/revisions\/3917"}],"wp:attachment":[{"href":"https:\/\/rcm1.rcm.upr.edu\/deanshipacademicaffairs\/wp-json\/wp\/v2\/media?parent=3633"}],"curies":[{"name":"wp","href":"https:\/\/api.w.org\/{rel}","templated":true}]}}