{"id":3731,"date":"2023-01-23T17:39:11","date_gmt":"2023-01-23T17:39:11","guid":{"rendered":"https:\/\/daa.rcm.upr.edu\/?page_id=3731"},"modified":"2025-06-18T12:25:50","modified_gmt":"2025-06-18T12:25:50","slug":"cata","status":"publish","type":"page","link":"https:\/\/rcm1.rcm.upr.edu\/deanshipacademicaffairs\/cata\/","title":{"rendered":"Centro de Apoyo Tecnol\u00f3gico Para el Apredizaje"},"content":{"rendered":"<div class=\"wpb-content-wrapper\"><p>[vc_row][vc_column][vc_column_text css=&#8221;&#8221;]El Centro de Apoyo Tecnol\u00f3gico para el Aprendizaje (CATA) es la unidad del Decanato de Asuntos Acad\u00e9micos que se especializa en el dise\u00f1o y producci\u00f3n de materiales educativos y promoci\u00f3n en diferentes formatos. Contamos con las unidades de Artes Gr\u00e1ficas, Circulaci\u00f3n de Equipo Audiovisual, Fotograf\u00eda, Televisi\u00f3n y con un moderno Anfiteatro. Con nuestra variedad de servicios, facilitamos que los estudiantes y profesores cumplan exitosamente sus requisitos acad\u00e9micos, presentaciones en congresos, foros cient\u00edficos, pr\u00e1cticas de servicio y actividades de promoci\u00f3n de la salud.[\/vc_column_text][\/vc_column][\/vc_row][vc_row][vc_column][vc_column_text css=&#8221;&#8221;]<\/p>\n<h3>Nuestra Misi\u00f3n<\/h3>\n<p>Enriquecer los procesos de ense\u00f1anza-aprendizaje y comunicaci\u00f3n cient\u00edfica del Recinto de Ciencias M\u00e9dicas mediante el dise\u00f1o y producci\u00f3n de materiales en diversos formatos con el uso de tecnolog\u00eda de vanguardia.[\/vc_column_text][\/vc_column][\/vc_row][vc_row][vc_column][vc_column_text css=&#8221;&#8221;]<\/p>\n<h3>Nuestros Usuarios<\/h3>\n<p>Atendemos de forma prioritaria a estudiantes, facultad y empleados del Recinto de Ciencias M\u00e9dicas de la Universidad de Puerto Rico. Adem\u00e1s, brindamos servicios a todo el sistema UPR, as\u00ed como a entidades y agencias gubernamentales, instituciones privadas y productores independientes.[\/vc_column_text][\/vc_column][\/vc_row][vc_row][vc_column][vc_single_image image=&#8221;4131&#8243; img_size=&#8221;full&#8221; alignment=&#8221;center&#8221; css=&#8221;&#8221;][vc_column_text css=&#8221;&#8221;]<\/p>\n<p style=\"text-align: center;\">\u00c1rea de recepci\u00f3n del Centro de Apoyo Tecnol\u00f3gico para el Aprendizaje (CATA)<\/p>\n<p>[\/vc_column_text][\/vc_column][\/vc_row]<\/p>\n<\/div>","protected":false},"excerpt":{"rendered":"<p>[vc_row][vc_column][vc_column_text css=&#8221;&#8221;]El Centro de Apoyo Tecnol\u00f3gico para el Aprendizaje (CATA) es la unidad del Decanato de Asuntos Acad\u00e9micos que se especializa en el dise\u00f1o y producci\u00f3n de materiales educativos y promoci\u00f3n en diferentes formatos. Contamos con las unidades de Artes Gr\u00e1ficas, Circulaci\u00f3n de Equipo Audiovisual, Fotograf\u00eda, Televisi\u00f3n y con un moderno Anfiteatro. Con nuestra variedad&hellip;<\/p>\n","protected":false},"author":1,"featured_media":0,"parent":0,"menu_order":0,"comment_status":"closed","ping_status":"closed","template":"template-microsite.php","meta":{"footnotes":""},"class_list":["post-3731","page","type-page","status-publish","hentry","description-off"],"aioseo_notices":[],"_links":{"self":[{"href":"https:\/\/rcm1.rcm.upr.edu\/deanshipacademicaffairs\/wp-json\/wp\/v2\/pages\/3731","targetHints":{"allow":["GET"]}}],"collection":[{"href":"https:\/\/rcm1.rcm.upr.edu\/deanshipacademicaffairs\/wp-json\/wp\/v2\/pages"}],"about":[{"href":"https:\/\/rcm1.rcm.upr.edu\/deanshipacademicaffairs\/wp-json\/wp\/v2\/types\/page"}],"author":[{"embeddable":true,"href":"https:\/\/rcm1.rcm.upr.edu\/deanshipacademicaffairs\/wp-json\/wp\/v2\/users\/1"}],"replies":[{"embeddable":true,"href":"https:\/\/rcm1.rcm.upr.edu\/deanshipacademicaffairs\/wp-json\/wp\/v2\/comments?post=3731"}],"version-history":[{"count":10,"href":"https:\/\/rcm1.rcm.upr.edu\/deanshipacademicaffairs\/wp-json\/wp\/v2\/pages\/3731\/revisions"}],"predecessor-version":[{"id":4132,"href":"https:\/\/rcm1.rcm.upr.edu\/deanshipacademicaffairs\/wp-json\/wp\/v2\/pages\/3731\/revisions\/4132"}],"wp:attachment":[{"href":"https:\/\/rcm1.rcm.upr.edu\/deanshipacademicaffairs\/wp-json\/wp\/v2\/media?parent=3731"}],"curies":[{"name":"wp","href":"https:\/\/api.w.org\/{rel}","templated":true}]}}