{"id":3736,"date":"2023-01-23T17:50:01","date_gmt":"2023-01-23T17:50:01","guid":{"rendered":"https:\/\/daa.rcm.upr.edu\/?page_id=3736"},"modified":"2025-08-19T17:37:28","modified_gmt":"2025-08-19T17:37:28","slug":"contactenos","status":"publish","type":"page","link":"https:\/\/rcm1.rcm.upr.edu\/deanshipacademicaffairs\/cata\/contactenos\/","title":{"rendered":"Cont\u00e1ctenos"},"content":{"rendered":"<div class=\"wpb-content-wrapper\"><p>[vc_row][vc_column width=&#8221;1\/2&#8243;][vc_single_image image=&#8221;4069&#8243; img_size=&#8221;full&#8221; alignment=&#8221;center&#8221; css=&#8221;&#8221;][\/vc_column][vc_column width=&#8221;1\/2&#8243;][vc_single_image image=&#8221;4129&#8243; img_size=&#8221;full&#8221; alignment=&#8221;center&#8221; css=&#8221;&#8221;][\/vc_column][\/vc_row][vc_row][vc_column width=&#8221;1\/2&#8243;][vc_column_text css=&#8221;&#8221;]<strong>Correo Electr\u00f3nico<br \/>\n<\/strong><a href=\"mailto:cata1101.rcm@upr.edu\">cata1101.rcm@upr.edu<\/a><\/p>\n<p><strong>Tel\u00e9fono:<br \/>\n<\/strong>787-758-2525 extensiones 1100, 1101<\/p>\n<p><strong>Fax:<br \/>\n<\/strong>787-756-5615<\/p>\n<p><strong>Horario:<br \/>\n<\/strong>7:30 AM &#8211; 3:30 PM (lunes a viernes)<\/p>\n<p><strong>Localizaci\u00f3n:<br \/>\n<\/strong>Recinto de Ciencias M\u00e9dicas<br \/>\nBiblioteca Conrado F. Asenjo, Primer Piso<br \/>\nCentro M\u00e9dico, San Juan<\/p>\n<p><strong>Direcci\u00f3n Postal:<br \/>\n<\/strong>Centro de Apoyo Tecnol\u00f3gico para el Aprendizaje (CATA)<br \/>\nRecinto de Ciencias M\u00e9dicas<br \/>\nPO Box 365067<br \/>\nSan Juan PR 00936-5067[\/vc_column_text][\/vc_column][vc_column width=&#8221;1\/2&#8243;][vc_raw_html css=&#8221;&#8221;]JTNDaWZyYW1lJTIwc3JjJTNEJTIyaHR0cHMlM0ElMkYlMkZ3d3cuZ29vZ2xlLmNvbSUyRm1hcHMlMkZlbWJlZCUzRnBiJTNEJTIxMW0xOCUyMTFtMTIlMjExbTMlMjExZDE4OTIuOTY0MDg1MDM4OTA1JTIxMmQtNjYuMDczODUwNTUwNDk3ODElMjEzZDE4LjM5NjEyMDAwMjgyNzQ1MiUyMTJtMyUyMTFmMCUyMTJmMCUyMTNmMCUyMTNtMiUyMTFpMTAyNCUyMTJpNzY4JTIxNGYxMy4xJTIxM20zJTIxMW0yJTIxMXMweDhjMDM2ODVlZTViMmUyYTclMjUzQTB4MTcxMjEyMGYyMDJkOWMxOCUyMTJzQmlibGlvdGVjYSUyNTIwZGUlMjUyMENpZW5jaWFzJTI1MjBNJTI1QzMlMjVBOWRpY2FzJTIxNWUwJTIxM20yJTIxMXNlbiUyMTJzcHIlMjE0djE3NDIzMjM4NzI3MzclMjE1bTIlMjExc2VuJTIxMnNwciUyMiUyMHdpZHRoJTNEJTIyNjAwJTIyJTIwaGVpZ2h0JTNEJTIyNDUwJTIyJTIwc3R5bGUlM0QlMjJib3JkZXIlM0EwJTNCJTIyJTIwYWxsb3dmdWxsc2NyZWVuJTNEJTIyJTIyJTIwbG9hZGluZyUzRCUyMmxhenklMjIlMjByZWZlcnJlcnBvbGljeSUzRCUyMm5vLXJlZmVycmVyLXdoZW4tZG93bmdyYWRlJTIyJTNFJTNDJTJGaWZyYW1lJTNF[\/vc_raw_html][\/vc_column][\/vc_row]<\/p>\n<\/div>","protected":false},"excerpt":{"rendered":"<p>[vc_row][vc_column width=&#8221;1\/2&#8243;][vc_single_image image=&#8221;4069&#8243; img_size=&#8221;full&#8221; alignment=&#8221;center&#8221; css=&#8221;&#8221;][\/vc_column][vc_column width=&#8221;1\/2&#8243;][vc_single_image image=&#8221;4129&#8243; img_size=&#8221;full&#8221; alignment=&#8221;center&#8221; css=&#8221;&#8221;][\/vc_column][\/vc_row][vc_row][vc_column width=&#8221;1\/2&#8243;][vc_column_text css=&#8221;&#8221;]Correo Electr\u00f3nico cata1101.rcm@upr.edu Tel\u00e9fono: 787-758-2525 extensiones 1100, 1101 Fax: 787-756-5615 Horario: 7:30 AM &#8211; 3:30 PM (lunes a viernes) Localizaci\u00f3n: Recinto de Ciencias M\u00e9dicas Biblioteca Conrado F. Asenjo, Primer Piso Centro M\u00e9dico, San Juan Direcci\u00f3n Postal: Centro de Apoyo Tecnol\u00f3gico para el Aprendizaje&hellip;<\/p>\n","protected":false},"author":1,"featured_media":0,"parent":3731,"menu_order":0,"comment_status":"closed","ping_status":"closed","template":"template-microsite.php","meta":{"footnotes":""},"class_list":["post-3736","page","type-page","status-publish","hentry","description-off"],"aioseo_notices":[],"_links":{"self":[{"href":"https:\/\/rcm1.rcm.upr.edu\/deanshipacademicaffairs\/wp-json\/wp\/v2\/pages\/3736","targetHints":{"allow":["GET"]}}],"collection":[{"href":"https:\/\/rcm1.rcm.upr.edu\/deanshipacademicaffairs\/wp-json\/wp\/v2\/pages"}],"about":[{"href":"https:\/\/rcm1.rcm.upr.edu\/deanshipacademicaffairs\/wp-json\/wp\/v2\/types\/page"}],"author":[{"embeddable":true,"href":"https:\/\/rcm1.rcm.upr.edu\/deanshipacademicaffairs\/wp-json\/wp\/v2\/users\/1"}],"replies":[{"embeddable":true,"href":"https:\/\/rcm1.rcm.upr.edu\/deanshipacademicaffairs\/wp-json\/wp\/v2\/comments?post=3736"}],"version-history":[{"count":6,"href":"https:\/\/rcm1.rcm.upr.edu\/deanshipacademicaffairs\/wp-json\/wp\/v2\/pages\/3736\/revisions"}],"predecessor-version":[{"id":4156,"href":"https:\/\/rcm1.rcm.upr.edu\/deanshipacademicaffairs\/wp-json\/wp\/v2\/pages\/3736\/revisions\/4156"}],"up":[{"embeddable":true,"href":"https:\/\/rcm1.rcm.upr.edu\/deanshipacademicaffairs\/wp-json\/wp\/v2\/pages\/3731"}],"wp:attachment":[{"href":"https:\/\/rcm1.rcm.upr.edu\/deanshipacademicaffairs\/wp-json\/wp\/v2\/media?parent=3736"}],"curies":[{"name":"wp","href":"https:\/\/api.w.org\/{rel}","templated":true}]}}