{"id":69,"date":"2016-11-02T12:59:53","date_gmt":"2016-11-02T16:59:53","guid":{"rendered":"http:\/\/127.0.0.1\/rcm\/research\/human-resources\/"},"modified":"2016-11-02T12:59:53","modified_gmt":"2016-11-02T16:59:53","slug":"human-resources","status":"publish","type":"page","link":"https:\/\/rcm1.rcm.upr.edu\/deanshipresearch\/human-resources\/","title":{"rendered":"Human Resources"},"content":{"rendered":"<div class=\"wpb-content-wrapper\"><p>[vc_row][vc_column][vc_column_text]<\/p>\n<h3>Ley de Incentivo Contributivo a Investigadores Cientificos (Ley 101)<\/h3>\n<ul>\n<li><a href=\"https:\/\/rcm1.rcm.upr.edu\/deanshipresearch\/wp-content\/uploads\/sites\/10\/2022\/09\/Hoja-de-Cotejo-Incentivo-Contributivo_8MAR2021.pdf\" target=\"_blank\" rel=\"noopener\"><span lang=\"es-PR\">Hoja De Cotejo-Incentivo Contributivo<\/span><\/a><\/li>\n<li><a href=\"https:\/\/rcm1.rcm.upr.edu\/deanshipresearch\/wp-content\/uploads\/sites\/10\/2022\/09\/Application-Researchers-or-Scientists-final-2021-Enmendada_26APR21.pdf\" target=\"_blank\" rel=\"noopener\">Application for Tax Exemption for Researchers or Scientists<\/a><\/li>\n<li><a href=\"https:\/\/rcm1.rcm.upr.edu\/deanshipresearch\/wp-content\/uploads\/sites\/10\/2022\/09\/Pag3-Application-Multiples-propuestas.pdf\" target=\"_blank\" rel=\"noopener\">Application Multiples Proposals (Pag3)<\/a><\/li>\n<li><a href=\"https:\/\/rcm1.rcm.upr.edu\/deanshipresearch\/wp-content\/uploads\/sites\/10\/2022\/09\/CERTIFICACION-DE-INGRESOS-REV-10MAR21.pdf\" target=\"_blank\" rel=\"noopener\"><span lang=\"es-PR\">Certificaci\u00f3n de Ingresos Devengados por Investigadores Cient\u00edficos Elegibles<\/span><\/a><\/li>\n<li><a href=\"https:\/\/rcm1.rcm.upr.edu\/deanshipresearch\/wp-content\/uploads\/sites\/10\/2022\/09\/Peticion-de-Concesion-de-Ley-101_Actualizada-8MAR2021.pdf\" target=\"_blank\" rel=\"noopener\"><span lang=\"es-PR\">Petici\u00f3n de Concesi\u00f3n de Ley 101<\/span><\/a><\/li>\n<li><span lang=\"es-PR\"><a href=\"https:\/\/rcm1.rcm.upr.edu\/deanshipresearch\/wp-content\/uploads\/sites\/10\/2022\/09\/Incentivos-Contributivos-Ley-60-Investigadores-Cientificos.pdf\" target=\"_blank\" rel=\"noopener\">Incentivos Contributivos Ley 60 &#8211; Investigadores Cient\u00edficos<\/a>\u00a0<\/span><\/li>\n<li><a href=\"https:\/\/rcm1.rcm.upr.edu\/deanshipresearch\/wp-content\/uploads\/sites\/10\/2022\/09\/Ley-de-Incentivo-Contributivo-2021_18ENE22.pdf\" target=\"_blank\" rel=\"noopener\"><span lang=\"es-PR\">Comunicado Sobre La Ley De Incentivo Contributivo 2021\u00a0<\/span><\/a><\/li>\n<\/ul>\n<h3><\/h3>\n<h3>Implementaci\u00f3n Oracle<\/h3>\n<ul>\n<li><a href=\"https:\/\/rcm1.rcm.upr.edu\/deanshipresearch\/wp-content\/uploads\/sites\/10\/2020\/08\/Implementacion-ORACLE.pdf\" target=\"_blank\" rel=\"noopener noreferrer\">Implementaci\u00f3n ORACLE<\/a><\/li>\n<li><a href=\"https:\/\/rcm1.rcm.upr.edu\/deanshipresearch\/wp-content\/uploads\/sites\/10\/2020\/08\/Instrucciones-Supra-Campus.pdf\" target=\"_blank\" rel=\"noopener noreferrer\">Instrucciones Supra Campus<\/a><\/li>\n<li><a href=\"https:\/\/rcm1.rcm.upr.edu\/deanshipresearch\/wp-content\/uploads\/sites\/10\/2020\/08\/Registro-Oficial-de-Clasificacion-Puestos-Extento-y-No-Extento.pdf\" target=\"_blank\" rel=\"noopener noreferrer\">Registro Oficial de Clasificaci\u00f3n Puestos Extento y No Extento<\/a><\/li>\n<li><a href=\"https:\/\/rcm1.rcm.upr.edu\/deanshipresearch\/wp-content\/uploads\/sites\/10\/2020\/08\/Fechas-para-Redicar-o-Iniciar-Transacciones-de-Personal-a-partir-del-1-de-septiembre-de-2016.pdf\" target=\"_blank\" rel=\"noopener noreferrer\">Fechas para Radicar o Iniciar Transacciones de Personal a partir del 1 de septiembre de 2016<\/a><\/li>\n<\/ul>\n<p>&nbsp;<\/p>\n<h3>Certificaciones<\/h3>\n<ul>\n<li><a href=\"https:\/\/rcm1.rcm.upr.edu\/deanshipresearch\/wp-content\/uploads\/sites\/10\/2020\/08\/Cert-14-15-Normas-de-Promocion-y-Desarrollo-Investigacion-e-Informes.pdf\" target=\"_blank\" rel=\"noopener noreferrer\">Cert 14-15 Normas de Promoci\u00f3n y Desarrollo Investigaci\u00f3n e Informes (2012)<\/a><\/li>\n<li><a href=\"https:\/\/rcm1.rcm.upr.edu\/deanshipresearch\/wp-content\/uploads\/sites\/10\/2020\/08\/Cert-24-Profesor-adjunto-96-97.pdf\" target=\"_blank\" rel=\"noopener noreferrer\">Cert 24 Profesor adjunto (1996-97)<\/a><\/li>\n<li><a href=\"https:\/\/rcm1.rcm.upr.edu\/deanshipresearch\/wp-content\/uploads\/sites\/10\/2020\/08\/Certificacion-91-2015-16-Profesor-Adjunto.pdf\" target=\"_blank\" rel=\"noopener noreferrer\">Certificacion 91 Profesor Adjunto (2015-16)<\/a><\/li>\n<li><a href=\"https:\/\/rcm1.rcm.upr.edu\/deanshipresearch\/wp-content\/uploads\/sites\/10\/2021\/05\/Cert_136_2016-17_JA-RCM_Enmendada.pdf\" target=\"_blank\" rel=\"noopener noreferrer\">Cert 136 2016-17-Enmendada (aplica Profesor Adjunto)<\/a><\/li>\n<li><a href=\"https:\/\/rcm1.rcm.upr.edu\/deanshipresearch\/wp-content\/uploads\/sites\/10\/2020\/08\/Modelo-Carta-Contractual.pdf\">Modelo Carta Contractual<\/a><\/li>\n<li><a href=\"https:\/\/rcm1.rcm.upr.edu\/deanshipresearch\/wp-content\/uploads\/sites\/10\/2020\/08\/37-2015-2016-Escala-de-Retribucion-Personal-No-Docente.pdf\" target=\"_blank\" rel=\"noopener noreferrer\">Cert 37 Escala de Retribucion Personal No Docente (2015-2016)<\/a><\/li>\n<\/ul>\n<p>&nbsp;<\/p>\n<h3>Transacciones de Personal<\/h3>\n<ul>\n<li><a href=\"https:\/\/rcm1.rcm.upr.edu\/deanshipresearch\/wp-content\/uploads\/sites\/10\/2020\/08\/RH-T002-rev-22-DEC-2016-UPR-RCM.xls\">RH &#8211; T002 Notificaci\u00f3n de Cambio y Transacci\u00f3n Personal que NO conlleven distribuci\u00f3n de salario (Template)<\/a>\u00a0&#8211; <strong><a href=\"https:\/\/rcm1.rcm.upr.edu\/deanshipresearch\/wp-content\/uploads\/sites\/10\/2020\/08\/RH-T002-NO-DISTRIBUTION-mayo-2017.pdf\" target=\"_blank\" rel=\"noopener noreferrer\">English version<\/a><\/strong><\/li>\n<li><a href=\"https:\/\/rcm1.rcm.upr.edu\/deanshipresearch\/wp-content\/uploads\/sites\/10\/2020\/08\/Instrucciones-Supra-Campus.pdf\">Instrucciones para completar RH &#8211; T002<\/a>\u00a0&#8211; <strong><a href=\"https:\/\/rcm1.rcm.upr.edu\/deanshipresearch\/wp-content\/uploads\/sites\/10\/2020\/08\/Instructions-Notification-of-Change-and-Personnel-Transaction-with-no-distribution-in-salaries-RH-T002-revised-May-2017.pdf\" target=\"_blank\" rel=\"noopener noreferrer\">English version<\/a><\/strong><\/li>\n<li><a href=\"https:\/\/rcm1.rcm.upr.edu\/deanshipresearch\/wp-content\/uploads\/sites\/10\/2020\/08\/LD-T002-DOCENTES-O-NO-DOCENTES-A-12-MESES-rev-20-JUN-2017-Logo-UPR-RCM-INGLES.xls\" target=\"_blank\" rel=\"noopener noreferrer\">LD &#8211; T002 Notificaci\u00f3n de Cambio y Transacci\u00f3n Personal que conlleven distribuci\u00f3n de salario (Template)<\/a>\u00a0&#8211; <strong><a href=\"https:\/\/rcm1.rcm.upr.edu\/deanshipresearch\/wp-content\/uploads\/sites\/10\/2020\/08\/LD-T002-DOCENTES-O-NO-DOCENTES-A-12-MESES-rev-20-JUN-2017-Logo-UPR-RCM-INGLES.xls\" target=\"_blank\" rel=\"noopener noreferrer\">English version<\/a><\/strong><\/li>\n<li><a href=\"https:\/\/rcm1.rcm.upr.edu\/deanshipresearch\/wp-content\/uploads\/sites\/10\/2020\/08\/Instrucciones-LD-T002.revisado-2017.pdf\">Instrucciones para completar LD &#8211; T002<\/a>\u00a0&#8211; <strong><a href=\"https:\/\/rcm1.rcm.upr.edu\/deanshipresearch\/wp-content\/uploads\/sites\/10\/2020\/08\/Instructions-Notification-of-Change-and-Personnel-Transaction-with-distribution-of-salary-LD-T002-revised-May-2017.pdf\" target=\"_blank\" rel=\"noopener noreferrer\">English version<\/a><\/strong><\/li>\n<\/ul>\n<p>[\/vc_column_text][\/vc_column][\/vc_row]<\/p>\n<\/div>","protected":false},"excerpt":{"rendered":"<p>[vc_row][vc_column][vc_column_text] Ley de Incentivo Contributivo a Investigadores Cientificos (Ley 101) Hoja De Cotejo-Incentivo Contributivo Application for Tax Exemption for Researchers or Scientists Application Multiples Proposals (Pag3) Certificaci\u00f3n de Ingresos Devengados por Investigadores Cient\u00edficos Elegibles Petici\u00f3n de Concesi\u00f3n de Ley 101 Incentivos Contributivos Ley 60 &#8211; Investigadores Cient\u00edficos\u00a0 Comunicado Sobre La Ley De Incentivo Contributivo 2021\u00a0&hellip;<\/p>\n","protected":false},"author":1,"featured_media":0,"parent":0,"menu_order":0,"comment_status":"closed","ping_status":"closed","template":"template-microsite.php","meta":{"footnotes":""},"class_list":["post-69","page","type-page","status-publish","hentry","description-off"],"aioseo_notices":[],"_links":{"self":[{"href":"https:\/\/rcm1.rcm.upr.edu\/deanshipresearch\/wp-json\/wp\/v2\/pages\/69","targetHints":{"allow":["GET"]}}],"collection":[{"href":"https:\/\/rcm1.rcm.upr.edu\/deanshipresearch\/wp-json\/wp\/v2\/pages"}],"about":[{"href":"https:\/\/rcm1.rcm.upr.edu\/deanshipresearch\/wp-json\/wp\/v2\/types\/page"}],"author":[{"embeddable":true,"href":"https:\/\/rcm1.rcm.upr.edu\/deanshipresearch\/wp-json\/wp\/v2\/users\/1"}],"replies":[{"embeddable":true,"href":"https:\/\/rcm1.rcm.upr.edu\/deanshipresearch\/wp-json\/wp\/v2\/comments?post=69"}],"version-history":[{"count":0,"href":"https:\/\/rcm1.rcm.upr.edu\/deanshipresearch\/wp-json\/wp\/v2\/pages\/69\/revisions"}],"wp:attachment":[{"href":"https:\/\/rcm1.rcm.upr.edu\/deanshipresearch\/wp-json\/wp\/v2\/media?parent=69"}],"curies":[{"name":"wp","href":"https:\/\/api.w.org\/{rel}","templated":true}]}}