{"id":106,"date":"2018-01-18T00:44:18","date_gmt":"2018-01-18T00:44:18","guid":{"rendered":"http:\/\/127.0.0.1\/rcm\/da\/oficina-del-decano\/"},"modified":"2018-01-18T00:44:18","modified_gmt":"2018-01-18T00:44:18","slug":"oficina-del-decano","status":"publish","type":"page","link":"https:\/\/rcm1.rcm.upr.edu\/decanatoadministracion\/","title":{"rendered":"Oficina del Decano"},"content":{"rendered":"<div class=\"wpb-content-wrapper\"><p>[vc_row][vc_column][vc_raw_js]JTNDJTIxLS0lMjBHbG9iYWwlMjBzaXRlJTIwdGFnJTIwJTI4Z3RhZy5qcyUyOSUyMC0lMjBHb29nbGUlMjBBbmFseXRpY3MlMjAtLSUzRSUwQSUzQ3NjcmlwdCUyMGFzeW5jJTIwc3JjJTNEJTIyaHR0cHMlM0ElMkYlMkZ3d3cuZ29vZ2xldGFnbWFuYWdlci5jb20lMkZndGFnJTJGanMlM0ZpZCUzRFVBLTExOTU0MzAzNS0xJTIyJTNFJTNDJTJGc2NyaXB0JTNFJTBBJTNDc2NyaXB0JTNFJTBBJTIwJTIwd2luZG93LmRhdGFMYXllciUyMCUzRCUyMHdpbmRvdy5kYXRhTGF5ZXIlMjAlN0MlN0MlMjAlNUIlNUQlM0IlMEElMjAlMjBmdW5jdGlvbiUyMGd0YWclMjglMjklN0JkYXRhTGF5ZXIucHVzaCUyOGFyZ3VtZW50cyUyOSUzQiU3RCUwQSUyMCUyMGd0YWclMjglMjdqcyUyNyUyQyUyMG5ldyUyMERhdGUlMjglMjklMjklM0IlMEElMEElMjAlMjBndGFnJTI4JTI3Y29uZmlnJTI3JTJDJTIwJTI3VUEtMTE5NTQzMDM1LTElMjclMjklM0IlMEElM0MlMkZzY3JpcHQlM0U=[\/vc_raw_js][\/vc_column][\/vc_row][vc_row][vc_column][vc_column_text]<img loading=\"lazy\" decoding=\"async\" class=\"aligncenter wp-image-2386 size-full\" src=\"https:\/\/rcm1.rcm.upr.edu\/decanatoadministracion\/wp-content\/uploads\/sites\/11\/2022\/08\/Organigrama-DA.png\" alt=\"\" width=\"1545\" height=\"668\" srcset=\"https:\/\/rcm1.rcm.upr.edu\/decanatoadministracion\/wp-content\/uploads\/sites\/11\/2022\/08\/Organigrama-DA.png 1545w, https:\/\/rcm1.rcm.upr.edu\/decanatoadministracion\/wp-content\/uploads\/sites\/11\/2022\/08\/Organigrama-DA-300x130.png 300w, https:\/\/rcm1.rcm.upr.edu\/decanatoadministracion\/wp-content\/uploads\/sites\/11\/2022\/08\/Organigrama-DA-1024x443.png 1024w, https:\/\/rcm1.rcm.upr.edu\/decanatoadministracion\/wp-content\/uploads\/sites\/11\/2022\/08\/Organigrama-DA-768x332.png 768w, https:\/\/rcm1.rcm.upr.edu\/decanatoadministracion\/wp-content\/uploads\/sites\/11\/2022\/08\/Organigrama-DA-1536x664.png 1536w\" sizes=\"auto, (max-width: 1545px) 100vw, 1545px\" \/>[\/vc_column_text][vc_empty_space][\/vc_column][\/vc_row][vc_row][vc_column][vc_column_text]<\/p>\n<h3>Misi\u00f3n<\/h3>\n<p style=\"text-align: left\">Proveer la infraestructura y la coordinaci\u00f3n de los procesos administrativos medulares del Recinto de Ciencias M\u00e9dicas. Entre las \u00e1reas funcionales del Decanato se incluye: Gerencia de Capital Humano, Compras, Recursos F\u00edsicos, Seguridad, Calidad Ambiental, Salud y Seguridad Ocupacional, Servicios Complementarios, Planificaci\u00f3n y Seguridad en los Laboratorios de Investigaci\u00f3n.<\/p>\n<p>&nbsp;<\/p>\n<h3>Visi\u00f3n<\/h3>\n<p>El Decanato de Administraci\u00f3n ha de ser uno que renueva sus estructuras, conocimientos y tecnolog\u00edas a la luz de las expectativas y necesidades de las Escuelas y Decanatos del Recinto de Ciencias M\u00e9dicas. Se caracterizar\u00e1 por su contribuci\u00f3n al uso \u00f3ptimo de los recursos del Recinto y por su constante empe\u00f1o de validar la calidad de sus procesos y servicios en funci\u00f3n del grado de satisfacci\u00f3n de aquellos a quienes sirve.[\/vc_column_text][\/vc_column][\/vc_row][vc_row][vc_column][vc_empty_space][vc_column_text]<\/p>\n<h3>Solicitud de<span style=\"font-size: 14px;font-weight: 400\">\u00a0<\/span>Servicios de Tecnolog\u00edas del Decanato de Administraci\u00f3n<\/h3>\n<p>[\/vc_column_text]<div class=\"text-centered\"><a href=\"https:\/\/it-decanatoadm.on.spiceworks.com\/portal\/tickets\" class=\"btn-shortcode dt-btn-l dt-btn light-bg-btn title-btn-color default-btn-hover-color default-btn-bg-color default-btn-bg-hover-color\" target=\"_blank\" id=\"dt-btn-1\" rel=\"noopener\"><span>Crear Ticket<\/span><\/a><\/div>[\/vc_column][\/vc_row][vc_row][vc_column][vc_empty_space][vc_column_text]<\/p>\n<h3>Contacto<\/h3>\n<p>[\/vc_column_text][vc_column_text]<\/p>\n<p style=\"text-align: left\">Edicifio Principal<br \/>\nPiso 7<br \/>\nOficina A-716<\/p>\n<p>[vc_row_inner][vc_column_inner width=&#8221;1\/4&#8243;][vc_column_text]<strong> Rozaida Mart\u00ednez Torres<\/strong><br \/>\n<em>Decana Interina de Administraci\u00f3n<\/em><br \/>\n787-758-2525 extensi\u00f3n 1799<br \/>\n787-751-0975 directo<br \/>\n787-765-0330 fax[vc_row_inner][vc_column_inner width=&#8221;1\/4&#8243;][vc_column_text]<strong>Ada N. Ortiz Cajigas<\/strong><br \/>\n<em>Secretaria Ejecutiva<\/em><br \/>\n787-758-2525 extensi\u00f3n 1799<br \/>\n787-765-0330 fax[vc_row_inner][vc_column_inner width=&#8221;1\/4&#8243;][vc_column_text]<strong>Jessica Zayas D\u00e1vila<\/strong><br \/>\n<em>Ayudante Especial de la Decana<\/em><br \/>\n787-758-2525 extensi\u00f3n 2225<\/p>\n<\/div>","protected":false},"excerpt":{"rendered":"<p>[vc_row][vc_column][vc_raw_js]JTNDJTIxLS0lMjBHbG9iYWwlMjBzaXRlJTIwdGFnJTIwJTI4Z3RhZy5qcyUyOSUyMC0lMjBHb29nbGUlMjBBbmFseXRpY3MlMjAtLSUzRSUwQSUzQ3NjcmlwdCUyMGFzeW5jJTIwc3JjJTNEJTIyaHR0cHMlM0ElMkYlMkZ3d3cuZ29vZ2xldGFnbWFuYWdlci5jb20lMkZndGFnJTJGanMlM0ZpZCUzRFVBLTExOTU0MzAzNS0xJTIyJTNFJTNDJTJGc2NyaXB0JTNFJTBBJTNDc2NyaXB0JTNFJTBBJTIwJTIwd2luZG93LmRhdGFMYXllciUyMCUzRCUyMHdpbmRvdy5kYXRhTGF5ZXIlMjAlN0MlN0MlMjAlNUIlNUQlM0IlMEElMjAlMjBmdW5jdGlvbiUyMGd0YWclMjglMjklN0JkYXRhTGF5ZXIucHVzaCUyOGFyZ3VtZW50cyUyOSUzQiU3RCUwQSUyMCUyMGd0YWclMjglMjdqcyUyNyUyQyUyMG5ldyUyMERhdGUlMjglMjklMjklM0IlMEElMEElMjAlMjBndGFnJTI4JTI3Y29uZmlnJTI3JTJDJTIwJTI3VUEtMTE5NTQzMDM1LTElMjclMjklM0IlMEElM0MlMkZzY3JpcHQlM0U=[\/vc_raw_js][\/vc_column][\/vc_row][vc_row][vc_column][vc_column_text][\/vc_column_text][vc_empty_space][\/vc_column][\/vc_row][vc_row][vc_column][vc_column_text] Misi\u00f3n Proveer la infraestructura y la coordinaci\u00f3n de los procesos administrativos medulares del Recinto de Ciencias M\u00e9dicas. Entre las \u00e1reas funcionales del Decanato se incluye: Gerencia de Capital Humano, Compras, Recursos F\u00edsicos, Seguridad, Calidad Ambiental, Salud y Seguridad Ocupacional, Servicios Complementarios, Planificaci\u00f3n y Seguridad en los Laboratorios de Investigaci\u00f3n. &nbsp; Visi\u00f3n El Decanato de&hellip;<\/p>\n","protected":false},"author":1,"featured_media":0,"parent":0,"menu_order":0,"comment_status":"closed","ping_status":"closed","template":"template-microsite.php","meta":{"footnotes":""},"class_list":["post-106","page","type-page","status-publish","hentry","description-off"],"aioseo_notices":[],"_links":{"self":[{"href":"https:\/\/rcm1.rcm.upr.edu\/decanatoadministracion\/wp-json\/wp\/v2\/pages\/106","targetHints":{"allow":["GET"]}}],"collection":[{"href":"https:\/\/rcm1.rcm.upr.edu\/decanatoadministracion\/wp-json\/wp\/v2\/pages"}],"about":[{"href":"https:\/\/rcm1.rcm.upr.edu\/decanatoadministracion\/wp-json\/wp\/v2\/types\/page"}],"author":[{"embeddable":true,"href":"https:\/\/rcm1.rcm.upr.edu\/decanatoadministracion\/wp-json\/wp\/v2\/users\/1"}],"replies":[{"embeddable":true,"href":"https:\/\/rcm1.rcm.upr.edu\/decanatoadministracion\/wp-json\/wp\/v2\/comments?post=106"}],"version-history":[{"count":0,"href":"https:\/\/rcm1.rcm.upr.edu\/decanatoadministracion\/wp-json\/wp\/v2\/pages\/106\/revisions"}],"wp:attachment":[{"href":"https:\/\/rcm1.rcm.upr.edu\/decanatoadministracion\/wp-json\/wp\/v2\/media?parent=106"}],"curies":[{"name":"wp","href":"https:\/\/api.w.org\/{rel}","templated":true}]}}