{"id":2361,"date":"2022-08-11T13:47:03","date_gmt":"2022-08-11T13:47:03","guid":{"rendered":"https:\/\/da.rcm.upr.edu\/?page_id=2361"},"modified":"2022-08-11T13:47:03","modified_gmt":"2022-08-11T13:47:03","slug":"departamento-de-finanzas","status":"publish","type":"page","link":"https:\/\/rcm1.rcm.upr.edu\/decanatoadministracion\/departamento-de-finanzas\/","title":{"rendered":"Departamento de Finanzas"},"content":{"rendered":"<div class=\"wpb-content-wrapper\"><p>[vc_row][vc_column][vc_column_text]<\/p>\n<h3>Pol\u00edticas, Reglamentos y Formularios<\/h3>\n<p>[\/vc_column_text][vc_tta_tour][vc_tta_section title=&#8221;Preintervenciones&#8221; tab_id=&#8221;1657714409697-674f587d-de81&#8243;][vc_column_text]<a href=\"https:\/\/rcm1.rcm.upr.edu\/decanatoadministracion\/wp-content\/uploads\/sites\/11\/2022\/08\/Comprobante-Pago-por-Anticipado2.1.pdf\">Comprobante Pago por Anticipado<\/a><\/p>\n<p><a href=\"https:\/\/rcm1.rcm.upr.edu\/decanatoadministracion\/wp-content\/uploads\/sites\/11\/2022\/08\/Comprobante-de-Desembolso.2.pdf\">Comprobante de Desembolso<\/a><\/p>\n<p><a href=\"https:\/\/rcm1.rcm.upr.edu\/decanatoadministracion\/wp-content\/uploads\/sites\/11\/2022\/08\/2da-pag-Comprobante1.pdf\">Hoja de Comprobante<\/a><\/p>\n<p><a href=\"https:\/\/rcm1.rcm.upr.edu\/decanatoadministracion\/wp-content\/uploads\/sites\/11\/2022\/08\/jornall.pdf\">Jornal<\/a><\/p>\n<p><a href=\"https:\/\/rcm1.rcm.upr.edu\/decanatoadministracion\/wp-content\/uploads\/sites\/11\/2022\/08\/jornal.pdf\">Jornales N\u00f3minas<\/a><\/p>\n<p><a href=\"https:\/\/rcm1.rcm.upr.edu\/decanatoadministracion\/wp-content\/uploads\/sites\/11\/2022\/08\/tarjeta-firmas.pdf\">Tarjetas Firmas<\/a>[\/vc_column_text][\/vc_tta_section][vc_tta_section title=&#8221;Contabilidad&#8221; tab_id=&#8221;1657714409746-8e71fce2-eb68&#8243;][vc_column_text]<a href=\"https:\/\/rcm1.rcm.upr.edu\/decanatoadministracion\/wp-content\/uploads\/sites\/11\/2022\/08\/Certificacion-y-Consentimiento-de-viaje.pdf\">Certificaci\u00f3n y Consentimiento de Viaje<\/a><\/p>\n<p><a href=\"https:\/\/rcm1.rcm.upr.edu\/decanatoadministracion\/wp-content\/uploads\/sites\/11\/2022\/08\/Formulario-Factura-Entre-Cuentas-en-pdf.pdf\">Formulario Factura Entre Cuentas<\/a><\/p>\n<p><a href=\"https:\/\/rcm1.rcm.upr.edu\/decanatoadministracion\/wp-content\/uploads\/sites\/11\/2022\/08\/Solicitud-y-Autorizacion-de-Orden-de-Viaje-29-abril-22.pdf\" target=\"_blank\" rel=\"noopener\">Solicitud y Autorizaci\u00f3n de Orden de Viaje<\/a><\/p>\n<p><a href=\"https:\/\/rcm1.rcm.upr.edu\/decanatoadministracion\/wp-content\/uploads\/sites\/11\/2022\/08\/Formulario-Comprobante-de-Ajuste.pdf\">Formulario Comprobante de Ajuste<\/a><\/p>\n<p><a href=\"https:\/\/rcm1.rcm.upr.edu\/decanatoadministracion\/wp-content\/uploads\/sites\/11\/2022\/08\/Liquidacion-y-Comprobante-De-Gastos-De-Viaje-29-abril-22.pdf\" target=\"_blank\" rel=\"noopener\">Formulario Liquidaci\u00f3n y Comprobante de Gastos de Viaje<\/a>[\/vc_column_text][\/vc_tta_section][vc_tta_section title=&#8221;N\u00f3minas&#8221; tab_id=&#8221;1657714415984-c9ef7566-753e&#8221;][vc_column_text]<a href=\"https:\/\/rcm1.rcm.upr.edu\/decanatoadministracion\/wp-content\/uploads\/sites\/11\/2022\/08\/Procedimiento-General-sobre-el-Proceso-de-Nomina.pdf\">Procedimiento General sobre el Proceso de N\u00f3mina<\/a><\/p>\n<p><a href=\"https:\/\/rcm1.rcm.upr.edu\/decanatoadministracion\/wp-content\/uploads\/sites\/11\/2022\/08\/Enmienda-a-la-Politica-Fiscal-sobre-Deposito-Directo.pdf\">Enmienda a la Pol\u00edtica Fiscal sobre Dep\u00f3sito Directo<\/a><\/p>\n<p><a href=\"https:\/\/rcm1.rcm.upr.edu\/decanatoadministracion\/wp-content\/uploads\/sites\/11\/2022\/08\/Certificacion-40-Reglamento-Cobro-Deudas-en-UPR.pdf\">Certificaci\u00f3n 40 &#8211; Reglamento Cobro Deudas en UPR<\/a><\/p>\n<p><a href=\"https:\/\/rcm1.rcm.upr.edu\/decanatoadministracion\/wp-content\/uploads\/sites\/11\/2022\/08\/Formulario-Solicitud-Deposito-Directo.pdf\">Formulario Solicitud Dep\u00f3sito Directo<\/a>[\/vc_column_text][\/vc_tta_section][vc_tta_section title=&#8221;Recaudaciones&#8221; tab_id=&#8221;1657714416852-27e1bf69-24aa&#8221;][vc_column_text]<a href=\"https:\/\/rcm1.rcm.upr.edu\/decanatoadministracion\/wp-content\/uploads\/sites\/11\/2022\/08\/Reglamento-de-recaudaciones.pdf\">Reglamento de Recaudaciones<\/a><\/p>\n<p><a href=\"https:\/\/rcm1.rcm.upr.edu\/decanatoadministracion\/wp-content\/uploads\/sites\/11\/2022\/08\/CIRCULAR-DE-FINANZAS-13-11-MINIMO-COBRO-TARJETAS-2.pdf\">Circular De Finanzas 13-11 M\u00ednimo Cobro Tarjetas<\/a><\/p>\n<p><a href=\"https:\/\/rcm1.rcm.upr.edu\/decanatoadministracion\/wp-content\/uploads\/sites\/11\/2022\/08\/CF-18-01-CERTIFICACION-18-01-TARIFAS-DE-MATRICULA-ANO-ACADEMICO-2017-18-1.pdf\">Certificaci\u00f3n 18-01 Tarifas De Matricula A\u00f1o Acad\u00e9mico 2017-18<\/a>[\/vc_column_text][\/vc_tta_section][\/vc_tta_tour][\/vc_column][\/vc_row][vc_row][vc_column][vc_empty_space][vc_column_text]<\/p>\n<div class=\"wpb_text_column wpb_content_element \">\n<div class=\"wpb_wrapper\">\n<h3>Cont\u00e1ctenos<\/h3>\n<\/div>\n<\/div>\n<p>[\/vc_column_text][vc_empty_space][vc_row_inner][vc_column_inner width=&#8221;1\/3&#8243;][vc_column_text]<\/p>\n<h3>Oficina del Director<\/h3>\n<p>[\/vc_column_text][vc_column_text]Edificio Principal<br \/>\nPiso 7<br \/>\nOficina A-705[\/vc_column_text][\/vc_column_inner][vc_column_inner width=&#8221;2\/3&#8243;][vc_column_text]<strong>\u00c1ngela I. Mercado Molina<\/strong><br \/>\n<em>Directora Interina del Departamento de Finanzas<\/em><br \/>\n787-758-2525 extensi\u00f3n 1893, 1894<br \/>\n787-274-1358 fax[\/vc_column_text][\/vc_column_inner][\/vc_row_inner][\/vc_column][\/vc_row][vc_row][vc_column][vc_separator][\/vc_column][\/vc_row][vc_row][vc_column width=&#8221;1\/3&#8243;][vc_empty_space][vc_column_text]<\/p>\n<h3>Oficina de Contabilidad y Viajes<\/h3>\n<p>[\/vc_column_text][vc_column_text]Edificio Principal<br \/>\nPiso 7<br \/>\nOficina B-734[\/vc_column_text][\/vc_column][vc_column width=&#8221;2\/3&#8243;][vc_empty_space][vc_column_text]<strong>Antonia Reyes<\/strong><br \/>\n<em>Directora<\/em><br \/>\n787-758-2525 extensi\u00f3n 1705[\/vc_column_text][vc_column_text][\/vc_column_text][\/vc_column][\/vc_row][vc_row][vc_column][vc_separator][\/vc_column][\/vc_row][vc_row][vc_column width=&#8221;1\/3&#8243;][vc_empty_space][vc_column_text]<\/p>\n<h3>Oficina de Viajes<\/h3>\n<p>[\/vc_column_text][vc_column_text]Edificio Principal<br \/>\nPiso 7<br \/>\nOficina B-734[\/vc_column_text][\/vc_column][vc_column width=&#8221;2\/3&#8243;][vc_empty_space][vc_column_text][\/vc_column_text][vc_column_text]<strong>John Sol\u00e1<\/strong><br \/>\n<em>Contador<\/em><br \/>\n787-758-2525 extensi\u00f3n 2021[\/vc_column_text][vc_column_text]<strong>Ilka Ortiz<\/strong><br \/>\n<em>Auxiliar de Contabilidad<\/em><br \/>\n787-758-2525 extensi\u00f3n 2020[\/vc_column_text][\/vc_column][\/vc_row][vc_row][vc_column][vc_separator][\/vc_column][\/vc_row][vc_row][vc_column width=&#8221;1\/3&#8243;][vc_empty_space][vc_column_text]<\/p>\n<h3>Oficina de Preintervenciones y Cuentas a Pagar<\/h3>\n<p>[\/vc_column_text][vc_column_text]Edificio Principal<br \/>\nPiso 7<br \/>\nOficina A-733[\/vc_column_text][\/vc_column][vc_column width=&#8221;2\/3&#8243;][vc_empty_space][vc_column_text]<strong>Gloria Hunt<\/strong><br \/>\n<em>Supervisora Interina<\/em><br \/>\n787-758-2525 extensi\u00f3n\u00a01940<br \/>\n787-767-0133 fax[\/vc_column_text][vc_column_text][\/vc_column_text][\/vc_column][\/vc_row][vc_row][vc_column][vc_separator][\/vc_column][\/vc_row][vc_row][vc_column width=&#8221;1\/3&#8243;][vc_empty_space][vc_column_text]<\/p>\n<h3>Oficina de Pagadur\u00eda<\/h3>\n<p>[\/vc_column_text][vc_column_text]Edificio Principal<br \/>\nPiso 7<br \/>\nOficina A-702[\/vc_column_text][\/vc_column][vc_column width=&#8221;2\/3&#8243;][vc_empty_space][vc_column_text]<strong>Oscar Mart\u00ednez<\/strong><br \/>\n<em>Pagador Oficial Interino<\/em><br \/>\n787-758-2525 extensi\u00f3n 1753, 2024<br \/>\n787-756-5466 fax[\/vc_column_text][vc_column_text][\/vc_column_text][\/vc_column][\/vc_row][vc_row][vc_column][vc_separator][\/vc_column][\/vc_row][vc_row][vc_column width=&#8221;1\/3&#8243;][vc_empty_space][vc_column_text]<\/p>\n<h3>Oficina de N\u00f3minas<\/h3>\n<p>[\/vc_column_text][vc_column_text]Edificio Principal<br \/>\nPiso 7<br \/>\nOficina A-730[\/vc_column_text][\/vc_column][vc_column width=&#8221;2\/3&#8243;][vc_column_text][\/vc_column_text][vc_column_text]<strong>Ivelisse Crespo<\/strong><br \/>\n<em>Directora Auxiliar<\/em><br \/>\n787-758-2525 extensi\u00f3n 2345[\/vc_column_text][vc_column_text][\/vc_column_text][\/vc_column][\/vc_row][vc_row][vc_column][vc_separator][\/vc_column][\/vc_row][vc_row][vc_column width=&#8221;1\/3&#8243;][vc_empty_space][vc_column_text]<\/p>\n<h3>Oficina de Recaudaciones<\/h3>\n<p>[\/vc_column_text][vc_column_text]Edificio Principal<br \/>\nPiso 2<br \/>\nOficina B-212[\/vc_column_text][\/vc_column][vc_column width=&#8221;2\/3&#8243;][vc_empty_space][vc_column_text]<strong>Sharon Bilbraut<\/strong><br \/>\n<em>Directora<\/em><br \/>\n787-758-2525 extensi\u00f3n 1229<br \/>\n787-250-7282[\/vc_column_text][vc_column_text][\/vc_column_text][\/vc_column][\/vc_row][vc_row][vc_column][vc_separator][\/vc_column][\/vc_row][vc_row][vc_column width=&#8221;1\/3&#8243;][vc_empty_space][vc_column_text]<\/p>\n<h3>Oficina de Cobros y Reclamaciones<\/h3>\n<p>[\/vc_column_text][vc_column_text]Edificio Principal<br \/>\nPiso 2<br \/>\nOficina B-213[\/vc_column_text][\/vc_column][vc_column width=&#8221;2\/3&#8243;][vc_empty_space][vc_column_text]<strong>Am\u00e9rica Rodr\u00edguez<\/strong><br \/>\n<em>Directora<\/em><br \/>\n787-758-2525 extensi\u00f3n 2661<br \/>\n787-753-5914 fax[\/vc_column_text][vc_column_text][\/vc_column_text][\/vc_column][\/vc_row][vc_row][vc_column][vc_separator][\/vc_column][\/vc_row][vc_row][vc_column width=&#8221;1\/3&#8243;][vc_empty_space][vc_column_text]<\/p>\n<h3>Oficina Fiscal de Asistencia Econ\u00f3mica<\/h3>\n<p>[\/vc_column_text][vc_column_text]Escuela de Enfermer\u00eda<br \/>\nPiso 2<br \/>\nOficina B-213[\/vc_column_text][\/vc_column][vc_column width=&#8221;2\/3&#8243;][vc_empty_space][vc_column_text]<strong>\u00c1ngela I. Mercado Molina<\/strong><br \/>\n<em>Directora<\/em><br \/>\n787-758-2525 extensi\u00f3n 2660<br \/>\n787-625-0077 directo[\/vc_column_text][vc_column_text][\/vc_column_text][\/vc_column][\/vc_row][vc_row][vc_column][vc_separator][\/vc_column][\/vc_row][vc_row][vc_column width=&#8221;1\/3&#8243;][vc_empty_space][vc_column_text]<\/p>\n<h3>Oficina de Propiedad<\/h3>\n<p>[\/vc_column_text][vc_column_text]Escuela de Enfermer\u00eda<br \/>\nS\u00f3tano<br \/>\nOficina B-003[\/vc_column_text][\/vc_column][vc_column width=&#8221;2\/3&#8243;][vc_empty_space][vc_column_text]<strong>Jessica Palma<\/strong><br \/>\n<em>Supervisora<\/em><br \/>\n787-758-2525 extensi\u00f3n 2545, 5000[\/vc_column_text][vc_column_text][\/vc_column_text][\/vc_column][\/vc_row]<\/p>\n<\/div>","protected":false},"excerpt":{"rendered":"<p>[vc_row][vc_column][vc_column_text] Pol\u00edticas, Reglamentos y Formularios [\/vc_column_text][vc_tta_tour][vc_tta_section title=&#8221;Preintervenciones&#8221; tab_id=&#8221;1657714409697-674f587d-de81&#8243;][vc_column_text]Comprobante Pago por Anticipado Comprobante de Desembolso Hoja de Comprobante Jornal Jornales N\u00f3minas Tarjetas Firmas[\/vc_column_text][\/vc_tta_section][vc_tta_section title=&#8221;Contabilidad&#8221; tab_id=&#8221;1657714409746-8e71fce2-eb68&#8243;][vc_column_text]Certificaci\u00f3n y Consentimiento de Viaje Formulario Factura Entre Cuentas Solicitud y Autorizaci\u00f3n de Orden de Viaje Formulario Comprobante de Ajuste Formulario Liquidaci\u00f3n y Comprobante de Gastos de Viaje[\/vc_column_text][\/vc_tta_section][vc_tta_section title=&#8221;N\u00f3minas&#8221; tab_id=&#8221;1657714415984-c9ef7566-753e&#8221;][vc_column_text]Procedimiento General sobre&hellip;<\/p>\n","protected":false},"author":1,"featured_media":0,"parent":0,"menu_order":0,"comment_status":"closed","ping_status":"closed","template":"template-microsite.php","meta":{"footnotes":""},"class_list":["post-2361","page","type-page","status-publish","hentry","description-off"],"aioseo_notices":[],"_links":{"self":[{"href":"https:\/\/rcm1.rcm.upr.edu\/decanatoadministracion\/wp-json\/wp\/v2\/pages\/2361","targetHints":{"allow":["GET"]}}],"collection":[{"href":"https:\/\/rcm1.rcm.upr.edu\/decanatoadministracion\/wp-json\/wp\/v2\/pages"}],"about":[{"href":"https:\/\/rcm1.rcm.upr.edu\/decanatoadministracion\/wp-json\/wp\/v2\/types\/page"}],"author":[{"embeddable":true,"href":"https:\/\/rcm1.rcm.upr.edu\/decanatoadministracion\/wp-json\/wp\/v2\/users\/1"}],"replies":[{"embeddable":true,"href":"https:\/\/rcm1.rcm.upr.edu\/decanatoadministracion\/wp-json\/wp\/v2\/comments?post=2361"}],"version-history":[{"count":0,"href":"https:\/\/rcm1.rcm.upr.edu\/decanatoadministracion\/wp-json\/wp\/v2\/pages\/2361\/revisions"}],"wp:attachment":[{"href":"https:\/\/rcm1.rcm.upr.edu\/decanatoadministracion\/wp-json\/wp\/v2\/media?parent=2361"}],"curies":[{"name":"wp","href":"https:\/\/api.w.org\/{rel}","templated":true}]}}