{"id":2435,"date":"2023-05-17T17:46:19","date_gmt":"2023-05-17T17:46:19","guid":{"rendered":"https:\/\/da.rcm.upr.edu\/?page_id=2435"},"modified":"2023-05-17T17:46:19","modified_gmt":"2023-05-17T17:46:19","slug":"departamento-de-servicios-complementarios","status":"publish","type":"page","link":"https:\/\/rcm1.rcm.upr.edu\/decanatoadministracion\/departamento-de-servicios-complementarios\/","title":{"rendered":"Departamento de Servicios Complementarios"},"content":{"rendered":"<h3 class=\"x_x_MsoNormal\"><strong><span class=\"x_x_ContentPasted1\" lang=\"ES\">Misi\u00f3n:<\/span><\/strong><\/h3>\n<p>&nbsp;<\/p>\n<p class=\"x_x_MsoNormal\"><span class=\"x_x_ContentPasted1\" lang=\"ES\">Coordinar los servicios de las unidades que componen el Departamento: Correo Interior, Cuadro Telef\u00f3nico, Archivo Central, donde se mantienen y custodian los documentos fiscales del Recinto y la Oficina de Transportaci\u00f3n del Recinto de Ciencias M\u00e9dicas.<\/span><\/p>\n<p>&nbsp;<\/p>\n<p class=\"x_x_MsoNormalCxSpMiddle x_x_ContentPasted1\">Oficina del Director<span class=\"x_x_ContentPasted1\"><br \/>\n<\/span><span class=\"x_x_ContentPasted1\">787-758-2525&nbsp;<\/span>Ext. 5010<br \/>\nTel. Directo 787-756-7442<\/p>\n<p class=\"x_x_MsoNormalCxSpMiddle x_x_ContentPasted1\"><span class=\"x_x_ContentPasted1\">&nbsp; &nbsp; &nbsp; &nbsp; &nbsp;<\/span><\/p>\n<p class=\"x_x_MsoNormalCxSpMiddle x_x_ContentPasted1\">Secretaria Administrativa<span class=\"x_x_ContentPasted1\"><br \/>\n<\/span>Nora Liz Marcano<span class=\"x_x_ContentPasted1\"><br \/>\n<\/span><span class=\"x_x_ContentPasted1\">787-758-2525&nbsp;<\/span>Ext.5009, 5010<span class=\"x_x_ContentPasted1\">&nbsp;&nbsp;&nbsp;&nbsp;&nbsp;&nbsp;&nbsp;&nbsp;&nbsp;&nbsp;&nbsp;&nbsp;&nbsp;&nbsp;&nbsp;&nbsp;&nbsp;&nbsp;&nbsp;&nbsp;&nbsp;&nbsp;&nbsp;&nbsp;&nbsp;&nbsp;&nbsp;&nbsp;&nbsp;&nbsp;&nbsp;&nbsp;&nbsp;&nbsp;&nbsp;&nbsp;&nbsp;&nbsp;&nbsp;&nbsp;&nbsp;&nbsp;&nbsp;&nbsp;&nbsp;&nbsp;&nbsp;&nbsp;&nbsp;&nbsp;&nbsp;&nbsp;&nbsp;&nbsp;&nbsp;&nbsp;&nbsp;&nbsp;&nbsp;&nbsp;&nbsp;&nbsp;&nbsp;&nbsp;&nbsp;&nbsp;&nbsp;&nbsp;&nbsp;<\/span><\/p>\n<p class=\"x_x_MsoNormalCxSpMiddle\" aria-hidden=\"true\">\n<p aria-hidden=\"true\">\n<p>&nbsp;<\/p>\n<p class=\"x_x_MsoNormalCxSpMiddle x_x_ContentPasted1\">Oficina de Transportaci\u00f3n<span class=\"x_x_ContentPasted1\"><br \/>\n<\/span><span class=\"x_x_ContentPasted1\">787-758-2525&nbsp;<\/span>Ext. 1003<br \/>\nTel. Directo 787-756-7442<span class=\"x_x_ContentPasted1\">&nbsp;&nbsp;&nbsp;&nbsp;&nbsp;&nbsp;&nbsp;&nbsp;&nbsp;&nbsp;&nbsp;&nbsp;<\/span><\/p>\n<p class=\"x_x_MsoNormalCxSpMiddle\" aria-hidden=\"true\">\n<p>&nbsp;<\/p>\n<p class=\"x_x_MsoNormalCxSpMiddle x_x_ContentPasted1\">Archivo Central<span class=\"x_x_ContentPasted1\"><br \/>\n<\/span>Administradora de Documentos<br \/>\nErica Ortiz<span class=\"x_x_ContentPasted1\"><br \/>\n<\/span><span class=\"x_x_ContentPasted1\">787-758-2525&nbsp;<\/span>Ext. 2037<br \/>\nTel. Directo 787-756-7442<span class=\"x_x_ContentPasted1\">&nbsp;&nbsp;&nbsp;&nbsp;&nbsp;&nbsp;&nbsp;&nbsp;&nbsp;&nbsp;&nbsp;&nbsp;<\/span><\/p>\n<p class=\"x_x_MsoNormalCxSpMiddle\"><span class=\"x_x_ContentPasted1\">&nbsp; &nbsp; &nbsp; &nbsp; &nbsp; &nbsp; &nbsp; &nbsp; &nbsp; &nbsp; &nbsp; &nbsp; &nbsp; &nbsp; &nbsp; &nbsp; &nbsp; &nbsp; &nbsp; &nbsp; &nbsp; &nbsp; &nbsp; &nbsp; &nbsp; &nbsp; &nbsp;&nbsp;<\/span><\/p>\n<p class=\"x_x_MsoNormalCxSpMiddle x_x_ContentPasted1\">Correo Interior<span class=\"x_x_ContentPasted1\"><br \/>\n<\/span>Supervisora<span class=\"x_x_ContentPasted1\"><br \/>\n<\/span>Erica Ortiz<span class=\"x_x_ContentPasted1\"><br \/>\n<\/span><span class=\"x_x_ContentPasted1\">787-758-2525&nbsp;<\/span>Ext. 1104,1103<span class=\"x_x_ContentPasted1\"><br \/>\n<\/span>Tel. Directo<span class=\"x_x_ContentPasted1\">&nbsp;&nbsp;&nbsp;<\/span>787-756-7442<span class=\"x_x_ContentPasted1\">&nbsp;&nbsp;&nbsp;&nbsp;&nbsp;&nbsp;&nbsp;&nbsp;&nbsp;&nbsp;<\/span><\/p>\n<p class=\"x_x_MsoNormalCxSpMiddle\" aria-hidden=\"true\">\n<p>&nbsp;<\/p>\n<p class=\"x_x_MsoNormalCxSpMiddle x_x_ContentPasted1\">Cuadro Telef\u00f3nico<span class=\"x_x_ContentPasted1\"><br \/>\n<\/span>Glenda. I. Almod\u00f3var<br \/>\nOperadora<span class=\"x_x_ContentPasted1\">&nbsp;&nbsp;&nbsp;<\/span>0<\/p>\n","protected":false},"excerpt":{"rendered":"<p>Misi\u00f3n: &nbsp; Coordinar los servicios de las unidades que componen el Departamento: Correo Interior, Cuadro Telef\u00f3nico, Archivo Central, donde se mantienen y custodian los documentos fiscales del Recinto y la Oficina de Transportaci\u00f3n del Recinto de Ciencias M\u00e9dicas. &nbsp; Oficina del Director 787-758-2525&nbsp;Ext. 5010 Tel. Directo 787-756-7442 &nbsp; &nbsp; &nbsp; &nbsp; &nbsp; Secretaria Administrativa Nora&hellip;<\/p>\n","protected":false},"author":1,"featured_media":0,"parent":0,"menu_order":0,"comment_status":"closed","ping_status":"closed","template":"","meta":{"footnotes":""},"class_list":["post-2435","page","type-page","status-publish","hentry","description-off"],"aioseo_notices":[],"_links":{"self":[{"href":"https:\/\/rcm1.rcm.upr.edu\/decanatoadministracion\/wp-json\/wp\/v2\/pages\/2435","targetHints":{"allow":["GET"]}}],"collection":[{"href":"https:\/\/rcm1.rcm.upr.edu\/decanatoadministracion\/wp-json\/wp\/v2\/pages"}],"about":[{"href":"https:\/\/rcm1.rcm.upr.edu\/decanatoadministracion\/wp-json\/wp\/v2\/types\/page"}],"author":[{"embeddable":true,"href":"https:\/\/rcm1.rcm.upr.edu\/decanatoadministracion\/wp-json\/wp\/v2\/users\/1"}],"replies":[{"embeddable":true,"href":"https:\/\/rcm1.rcm.upr.edu\/decanatoadministracion\/wp-json\/wp\/v2\/comments?post=2435"}],"version-history":[{"count":0,"href":"https:\/\/rcm1.rcm.upr.edu\/decanatoadministracion\/wp-json\/wp\/v2\/pages\/2435\/revisions"}],"wp:attachment":[{"href":"https:\/\/rcm1.rcm.upr.edu\/decanatoadministracion\/wp-json\/wp\/v2\/media?parent=2435"}],"curies":[{"name":"wp","href":"https:\/\/api.w.org\/{rel}","templated":true}]}}