{"id":51,"date":"2017-12-21T02:42:58","date_gmt":"2017-12-21T02:42:58","guid":{"rendered":"http:\/\/127.0.0.1\/rcm\/da\/oficina-de-seguridad-y-vigilancia\/"},"modified":"2024-12-12T11:47:42","modified_gmt":"2024-12-12T11:47:42","slug":"oficina-de-seguridad-y-vigilancia","status":"publish","type":"page","link":"https:\/\/rcm1.rcm.upr.edu\/decanatoadministracion\/oficina-de-seguridad-y-vigilancia\/","title":{"rendered":"Oficina de Seguridad y Vigilancia"},"content":{"rendered":"<div class=\"wpb-content-wrapper\"><p>[vc_row][vc_column][vc_column_text]<\/p>\n<h3>Misi\u00f3n<\/h3>\n<p>Proteger y salvaguardar las vida y propiedad institucional, capital y empleo, al igual que el bienestar de los que laboran en la instituci\u00f3n. Promover y mantener un ambiente de estudios y trabajo seguro, libre de riesgos, actos de violencia y peligro, que vaya enlazado a los niveles internos y externos del gobierno. Utilizarlos para lograr una mayor efectividad y eficiencia en las operaciones de las investigaciones, estudios y servicios que se prestan en el Recinto de Ciencias M\u00e9dicas.[\/vc_column_text][vc_empty_space][vc_column_text]<\/p>\n<h3>Visi\u00f3n<\/h3>\n<p>Ser modelo de Administraci\u00f3n P\u00fablica caracterizada por la excelencia de sus recursos humanos altamente capacitados, su dedicaci\u00f3n al mejoramiento continuo, una infraestructura sofisticada y un servicio de \u00f3ptima calidad, adaptado a un plan estrat\u00e9gico basado en la filosof\u00eda gerencial de planificaci\u00f3n interactiva.<\/p>\n<p><strong>\u00a0<\/strong>[\/vc_column_text][\/vc_column][\/vc_row][vc_row][vc_column][vc_empty_space][vc_column_text]<\/p>\n<h3>Pol\u00edticas, Relamentos y Formularios<\/h3>\n<p>[\/vc_column_text][vc_tta_tabs][vc_tta_section title=&#8221;Formularios&#8221; tab_id=&#8221;1636382839691-6bd13166-261e&#8221;][vc_column_text]<a href=\"https:\/\/rcm1.rcm.upr.edu\/decanatoadministracion\/wp-content\/uploads\/sites\/11\/2020\/03\/FORMULARIO-DE-QUERELLA-IDENTIFICACION-PERDIDA.pdf\">Formulario de Querella Identificaci\u00f3n Perdida<\/a><\/p>\n<p><a href=\"https:\/\/rcm1.rcm.upr.edu\/decanatoadministracion\/wp-content\/uploads\/sites\/11\/2020\/03\/FORMULARIO-DE-SOLICITUD-PARA-REPRODUCIR-LLAVES.pdf\">Formulario de Solicitud para Reproducir Llaves<\/a><\/p>\n<p><a href=\"https:\/\/rcm1.rcm.upr.edu\/decanatoadministracion\/wp-content\/uploads\/sites\/11\/2020\/03\/Formulario-Notificacion-de-Querella-1.pdf\">Formulario Notificaci\u00f3n de Querella<\/a><\/p>\n<p><a href=\"https:\/\/rcm1.rcm.upr.edu\/decanatoadministracion\/wp-content\/uploads\/sites\/11\/2020\/03\/SOLICITUD-PERMISO-ESTACIONAMIENTO-BAJO-TECHO.pdf\">Solicitud Permiso Estacionamiento Bajo Techo<\/a><\/p>\n<p><a href=\"https:\/\/rcm1.rcm.upr.edu\/decanatoadministracion\/wp-content\/uploads\/sites\/11\/2020\/03\/SOLICITUD-PERMISO-ESTACIONAMIENTO-RESIDENTES.docx.pdf\">Solicitud Permiso Estacionamiento Residentes<\/a><\/p>\n<p><a href=\"https:\/\/rcm1.rcm.upr.edu\/decanatoadministracion\/wp-content\/uploads\/sites\/11\/2020\/03\/SOLICITUD-PERMISO-ESTACIONAMIENTO-ESTUDIANTES.pdf\">Solicitud Permiso Estacionamiento Estudiantes<\/a>[\/vc_column_text][\/vc_tta_section][vc_tta_section title=&#8221;Manuales&#8221; tab_id=&#8221;1636382839713-5ff5cbad-62ae&#8221;][vc_column_text]<a href=\"https:\/\/rcm1.rcm.upr.edu\/decanatoadministracion\/wp-content\/uploads\/sites\/11\/2020\/03\/MANUAL-DE-ADIESTRAMIENTO-PARA-EL-MANEJO-DE-EXTINTORES-DE-FUEGO.pdf\">Manual de Adiestramiento para el Manejo de Extintores de Fuego<\/a><\/p>\n<p><a href=\"https:\/\/rcm1.rcm.upr.edu\/decanatoadministracion\/wp-content\/uploads\/sites\/11\/2020\/03\/Manual-Ruta-Segura.pdf\">Manual Ruta Segura<\/a>[\/vc_column_text][\/vc_tta_section][vc_tta_section title=&#8221;Planes&#8221; tab_id=&#8221;1636382910973-6ebe205b-e2c6&#8243;][vc_column_text]<a href=\"https:\/\/rcm1.rcm.upr.edu\/decanatoadministracion\/wp-content\/uploads\/sites\/11\/2020\/03\/plan-de-apoyo-de-parking-System-y-el-recinto.pdf\">Plan de Apoyo de Parking System y el Recinto<\/a><\/p>\n<p><a href=\"https:\/\/rcm1.rcm.upr.edu\/decanatoadministracion\/wp-content\/uploads\/sites\/11\/2020\/03\/PLAN-DE-EMERGENCIA-ELEVADORES.pdf\">Plan de Emergencia Elevadores<br \/>\n<\/a><\/p>\n<p><a href=\"https:\/\/rcm1.rcm.upr.edu\/decanatoadministracion\/wp-content\/uploads\/sites\/11\/2020\/03\/PLAN-DE-ENTRADA-AL-CENTRO-DE-PRIMATE-rev.21.jul_.2015.pdf\">Plan de Entrada al Centro de Primates (Rev. Jul.2015)<\/a><\/p>\n<p><a href=\"https:\/\/rcm1.rcm.upr.edu\/decanatoadministracion\/wp-content\/uploads\/sites\/11\/2020\/03\/Plan-para-manejo-de-Manifestacion-laborar.pdf\">Plan para Manejo de Manifestaci\u00f3n Laborar<\/a><\/p>\n<p><a href=\"https:\/\/rcm1.rcm.upr.edu\/decanatoadministracion\/wp-content\/uploads\/sites\/11\/2021\/11\/PLAN-PREVENTIVO-valet-parking-Rev_-5.pdf\">Plan Preventivo Valet Parking, Rev. 5<\/a><\/p>\n<p><a href=\"https:\/\/rcm1.rcm.upr.edu\/decanatoadministracion\/wp-content\/uploads\/sites\/11\/2020\/03\/PLAN-PREVENTIVO-TIRADOR-ACTIVO-Rev.-18-marzo-2016.pdf\">Plan Preventivo Tirador Activo, Rev. 18 Marzo 2016<\/a>[\/vc_column_text][\/vc_tta_section][vc_tta_section title=&#8221;Pol\u00edticas&#8221; tab_id=&#8221;1636382912574-0415aaec-6370&#8243;][vc_column_text]<a href=\"https:\/\/rcm1.rcm.upr.edu\/decanatoadministracion\/wp-content\/uploads\/sites\/11\/2021\/04\/Politica-Institucional-De-Accion-Afirmativa-De-No-Discriminacion-Por-Razon-De-Raza-Color-Religion-Orientacion-Sexual-O-Identidad-De-Genero-U-Origen-Etnico.pdf\">Pol\u00edtica Institucional De Acci\u00f3n Afirmativa De No Discriminaci\u00f3n Por Raz\u00f3n De Raza, Color, Religi\u00f3n, Orientaci\u00f3n Sexual O Identidad De G\u00e9nero U Origen \u00c9tnico<\/a><\/p>\n<p><a href=\"https:\/\/rcm1.rcm.upr.edu\/decanatoadministracion\/wp-content\/uploads\/sites\/11\/2021\/04\/Politica-Institucional-De-Accion-Afirmativa-De-No-Discriminacion-Para-El-Empleo-De-Jovenes.pdf\">Pol\u00edtica Institucional De Acci\u00f3n Afirmativa De No Discriminaci\u00f3n Para El Empleo De J\u00f3venes<\/a><\/p>\n<p><a href=\"https:\/\/rcm1.rcm.upr.edu\/decanatoadministracion\/wp-content\/uploads\/sites\/11\/2021\/04\/Politica-Institucional-De-Accion-Afirmativa-De-No-Discriminacion-En-El-Empleo-De-La-Mujer.pdf\">Pol\u00edtica Institucional De Acci\u00f3n Afirmativa De No Discriminaci\u00f3n En El Empleo De La Mujer<\/a><\/p>\n<p><a href=\"https:\/\/rcm1.rcm.upr.edu\/decanatoadministracion\/wp-content\/uploads\/sites\/11\/2021\/04\/Politica-Institucional-De-Accion-Afirmativa-De-No-Discriminacion-A-Personas-Con-Impedimentos.pdf\">Pol\u00edtica Institucional De Acci\u00f3n Afirmativa De No Discriminaci\u00f3n A Personas Con Impedimentos<\/a><\/p>\n<p><a href=\"https:\/\/rcm1.rcm.upr.edu\/decanatoadministracion\/wp-content\/uploads\/sites\/11\/2021\/04\/Politica-Institucional-De-Accion-Afirmativa-De-No-Discriminacion-A-Veteranos.pdf\">Pol\u00edtica Institucional De Acci\u00f3n Afirmativa De No Discriminaci\u00f3n A Veteranos<\/a><\/p>\n<p><a href=\"https:\/\/rcm1.rcm.upr.edu\/decanatoadministracion\/wp-content\/uploads\/sites\/11\/2021\/04\/Certificacion-66.pdf\">Protocolo Institucional de la Universidad de Puerto Rico para la Prevenci\u00f3n y el Manejo Adecuado de Situaciones de Violencia Dom\u00e9stica en el Lugar de Trabajo<\/a><\/p>\n<p><a href=\"https:\/\/rcm1.rcm.upr.edu\/decanatoadministracion\/wp-content\/uploads\/sites\/11\/2020\/03\/politica_reglamento_uso_ilicito_drogas_alcohol-1.pdf\">Pol\u00edtica Reglamento Uso Il\u00edcito Drogas y Alcohol<\/a><\/p>\n<p>[\/vc_column_text][\/vc_tta_section][vc_tta_section title=&#8221;Protocolos&#8221; tab_id=&#8221;1636382913438-e5c57e5a-cbd7&#8243;][vc_column_text]<a href=\"https:\/\/rcm1.rcm.upr.edu\/decanatoadministracion\/wp-content\/uploads\/sites\/11\/2020\/03\/protocolo-para-la-prevecion-y-manejo-del-comportamiento-Suicida-en-la-Universidad-de-Puerto-Rico.pdf\">Protocolo para la Prevenci\u00f3n y Manejo del Comportamiento Suicida en la Universidad de Puerto Rico<\/a><\/p>\n<p><a href=\"https:\/\/rcm1.rcm.upr.edu\/decanatoadministracion\/wp-content\/uploads\/sites\/11\/2020\/03\/PROCEDIMIENTO-DE-QUERELLAS.docx.pdf\">Procedimiento de Querellas<\/a><\/p>\n<p><a href=\"https:\/\/rcm1.rcm.upr.edu\/decanatoadministracion\/wp-content\/uploads\/sites\/11\/2020\/03\/Procedimiento-para-Iniciar-una-Querella-por-Hurto-o.pdf\">Procedimiento para Iniciar una Querella por Hurto o Desaparici\u00f3n de Propiedad<\/a>[\/vc_column_text][\/vc_tta_section][vc_tta_section title=&#8221;Reglamentos&#8221; tab_id=&#8221;1636382914496-20df96f4-d8bc&#8221;][vc_column_text css=&#8221;&#8221;]<a href=\"https:\/\/rcm1.rcm.upr.edu\/decanatoadministracion\/wp-content\/uploads\/sites\/11\/2024\/12\/Cert_94_2022-23_JA-RCM-Reglamento-Estacionamiento.pdf\" target=\"_blank\" rel=\"noopener\">Reglamento Estacionamiento, 28 de febrero de 2023<\/a>[\/vc_column_text][\/vc_tta_section][vc_tta_section title=&#8221;Informes Anuales&#8221; tab_id=&#8221;1636382915259-1fc82d73-1085&#8243;][vc_column_text]<a href=\"https:\/\/rcm1.rcm.upr.edu\/decanatoadministracion\/wp-content\/uploads\/sites\/11\/2020\/03\/Informe_Anual_Seguridad_UPR-RCM_2013-2014.pdf\">Informe_Anual_Seguridad_UPR RCM_2013 &#8211; 2014<\/a><\/p>\n<p><a href=\"https:\/\/rcm1.rcm.upr.edu\/decanatoadministracion\/wp-content\/uploads\/sites\/11\/2020\/03\/Informe-Suguridad-Anual-UPR-RCM-2014-2015.pdf\">Informe Seguridad Anual UPR RCM 2014<\/a><a href=\"https:\/\/rcm1.rcm.upr.edu\/decanatoadministracion\/wp-content\/uploads\/sites\/11\/2020\/03\/Informe_Anual_Seguridad_UPR-RCM_2013-2014.pdf\">\u00a0&#8211; <\/a><a href=\"https:\/\/rcm1.rcm.upr.edu\/decanatoadministracion\/wp-content\/uploads\/sites\/11\/2020\/03\/Informe-Suguridad-Anual-UPR-RCM-2014-2015.pdf\">2015<\/a><\/p>\n<p><a href=\"https:\/\/rcm1.rcm.upr.edu\/decanatoadministracion\/wp-content\/uploads\/sites\/11\/2020\/03\/Informe-de-suguridad-anual-UPR-RCM-2016.pdf\">Informe De Seguridad Anual UPR RCM 2016<\/a><\/p>\n<p><a href=\"https:\/\/rcm1.rcm.upr.edu\/decanatoadministracion\/wp-content\/uploads\/sites\/11\/2020\/03\/Informe-anual-Violencia-Domectica-Ley-54-y-acecho-Copy.pdf\">Informe Anual Violencia Dom\u00e9stica Ley 54 y Acecho<\/a><\/p>\n<p><a href=\"https:\/\/rcm1.rcm.upr.edu\/decanatoadministracion\/wp-content\/uploads\/sites\/11\/2020\/03\/Informe-de-Incidencias-Delictivas.pdf\">Informe de Incidencias Delictivas<\/a><\/p>\n<p><a href=\"https:\/\/rcm1.rcm.upr.edu\/decanatoadministracion\/wp-content\/uploads\/sites\/11\/2020\/03\/Informe-de-Incidencias-Delictivas-2015-Satelites.pdf\">Informe de Incidencias Delictivas 2015 Sat\u00e9lites<\/a><\/p>\n<p><a href=\"https:\/\/rcm1.rcm.upr.edu\/decanatoadministracion\/wp-content\/uploads\/sites\/11\/2020\/03\/Informe-de-Incidencias-Delictivas-2016-Satelites-Neurobiologia-y-Sabana-Seca-1.pdf\">Informe de Incidencias Delictivas 2016 (Sat\u00e9lites Neurobiolog\u00eda y Sabana Seca)<\/a><\/p>\n<p><a href=\"https:\/\/rcm1.rcm.upr.edu\/decanatoadministracion\/wp-content\/uploads\/sites\/11\/2020\/03\/Informe-de-Incidencias-Delictivas-Areas-Adyacentes-Carolina-y-Humacao.pdf\">Informe de Incidencias Delictivas Areas Adyacentes (Carolina y Humacao)<\/a>[\/vc_column_text][\/vc_tta_section][vc_tta_section title=&#8221;Otros&#8221; tab_id=&#8221;1636382916053-ceef8eee-df52&#8243;][vc_column_text]<a href=\"https:\/\/rcm1.rcm.upr.edu\/decanatoadministracion\/wp-content\/uploads\/sites\/11\/2020\/03\/Ley-reglamento-acoso.pdf\">Ley Reglamento Acoso<\/a><\/p>\n<p><a href=\"https:\/\/rcm1.rcm.upr.edu\/decanatoadministracion\/wp-content\/uploads\/sites\/11\/2020\/03\/certificacion-130-hostigamiento-senxual.pdf\">Certificaci\u00f3n # 130 Hostigamiento Sexual<\/a><\/p>\n<p><a href=\"https:\/\/rcm1.rcm.upr.edu\/decanatoadministracion\/wp-content\/uploads\/sites\/11\/2020\/03\/carta-Presencia-menores-RCM-19-mayo-2017.pdf\">Carta Presencia Menores RCM, 19 Mayo 2017<\/a><\/p>\n<p><a href=\"https:\/\/rcm1.rcm.upr.edu\/decanatoadministracion\/wp-content\/uploads\/sites\/11\/2020\/03\/violencia-domectica-II.pdf\">Violencia Dom\u00e9stica II<\/a><\/p>\n<p><a href=\"https:\/\/rcm1.rcm.upr.edu\/decanatoadministracion\/wp-content\/uploads\/sites\/11\/2020\/03\/Presentacion-mapas-de-desalojo-rcm-general.pdf\">Presentaci\u00f3n Mapas de Desalojo RCM, General<\/a><\/p>\n<p><a href=\"https:\/\/rcm1.rcm.upr.edu\/decanatoadministracion\/wp-content\/uploads\/sites\/11\/2020\/03\/ruta-segura.pdf\">Ruta Segura<\/a><\/p>\n<p><a href=\"https:\/\/rcm1.rcm.upr.edu\/decanatoadministracion\/wp-content\/uploads\/sites\/11\/2020\/03\/SOLICITUD-PERMISO-ESTACIONAMIENTO-ESTUDIANTES.docx.pdf\">Procedimiento de Intervenci\u00f3n de Actos Delictivos <\/a>[\/vc_column_text][\/vc_tta_section][\/vc_tta_tabs][\/vc_column][\/vc_row][vc_row][vc_column][vc_empty_space][vc_column_text]<\/p>\n<h3>Contacto<\/h3>\n<p>[\/vc_column_text][\/vc_column][\/vc_row][vc_row][vc_column][vc_column_text]Edificio Principal<br \/>\nEstacionamiento Bajo Techo<\/p>\n<p>&nbsp;<\/p>\n<p>Tel\u00e9fono de Emergencia 787-758-2525 extensi\u00f3n 7911[\/vc_column_text][vc_empty_space][\/vc_column][\/vc_row][vc_row][vc_column width=&#8221;1\/4&#8243;][vc_column_text]<strong>William Figueroa<\/strong><br \/>\n<em>Director Auxiliar<\/em><br \/>\n787-758-2525 extensi\u00f3n 1000<br \/>\n787-767-0495 directo[\/vc_column_text][\/vc_column][vc_column width=&#8221;1\/4&#8243;][vc_column_text]<strong>Carlos A. Men\u00e9ndez<\/strong><br \/>\n<em>Supervisor<\/em><br \/>\n787-758-2525 extensiones 1000, 1001[\/vc_column_text][\/vc_column][vc_column width=&#8221;1\/4&#8243;][vc_column_text]<strong>Luis D. R\u00edos<\/strong><br \/>\n<em>Supervisor<\/em><br \/>\n787-758-2525 extensiones 1000, 1001[\/vc_column_text][\/vc_column][vc_column width=&#8221;1\/4&#8243;][vc_column_text]<strong>Juan A. Camarena<\/strong><br \/>\n<em>Supervisor<\/em><br \/>\n787-758-2525 extensiones 1000, 1001[\/vc_column_text][\/vc_column][\/vc_row]<\/p>\n<\/div>","protected":false},"excerpt":{"rendered":"<p>[vc_row][vc_column][vc_column_text] Misi\u00f3n Proteger y salvaguardar las vida y propiedad institucional, capital y empleo, al igual que el bienestar de los que laboran en la instituci\u00f3n. Promover y mantener un ambiente de estudios y trabajo seguro, libre de riesgos, actos de violencia y peligro, que vaya enlazado a los niveles internos y externos del gobierno. Utilizarlos&hellip;<\/p>\n","protected":false},"author":1,"featured_media":0,"parent":0,"menu_order":0,"comment_status":"closed","ping_status":"closed","template":"template-microsite.php","meta":{"footnotes":""},"class_list":["post-51","page","type-page","status-publish","hentry","description-off"],"aioseo_notices":[],"_links":{"self":[{"href":"https:\/\/rcm1.rcm.upr.edu\/decanatoadministracion\/wp-json\/wp\/v2\/pages\/51","targetHints":{"allow":["GET"]}}],"collection":[{"href":"https:\/\/rcm1.rcm.upr.edu\/decanatoadministracion\/wp-json\/wp\/v2\/pages"}],"about":[{"href":"https:\/\/rcm1.rcm.upr.edu\/decanatoadministracion\/wp-json\/wp\/v2\/types\/page"}],"author":[{"embeddable":true,"href":"https:\/\/rcm1.rcm.upr.edu\/decanatoadministracion\/wp-json\/wp\/v2\/users\/1"}],"replies":[{"embeddable":true,"href":"https:\/\/rcm1.rcm.upr.edu\/decanatoadministracion\/wp-json\/wp\/v2\/comments?post=51"}],"version-history":[{"count":2,"href":"https:\/\/rcm1.rcm.upr.edu\/decanatoadministracion\/wp-json\/wp\/v2\/pages\/51\/revisions"}],"predecessor-version":[{"id":2482,"href":"https:\/\/rcm1.rcm.upr.edu\/decanatoadministracion\/wp-json\/wp\/v2\/pages\/51\/revisions\/2482"}],"wp:attachment":[{"href":"https:\/\/rcm1.rcm.upr.edu\/decanatoadministracion\/wp-json\/wp\/v2\/media?parent=51"}],"curies":[{"name":"wp","href":"https:\/\/api.w.org\/{rel}","templated":true}]}}