{"id":53,"date":"2017-12-21T02:43:38","date_gmt":"2017-12-21T02:43:38","guid":{"rendered":"http:\/\/127.0.0.1\/rcm\/da\/departamento-de-gerencia-de-capital-humano\/"},"modified":"2025-03-18T10:26:40","modified_gmt":"2025-03-18T14:26:40","slug":"departamento-de-gerencia-de-capital-humano","status":"publish","type":"page","link":"https:\/\/rcm1.rcm.upr.edu\/decanatoadministracion\/departamento-de-gerencia-de-capital-humano\/","title":{"rendered":"Departamento de Gerencia de Capital Humano"},"content":{"rendered":"<div class=\"wpb-content-wrapper\"><p>[vc_row][vc_column][vc_column_text]<\/p>\n<h3>Misi\u00f3n<\/h3>\n<p>Promover la prestaci\u00f3n de servicios en la administraci\u00f3n de recursos humanos mediante una\u00a0estructura din\u00e1mica, cuyo proceso sea uno \u00e1gil y eficiente, respondiendo a las necesidades del\u00a0personal Docente y No Docente al que sirve.[\/vc_column_text][vc_column_text css=&#8221;&#8221;]<\/p>\n<h3>Visi\u00f3n<\/h3>\n<p>Ser reconocidos por un servicio de excelencia\u00a0en el menor tiempo y costo posible, utilizando el an\u00e1lisis como estrategia para facilitar los procesos de recursos humanos y tomar decisiones responsables, basadas en las pol\u00edticas y reglamentaci\u00f3n universitaria, que redunden en beneficio de la educaci\u00f3n, la investigaci\u00f3n y el servicio.[\/vc_column_text][vc_column_text]<\/p>\n<h3><strong>COVID-19<\/strong><\/h3>\n<p><a href=\"https:\/\/rcm2.rcm.upr.edu\/wp-content\/uploads\/2022\/04\/Plan-de-control-de-exposicion-al-Covid-19-2022.pdf\" target=\"_blank\" rel=\"noopener\">Plan de Control de Exposicio\u0301n al COVID-19<\/a><\/p>\n<p><a href=\"https:\/\/rcm1.rcm.upr.edu\/decanatoadministracion\/wp-content\/uploads\/sites\/11\/2020\/06\/Reinicio-de-labores-presenciales-en-la-UPR-Instrucciones.pdf\">Reinicio de labores presenciales en la UPR &#8211; Instrucciones<\/a>[\/vc_column_text][vc_empty_space][\/vc_column][\/vc_row][vc_row][vc_column][vc_column_text css=&#8221;&#8221;]<\/p>\n<h4>Tutoriales para el Nuevo Sistema de Registro de Asistencia, Time &amp; Attendance UKG Dimensions. Autor\u00eda: DivEd Studio de la Universidad de Puerto Rico en Aguadilla<\/h4>\n<p>[\/vc_column_text][vc_column_text css=&#8221;&#8221;]<\/p>\n<ul>\n<li style=\"list-style-type: none;\">\n<ul>\n<li><a href=\"https:\/\/nam02.safelinks.protection.outlook.com\/?url=https%3A%2F%2Fwww.uprag.edu%2Fuploads%2Frecursos%2520humanos%2FTutoriales%2520Programa%2520Asistencia%25202025%2FCapsula%25201%2520Como%2520acceder%2520al%2520Sistema.mp4&amp;data=05%7C02%7Cosi-webticket.rcm%40upr.edu%7C29dbc296f43440b6a0b808dd49faeca0%7C0dfa5dc0036f461599e494af822f2b84%7C0%7C0%7C638748064289155554%7CUnknown%7CTWFpbGZsb3d8eyJFbXB0eU1hcGkiOnRydWUsIlYiOiIwLjAuMDAwMCIsIlAiOiJXaW4zMiIsIkFOIjoiTWFpbCIsIldUIjoyfQ%3D%3D%7C0%7C%7C%7C&amp;sdata=yiMeOoBdWSkfpTxbJ7MvHY7J0CMpiGbncCIw%2BeKbZww%3D&amp;reserved=0\">Ca\u0301psula 1 Co\u0301mo acceder al Sistema<\/a><\/li>\n<li><a href=\"https:\/\/nam02.safelinks.protection.outlook.com\/?url=https%3A%2F%2Fwww.uprag.edu%2Fuploads%2Frecursos%2520humanos%2FTutoriales%2520Programa%2520Asistencia%25202025%2FCapsula%25202%2520Pantalla%2520principal.mp4&amp;data=05%7C02%7Cosi-webticket.rcm%40upr.edu%7C29dbc296f43440b6a0b808dd49faeca0%7C0dfa5dc0036f461599e494af822f2b84%7C0%7C0%7C638748064289182488%7CUnknown%7CTWFpbGZsb3d8eyJFbXB0eU1hcGkiOnRydWUsIlYiOiIwLjAuMDAwMCIsIlAiOiJXaW4zMiIsIkFOIjoiTWFpbCIsIldUIjoyfQ%3D%3D%7C0%7C%7C%7C&amp;sdata=Mx66Oc0bRUmThTHMSfxrDKWO85IiH2OyF8wD7jtRysc%3D&amp;reserved=0\" data-auth=\"NotApplicable\" data-linkindex=\"1\">Ca\u0301psula 2 Pantalla principal<\/a><\/li>\n<li><a href=\"https:\/\/nam02.safelinks.protection.outlook.com\/?url=https%3A%2F%2Fwww.uprag.edu%2Fuploads%2Frecursos%2520humanos%2FTutoriales%2520Programa%2520Asistencia%25202025%2FCapsula%25203%2520Acceso%2520a%2520la%2520hoja%2520de%2520asistencia.mp4&amp;data=05%7C02%7Cosi-webticket.rcm%40upr.edu%7C29dbc296f43440b6a0b808dd49faeca0%7C0dfa5dc0036f461599e494af822f2b84%7C0%7C0%7C638748064289199521%7CUnknown%7CTWFpbGZsb3d8eyJFbXB0eU1hcGkiOnRydWUsIlYiOiIwLjAuMDAwMCIsIlAiOiJXaW4zMiIsIkFOIjoiTWFpbCIsIldUIjoyfQ%3D%3D%7C0%7C%7C%7C&amp;sdata=FcIFOmwoo6YWEWL7LJauO8E6KtJFN%2Bm3GD2HwhQRMeg%3D&amp;reserved=0\" data-auth=\"NotApplicable\" data-linkindex=\"2\">Ca\u0301psula 3 Acceso a la hoja de asistencia<\/a><\/li>\n<li><a href=\"https:\/\/nam02.safelinks.protection.outlook.com\/?url=https%3A%2F%2Fwww.uprag.edu%2Fuploads%2Frecursos%2520humanos%2FTutoriales%2520Programa%2520Asistencia%25202025%2FCapsula%25204%2520Como%2520solicitar%2520vacaciones.mp4&amp;data=05%7C02%7Cosi-webticket.rcm%40upr.edu%7C29dbc296f43440b6a0b808dd49faeca0%7C0dfa5dc0036f461599e494af822f2b84%7C0%7C0%7C638748064289216024%7CUnknown%7CTWFpbGZsb3d8eyJFbXB0eU1hcGkiOnRydWUsIlYiOiIwLjAuMDAwMCIsIlAiOiJXaW4zMiIsIkFOIjoiTWFpbCIsIldUIjoyfQ%3D%3D%7C0%7C%7C%7C&amp;sdata=r9i0RDb2Dpi22S8QL717C7%2BvBzei1eNmSZ8Mh0UBGxQ%3D&amp;reserved=0\" data-auth=\"NotApplicable\" data-linkindex=\"3\">Ca\u0301psula 4 Co\u0301mo solicitar vacaciones<\/a><\/li>\n<li><a href=\"https:\/\/nam02.safelinks.protection.outlook.com\/?url=https%3A%2F%2Fwww.uprag.edu%2Fuploads%2Frecursos%2520humanos%2FTutoriales%2520Programa%2520Asistencia%25202025%2FCapsula%25205%2520Area%2520de%2520mis%2520balances.mp4&amp;data=05%7C02%7Cosi-webticket.rcm%40upr.edu%7C29dbc296f43440b6a0b808dd49faeca0%7C0dfa5dc0036f461599e494af822f2b84%7C0%7C0%7C638748064289232081%7CUnknown%7CTWFpbGZsb3d8eyJFbXB0eU1hcGkiOnRydWUsIlYiOiIwLjAuMDAwMCIsIlAiOiJXaW4zMiIsIkFOIjoiTWFpbCIsIldUIjoyfQ%3D%3D%7C0%7C%7C%7C&amp;sdata=TcL2hbB8KHtcST3UCH8AaYZ6GjkArHskiLGdzUrdk8s%3D&amp;reserved=0\" data-auth=\"NotApplicable\" data-linkindex=\"4\">Ca\u0301psula 5 A\u0301rea de mis balances<\/a><\/li>\n<li><a href=\"https:\/\/nam02.safelinks.protection.outlook.com\/?url=https%3A%2F%2Fwww.uprag.edu%2Fuploads%2Frecursos%2520humanos%2FTutoriales%2520Programa%2520Asistencia%25202025%2FCapsula%25206%2520Como%2520registrar%2520asistencia.mp4&amp;data=05%7C02%7Cosi-webticket.rcm%40upr.edu%7C29dbc296f43440b6a0b808dd49faeca0%7C0dfa5dc0036f461599e494af822f2b84%7C0%7C0%7C638748064289248077%7CUnknown%7CTWFpbGZsb3d8eyJFbXB0eU1hcGkiOnRydWUsIlYiOiIwLjAuMDAwMCIsIlAiOiJXaW4zMiIsIkFOIjoiTWFpbCIsIldUIjoyfQ%3D%3D%7C0%7C%7C%7C&amp;sdata=LubgSM3mnZwGbSWngKLoM%2FPM8mgLINE7n1WiPsWgRy4%3D&amp;reserved=0\" data-auth=\"NotApplicable\" data-linkindex=\"5\">Ca\u0301psula 6 Co\u0301mo registrar asistencia<\/a><\/li>\n<li><a href=\"https:\/\/nam02.safelinks.protection.outlook.com\/?url=https%3A%2F%2Fwww.uprag.edu%2Fuploads%2Frecursos%2520humanos%2FTutoriales%2520Programa%2520Asistencia%25202025%2FCapsula%25207%2520Menu%2520desplegable.mp4&amp;data=05%7C02%7Cosi-webticket.rcm%40upr.edu%7C29dbc296f43440b6a0b808dd49faeca0%7C0dfa5dc0036f461599e494af822f2b84%7C0%7C0%7C638748064289264395%7CUnknown%7CTWFpbGZsb3d8eyJFbXB0eU1hcGkiOnRydWUsIlYiOiIwLjAuMDAwMCIsIlAiOiJXaW4zMiIsIkFOIjoiTWFpbCIsIldUIjoyfQ%3D%3D%7C0%7C%7C%7C&amp;sdata=UGqFPCeUFxmRqp14vigumxWFjJzXPlpZEWwokjehKQs%3D&amp;reserved=0\" data-auth=\"NotApplicable\" data-linkindex=\"6\">Ca\u0301psula 7 Menu\u0301 desplegable<\/a><\/li>\n<\/ul>\n<\/li>\n<\/ul>\n<p>[\/vc_column_text][\/vc_column][\/vc_row][vc_row][vc_column]<div id=\"ultimate-heading-340669d596a181952\" class=\"uvc-heading ult-adjust-bottom-margin ultimate-heading-340669d596a181952 uvc-5640  uvc-heading-default-font-sizes\" data-hspacer=\"no_spacer\"  data-halign=\"left\" style=\"text-align:left\"><div class=\"uvc-heading-spacer no_spacer\" style=\"top\"><\/div><div class=\"uvc-main-heading ult-responsive\"  data-ultimate-target='.uvc-heading.ultimate-heading-340669d596a181952 h4'  data-responsive-json-new='{\"font-size\":\"\",\"line-height\":\"\"}' ><h4 style=\"--font-weight:theme;\">Introduction to the New Time &amp; Attendance System - Supervisors<\/h4><\/div><\/div>[vc_empty_space][vc_column_text css=&#8221;&#8221;]<\/p>\n<ul>\n<li><a href=\"https:\/\/rcm1.rcm.upr.edu\/decanatoadministracion\/wp-content\/uploads\/sites\/11\/2025\/02\/Introduction-to-UKG-System-for-SUPERVISORS.pptx\">Introduction to UKG System for SUPERVISORS<\/a><\/li>\n<\/ul>\n<p>[\/vc_column_text][\/vc_column][\/vc_row][vc_row][vc_column]<div id=\"ultimate-heading-582169d596a1819b0\" class=\"uvc-heading ult-adjust-bottom-margin ultimate-heading-582169d596a1819b0 uvc-8750  uvc-heading-default-font-sizes\" data-hspacer=\"no_spacer\"  data-halign=\"left\" style=\"text-align:left\"><div class=\"uvc-heading-spacer no_spacer\" style=\"top\"><\/div><div class=\"uvc-main-heading ult-responsive\"  data-ultimate-target='.uvc-heading.ultimate-heading-582169d596a1819b0 h4'  data-responsive-json-new='{\"font-size\":\"\",\"line-height\":\"\"}' ><h4 style=\"--font-weight:theme;\">Tabla de Conversi\u00f3n de Horas a D\u00edas<\/h4><\/div><\/div>[vc_empty_space][vc_btn title=&#8221;Descargar Tabla&#8221; color=&#8221;black&#8221; size=&#8221;sm&#8221; align=&#8221;left&#8221; css=&#8221;&#8221; link=&#8221;url:https%3A%2F%2Frcm1.rcm.upr.edu%2Fdecanatoadministracion%2Fwp-content%2Fuploads%2Fsites%2F11%2F2025%2F03%2Ftabla-conversion-dias-horas.pdf&#8221;][vc_empty_space][\/vc_column][\/vc_row][vc_row][vc_column]<div id=\"ultimate-heading-821169d596a1819d6\" class=\"uvc-heading ult-adjust-bottom-margin ultimate-heading-821169d596a1819d6 uvc-2294  uvc-heading-default-font-sizes\" data-hspacer=\"no_spacer\"  data-halign=\"left\" style=\"text-align:left\"><div class=\"uvc-heading-spacer no_spacer\" style=\"top\"><\/div><div class=\"uvc-main-heading ult-responsive\"  data-ultimate-target='.uvc-heading.ultimate-heading-821169d596a1819d6 h4'  data-responsive-json-new='{\"font-size\":\"\",\"line-height\":\"\"}' ><h4 style=\"--font-weight:theme;\">Gu\u00edas UKG Dimensions<\/h4><\/div><\/div>[vc_empty_space]<div class=\"standard-arrow bullet-top\"><ul>\n<li><a href=\"https:\/\/rcm1.rcm.upr.edu\/decanatoadministracion\/wp-content\/uploads\/sites\/11\/2025\/03\/COMO-REGISTRAR-LA-ASISTENCIA.pdf\">COMO REGISTRAR LA ASISTENCIA<\/a><\/li>\n<li><a href=\"https:\/\/rcm1.rcm.upr.edu\/decanatoadministracion\/wp-content\/uploads\/sites\/11\/2025\/03\/GUIA-PARA-EL-EMPLEADO-UKG-TIME-ATTENDANCE.pdf\">GUIA PARA EL EMPLEADO UKG TIME ATTENDANCE<\/a><\/li>\n<li><a href=\"https:\/\/rcm1.rcm.upr.edu\/decanatoadministracion\/wp-content\/uploads\/sites\/11\/2025\/03\/Pasos-para-aprobar-Timecard.pdf\">Pasos para aprobar Timecard<\/a><\/li>\n<li><a href=\"https:\/\/rcm1.rcm.upr.edu\/decanatoadministracion\/wp-content\/uploads\/sites\/11\/2025\/03\/UKG-COMO-APROBAR-ASISTENCIAS.pdf\">UKG COMO APROBAR ASISTENCIAS<\/a><\/li>\n<li><a href=\"https:\/\/rcm1.rcm.upr.edu\/decanatoadministracion\/wp-content\/uploads\/sites\/11\/2025\/03\/UKG-GUIA-PARA-VER-MIS-EMPEADOS.pdf\">UKG GUIA PARA VER MIS EMPEADOS<\/a><\/li>\n<\/ul>\n<\/div>[vc_empty_space][\/vc_column][\/vc_row][vc_row][vc_column][vc_column_text]<\/p>\n<h3>Contacto<\/h3>\n<p>[\/vc_column_text][vc_column_text]Edificio Principal<br \/>\nPiso 7<br \/>\nOficina A-727[\/vc_column_text][vc_column_text]<strong>Ileana Pino<\/strong><br \/>\n<em>Directora Interina de Gerencia de Capital Humano<\/em><br \/>\n787-758-2525 extensi\u00f3n 7028<br \/>\n787-754-6588 fax[\/vc_column_text][vc_column_text]<em>Subdirector<\/em><br \/>\n787-758-2525 extensiones 1739, 1854[\/vc_column_text][vc_column_text]<strong><em>Magdiel Castro<br \/>\n<\/em><\/strong>Asistente de Administraci\u00f3n<br \/>\n787-758-2525 extensi\u00f3n 5136[\/vc_column_text][vc_column_text]<strong>Elsie Candelaria<\/strong><br \/>\n<em>Asistente de Administrativo<\/em><br \/>\n787-758-2525 extensiones 1737, 1703[\/vc_column_text][vc_column_text]<em>Sal\u00f3n de Conferencias<\/em><br \/>\n787-758-2525 extensi\u00f3n 1792[\/vc_column_text][\/vc_column][\/vc_row]<\/p>\n<\/div>","protected":false},"excerpt":{"rendered":"<p>[vc_row][vc_column][vc_column_text] Misi\u00f3n Promover la prestaci\u00f3n de servicios en la administraci\u00f3n de recursos humanos mediante una\u00a0estructura din\u00e1mica, cuyo proceso sea uno \u00e1gil y eficiente, respondiendo a las necesidades del\u00a0personal Docente y No Docente al que sirve.[\/vc_column_text][vc_column_text css=&#8221;&#8221;] Visi\u00f3n Ser reconocidos por un servicio de excelencia\u00a0en el menor tiempo y costo posible, utilizando el an\u00e1lisis como estrategia&hellip;<\/p>\n","protected":false},"author":1,"featured_media":0,"parent":0,"menu_order":0,"comment_status":"closed","ping_status":"closed","template":"template-microsite.php","meta":{"footnotes":""},"class_list":["post-53","page","type-page","status-publish","hentry","description-off"],"aioseo_notices":[],"_links":{"self":[{"href":"https:\/\/rcm1.rcm.upr.edu\/decanatoadministracion\/wp-json\/wp\/v2\/pages\/53","targetHints":{"allow":["GET"]}}],"collection":[{"href":"https:\/\/rcm1.rcm.upr.edu\/decanatoadministracion\/wp-json\/wp\/v2\/pages"}],"about":[{"href":"https:\/\/rcm1.rcm.upr.edu\/decanatoadministracion\/wp-json\/wp\/v2\/types\/page"}],"author":[{"embeddable":true,"href":"https:\/\/rcm1.rcm.upr.edu\/decanatoadministracion\/wp-json\/wp\/v2\/users\/1"}],"replies":[{"embeddable":true,"href":"https:\/\/rcm1.rcm.upr.edu\/decanatoadministracion\/wp-json\/wp\/v2\/comments?post=53"}],"version-history":[{"count":7,"href":"https:\/\/rcm1.rcm.upr.edu\/decanatoadministracion\/wp-json\/wp\/v2\/pages\/53\/revisions"}],"predecessor-version":[{"id":2495,"href":"https:\/\/rcm1.rcm.upr.edu\/decanatoadministracion\/wp-json\/wp\/v2\/pages\/53\/revisions\/2495"}],"wp:attachment":[{"href":"https:\/\/rcm1.rcm.upr.edu\/decanatoadministracion\/wp-json\/wp\/v2\/media?parent=53"}],"curies":[{"name":"wp","href":"https:\/\/api.w.org\/{rel}","templated":true}]}}