{"id":55,"date":"2017-12-21T02:43:54","date_gmt":"2017-12-21T02:43:54","guid":{"rendered":"http:\/\/127.0.0.1\/rcm\/da\/oficina-de-calidad-ambiental-salud-y-seguridad-ocupacional-casso\/"},"modified":"2017-12-21T02:43:54","modified_gmt":"2017-12-21T02:43:54","slug":"oficina-de-calidad-ambiental-salud-y-seguridad-ocupacional-casso","status":"publish","type":"page","link":"https:\/\/rcm1.rcm.upr.edu\/decanatoadministracion\/oficina-de-calidad-ambiental-salud-y-seguridad-ocupacional-casso\/","title":{"rendered":"Oficina de Calidad Ambiental, Salud y Seguridad Ocupacional (CASSO)"},"content":{"rendered":"<div class=\"wpb-content-wrapper\"><p>[vc_row][vc_column][vc_column_text]<\/p>\n<h3>Misi\u00f3n<\/h3>\n<div class=\"gmail_default\" style=\"font-size: 14px;font-weight: 400\">\n<p><span style=\"font-family: verdana, sans-serif\"><span style=\"color: #222222\">Brindar<\/span>\u00a0apoyo y potenciar las actividades de ense\u00f1anza e investigaci\u00f3n del Recinto de Ciencias M\u00e9dicas, promoviendo un ambiente de trabajo seguro y saludable en el campus, as\u00ed como proveyendo y coordinando programas y servicios que minimicen los riesgos de salud, seguridad, ambientales y regulatorios de la comunidad universitaria.<\/span><img decoding=\"async\" class=\"ajT\" src=\"https:\/\/ssl.gstatic.com\/ui\/v1\/icons\/mail\/images\/cleardot.gif\" \/><\/p>\n<\/div>\n<p>[\/vc_column_text][vc_empty_space][vc_column_text]<\/p>\n<h3>\u200bVisi\u00f3n<\/h3>\n<div style=\"font-size: 14px;font-weight: 400\">\n<p class=\"gmail_default\">\u200b<span style=\"font-family: verdana, sans-serif\">Oficina encaminada a la prevenci\u00f3n y correcci\u00f3n de riesgos ocupacionales y ambientales a favor de nuestros empleados, facultad, estudiantes y visitantes mediante la identificaci\u00f3n, evaluaci\u00f3n y control de los mismos.<\/span><img decoding=\"async\" class=\"ajT\" src=\"https:\/\/ssl.gstatic.com\/ui\/v1\/icons\/mail\/images\/cleardot.gif\" \/><\/p>\n<\/div>\n<p>[\/vc_column_text][vc_empty_space][vc_column_text]<a href=\"https:\/\/rcm1.rcm.upr.edu\/decanatoadministracion\/wp-content\/uploads\/sites\/11\/2020\/09\/Sobre-Nosotros-CASSO-RCM.pdf\">Sobre nosotros<\/a><\/p>\n<p><a href=\"https:\/\/rcm1.rcm.upr.edu\/decanatoadministracion\/wp-content\/uploads\/sites\/11\/2020\/09\/OSHA-RCM.pdf\">OSHA<\/a><\/p>\n<p><a href=\"https:\/\/rcm1.rcm.upr.edu\/decanatoadministracion\/wp-content\/uploads\/sites\/11\/2020\/09\/GUIA-GENERAL-PARA-ESTACIONES-DE-TRABAJO-RCM.pdf\">Gu\u00eda General de Estaciones de Trabajo Con Computadora<\/a><\/p>\n<p><a href=\"https:\/\/rcm1.rcm.upr.edu\/decanatoadministracion\/wp-content\/uploads\/sites\/11\/2020\/09\/Comunicacion-de-Peligros-RCM.pdf\">Comunicacion de Peligros UPR RCM CASSO &#8211; 2019<\/a><\/p>\n<p><a href=\"https:\/\/rcm1.rcm.upr.edu\/decanatoadministracion\/wp-content\/uploads\/sites\/11\/2020\/09\/Reciclar-Baterias-Usadas-RCM.pdf\">Importancia de Reciclar las Bater\u00edas Usadas<\/a><\/p>\n<p><a href=\"https:\/\/rcm1.rcm.upr.edu\/decanatoadministracion\/wp-content\/uploads\/sites\/11\/2020\/09\/Trasfondo-del-Asbesto-RCM.pdf\">Asbesto<\/a><\/p>\n<p><a href=\"https:\/\/rcm1.rcm.upr.edu\/decanatoadministracion\/wp-content\/uploads\/sites\/11\/2020\/09\/Escorrentia-de-Aguas-Pluviales-RCM.pdf\">Escorrenta de Agua Pluviales<\/a><\/p>\n<p><a href=\"https:\/\/rcm1.rcm.upr.edu\/decanatoadministracion\/wp-content\/uploads\/sites\/11\/2020\/03\/ELIMINACION-DESCARGAS-ILICITAS-POR-PARTE-DE-LA-UPR-RCM-3.pdf\">Eliminaci\u00f3n descargas il\u00edcitas por parte de la UPR-RCM<\/a><\/p>\n<p><a href=\"https:\/\/rcm1.rcm.upr.edu\/decanatoadministracion\/wp-content\/uploads\/sites\/11\/2020\/09\/Proteccion-Respiratoria-ante-la-pandemia-por-COVID-19.pdf\">PROTECCI\u00d3N RESPIRATORIA ANTE LA PANDEMIA POR COVID-19 8-24-2020<\/a>[\/vc_column_text][\/vc_column][\/vc_row][vc_row][vc_column][vc_empty_space][vc_column_text]<\/p>\n<h3>Servicios<\/h3>\n<p>[\/vc_column_text][vc_column_text]<strong>Informaci\u00f3n COVID-19<\/strong><\/p>\n<ul>\n<li><a href=\"https:\/\/rcm1.rcm.upr.edu\/decanatoadministracion\/wp-content\/uploads\/sites\/11\/2023\/04\/Rev-noviembre-2022-PLAN-DE-CONTROL-DE-EXPOSICION-AL-COVID19.pdf\" target=\"_blank\" rel=\"noopener noreferrer\">Plan de Control de Exposicio\u0301n al COVID-19<\/a><\/li>\n<li><a href=\"https:\/\/www.youtube.com\/watch?v=bvQjLZMUYJU\" target=\"_blank\" rel=\"noopener noreferrer\">Adiestramiento COVID19 y reinicio de labores RCM<\/a><\/li>\n<\/ul>\n<p>[\/vc_column_text][vc_empty_space][vc_column_text]<strong>Adiestramientos<\/strong><\/p>\n<p>Ofrecemos diversos adiestramientos en las \u00e1reas de cumplimiento ambiental, salud y seguridad ocupacional, tales como:<\/p>\n<ul>\n<li>Comunicaci\u00f3n de Peligros<\/li>\n<li>Disposici\u00f3n de Desperdicios Universales y Especiales<\/li>\n<li>Protecci\u00f3n Respiratoria<\/li>\n<li><a href=\"https:\/\/rcm1.rcm.upr.edu\/decanatoadministracion\/wp-content\/uploads\/sites\/11\/2020\/09\/Respiratory-Protection-Program.pdf\">PROGRAMA PROTECCION RESPIRATORIA CON APENDICES<\/a><\/li>\n<\/ul>\n<p>[\/vc_column_text][vc_empty_space][vc_column_text]<strong>Servicios M\u00e9dicos Ocupacionales<\/strong><\/p>\n<p>La Cl\u00ednica de Salud Ocupacional adscrita a CASSO ofrece servicios m\u00e9dicos ocupacionales y no ocupacionales. Entre los servicios que ofrece la Cl\u00ednica se encuentran:<\/p>\n<ul>\n<li>Manejo de casos<\/li>\n<li>Vigilancia M\u00e9dica de varios programas de salud ocupacional<\/li>\n<li>Procedimiento de Regreso al Trabajo<\/li>\n<li>Reporte de casos a la Comisi\u00f3n del Fondo de Seguro del Estado<\/li>\n<li>Registro de Lesiones y Enfermedades \u2013 OSHA 300<\/li>\n<li>Programa de Zoonosis<\/li>\n<li>Cuidado M\u00e9dico Primario<\/li>\n<\/ul>\n<p>[\/vc_column_text][\/vc_column][\/vc_row][vc_row][vc_column][vc_empty_space][vc_column_text]<\/p>\n<h3>Contacto<\/h3>\n<p>[\/vc_column_text][vc_column_text]Edificio Principal<br \/>\nSegundo Piso<br \/>\nOficina B-231[\/vc_column_text][\/vc_column][\/vc_row][vc_row][vc_column width=&#8221;1\/3&#8243;][vc_column_text]<strong>Vanessa Rodr\u00edguez<\/strong><br \/>\n<em>Directora<\/em><br \/>\n787-758-2525 extensiones 1237, 1055, 1054[\/vc_column_text][\/vc_column][vc_column width=&#8221;1\/3&#8243;][vc_column_text]<em>Asistente de Administraci\u00f3n<\/em><br \/>\n787-758-2525 extensiones 1054, 1055[\/vc_column_text][\/vc_column][vc_column width=&#8221;1\/3&#8243;][vc_column_text]<strong>Dr. Carlos Canales<\/strong><br \/>\n<em>M\u00e9dico Ocupacional<\/em><br \/>\n787-758-2525 extensi\u00f3n 2912[\/vc_column_text][\/vc_column][\/vc_row][vc_row][vc_column width=&#8221;1\/3&#8243;][vc_column_text][\/vc_column_text][\/vc_column][vc_column width=&#8221;1\/3&#8243;][vc_column_text]<em>Secretaria Administrativa<\/em><br \/>\n787-758-2525 extensi\u00f3n 2910[\/vc_column_text][\/vc_column][vc_column width=&#8221;1\/3&#8243;][\/vc_column][\/vc_row]<\/p>\n<\/div>","protected":false},"excerpt":{"rendered":"<p>[vc_row][vc_column][vc_column_text] Misi\u00f3n Brindar\u00a0apoyo y potenciar las actividades de ense\u00f1anza e investigaci\u00f3n del Recinto de Ciencias M\u00e9dicas, promoviendo un ambiente de trabajo seguro y saludable en el campus, as\u00ed como proveyendo y coordinando programas y servicios que minimicen los riesgos de salud, seguridad, ambientales y regulatorios de la comunidad universitaria. [\/vc_column_text][vc_empty_space][vc_column_text] \u200bVisi\u00f3n \u200bOficina encaminada a la&hellip;<\/p>\n","protected":false},"author":1,"featured_media":0,"parent":0,"menu_order":0,"comment_status":"closed","ping_status":"closed","template":"template-microsite.php","meta":{"footnotes":""},"class_list":["post-55","page","type-page","status-publish","hentry","description-off"],"aioseo_notices":[],"_links":{"self":[{"href":"https:\/\/rcm1.rcm.upr.edu\/decanatoadministracion\/wp-json\/wp\/v2\/pages\/55","targetHints":{"allow":["GET"]}}],"collection":[{"href":"https:\/\/rcm1.rcm.upr.edu\/decanatoadministracion\/wp-json\/wp\/v2\/pages"}],"about":[{"href":"https:\/\/rcm1.rcm.upr.edu\/decanatoadministracion\/wp-json\/wp\/v2\/types\/page"}],"author":[{"embeddable":true,"href":"https:\/\/rcm1.rcm.upr.edu\/decanatoadministracion\/wp-json\/wp\/v2\/users\/1"}],"replies":[{"embeddable":true,"href":"https:\/\/rcm1.rcm.upr.edu\/decanatoadministracion\/wp-json\/wp\/v2\/comments?post=55"}],"version-history":[{"count":0,"href":"https:\/\/rcm1.rcm.upr.edu\/decanatoadministracion\/wp-json\/wp\/v2\/pages\/55\/revisions"}],"wp:attachment":[{"href":"https:\/\/rcm1.rcm.upr.edu\/decanatoadministracion\/wp-json\/wp\/v2\/media?parent=55"}],"curies":[{"name":"wp","href":"https:\/\/api.w.org\/{rel}","templated":true}]}}