{"id":59,"date":"2017-12-21T02:48:01","date_gmt":"2017-12-21T02:48:01","guid":{"rendered":"http:\/\/127.0.0.1\/rcm\/da\/departamento-de-recursos-fisicos\/"},"modified":"2017-12-21T02:48:01","modified_gmt":"2017-12-21T02:48:01","slug":"departamento-de-recursos-fisicos","status":"publish","type":"page","link":"https:\/\/rcm1.rcm.upr.edu\/decanatoadministracion\/departamento-de-recursos-fisicos\/","title":{"rendered":"Departamento de Recursos F\u00edsicos"},"content":{"rendered":"<div class=\"wpb-content-wrapper\"><p>[vc_row][vc_column][vc_column_text]<\/p>\n<h3>Misi\u00f3n<\/h3>\n<p>Conservar la infraestructura f\u00edsica del Recinto de Ciencias M\u00e9dicas para preservar su funci\u00f3n.[\/vc_column_text][vc_empty_space][vc_column_text]<\/p>\n<h3>Visi\u00f3n<\/h3>\n<p>Seremos reconocidos por nuestra excelencia en la presentaci\u00f3n de servicios como proveedores de infraestructura f\u00edsica.[\/vc_column_text][\/vc_column][\/vc_row][vc_row][vc_column][vc_empty_space][vc_column_text]<\/p>\n<h3>Servicios<\/h3>\n<p>[\/vc_column_text]<div class=\"text-centered\"><a href=\"https:\/\/x31.emaint.com\" class=\"btn-shortcode dt-btn-l dt-btn light-bg-btn title-btn-color default-btn-hover-color default-btn-bg-color default-btn-bg-hover-color\" target=\"_blank\" id=\"dt-btn-1\" rel=\"noopener\"><span>Click Aqu\u00ed Para Realizar Orden de Servicio al Departamento de Recursos F\u00edsicos<\/span><\/a><\/div>[vc_empty_space][vc_column_text]Mantenimiento de Edificios &#8211; Unidad de Conservaci\u00f3n<\/p>\n<p>Mantenimiento y reparaci\u00f3n de equipos de aire acondicionado, sucio, vapor y compresores de aire &#8211; Unidad de Refrigeraci\u00f3n<\/p>\n<p>Mantenimiento y reparaci\u00f3n del sistema el\u00e9ctrico y generadores de energ\u00eda &#8211; Unidad de Electricidad<\/p>\n<p>Traslados de equipos &#8211; Unidad de Mudanza<\/p>\n<p>Limpieza interior y exterior y pulido de pisos &#8211; Unidad de Conserjer\u00eda<\/p>\n<p>Mantenimiento y reparaci\u00f3n de sistemas gas, succi\u00f3n, aguas usadas, pluviales y equipos sanitarios &#8211; Unidad de Plomer\u00eda<\/p>\n<p>Mantenimiento de \u00e1reas verdes y techos &#8211; Unidad de Jardiner\u00eda<\/p>\n<p>Mantiene abastos de piezas y materiales para tareas de mantenimiento y reparaci\u00f3n de la infraestructura &#8211; Unidad de Almac\u00e9n[\/vc_column_text][vc_empty_space][vc_column_text]<\/p>\n<h3>Contacto<\/h3>\n<p>[\/vc_column_text][vc_column_text]Edificio EPS<br \/>\nPiso 7<br \/>\nOficina 710[\/vc_column_text][vc_row_inner][vc_column_inner width=&#8221;1\/3&#8243;][vc_column_text]<strong>Jos\u00e9 Soto<\/strong><br \/>\n<em>Director<\/em><br \/>\n787-758-2525 extensi\u00f3n 2082<br \/>\n787-766-2384 fax[\/vc_column_text][\/vc_column_inner][vc_column_inner width=&#8221;1\/3&#8243;][vc_column_text][\/vc_column_text][\/vc_column_inner][vc_column_inner width=&#8221;1\/3&#8243;][\/vc_column_inner][\/vc_row_inner][\/vc_column][\/vc_row]<\/p>\n<\/div>","protected":false},"excerpt":{"rendered":"<p>[vc_row][vc_column][vc_column_text] Misi\u00f3n Conservar la infraestructura f\u00edsica del Recinto de Ciencias M\u00e9dicas para preservar su funci\u00f3n.[\/vc_column_text][vc_empty_space][vc_column_text] Visi\u00f3n Seremos reconocidos por nuestra excelencia en la presentaci\u00f3n de servicios como proveedores de infraestructura f\u00edsica.[\/vc_column_text][\/vc_column][\/vc_row][vc_row][vc_column][vc_empty_space][vc_column_text] Servicios [\/vc_column_text][vc_empty_space][vc_column_text]Mantenimiento de Edificios &#8211; Unidad de Conservaci\u00f3n Mantenimiento y reparaci\u00f3n de equipos de aire acondicionado, sucio, vapor y compresores de aire &#8211; Unidad&hellip;<\/p>\n","protected":false},"author":1,"featured_media":0,"parent":0,"menu_order":0,"comment_status":"closed","ping_status":"closed","template":"template-microsite.php","meta":{"footnotes":""},"class_list":["post-59","page","type-page","status-publish","hentry","description-off"],"aioseo_notices":[],"_links":{"self":[{"href":"https:\/\/rcm1.rcm.upr.edu\/decanatoadministracion\/wp-json\/wp\/v2\/pages\/59","targetHints":{"allow":["GET"]}}],"collection":[{"href":"https:\/\/rcm1.rcm.upr.edu\/decanatoadministracion\/wp-json\/wp\/v2\/pages"}],"about":[{"href":"https:\/\/rcm1.rcm.upr.edu\/decanatoadministracion\/wp-json\/wp\/v2\/types\/page"}],"author":[{"embeddable":true,"href":"https:\/\/rcm1.rcm.upr.edu\/decanatoadministracion\/wp-json\/wp\/v2\/users\/1"}],"replies":[{"embeddable":true,"href":"https:\/\/rcm1.rcm.upr.edu\/decanatoadministracion\/wp-json\/wp\/v2\/comments?post=59"}],"version-history":[{"count":0,"href":"https:\/\/rcm1.rcm.upr.edu\/decanatoadministracion\/wp-json\/wp\/v2\/pages\/59\/revisions"}],"wp:attachment":[{"href":"https:\/\/rcm1.rcm.upr.edu\/decanatoadministracion\/wp-json\/wp\/v2\/media?parent=59"}],"curies":[{"name":"wp","href":"https:\/\/api.w.org\/{rel}","templated":true}]}}