{"id":63,"date":"2017-12-21T02:48:39","date_gmt":"2017-12-21T02:48:39","guid":{"rendered":"http:\/\/127.0.0.1\/rcm\/da\/departamento-de-compras-y-suministros\/"},"modified":"2017-12-21T02:48:39","modified_gmt":"2017-12-21T02:48:39","slug":"departamento-de-compras-y-suministros","status":"publish","type":"page","link":"https:\/\/rcm1.rcm.upr.edu\/decanatoadministracion\/departamento-de-compras-y-suministros\/","title":{"rendered":"Departamento de Compras y Suministros"},"content":{"rendered":"<div class=\"wpb-content-wrapper\"><p>[vc_row][vc_column][vc_column_text]<\/p>\n<h3>Pol\u00edticas, Reglamentos y Formularios<\/h3>\n<p>[\/vc_column_text][vc_column_text]<a href=\"https:\/\/rcm1.rcm.upr.edu\/decanatoadministracion\/wp-content\/uploads\/sites\/11\/2020\/03\/Registro-de-Licitadores-PR.pdf\">Registro de Licitadores PR<\/a><\/p>\n<p><a href=\"https:\/\/rcm1.rcm.upr.edu\/decanatoadministracion\/wp-content\/uploads\/sites\/11\/2020\/03\/1Registro-de-Licitadores-USA-1.pdf\">Registro de Licitadores USA<\/a><\/p>\n<p><a href=\"https:\/\/da.rcm.upr.edu\/wp-content\/uploads\/sites\/11\/2020\/03\/CERTIFICACI%c3%93N-EXENTA-MODELO-SC-2916-7-OCT-15-llena.pdf\">Certificaci\u00f3n Exenta Modelo SC 2916<\/a><\/p>\n<p><a href=\"https:\/\/rcm1.rcm.upr.edu\/decanatoadministracion\/wp-content\/uploads\/sites\/11\/2020\/03\/certificacion-30.pdf\">Certificaci\u00f3n 30<\/a><\/p>\n<p><a href=\"https:\/\/da.rcm.upr.edu\/wp-content\/uploads\/sites\/11\/2020\/03\/Certificaci%c3%b3n-30-Enmendada.pdf\">Certificaci\u00f3n 30 Enmendada<\/a><\/p>\n<p><a href=\"https:\/\/da.rcm.upr.edu\/wp-content\/uploads\/sites\/11\/2020\/03\/C%c3%93DIGOS-DE-GASTO-UFIS.pdf\">C\u00f3digos de Gastos UFIS<\/a><\/p>\n<p><a href=\"https:\/\/da.rcm.upr.edu\/wp-content\/uploads\/sites\/11\/2020\/03\/Carta-Creaci%c3%b3n-C%c3%b3digos-Equipos-No-Capitalizables-27-de-marzo-2018-1.pdf\">Carta Creaci\u00f3n C\u00f3digos Equipos No Capitalizables, 27 de marzo 2018 <\/a><\/p>\n<p><a href=\"https:\/\/rcm1.rcm.upr.edu\/decanatoadministracion\/wp-content\/uploads\/sites\/11\/2020\/03\/CartaCircularNum-2012-01-Secretario-Justicia-1.pdf\">Carta Circular Num 2012-01 Secretario Justicia<\/a><\/p>\n<p><a href=\"https:\/\/rcm1.rcm.upr.edu\/decanatoadministracion\/wp-content\/uploads\/sites\/11\/2020\/03\/Circular-de-Justicia-2012-02-2.pdf\">Circular de Justicia 2012-02<\/a><\/p>\n<p><a href=\"https:\/\/rcm1.rcm.upr.edu\/decanatoadministracion\/wp-content\/uploads\/sites\/11\/2020\/03\/Circular-Hacienda_1300-17-16-2.pdf\">Circular Hacienda 1300-17-16<\/a><\/p>\n<p><a href=\"https:\/\/da.rcm.upr.edu\/wp-content\/uploads\/sites\/11\/2020\/03\/CIRCULAR-N%c3%9aM-0013-NORMAS-DE-PREINTERVENCI%c3%93N.pdf\">Circular N\u00fam 0013 &#8211; Normas de Preintervenci\u00f3n<\/a><\/p>\n<p><a href=\"https:\/\/rcm1.rcm.upr.edu\/decanatoadministracion\/wp-content\/uploads\/sites\/11\/2020\/03\/Ley-208-2015-Art-303-1.pdf\">Ley 208-2015 Art 303<\/a><\/p>\n<p><a href=\"https:\/\/rcm1.rcm.upr.edu\/decanatoadministracion\/wp-content\/uploads\/sites\/11\/2020\/03\/NORMAS-DE-PREINTERVENCION001-1-4.pdf\">Normas de Preintervenci\u00f3n<\/a><\/p>\n<p><a href=\"https:\/\/rcm1.rcm.upr.edu\/decanatoadministracion\/wp-content\/uploads\/sites\/11\/2020\/03\/R-1617-14-ADQUISICION-DE-BIENES-O-SERVICIOS-SIN-PREVIA-CONTRATACION.pdf\">Adquisi\u00f3n de bienes o servivios sin previa contratacion<\/a><\/p>\n<p>[\/vc_column_text][vc_empty_space][vc_column_text]<\/p>\n<div class=\"wpb_text_column wpb_content_element \">\n<div class=\"wpb_wrapper\">\n<h3>Contacto<\/h3>\n<\/div>\n<\/div>\n<p>[\/vc_column_text][vc_column_text]Edificio Principal<br \/>\nPiso 7<br \/>\nOficina A-715[\/vc_column_text][vc_row_inner][vc_column_inner width=&#8221;1\/3&#8243;][vc_column_text]<strong>Miguel A. Bob\u00e9<\/strong><br \/>\n<em>Director<\/em><br \/>\n787-758-2525 extensi\u00f3n 5014<br \/>\n787-765-6867 directo<br \/>\n787-765-1922 fax[\/vc_column_text][\/vc_column_inner][vc_column_inner width=&#8221;1\/3&#8243;][vc_column_text]<strong>Jannette Acevedo<\/strong><br \/>\n<em>Secretaria Administrativa<\/em><br \/>\n787-758-2525 extensi\u00f3n 5104[\/vc_column_text][\/vc_column_inner][vc_column_inner width=&#8221;1\/3&#8243;][vc_column_text]<strong>Gustavo Ortega<\/strong><br \/>\n<em>Agente Comprador<\/em><br \/>\n787-758-2525 extensi\u00f3n 5109[\/vc_column_text][\/vc_column_inner][\/vc_row_inner][vc_row_inner][vc_column_inner width=&#8221;1\/3&#8243;][vc_column_text]<strong>Jos\u00e9 A. Rivera<\/strong><br \/>\n<em>Agente Comprador<\/em><br \/>\n787-758-2525 extensi\u00f3n 5103[\/vc_column_text][\/vc_column_inner][vc_column_inner width=&#8221;1\/3&#8243;][vc_column_text]<\/p>\n<\/div>","protected":false},"excerpt":{"rendered":"<p>[vc_row][vc_column][vc_column_text] Pol\u00edticas, Reglamentos y Formularios [\/vc_column_text][vc_column_text]Registro de Licitadores PR Registro de Licitadores USA Certificaci\u00f3n Exenta Modelo SC 2916 Certificaci\u00f3n 30 Certificaci\u00f3n 30 Enmendada C\u00f3digos de Gastos UFIS Carta Creaci\u00f3n C\u00f3digos Equipos No Capitalizables, 27 de marzo 2018 Carta Circular Num 2012-01 Secretario Justicia Circular de Justicia 2012-02 Circular Hacienda 1300-17-16 Circular N\u00fam 0013 &#8211; Normas&hellip;<\/p>\n","protected":false},"author":1,"featured_media":0,"parent":0,"menu_order":0,"comment_status":"closed","ping_status":"closed","template":"template-microsite.php","meta":{"footnotes":""},"class_list":["post-63","page","type-page","status-publish","hentry","description-off"],"aioseo_notices":[],"_links":{"self":[{"href":"https:\/\/rcm1.rcm.upr.edu\/decanatoadministracion\/wp-json\/wp\/v2\/pages\/63","targetHints":{"allow":["GET"]}}],"collection":[{"href":"https:\/\/rcm1.rcm.upr.edu\/decanatoadministracion\/wp-json\/wp\/v2\/pages"}],"about":[{"href":"https:\/\/rcm1.rcm.upr.edu\/decanatoadministracion\/wp-json\/wp\/v2\/types\/page"}],"author":[{"embeddable":true,"href":"https:\/\/rcm1.rcm.upr.edu\/decanatoadministracion\/wp-json\/wp\/v2\/users\/1"}],"replies":[{"embeddable":true,"href":"https:\/\/rcm1.rcm.upr.edu\/decanatoadministracion\/wp-json\/wp\/v2\/comments?post=63"}],"version-history":[{"count":0,"href":"https:\/\/rcm1.rcm.upr.edu\/decanatoadministracion\/wp-json\/wp\/v2\/pages\/63\/revisions"}],"wp:attachment":[{"href":"https:\/\/rcm1.rcm.upr.edu\/decanatoadministracion\/wp-json\/wp\/v2\/media?parent=63"}],"curies":[{"name":"wp","href":"https:\/\/api.w.org\/{rel}","templated":true}]}}