{"id":10048,"date":"2020-09-14T12:45:50","date_gmt":"2020-09-14T12:45:50","guid":{"rendered":"https:\/\/de.rcm.upr.edu\/?page_id=10048"},"modified":"2020-09-14T12:45:50","modified_gmt":"2020-09-14T12:45:50","slug":"ataque-sexual","status":"publish","type":"page","link":"https:\/\/rcm1.rcm.upr.edu\/decanatoestudiantes\/ataque-sexual\/","title":{"rendered":"Ataque Sexual"},"content":{"rendered":"<h3><b>Reduciendo el Riesgo y Sobrellevando un Ataque<\/b><\/h3>\n<p><b>Verdadero o Falso: \u00bfSabe usted las respuestas?<\/b><\/p>\n<ol>\n<li>El deseo sexual es lo que motiva una violaci\u00f3n. <b>Falso<\/b>. La violaci\u00f3n es un acto de violencia y no tiene relaci\u00f3n con la pasi\u00f3n sexual. Es un intento de maltratar y humillar a la victima, y el sexo es simplemente el arma.<\/li>\n<li>La mayor parte de las violaciones son perpetradas por desconocidos en situaciones de por s\u00ed peligrosas, tales como pasear sola por la noche, aceptar que un desconocido la lleve en su auto, ir sola a un bar.<b>Falso<\/b>. Naturalmente que las violaciones ocurren bajo esas circunstancias, pero aproximadamente un tercio de las v\u00edctimas son atacadas en sus hogares y m\u00e1s de la mitad de las v\u00edctimas conocen a sus asaltantes.<\/li>\n<li>Las mujeres provocan la violaci\u00f3n por su forma llamativa de vestir. <b>Falso<\/b>. Las v\u00edctimas no causan la violaci\u00f3n. Puede ocurrirle a cualquiera: abuelas, ni\u00f1os, estudiantes, empleadas, madres, esposas, ricas, pobres. La polic\u00eda cree que cuando el violador es un extra\u00f1o, este tiende a atacar a mujeres que aparentan temor, se intimidan f\u00e1cilmente, o no parecen estar alertas. En otras palabras, las v\u00edctimas de violaciones sencillamente tuvieron la mala suerte de toparse con sus asaltantes.<\/li>\n<li>La mayor parte de estos asaltantes repiten el crimen hasta que los atrapan. <b>Verdadero<\/b>. Y la violaci\u00f3n es uno de los cr\u00edmenes menos reportados.<\/li>\n<\/ol>\n<p><b>Reduzca el riesgo de convertirse en una v\u00edctima en su hogar<\/b><\/p>\n<ul>\n<li><b>Compruebe que todas las ventanas y puertas de su hogar puedan cerrarse bien, en especial las puertas corredizas de cristal. Use los cerrojos. Mantenga las entradas bien iluminadas.<\/b><\/li>\n<li>Instale una mirilla en la puerta y \u00fasela.<\/li>\n<li>Exija que cualquier desconocido que esta toque a su puerta que se identifique: vendedores, inspectores, etc.<\/li>\n<li>No deje que ning\u00fan extra\u00f1o entre a su hogar si esta sola, aun si se esta sola, aun si se trata de una emergencia. Mas bien ofr\u00e9zcale hacer cualquier llamada necesaria mientras \u00e9l espera afuera.<\/li>\n<li>Nunca deje saber a un desconocido que est\u00e1 sola en casa, ya sea por tel\u00e9fono o si toca a su puerta.<\/li>\n<li>Si vive usted sola, use solamente su apellido e iniciales en su directorio telef\u00f3nico y en la caja de correo.<\/li>\n<li>Conozca a sus vecinos. Uno de ellos podr\u00eda ayudarla en caso de peligro.<\/li>\n<li>Si vive en un edificio, evite ir sola a la lavander\u00eda o al garaje, especialmente de noche.<\/li>\n<li>Si al llegar a su casa descubre una puerta ventana abierta o se\u00f1ales de que alguien haya tratado de entrar, no entre. Vaya al tel\u00e9fono m\u00e1s cercano y llame a la polic\u00eda.<\/li>\n<\/ul>\n<p><b>Caminando por la calle:<\/b><\/p>\n<ul>\n<li><b>Est\u00e9 alerta siempre. Sepa donde se encuentra y quien est\u00e1 a su alrededor.<\/b><\/li>\n<li>Camine siempre que sea posible por lugares bien iluminados.<\/li>\n<li>Camine sinti\u00e9ndose segura de si misma, a un ritmo mesurado y siempre de frente hacia el tr\u00e1fico.<\/li>\n<li>Camine cerca de la calle. Evite acercarse a puertas arbustos y callejones<\/li>\n<li>Lleve ropa y zapatos que le permitan libertad de acci\u00f3n<\/li>\n<li>No camine sola de noche y evite lugares donde hay poca gente.<\/li>\n<li>Tenga cuidado cuando alguien le detiene para pedirle informaci\u00f3n. Responda manteniendo su distancia y nunca se acerque demasiado a un auto.<\/li>\n<li>Si se encuentra en peligro, trate de llamar la atenci\u00f3n de cualquier forma que pueda. Grite, pida auxilio, grite: \u201cFuego\u201d<\/li>\n<li>Si cree que alguien la est\u00e1 siguiendo, entre de inmediato a una tienda o toque la puerta de una casa.<\/li>\n<\/ul>\n<p><b>En el autom\u00f3vil:<\/b><\/p>\n<ul>\n<li>Mantenga su autom\u00f3vil en buen estado y tenga siempre el tanque de gasolina por lo menos a medio llenar.<\/li>\n<li>Estacione en \u00e1reas bien iluminadas y ponga el seguro en las puertas, aun si va a regresar enseguida.<\/li>\n<li>De regreso a su autom\u00f3vil, tenga las llaves en la mano y revise los asientos delanteros y traseros y el piso antes de entrar.<\/li>\n<li>Maneje o conduzca siempre con las puertas aseguradas.<\/li>\n<li>Nunca recoja a un desconocido.<\/li>\n<li>Si se le desinfla una llanta, continu\u00e9, hasta llegar a un lugar seguro, bien iluminado y con tr\u00e1fico.<\/li>\n<li>Si se le descompone el autom\u00f3vil, suba la cubierta del motor, coloque los seguros a las puertas y encienda las luces de emergencia. Use las luces de se\u00f1ales si las tiene y amarre un pedazo de tela blanca a la antena. Si alguien se detiene, no salga de su autom\u00f3vil, sino baje el cristal un poco y p\u00eddale a la persona que llame a la polic\u00eda o a un servicio de gr\u00faas.<\/li>\n<li>Si nota un autom\u00f3vil con problemas, no se detenga. Preste su ayuda llamando a la polic\u00eda.<\/li>\n<li>Tenga mucho cuidado cuando estacione en garajes cerrados o subterr\u00e1neos. Trate de no hacerlo cuando est\u00e9 sola.<\/li>\n<li>Si sospecha que alguien la sigue, no maneje hasta su casa. Vaya a la estaci\u00f3n de polic\u00eda o bomberos m\u00e1s cercana y toque la bocina repetidamente. O vaya a una estaci\u00f3n de gasolina u otro negocio donde pueda llamar a la polic\u00eda. No se baje de su autom\u00f3vil sin estar segura de que puede entrar al edificio. Trate de anotar el n\u00famero de la licencia o placas y la descripci\u00f3n del autom\u00f3vil que la esta siguiendo.<\/li>\n<li>Trate de mantener la calma, trat\u00e9 de pensar racionalmente y evalu\u00e9 sus recursos y opciones.<\/li>\n<li>Es m\u00e1s recomendable someterse que ofrecer resistencia y arriesgar la vida o cuando menos ser lesionada. Tendr\u00e1 que tomar esta decisi\u00f3n a base de las circunstancias. Pero nunca se resista si el asaltante tiene un arma.<\/li>\n<li>Continu\u00e9 analizando la situaci\u00f3n a medida que ocurre. Si una estrategia no da resultado, intente otra. Otras opciones, adem\u00e1s de no ofrecer resistencia, son: negociar, tratar de ganar tiempo, distraer al asaltante mientras usted trata de escapar a un lugar seguro, ofrecer resistencia verbal, gritar para llamar la atenci\u00f3n y resistencia f\u00edsica.<\/li>\n<\/ul>\n<p>Es posible que el asaltante desista de su prop\u00f3sito si usted se comporta de forma extra\u00f1a, como por ejemplo, vomitando, actuando como una loca o meti\u00e9ndose el dedo en la nariz.<\/p>\n<p><b>Despu\u00e9s de un asalto o violaci\u00f3n:<\/b><\/p>\n<ul>\n<li><b>Vaya a un lugar seguro y llame a la polic\u00eda. Hacer la denuncia r\u00e1pido aumenta las probabilidades de atrapar al culpable.<\/b><\/li>\n<li>No se ba\u00f1e, duche, lave vaginalmente, ni destruya la ropa que llevaba cuando la atacaron. No toque nada en el \u00e1rea donde ocurri\u00f3 el ataque. Es muy importante preservar toda la evidencia f\u00edsica para su uso posterior en los tribunales.<\/li>\n<li>Vaya a la sala de emergencias de un hospital para que la atiendan, y p\u00eddale al m\u00e9dico que anote las lesiones recibidas durante la violaci\u00f3n. Aseg\u00farese de que examinen cuidadosamente en lo que respecta a las posibilidades de haber quedado embarazada o haber contra\u00eddo alguna enfermedad ven\u00e9rea.<\/li>\n<\/ul>\n<p>P\u00eddale a alguna persona que la acompa\u00f1e. No debe estar sola. P\u00f3ngase en contacto con alg\u00fan centro de ayuda a v\u00edctimas de violaciones para que la ayuden a hacerle frente a las consecuencias del ataque.<\/p>\n<p><strong>Prevenci\u00f3n de Violencia Dom\u00e9stica, Agresi\u00f3n Sexual y Acecho<\/strong><\/p>\n<p>En la Universidad de Puerto Rico en Aguadilla estamos conscientes que la violencia domestica continua siendo un serio problema social y de salud p\u00fablica que afecta a miles de v\u00edctimas y familias en Puerto Rico. La pol\u00edtica p\u00fablica de la Universidad de Puerto Rico reconoce la necesidad de promover cero tolerancias ante los actos de violencia dom\u00e9stica, violencia en relaciones de pareja, agresi\u00f3n sexual y acecho.<\/p>\n<p>*<a href=\"https:\/\/rcm1.rcm.upr.edu\/decanatoestudiantes\/wp-content\/uploads\/sites\/13\/2023\/01\/politica_prevencion_e_intervencion_casos_de_violencia_estudiantes_rcm.pdf\" target=\"_blank\" rel=\"noopener noreferrer\">Pol\u00edtica y Prevenci\u00f3n de Violencia Dom\u00e9stica, Agresi\u00f3n Sexual y Acecho<\/a><\/p>\n","protected":false},"excerpt":{"rendered":"<p>Reduciendo el Riesgo y Sobrellevando un Ataque Verdadero o Falso: \u00bfSabe usted las respuestas? El deseo sexual es lo que motiva una violaci\u00f3n. Falso. La violaci\u00f3n es un acto de violencia y no tiene relaci\u00f3n con la pasi\u00f3n sexual. Es un intento de maltratar y humillar a la victima, y el sexo es simplemente el&hellip;<\/p>\n","protected":false},"author":1,"featured_media":0,"parent":0,"menu_order":0,"comment_status":"closed","ping_status":"closed","template":"template-microsite.php","meta":{"footnotes":""},"class_list":["post-10048","page","type-page","status-publish","hentry","description-off"],"aioseo_notices":[],"_links":{"self":[{"href":"https:\/\/rcm1.rcm.upr.edu\/decanatoestudiantes\/wp-json\/wp\/v2\/pages\/10048","targetHints":{"allow":["GET"]}}],"collection":[{"href":"https:\/\/rcm1.rcm.upr.edu\/decanatoestudiantes\/wp-json\/wp\/v2\/pages"}],"about":[{"href":"https:\/\/rcm1.rcm.upr.edu\/decanatoestudiantes\/wp-json\/wp\/v2\/types\/page"}],"author":[{"embeddable":true,"href":"https:\/\/rcm1.rcm.upr.edu\/decanatoestudiantes\/wp-json\/wp\/v2\/users\/1"}],"replies":[{"embeddable":true,"href":"https:\/\/rcm1.rcm.upr.edu\/decanatoestudiantes\/wp-json\/wp\/v2\/comments?post=10048"}],"version-history":[{"count":0,"href":"https:\/\/rcm1.rcm.upr.edu\/decanatoestudiantes\/wp-json\/wp\/v2\/pages\/10048\/revisions"}],"wp:attachment":[{"href":"https:\/\/rcm1.rcm.upr.edu\/decanatoestudiantes\/wp-json\/wp\/v2\/media?parent=10048"}],"curies":[{"name":"wp","href":"https:\/\/api.w.org\/{rel}","templated":true}]}}