{"id":10051,"date":"2020-09-14T13:13:17","date_gmt":"2020-09-14T13:13:17","guid":{"rendered":"https:\/\/de.rcm.upr.edu\/?page_id=10051"},"modified":"2020-09-14T13:13:17","modified_gmt":"2020-09-14T13:13:17","slug":"salud-sexual","status":"publish","type":"page","link":"https:\/\/rcm1.rcm.upr.edu\/decanatoestudiantes\/salud-sexual\/","title":{"rendered":"Salud Sexual"},"content":{"rendered":"<div class=\"wpb-content-wrapper\"><p>[vc_row][vc_column][vc_column_text]<\/p>\n<h3><b>\u00bf<\/b><b>Qu\u00e9 es la salud sexual?<\/b><\/h3>\n<p>La visi\u00f3n que se tiene de lo que es sexualidad es limitada y plagada de prejuicios, por lo tanto, la visi\u00f3n de la salud sexual se va a ver afectada por la misma situaci\u00f3n. Para la mayor\u00eda de las personas hablar de salud trae la mente las enfermedades de transmisi\u00f3n sexual, los problemas de funcionamiento sexual tales como: la impotencia, la falta de orgasmo y la eyaculaci\u00f3n precoz.<\/p>\n<p>&nbsp;<\/p>\n<h3><b>Aspectos o dimensiones de la sexualidad:<\/b><\/h3>\n<ul>\n<li>La identidad personal<\/li>\n<li>El papel del genero<\/li>\n<li>El comportamiento er\u00f3tico<\/li>\n<li>Los estilos de vida<\/li>\n<li>La reproducci\u00f3n<\/li>\n<\/ul>\n<p>&nbsp;<\/p>\n<h3><b>La identidad personal<\/b><\/h3>\n<p>Tiene que ver con la imagen que tiene la persona de si misma seg\u00fan su cuerpo f\u00edsico: ser var\u00f3n o ser hembra. En este aspecto, desde la ni\u00f1ez (alrededor de los 18 meses) cada cual reconoce que pertenece a uno u otro sexo seg\u00fan los \u00f3rganos genitales externos. En el ni\u00f1o, se destaca el pene y los test\u00edculos, en las ni\u00f1as la vulva y el cl\u00edtoris. Esta identidad personal a menudo se confunde con el papel de g\u00e9nero y estilo de vida homosexual, pero son cosas diferentes.<\/p>\n<p>&nbsp;<\/p>\n<h3><b>El Papel del G\u00e9nero<\/b><\/h3>\n<p>Es la visi\u00f3n que cada sociedad tiene y transmite sobre como debe ser el hombre y la mujer. Esta es un \u00e1rea de mucho conflicto entre las parejas ya que todav\u00eda no se ha logrado la armon\u00eda entre los sexos y existe una lucha de poder entre los mismos. El hostigamiento sexual, la violencia dom\u00e9stica y la doble carga de trabajo de la mujer est\u00e1n relacionados con esta dimensi\u00f3n de sexualidad.<\/p>\n<p>&nbsp;<\/p>\n<h3><b>El Comportamiento Er\u00f3tico<\/b><\/h3>\n<p>Tiene que ver con todas las cosas sensuales que conllevan la excitaci\u00f3n y resultan en una respuesta sexual. En el hombre, esta respuesta es la erecci\u00f3n del pene y en la mujer, la lubricaci\u00f3n del cl\u00edtoris. El comportamiento er\u00f3tico es algo continuo que puede comenzar desde una mirada, un beso, una caricia leve hasta las relaciones c\u00f3itales, con la penetraci\u00f3n del pene.<\/p>\n<p>&nbsp;<\/p>\n<h3><b>Estilos de Vida<\/b><\/h3>\n<p>Son todas las formas en las que las personas se organizan para relacionarse entre s\u00ed y para tener relaciones sexuales. Este aspecto ha sufrido cambios trascendentales. Anteriormente, los estilos tradicionales, se limitaban a la vida de solter\u00eda, al matrimonio mon\u00f3gamo y a los que eleg\u00edan la vida religiosa. Hoy d\u00eda existen muchos estilos de vida \u2013 gran parte de ellos todav\u00eda son controversiales e incluyen: la pareja que convive antes de casarse la pareja homosexual, la madre soltera, la monogamia en serie sin compromiso.<\/p>\n<p>&nbsp;<\/p>\n<h3><b>La Reproducci\u00f3n<\/b><\/h3>\n<p>Es el fin social de la sexualidad. Esta funci\u00f3n requiere que se sepa cuando la persona esta preparada para un posible embarazo as\u00ed como para la tarea de educar las ni\u00f1as y ni\u00f1os que nazcan de esa uni\u00f3n. Los m\u00e9todos contraceptivos son una de los medios existentes para planificar la familia y hoy d\u00eda muchas parejas la utilizan. Sin embargo, entre los j\u00f3venes adolescentes, se tiende a tener relaciones sexuales sin protecci\u00f3n alguna y a idealizar la maternidad y la paternidad, lo cual resulta en serios problemas personales y sociales.<\/p>\n<p>&nbsp;<\/p>\n<h3><b>Las Creencias y los Valores<\/b><\/h3>\n<p>Son el aspecto controversial de la sexualidad. Cada persona y cada sociedad tienen una visi\u00f3n de lo que significa la sexualidad y del comportamiento que es aceptable en las relaciones sexuales. Estas diferencias son marcadas en entre las generaciones, como los hijos e hijas, iglesias y a menudo, con los padres, entre el hombre y la mujer. A menudo, se trata de definir el comportamiento considerado \u201cnormal\u201d y se entran en grandes conflictos dependiendo del sistema moral que cada cual utilice. El tema del sexo ya no es un tema tab\u00fa. Lo encontramos en muchos lugares. Sin embargo sigue siendo un tema de conflicto. Esta de nuestra parte aceptar que la sexualidad es parte integral de nuestra vida.<\/p>\n<p>&nbsp;<\/p>\n<h3><strong>Abstinencia Sexual<\/strong><\/h3>\n<p>La abstinencia sexual es no tener relaciones sexuales penetrativas, es decir, no llegar a la penetraci\u00f3n ni por v\u00eda vaginal ni anal. Es la forma segura de prevenir el embarazo, que idealmente debe ser deseado, y las infecciones que se transmiten por v\u00eda sexual. Es la decisi\u00f3n de posponer las relaciones sexuales, hasta cuando \u00e9l o la joven se sientan f\u00edsica y psicol\u00f3gicamente preparado. Lo ideal es que la abstinencia sea una decisi\u00f3n libre y responsable, y no que este determinada por temor.<\/p>\n<ul>\n<li>Es decidir voluntariamente no tener relaciones sexuales en un tiempo determinado o para toda la vida.<\/li>\n<li>Es la decisi\u00f3n de posponer la actividad sexual. Las ventajas<\/li>\n<li>Puede ser un modo de sentirte bien contigo mismo(a), porque tienes el poder de decidir.<\/li>\n<li>Evitar un embarazo no deseado.<\/li>\n<li>Evitar contagio de enfermedades de transmisi\u00f3n sexual y VIH.<\/li>\n<li>Te ofrece m\u00e1s tiempo para fomentar una buena relaci\u00f3n.<\/li>\n<\/ul>\n<p>&nbsp;<\/p>\n<h3><b>Aprende a decir que no<\/b><\/h3>\n<p>A DECIR NO NADIE puede obligarte o presionarte, porque T\u00da tienes el control. Algunas razones son: 1. 2. 3. No es cierto. NO TODOS LO HACEMOS Y hoy TU TAMPOCO \u00a1Todos(as) lo est\u00e1n haciendo! Si me amaras, respetar\u00edas mi decisi\u00f3n de no tener relaciones sexuales. \u00a1Ven tengamos sexo, a nadie le importar\u00e1! \u00bfDe veras? Pues a mi s\u00ed me importa y eso basta Si me amaras, tendr\u00edas relaciones sexuales conmigo<\/p>\n<p>&nbsp;<\/p>\n<h3><b>Recuerda<\/b><\/h3>\n<ul>\n<li><b>La abstinencia sexual No Tiene que ser para siempre.<\/b><\/li>\n<li>Cuando se trata de tomar decisiones acerca del sexo, decir NO es una opci\u00f3n.<\/li>\n<li>No te dejes presionar por los (las) dem\u00e1s, se sincero(a) contigo mismo(a) y con tus valores.<\/li>\n<\/ul>\n<p>&nbsp;<\/p>\n<h3><b>Para aclarar dudas y recibir orientaci\u00f3n gratuita y confidencial llama a:<\/b><\/h3>\n<p>L\u00cdNEA DE INFORMACI\u00d3N VIH\/SIDA\/ETS Y TB<br \/>\n641-2004 (METRO)<br \/>\n1-877-6412004 (\u00c1rea no metro, EU e ISLAS V\u00cdRGENES)<\/p>\n<p style=\"text-align: right\">Cortes\u00eda de: CENTER FOR DISEASE CONTROL AND PREVENTION<\/p>\n<p>[\/vc_column_text][\/vc_column][\/vc_row][vc_row][vc_column width=&#8221;1\/2&#8243;][vc_column_text]<\/p>\n<div style=\"width: 480px;\" class=\"wp-video\"><video class=\"wp-video-shortcode\" id=\"video-10051-1\" width=\"480\" height=\"480\" loop autoplay preload=\"metadata\" controls=\"controls\"><source type=\"video\/mp4\" src=\"https:\/\/rcm1.rcm.upr.edu\/decanatoestudiantes\/wp-content\/uploads\/sites\/13\/2022\/04\/VID-20220405-WA0000.mp4?_=1\" \/><a href=\"https:\/\/rcm1.rcm.upr.edu\/decanatoestudiantes\/wp-content\/uploads\/sites\/13\/2022\/04\/VID-20220405-WA0000.mp4\">https:\/\/rcm1.rcm.upr.edu\/decanatoestudiantes\/wp-content\/uploads\/sites\/13\/2022\/04\/VID-20220405-WA0000.mp4<\/a><\/video><\/div>\n<p>[\/vc_column_text][\/vc_column][vc_column width=&#8221;1\/2&#8243;][vc_video link=&#8221;https:\/\/www.youtube.com\/watch?v=Sa4hZWuxAVg&#8221; align=&#8221;center&#8221;][\/vc_column][\/vc_row]<\/p>\n<\/div>","protected":false},"excerpt":{"rendered":"<p>[vc_row][vc_column][vc_column_text] \u00bfQu\u00e9 es la salud sexual? La visi\u00f3n que se tiene de lo que es sexualidad es limitada y plagada de prejuicios, por lo tanto, la visi\u00f3n de la salud sexual se va a ver afectada por la misma situaci\u00f3n. Para la mayor\u00eda de las personas hablar de salud trae la mente las enfermedades de&hellip;<\/p>\n","protected":false},"author":1,"featured_media":0,"parent":0,"menu_order":0,"comment_status":"closed","ping_status":"closed","template":"template-microsite.php","meta":{"footnotes":""},"class_list":["post-10051","page","type-page","status-publish","hentry","description-off"],"aioseo_notices":[],"_links":{"self":[{"href":"https:\/\/rcm1.rcm.upr.edu\/decanatoestudiantes\/wp-json\/wp\/v2\/pages\/10051","targetHints":{"allow":["GET"]}}],"collection":[{"href":"https:\/\/rcm1.rcm.upr.edu\/decanatoestudiantes\/wp-json\/wp\/v2\/pages"}],"about":[{"href":"https:\/\/rcm1.rcm.upr.edu\/decanatoestudiantes\/wp-json\/wp\/v2\/types\/page"}],"author":[{"embeddable":true,"href":"https:\/\/rcm1.rcm.upr.edu\/decanatoestudiantes\/wp-json\/wp\/v2\/users\/1"}],"replies":[{"embeddable":true,"href":"https:\/\/rcm1.rcm.upr.edu\/decanatoestudiantes\/wp-json\/wp\/v2\/comments?post=10051"}],"version-history":[{"count":0,"href":"https:\/\/rcm1.rcm.upr.edu\/decanatoestudiantes\/wp-json\/wp\/v2\/pages\/10051\/revisions"}],"wp:attachment":[{"href":"https:\/\/rcm1.rcm.upr.edu\/decanatoestudiantes\/wp-json\/wp\/v2\/media?parent=10051"}],"curies":[{"name":"wp","href":"https:\/\/api.w.org\/{rel}","templated":true}]}}