{"id":10057,"date":"2020-09-14T13:17:53","date_gmt":"2020-09-14T13:17:53","guid":{"rendered":"https:\/\/de.rcm.upr.edu\/?page_id=10057"},"modified":"2020-09-14T13:17:53","modified_gmt":"2020-09-14T13:17:53","slug":"ofensores-sexuales","status":"publish","type":"page","link":"https:\/\/rcm1.rcm.upr.edu\/decanatoestudiantes\/ofensores-sexuales\/","title":{"rendered":"Ofensores Sexuales"},"content":{"rendered":"<div class=\"wpb-content-wrapper\"><p>[vc_row][vc_column][vc_column_text]El Recinto de Ciencias Medicas informa que el registro de Personas Convictas por Delitos Sexuales y abuso contra Menores de Puerto Rico est\u00e1 disponible en la p\u00e1gina de internet del Sistema de Informaci\u00f3n de Justicia Criminal de Puerto Rico en la siguiente p\u00e1gina web: <a href=\"http:\/\/sor.cjis.pr.gov\/\" target=\"_blank\" rel=\"noopener noreferrer\">http:\/\/sor.cjis.pr.gov<\/a><\/p>\n<p>&nbsp;<\/p>\n<h3><b>Recordatorios Importantes:<\/b><\/h3>\n<ul>\n<li>La identificaci\u00f3n positiva de una persona, que presuntamente es un depredador sexual o agresor sexual, no puede ser establecida sin haber efectuado la debida comparaci\u00f3n de huellas digitales.<\/li>\n<li>Es ilegal el uso de informaci\u00f3n de dominio p\u00fablico relacionada a un depredador sexual o agresor sexual seg\u00fan definido en las leyes de Puerto Rico y con ella conseguir una convicci\u00f3n de tal depredador o agresor; distribuir o publicar informaci\u00f3n falsa con conocimiento relacionada a tal depredador o agresor y a considerar err\u00f3neamente tal como informaci\u00f3n de dominio p\u00fablico; o alterar informaci\u00f3n de dominio p\u00fablico con la intenci\u00f3n de falsificar dicha informaci\u00f3n, incluyendo documentos, res\u00famenes de informaci\u00f3n de registros p\u00fablicos provistos por agencias de ley y orden, o informaci\u00f3n de dominio p\u00fablico provista por agencias de ley y orden en sitios en el Web o provista a trav\u00e9s de otros medios de comunicaci\u00f3n.<\/li>\n<\/ul>\n<p>[\/vc_column_text][vc_empty_space][\/vc_column][\/vc_row][vc_row][vc_column width=&#8221;1\/4&#8243;][\/vc_column][vc_column width=&#8221;1\/2&#8243;][vc_column_text]<\/p>\n<div style=\"width: 480px;\" class=\"wp-video\"><video class=\"wp-video-shortcode\" id=\"video-10057-1\" width=\"480\" height=\"480\" loop autoplay preload=\"metadata\" controls=\"controls\"><source type=\"video\/mp4\" src=\"https:\/\/rcm1.rcm.upr.edu\/decanatoestudiantes\/wp-content\/uploads\/sites\/13\/2022\/04\/VID-20220405-WA0001.mp4?_=1\" \/><a href=\"https:\/\/rcm1.rcm.upr.edu\/decanatoestudiantes\/wp-content\/uploads\/sites\/13\/2022\/04\/VID-20220405-WA0001.mp4\">https:\/\/rcm1.rcm.upr.edu\/decanatoestudiantes\/wp-content\/uploads\/sites\/13\/2022\/04\/VID-20220405-WA0001.mp4<\/a><\/video><\/div>\n<p>[\/vc_column_text][\/vc_column][vc_column width=&#8221;1\/4&#8243;][\/vc_column][\/vc_row]<\/p>\n<\/div>","protected":false},"excerpt":{"rendered":"<p>[vc_row][vc_column][vc_column_text]El Recinto de Ciencias Medicas informa que el registro de Personas Convictas por Delitos Sexuales y abuso contra Menores de Puerto Rico est\u00e1 disponible en la p\u00e1gina de internet del Sistema de Informaci\u00f3n de Justicia Criminal de Puerto Rico en la siguiente p\u00e1gina web: http:\/\/sor.cjis.pr.gov &nbsp; Recordatorios Importantes: La identificaci\u00f3n positiva de una persona, que&hellip;<\/p>\n","protected":false},"author":1,"featured_media":0,"parent":0,"menu_order":0,"comment_status":"closed","ping_status":"closed","template":"template-microsite.php","meta":{"footnotes":""},"class_list":["post-10057","page","type-page","status-publish","hentry","description-off"],"aioseo_notices":[],"_links":{"self":[{"href":"https:\/\/rcm1.rcm.upr.edu\/decanatoestudiantes\/wp-json\/wp\/v2\/pages\/10057","targetHints":{"allow":["GET"]}}],"collection":[{"href":"https:\/\/rcm1.rcm.upr.edu\/decanatoestudiantes\/wp-json\/wp\/v2\/pages"}],"about":[{"href":"https:\/\/rcm1.rcm.upr.edu\/decanatoestudiantes\/wp-json\/wp\/v2\/types\/page"}],"author":[{"embeddable":true,"href":"https:\/\/rcm1.rcm.upr.edu\/decanatoestudiantes\/wp-json\/wp\/v2\/users\/1"}],"replies":[{"embeddable":true,"href":"https:\/\/rcm1.rcm.upr.edu\/decanatoestudiantes\/wp-json\/wp\/v2\/comments?post=10057"}],"version-history":[{"count":0,"href":"https:\/\/rcm1.rcm.upr.edu\/decanatoestudiantes\/wp-json\/wp\/v2\/pages\/10057\/revisions"}],"wp:attachment":[{"href":"https:\/\/rcm1.rcm.upr.edu\/decanatoestudiantes\/wp-json\/wp\/v2\/media?parent=10057"}],"curies":[{"name":"wp","href":"https:\/\/api.w.org\/{rel}","templated":true}]}}