{"id":105,"date":"2018-02-06T18:57:44","date_gmt":"2018-02-06T18:57:44","guid":{"rendered":"http:\/\/127.0.0.1\/rcm\/de\/politicas\/"},"modified":"2024-06-11T03:21:30","modified_gmt":"2024-06-11T03:21:30","slug":"politicas","status":"publish","type":"page","link":"https:\/\/rcm1.rcm.upr.edu\/decanatoestudiantes\/politicas\/","title":{"rendered":"Pol\u00edticas y Reglamentos"},"content":{"rendered":"<div class=\"wpb-content-wrapper\"><p>[vc_row][vc_column][vc_column_text css=&#8221;&#8221;]<\/p>\n<ul>\n<li style=\"list-style-type: none;\">\n<ul>\n<li><a href=\"https:\/\/rcm1.rcm.upr.edu\/decanatoestudiantes\/wp-content\/uploads\/sites\/13\/2024\/06\/certificacion-0152021-2022-revision-notas.pdf\">PROCEDIMIENTO PARA LA REVISION Y APELACION DE LA CALIFICACION FINAL DE UN CURSO EN EL RECINTO DE CIENCIAS MEDICAS (RCM) (Seg\u00fan Certificaci\u00f3n 116 JG 2015-2016)<\/a><\/li>\n<li><a href=\"https:\/\/rcm1.rcm.upr.edu\/decanatoestudiantes\/wp-content\/uploads\/sites\/13\/2024\/05\/Certificacion-075-2020-2021-Normas-para-adelantar-o-posponer.pdf\" target=\"_blank\" rel=\"noopener noreferrer\">Normas para adelantar o Posponer Ex\u00e1menes y Actividades Acad\u00e9micas a Estudiantes en Situaciones Especiales<\/a>\n<ul>\n<li><a href=\"https:\/\/rcm1.rcm.upr.edu\/decanatoestudiantes\/wp-content\/uploads\/sites\/13\/2023\/01\/solicitud_adelantar_postponer_examenes_actividades.pdf\" target=\"_blank\" rel=\"noopener noreferrer\">Solicitud para Adelantar o Posponer Ex\u00e1menes y Actividades Acad\u00e9micas en Situaciones Especiales<\/a><\/li>\n<li><a href=\"https:\/\/rcm1.rcm.upr.edu\/decanatoestudiantes\/wp-content\/uploads\/sites\/13\/2023\/01\/formulario_apelacion_adelantar_postponer_examenes_actividades.pdf\" target=\"_blank\" rel=\"noopener noreferrer\">Formulario para el Proceso de Apelaci\u00f3n en la Solicitud para Adelantar o Posponer Ex\u00e1menes y Actividades Acad\u00e9micas en Situaciones Especiales<\/a><\/li>\n<\/ul>\n<\/li>\n<li><a href=\"https:\/\/rcm1.rcm.upr.edu\/decanatoestudiantes\/wp-content\/uploads\/sites\/13\/2023\/01\/Codigo-de-Conducta-Estudiantil-Universidad-de-Puerto-Rico.pdf\" target=\"_blank\" rel=\"noopener noreferrer\">C\u00f3digo de Conducta Estudiantil Universidad de Puerto Rico<\/a><\/li>\n<li><a href=\"https:\/\/rcm1.rcm.upr.edu\/decanatoestudiantes\/wp-content\/uploads\/sites\/13\/2023\/01\/Concesion_Tiempo_Reunion_Senado.pdf\" target=\"_blank\" rel=\"noopener noreferrer\">Concesi\u00f3n de Tiempo a un Estudiante para Asistir a Reuniones del Senado y sus Comit\u00e9s<\/a><\/li>\n<li><a href=\"https:\/\/rcm1.rcm.upr.edu\/decanatoestudiantes\/wp-content\/uploads\/sites\/13\/2023\/01\/Derechos-y-Deberes-del-Estudiante-Ayuda-Economica.pdf\" target=\"_blank\" rel=\"noopener noreferrer\">Derechos y Deberes del Estudiante con Ayuda Econ\u00f3mica<\/a><\/li>\n<li><a href=\"https:\/\/rcm1.rcm.upr.edu\/decanatoestudiantes\/wp-content\/uploads\/sites\/13\/2023\/01\/Deberes-Responsabilidades-y-Derecho-del-Profesor-y-Estudiante.pdf\" target=\"_blank\" rel=\"noopener noreferrer\">Deberes, Responsabilidades y Derechos del Profesor en Relaci\u00f3n con el Estudiante<\/a><\/li>\n<li><a href=\"https:\/\/rcm1.rcm.upr.edu\/decanatoestudiantes\/wp-content\/uploads\/sites\/13\/2023\/01\/Derechos-y-Deberes-del-Estudiante.pdf\" target=\"_blank\" rel=\"noopener noreferrer\">Derechos y Deberes del Estudiante para con el Profesor<\/a><\/li>\n<li><a href=\"https:\/\/rcm1.rcm.upr.edu\/decanatoestudiantes\/wp-content\/uploads\/sites\/13\/2023\/01\/ENMIENDA-AL-ARTICULO-4.9-REGLAMENTO-GENERAL-DE-ESTUDIANTES.pdf\" target=\"_blank\" rel=\"noopener noreferrer\">Enmienda Al Art\u00edculo 4.9 &#8211; Reglamento General De Estudiantes<\/a><\/li>\n<li><a style=\"color: #005177;\" href=\"https:\/\/rcm1.rcm.upr.edu\/decanatoestudiantes\/wp-content\/uploads\/sites\/13\/2023\/01\/Boletin-de-Seguridad-2018-2019.pdf\" target=\"_blank\" rel=\"noopener noreferrer\">Bolet\u00edn Informativo de Seguridad<\/a><\/li>\n<li><a href=\"https:\/\/rcm1.rcm.upr.edu\/decanatoestudiantes\/wp-content\/uploads\/sites\/13\/2023\/01\/LEY-FERPA.pdf\" target=\"_blank\" rel=\"noopener noreferrer\">Ley FERPA<\/a><\/li>\n<li><a title=\"Pol\u00edtica Institucional Sobre El Uso Aceptable De Los Recursos De La Tecnolog\u00eda De Informaci\u00f3n En La Universidad de Puerto Rico\" href=\"https:\/\/rcm1.rcm.upr.edu\/decanatoestudiantes\/wp-content\/uploads\/sites\/13\/2020\/08\/Carta-de-Derechos-Estudiantes-Embarazadas.pdf\" target=\"_blank\" rel=\"noopener noreferrer\"> Carta Consideraciones y Derechos de la Estudiantes Embarazada<\/a><\/li>\n<li><a title=\"Pol\u00edtica Institucional Sobre El Uso Aceptable De Los Recursos De La Tecnolog\u00eda De Informaci\u00f3n En La Universidad de Puerto Rico\" href=\"https:\/\/www.upr.edu\/itdocs\/wp-content\/uploads\/sites\/126\/2023\/02\/9429_Pol_Inst_Uso_Acceso_Recs_Tec-1.pdf\" target=\"_blank\" rel=\"noopener noreferrer\">Pol\u00edtica Institucional sobre el Uso y Acceso a los Recursos de la Tecnolog\u00eda de la Informaci\u00f3n en la Universidad de Puerto Rico<\/a><\/li>\n<li><a title=\"Est\u00e1ndares para la utilizaci\u00f3n Aceptable de Recursos de Tecnolog\u00eda Inform\u00e1tica\" href=\"https:\/\/rcm2.rcm.upr.edu\/wp-content\/uploads\/2020\/05\/Estandares-Para-La-Utilizacion-Aceptable-De-Recursos-De-Tecnologia-Informatica-2007-2008.pdf\" target=\"_blank\" rel=\"noopener noreferrer\">Est\u00e1ndares para la utilizaci\u00f3n Aceptable de Recursos de Tecnolog\u00eda Inform\u00e1tica<\/a><\/li>\n<li><a href=\"https:\/\/rcm2.rcm.upr.edu\/wp-content\/uploads\/2020\/04\/Politica-De-Seguridad-Tec-Inf-RCM-.pdf\" target=\"_blank\" rel=\"noopener noreferrer\">Poli\u0301tica de Seguridad de Tecnologi\u0301as de Informacio\u0301n del RCM<\/a><\/li>\n<li><a href=\"https:\/\/rcm1.rcm.upr.edu\/decanatoestudiantes\/wp-content\/uploads\/sites\/13\/2023\/01\/Ley-Num-122-del-2008.pdf\" target=\"_blank\" rel=\"noopener noreferrer\">Ley N\u00fam. 122 del 2008 &#8211; Ley Para enmendar la Ley N\u00fam. 402 de 2000: Ley de Garant\u00edas sobre Equipos de Asistencia Tecnol\u00f3gica de Puerto Rico<\/a><\/li>\n<li><a href=\"https:\/\/rcm1.rcm.upr.edu\/decanatoestudiantes\/wp-content\/uploads\/sites\/13\/2023\/01\/Manual-Procedimientos-Adm-Becas-Prestamos-Legislativos.pdf\" target=\"_blank\" rel=\"noopener noreferrer\">Manual de Procedimientos para la Administraci\u00f3n de las Becas y Cobro de los Pr\u00e9stamos Legislativos<\/a><\/li>\n<li><a href=\"https:\/\/rcm1.rcm.upr.edu\/decanatoestudiantes\/wp-content\/uploads\/sites\/13\/2023\/01\/Proceso_Reembolso_Fondos_Titulo_IV_A_Estudiantes_con_Baja_To.pdf\" target=\"_blank\" rel=\"noopener noreferrer\">Pol\u00edtica de reembolso T\u00edtulo IV<\/a><\/li>\n<li><a href=\"https:\/\/rcm1.rcm.upr.edu\/decanatoestudiantes\/wp-content\/uploads\/sites\/13\/2023\/02\/Politica-y-Reglamento-uso-ilicito-drogas-y-sustancias-controladas.pdf\" target=\"_blank\" rel=\"noopener noreferrer\">Pol\u00edtica y reglamento de la Universidad de Puerto Rico sobre el uso il\u00edcito de drogas, sustancias controladas y abuso de alcohol<\/a><\/li>\n<li><a href=\"https:\/\/da.rcm.upr.edu\/wp-content\/uploads\/sites\/11\/2021\/04\/Protocolo-de-Violencia-Domestica.pdf\" target=\"_blank\" rel=\"noopener noreferrer\">Protocolo sobre el manejo con situaciones de violencia dom\u00e9stica en el lugar de trabajo<\/a><\/li>\n<li><a href=\"https:\/\/rcm1.rcm.upr.edu\/decanatoestudiantes\/wp-content\/uploads\/sites\/13\/2023\/01\/Reglamento-Estudiantes-RCM-2021.pdf\" target=\"_blank\" rel=\"noopener noreferrer\">Reglamento de Estudiantes del Recinto de Ciencias M\u00e9dicas<\/a><\/li>\n<li><a href=\"https:\/\/rcm1.rcm.upr.edu\/decanatoestudiantes\/wp-content\/uploads\/sites\/13\/2023\/01\/REGLAMENTO-GENERAL-DE-ESTUDIANTES-COMPILADO-_Abril_2017.pdf\" target=\"_blank\" rel=\"noopener noreferrer\">Reglamento General de Estudiantes de la Universidad de Puerto Rico (Certificaci\u00f3n N\u00fam. 70, 2016-2017)<\/a><\/li>\n<li><a href=\"https:\/\/rcm1.rcm.upr.edu\/decanatoestudiantes\/wp-content\/uploads\/sites\/13\/2023\/04\/Querellas-JIP-PPA-2023.pdf\">Informaci\u00f3n para Remitir Querellas ante el Estado<\/a><\/li>\n<li><a href=\"https:\/\/rcm1.rcm.upr.edu\/decanatoestudiantes\/wp-content\/uploads\/sites\/13\/2023\/04\/Students-Compliants-JIP-English-Final.pdf\">State Complaint Referral Information<\/a><\/li>\n<\/ul>\n<\/li>\n<\/ul>\n<p>[\/vc_column_text][vc_empty_space][\/vc_column][\/vc_row][vc_row][vc_column][vc_column_text][vc_row][vc_column][vc_column_text]<b>Las Regulaciones del Gobierno Federal permiten:<\/b>[\/vc_column_text][vc_empty_space][vc_tta_tour style=&#8221;modern&#8221; color=&#8221;chino&#8221; active_section=&#8221;1&#8243;][vc_tta_section title=&#8221;Juicio Profesional&#8221; tab_id=&#8221;1522066718019-36952d4c-4ad0&#8243;][vc_column_text]Mediante un \u201cJuicio Profesional\u201d, los administradores de ayudas econ\u00f3micas pueden ajustar el estado de dependencia de un estudiante. Es una provisi\u00f3n en la ley que tambi\u00e9n permite ajustar los componentes de los costos de estudio (COA) o ajustar los elementos de los datos para el c\u00e1lculo de la Contribuci\u00f3n Familiar Esperada (EFC). El mecanismo de \u201cJuicio Profesional\u201d puede incidir en aumentar la elegibilidad de un estudiante para recibir alguna ayuda econ\u00f3mica y es aplicada caso-por-caso. Todo juicio profesional tiene que estar debidamente documentado en el expediente del estudiante.[\/vc_column_text][\/vc_tta_section][vc_tta_section title=&#8221;\u201cDependency Override\u201d&#8221; tab_id=&#8221;1522066718088-241d7285-3b3c&#8221;][vc_column_text]Un estudiante que bajo condiciones generales no cumple con los criterios de solicitante independiente puede ser evaluado bajo dicho estatus mediante un juicio profesional. Solo se considerar\u00e1 independiente debido a la falta de informaci\u00f3n de sus padres y es un mecanismo que se aplica caso-por-caso.[\/vc_column_text][\/vc_tta_section][\/vc_tta_tour][vc_empty_space][vc_column_text]Para m\u00e1s informaci\u00f3n sobre los programas de Ayuda Econ\u00f3mica puede comunicarse a nuestra Oficina al 787-758-2525, ext. 5205-5206.[\/vc_column_text][\/vc_column][\/vc_row]<\/p>\n<\/div>","protected":false},"excerpt":{"rendered":"<p>[vc_row][vc_column][vc_column_text css=&#8221;&#8221;] PROCEDIMIENTO PARA LA REVISION Y APELACION DE LA CALIFICACION FINAL DE UN CURSO EN EL RECINTO DE CIENCIAS MEDICAS (RCM) (Seg\u00fan Certificaci\u00f3n 116 JG 2015-2016) Normas para adelantar o Posponer Ex\u00e1menes y Actividades Acad\u00e9micas a Estudiantes en Situaciones Especiales Solicitud para Adelantar o Posponer Ex\u00e1menes y Actividades Acad\u00e9micas en Situaciones Especiales Formulario para&hellip;<\/p>\n","protected":false},"author":1,"featured_media":0,"parent":0,"menu_order":0,"comment_status":"closed","ping_status":"closed","template":"template-microsite.php","meta":{"footnotes":""},"class_list":["post-105","page","type-page","status-publish","hentry","description-off"],"aioseo_notices":[],"_links":{"self":[{"href":"https:\/\/rcm1.rcm.upr.edu\/decanatoestudiantes\/wp-json\/wp\/v2\/pages\/105","targetHints":{"allow":["GET"]}}],"collection":[{"href":"https:\/\/rcm1.rcm.upr.edu\/decanatoestudiantes\/wp-json\/wp\/v2\/pages"}],"about":[{"href":"https:\/\/rcm1.rcm.upr.edu\/decanatoestudiantes\/wp-json\/wp\/v2\/types\/page"}],"author":[{"embeddable":true,"href":"https:\/\/rcm1.rcm.upr.edu\/decanatoestudiantes\/wp-json\/wp\/v2\/users\/1"}],"replies":[{"embeddable":true,"href":"https:\/\/rcm1.rcm.upr.edu\/decanatoestudiantes\/wp-json\/wp\/v2\/comments?post=105"}],"version-history":[{"count":4,"href":"https:\/\/rcm1.rcm.upr.edu\/decanatoestudiantes\/wp-json\/wp\/v2\/pages\/105\/revisions"}],"predecessor-version":[{"id":12410,"href":"https:\/\/rcm1.rcm.upr.edu\/decanatoestudiantes\/wp-json\/wp\/v2\/pages\/105\/revisions\/12410"}],"wp:attachment":[{"href":"https:\/\/rcm1.rcm.upr.edu\/decanatoestudiantes\/wp-json\/wp\/v2\/media?parent=105"}],"curies":[{"name":"wp","href":"https:\/\/api.w.org\/{rel}","templated":true}]}}