{"id":11399,"date":"2022-05-13T13:46:04","date_gmt":"2022-05-13T13:46:04","guid":{"rendered":"https:\/\/de.rcm.upr.edu\/?page_id=11399"},"modified":"2022-05-13T13:46:04","modified_gmt":"2022-05-13T13:46:04","slug":"contacto","status":"publish","type":"page","link":"https:\/\/rcm1.rcm.upr.edu\/decanatoestudiantes\/contacto\/","title":{"rendered":"Contacto"},"content":{"rendered":"<div class=\"wpb-content-wrapper\"><p>[vc_row][vc_column][vc_column_text]<\/p>\n<h2><strong>Oficina Central de Admisiones<\/strong><\/h2>\n<p><strong>\u00a0<\/strong><\/p>\n<table>\n<tbody>\n<tr>\n<td>\n<p style=\"text-align: center\"><strong>Nombre<\/strong><\/p>\n<\/td>\n<td style=\"text-align: center\"><strong>Puesto<\/strong><\/td>\n<td style=\"text-align: center\"><strong>Ubicaci\u00f3n<\/strong><\/td>\n<td>\n<p style=\"text-align: center\"><strong>Tel\u00e9fono \/ Extensi\u00f3n<\/strong><\/p>\n<\/td>\n<\/tr>\n<tr>\n<td>Maribel Ortiz Belmonte<\/td>\n<td>Directora, Oficial de Admisiones Medicina y Salud P\u00fablica<\/td>\n<td rowspan=\"6\">Edificio de Farmacia, Piso 3, Oficina 327<\/td>\n<td>787-758-2525 Extensi\u00f3n 5214<\/td>\n<\/tr>\n<tr>\n<td>Ruth Marilyn Rivera Rol\u00f3n<\/td>\n<td>Oficial Admisiones de Medicina, Estudios graduados en Ciencias Biom\u00e9dicas y doctorados en Salud P\u00fablica<\/td>\n<td>787-758-2525 Extensi\u00f3n 5231<\/td>\n<\/tr>\n<tr>\n<td>Samuel Jim\u00e9nez<\/td>\n<td>Oficial de Admisiones de Escuela de Profesiones de la Salud y Enfermer\u00eda<\/td>\n<td>787-758-2525 Extensi\u00f3n 5211<\/td>\n<\/tr>\n<tr>\n<td>Vilma Santiago Garc\u00eda<\/td>\n<td>Oficial de Admisiones de Farmacia, Salud P\u00fablica y programas subgraduados de Escuela de Profesiones de la Salud<\/td>\n<td>787-758-2525 Extensi\u00f3n 5228<\/td>\n<\/tr>\n<tr>\n<td>Migdaly Fonseca<\/td>\n<td>Secretaria Administrativa<\/td>\n<td>787-758-2525 Extensi\u00f3n 5214, 5215<\/td>\n<\/tr>\n<tr>\n<td>Efra\u00edn Rosario<\/td>\n<td>Data Entry<\/td>\n<td>787-758-2525 Extensi\u00f3n 5232<\/td>\n<\/tr>\n<\/tbody>\n<\/table>\n<p>&nbsp;<\/p>\n<h2><strong>Oficina de Administraci\u00f3n<\/strong><strong>\u00a0<\/strong><\/h2>\n<p><strong>\u00a0<\/strong><\/p>\n<table>\n<tbody>\n<tr>\n<td><strong>Nombre<\/strong><\/td>\n<td><strong>Puesto<\/strong><\/td>\n<td><strong>Ubicaci\u00f3n<\/strong><\/td>\n<td><strong>Tel\u00e9fono \/ Extensi\u00f3n<\/strong><\/td>\n<\/tr>\n<tr>\n<td>Carmen I. Rivera<\/td>\n<td>Administradora<\/td>\n<td rowspan=\"3\">\n<p style=\"text-align: center\">Edificio Decanato de Estudiantes, Predios Cancha Bajo Techo, Piso 2, Oficina 232<\/p>\n<p>&nbsp;<\/td>\n<td>787-758-2525 Extensi\u00f3n 5208, 5218<\/td>\n<\/tr>\n<tr>\n<td>Beatriz Rivas<\/td>\n<td>Secretaria Administrativa<\/td>\n<td>787-758-2525 Extensi\u00f3n 5208, 5218<\/td>\n<\/tr>\n<tr>\n<td>H\u00e9ctor Mel\u00e9ndez<\/td>\n<td>Mensajero<\/td>\n<td>787-758-2525 Extensi\u00f3n 5243<\/td>\n<\/tr>\n<\/tbody>\n<\/table>\n<p>&nbsp;<\/p>\n<h2><strong>Oficina de Asistencia Econ\u00f3mica<\/strong><strong>\u00a0<\/strong><\/h2>\n<p><strong>\u00a0<\/strong><\/p>\n<table>\n<tbody>\n<tr>\n<td><strong>Nombre<\/strong><\/td>\n<td><strong>Puesto<\/strong><\/td>\n<td><strong>Ubicaci\u00f3n<\/strong><\/td>\n<td><strong>Tel\u00e9fono \/ Extensi\u00f3n<\/strong><\/td>\n<\/tr>\n<tr>\n<td>Yolanda Rivera<\/td>\n<td>Directora<\/td>\n<td rowspan=\"6\">Edificio de Farmacia, Piso 3, Oficina 327<\/td>\n<td>787-758-2525 Extensiones 5205, 5206<\/td>\n<\/tr>\n<tr>\n<td>Leyda M\u00e1rquez<\/td>\n<td>Oficial de Asistencia Econ\u00f3mica<\/td>\n<td>787-758-2525 Extensi\u00f3n 5233<\/td>\n<\/tr>\n<tr>\n<td>Juan Burgos<\/td>\n<td>Oficial de Asistencia Econ\u00f3mica<\/td>\n<td>787-758-2525 Extensi\u00f3n 5234<\/td>\n<\/tr>\n<tr>\n<td>Lymari V\u00e9lez<\/td>\n<td>Oficial de Asistencia Econ\u00f3mica<\/td>\n<td>787-758-2525 Extensi\u00f3n 5207<\/td>\n<\/tr>\n<tr>\n<td>Omar Santiago<\/td>\n<td>T\u00e9cnico de Tecnolog\u00eda<\/td>\n<td>787-758-2525 Extensi\u00f3n 2015<\/td>\n<\/tr>\n<tr>\n<td>Lourdes Morris<\/td>\n<td>Secretaria Administrativa<\/td>\n<td>787-758-2525 Extensiones 5205, 5206<\/td>\n<\/tr>\n<\/tbody>\n<\/table>\n<p>&nbsp;<\/p>\n<h2><strong>Oficina de Calidad de Vida<\/strong><\/h2>\n<table>\n<tbody>\n<tr>\n<td><strong>Nombre<\/strong><\/td>\n<td><strong>Puesto<\/strong><\/td>\n<td><strong>Ubicaci\u00f3n<\/strong><\/td>\n<td><strong>Tel\u00e9fono \/ Extensi\u00f3n<\/strong><\/td>\n<\/tr>\n<tr>\n<td>Vilma Santiago<\/td>\n<td>Directora<\/td>\n<td>Edificio de Farmacia, Piso 3, Oficina 327<\/td>\n<td>787-758-2525 Extensi\u00f3n 5228<\/td>\n<\/tr>\n<\/tbody>\n<\/table>\n<p>&nbsp;<\/p>\n<h2><strong>Oficina de la Decana y Decana Asociada<\/strong><\/h2>\n<table>\n<tbody>\n<tr>\n<td style=\"text-align: center\"><strong>Nombre<\/strong><\/td>\n<td style=\"text-align: center\"><strong>Puesto<\/strong><\/td>\n<td style=\"text-align: center\"><strong>Ubicaci\u00f3n<\/strong><\/td>\n<td style=\"text-align: center\"><strong>Tel\u00e9fono \/ Extensi\u00f3n<\/strong><\/td>\n<td style=\"text-align: center\" width=\"54\"><strong>Tel\u00e9fono Directo<\/strong><\/td>\n<td style=\"text-align: center\" width=\"36\"><strong>Fax<\/strong><\/td>\n<\/tr>\n<tr>\n<td>Mar\u00eda M. Hern\u00e1ndez<\/td>\n<td>Decana Interina<\/td>\n<td rowspan=\"3\">Edificio Principal, Oficina A-208<\/td>\n<td>787-758-2525 Extensiones 5203, 5204<\/td>\n<td width=\"54\">787-751-3284<\/td>\n<td width=\"36\">787-282-7117<\/td>\n<\/tr>\n<tr>\n<td>Blanca E. Amor\u00f3s<\/td>\n<td>Decana Asociada Interina<\/td>\n<td><\/td>\n<td>787-758-2525 Extensi\u00f3n 5203, 5204<\/td>\n<td width=\"54\"><\/td>\n<td width=\"36\"><\/td>\n<\/tr>\n<tr>\n<td>Jussett M. Vega<\/td>\n<td>Secretaria Administrativa<\/td>\n<td><\/td>\n<td>787-758-2525 Extensi\u00f3n 5203, 5204<\/td>\n<td width=\"54\"><\/td>\n<td width=\"36\"><\/td>\n<\/tr>\n<\/tbody>\n<\/table>\n<p>&nbsp;<\/p>\n<h2><strong>Oficina de Promoci\u00f3n y Reclutamiento<\/strong><\/h2>\n<table>\n<tbody>\n<tr>\n<td style=\"text-align: center\"><strong>Nombre<\/strong><\/td>\n<td style=\"text-align: center\"><strong>Puesto<\/strong><\/td>\n<td style=\"text-align: center\"><strong>Ubicaci\u00f3n<\/strong><\/td>\n<td style=\"text-align: center\"><strong>Tel\u00e9fono \/ Extensi\u00f3n<\/strong><\/td>\n<\/tr>\n<tr>\n<td>Wilfredo Morales<\/td>\n<td>Director<\/td>\n<td>Edificio Dr. Guillermo Arbona (Edificio Principal) A-223<\/td>\n<td>787-758-2525 Extensi\u00f3n 5217, 2016<\/td>\n<\/tr>\n<\/tbody>\n<\/table>\n<p>&nbsp;<\/p>\n<h2><strong>Oficina de Servicios M\u00e9dicos al Estudiante<\/strong><\/h2>\n<table>\n<tbody>\n<tr>\n<td>\n<p style=\"text-align: center\"><strong>Nombre<\/strong><\/p>\n<\/td>\n<td style=\"text-align: center\"><strong>Puesto<\/strong><\/td>\n<td style=\"text-align: center\"><strong>Ubicaci\u00f3n<\/strong><\/td>\n<td>\n<p style=\"text-align: center\"><strong>Tel\u00e9fono \/ Extensi\u00f3n<\/strong><\/p>\n<\/td>\n<\/tr>\n<tr>\n<td>Dra. Miriam H. Castro-Chandri<\/td>\n<td>Directora<\/td>\n<td rowspan=\"2\">Edificio Principal, Piso 3, Oficina B-349<\/td>\n<td>787-758-2525 Extensi\u00f3n 1215<\/td>\n<\/tr>\n<\/tbody>\n<\/table>\n<p>&nbsp;<\/p>\n<h2><strong>Oficina de Servicios al Estudiante con Impedimentos<\/strong><\/h2>\n<table>\n<tbody>\n<tr>\n<td style=\"text-align: center\"><strong>Nombre<\/strong><\/td>\n<td style=\"text-align: center\"><strong>Puesto<\/strong><\/td>\n<td style=\"text-align: center\"><strong>Ubicaci\u00f3n<\/strong><\/td>\n<td>\n<p style=\"text-align: center\"><strong>Tel\u00e9fono \/ Extensi\u00f3n<\/strong><\/p>\n<\/td>\n<\/tr>\n<tr>\n<td>Irma D. V\u00e1zquez<\/td>\n<td>Directora<\/td>\n<td rowspan=\"2\">Edificio Principal, Piso 3, Oficina B-349<\/td>\n<td>787-758-2525 Extensi\u00f3n 4002<\/td>\n<\/tr>\n<tr>\n<td>Terie Rey<\/td>\n<td>Asistente Administrativa<\/td>\n<td>787-758-2525 Extensi\u00f3n 4006<\/td>\n<\/tr>\n<\/tbody>\n<\/table>\n<p>[\/vc_column_text][\/vc_column][\/vc_row]<\/p>\n<\/div>","protected":false},"excerpt":{"rendered":"<p>[vc_row][vc_column][vc_column_text] Oficina Central de Admisiones \u00a0 Nombre Puesto Ubicaci\u00f3n Tel\u00e9fono \/ Extensi\u00f3n Maribel Ortiz Belmonte Directora, Oficial de Admisiones Medicina y Salud P\u00fablica Edificio de Farmacia, Piso 3, Oficina 327 787-758-2525 Extensi\u00f3n 5214 Ruth Marilyn Rivera Rol\u00f3n Oficial Admisiones de Medicina, Estudios graduados en Ciencias Biom\u00e9dicas y doctorados en Salud P\u00fablica 787-758-2525 Extensi\u00f3n 5231 Samuel&hellip;<\/p>\n","protected":false},"author":1,"featured_media":0,"parent":0,"menu_order":0,"comment_status":"closed","ping_status":"closed","template":"template-microsite.php","meta":{"footnotes":""},"class_list":["post-11399","page","type-page","status-publish","hentry","description-off"],"aioseo_notices":[],"_links":{"self":[{"href":"https:\/\/rcm1.rcm.upr.edu\/decanatoestudiantes\/wp-json\/wp\/v2\/pages\/11399","targetHints":{"allow":["GET"]}}],"collection":[{"href":"https:\/\/rcm1.rcm.upr.edu\/decanatoestudiantes\/wp-json\/wp\/v2\/pages"}],"about":[{"href":"https:\/\/rcm1.rcm.upr.edu\/decanatoestudiantes\/wp-json\/wp\/v2\/types\/page"}],"author":[{"embeddable":true,"href":"https:\/\/rcm1.rcm.upr.edu\/decanatoestudiantes\/wp-json\/wp\/v2\/users\/1"}],"replies":[{"embeddable":true,"href":"https:\/\/rcm1.rcm.upr.edu\/decanatoestudiantes\/wp-json\/wp\/v2\/comments?post=11399"}],"version-history":[{"count":0,"href":"https:\/\/rcm1.rcm.upr.edu\/decanatoestudiantes\/wp-json\/wp\/v2\/pages\/11399\/revisions"}],"wp:attachment":[{"href":"https:\/\/rcm1.rcm.upr.edu\/decanatoestudiantes\/wp-json\/wp\/v2\/media?parent=11399"}],"curies":[{"name":"wp","href":"https:\/\/api.w.org\/{rel}","templated":true}]}}