{"id":12498,"date":"2024-10-06T13:15:45","date_gmt":"2024-10-06T13:15:45","guid":{"rendered":"https:\/\/rcm1.rcm.upr.edu\/decanatoestudiantes\/?page_id=12498"},"modified":"2025-04-22T13:02:30","modified_gmt":"2025-04-22T13:02:30","slug":"legislacion-y-politica-institucional","status":"publish","type":"page","link":"https:\/\/rcm1.rcm.upr.edu\/decanatoestudiantes\/legislacion-y-politica-institucional\/","title":{"rendered":"Legislaci\u00f3n y Pol\u00edtica Institucional"},"content":{"rendered":"<div class=\"wpb-content-wrapper\"><p>[vc_row][vc_column][vc_column_text css=&#8221;&#8221;]La Constituci\u00f3n del Estado Libre Asociado de Puerto Rico reconoce la dignidad de toda persona para desarrollarse y participar en la sociedad. Ante retos presentados en esta misi\u00f3n, se ha elaborado leyes a nivel estatal y federal para promover la participaci\u00f3n plena de las personas con impedimentos o diversidad funcional en diversos escenarios, entre estos, el escenario postsecundario. Con el objetivo de cumplir con esto \u00faltimo, la Universidad de Puerto Rico ha desarrollado certificaciones que estipulan la prohibici\u00f3n de discrimen por capacidad y el desarrollo de servicios para atender a la poblaci\u00f3n estudiantil con diversidad funcional. A continuaci\u00f3n, se enumeran algunas de las leyes y certificaciones de la UPR.<\/p>\n<ol>\n<li><strong>Leyes Estatales<\/strong>\n<ol>\n<li><a href=\"https:\/\/bvirtualogp.pr.gov\/ogp\/Bvirtual\/leyesreferencia\/PDF\/Derechos%20Civiles\/44-1985\/44-1985.pdf\">Ley N\u00fam. 44 del 2 de julio de 1985, seg\u00fan enmendada<\/a> &#8211; Proh\u00edbe el discrimen contra las personas con impedimentos f\u00edsicos, mentales o sensoriales en las instituciones p\u00fablicas y privadas reciban o no fondos del Estado Libre Asociado de Puerto Rico y facultar al Procurador de Personas con Impedimentos a implantar esta ley e imponer multas administrativas por violaci\u00f3n a la misma.<\/li>\n<li><a href=\"https:\/\/bvirtualogp.pr.gov\/ogp\/Bvirtual\/leyesreferencia\/PDF\/Derechos%20Civiles\/238-2004\/238-2004.pdf\">Ley N\u00fam. 238 de 31 de agosto de 2004, seg\u00fan enmendada<\/a> &#8211; Establece la &#8220;Carta de Derechos de las Personas con Impedimentos\u201d a fin de ratificar la pol\u00edtica p\u00fablica del Estado Libre Asociado de Puerto Rico a favor del ejercicio m\u00e1s amplio de los derechos de las personas con impedimentos; establecer tales derechos y los deberes del Estado; otros fines relacionados.<\/li>\n<li><a href=\"https:\/\/bvirtualogp.pr.gov\/ogp\/Bvirtual\/leyesreferencia\/PDF\/Tecnolog%C3%ADas\/229-2003\/229-2003.pdf\">Ley N\u00fam. 229 de 2 de septiembre de 2003, seg\u00fan enmendada<\/a> &#8211; Establece la \u201cLey para Garantizar el Acceso de Informaci\u00f3n a las Personas con Impedimentos\u201d, mediante la disponibilidad de informaci\u00f3n a trav\u00e9s de las p\u00e1ginas electr\u00f3nicas del gobierno del Estado Libre Asociado de Puerto Rico.<\/li>\n<li><a href=\"https:\/\/bvirtualogp.pr.gov\/ogp\/Bvirtual\/leyesreferencia\/PDF\/63-2011.pdf\">Ley N\u00fam. 63 de 15 de abril de 2011<\/a> &#8211; Establece el Sistema de Servicios Bibliotecarios Inclusivos de Asistencia Tecnol\u00f3gica en todos los Recintos que comprende la Universidad de Puerto Rico, universidades privadas, instituciones de educaci\u00f3n superior y municipios que ofrezcan servicios bibliotecarios de informaci\u00f3n impresa o digital a las personas con impedimentos.<\/li>\n<\/ol>\n<\/li>\n<li><strong>Leyes Federales<br \/>\n<\/strong><\/p>\n<ol>\n<li><a href=\"https:\/\/www.eeoc.gov\/rehabilitation-act-1973-original-text\">Rehabilitation Act (1973)<\/a> &#8211; Establece programas de apoyo para personas con impedimentos. Esta ley se divide en varias secciones, siendo la Secci\u00f3n 504 aplicable en el escenario acad\u00e9mico postsecundario. La Secci\u00f3n 504 proh\u00edbe excluir o negar a individuos con impedimentos la oportunidad de recibir beneficios y servicios que ofrecen las instituciones educativas, de salud y de programas sociales.<\/li>\n<li><a href=\"https:\/\/www.govinfo.gov\/content\/pkg\/COMPS-803\/pdf\/COMPS-803.pdf\">Americans with Disabilities Act (1990)<\/a> &#8211; Proh\u00edbe la discriminaci\u00f3n y asegura para las personas con impedimentos una igual oportunidad para empleo, servicios de agencias gubernamentales, entre otros asuntos.<\/li>\n<\/ol>\n<\/li>\n<li>\u00a0<strong>Certificaciones UPR<\/strong>\n<ol>\n<li><a href=\"https:\/\/rcm1.rcm.upr.edu\/decanatoestudiantes\/wp-content\/uploads\/sites\/13\/2024\/10\/certificacion-143-2002-2003.pdf\">Certificaci\u00f3n 143 (2002-2003)<\/a>&#8211; Filosof\u00eda, Visi\u00f3n y Misi\u00f3n de la Universidad de Puerto Rico en torno a las Personas con Impedimentos.<\/li>\n<li><a href=\"https:\/\/rcm1.rcm.upr.edu\/decanatoestudiantes\/wp-content\/uploads\/sites\/13\/2024\/10\/certificacion-58-2004-2005.pdf\">Certificaci\u00f3n 58 (2004-2005) <\/a>&#8211; Establece la Pol\u00edtica de no discriminaci\u00f3n en la Universidad de Puerto Rico.<\/li>\n<li><a href=\"https:\/\/rcm1.rcm.upr.edu\/decanatoestudiantes\/wp-content\/uploads\/sites\/13\/2024\/10\/certificacion-133.pdf\">Certificaci\u00f3n 133 (2015-2016) <\/a>&#8211; Describe el proceso de solicitud, evaluaci\u00f3n y determinaci\u00f3n de los servicios acad\u00e9micos y de modificaciones razonables a estudiantes con impedimentos. A su vez, se mencionan los deberes y responsabilidades de las partes involucradas en la implementaci\u00f3n de los servicios dirigidos a los estudiantes con diversidad funcional.<\/li>\n<li><a href=\"https:\/\/rcm1.rcm.upr.edu\/decanatoestudiantes\/wp-content\/uploads\/sites\/13\/2025\/04\/certificacion-120_2022-2023.pdf\">Certificaci\u00f3n 120 (2022-2023)<\/a> \u2013 Establece el procedimiento de presencia de animales de servicio en las instalaciones del Recinto de Ciencias M\u00e9dicas.<\/li>\n<\/ol>\n<\/li>\n<\/ol>\n<p>[\/vc_column_text][\/vc_column][\/vc_row]<\/p>\n<\/div>","protected":false},"excerpt":{"rendered":"<p>[vc_row][vc_column][vc_column_text css=&#8221;&#8221;]La Constituci\u00f3n del Estado Libre Asociado de Puerto Rico reconoce la dignidad de toda persona para desarrollarse y participar en la sociedad. Ante retos presentados en esta misi\u00f3n, se ha elaborado leyes a nivel estatal y federal para promover la participaci\u00f3n plena de las personas con impedimentos o diversidad funcional en diversos escenarios, entre&hellip;<\/p>\n","protected":false},"author":3,"featured_media":0,"parent":0,"menu_order":0,"comment_status":"closed","ping_status":"closed","template":"","meta":{"footnotes":""},"class_list":["post-12498","page","type-page","status-publish","hentry","description-off"],"aioseo_notices":[],"_links":{"self":[{"href":"https:\/\/rcm1.rcm.upr.edu\/decanatoestudiantes\/wp-json\/wp\/v2\/pages\/12498","targetHints":{"allow":["GET"]}}],"collection":[{"href":"https:\/\/rcm1.rcm.upr.edu\/decanatoestudiantes\/wp-json\/wp\/v2\/pages"}],"about":[{"href":"https:\/\/rcm1.rcm.upr.edu\/decanatoestudiantes\/wp-json\/wp\/v2\/types\/page"}],"author":[{"embeddable":true,"href":"https:\/\/rcm1.rcm.upr.edu\/decanatoestudiantes\/wp-json\/wp\/v2\/users\/3"}],"replies":[{"embeddable":true,"href":"https:\/\/rcm1.rcm.upr.edu\/decanatoestudiantes\/wp-json\/wp\/v2\/comments?post=12498"}],"version-history":[{"count":4,"href":"https:\/\/rcm1.rcm.upr.edu\/decanatoestudiantes\/wp-json\/wp\/v2\/pages\/12498\/revisions"}],"predecessor-version":[{"id":12600,"href":"https:\/\/rcm1.rcm.upr.edu\/decanatoestudiantes\/wp-json\/wp\/v2\/pages\/12498\/revisions\/12600"}],"wp:attachment":[{"href":"https:\/\/rcm1.rcm.upr.edu\/decanatoestudiantes\/wp-json\/wp\/v2\/media?parent=12498"}],"curies":[{"name":"wp","href":"https:\/\/api.w.org\/{rel}","templated":true}]}}