{"id":12587,"date":"2025-03-28T11:58:38","date_gmt":"2025-03-28T11:58:38","guid":{"rendered":"https:\/\/rcm1.rcm.upr.edu\/decanatoestudiantes\/?page_id=12587"},"modified":"2025-03-28T11:58:38","modified_gmt":"2025-03-28T11:58:38","slug":"material-informativo","status":"publish","type":"page","link":"https:\/\/rcm1.rcm.upr.edu\/decanatoestudiantes\/material-informativo\/","title":{"rendered":"Material Informativo"},"content":{"rendered":"<div class=\"wpb-content-wrapper\"><p>[vc_row][vc_column][vc_column_text css=&#8221;&#8221;]En esta secci\u00f3n encontrar\u00e1 material informativo sobre los servicios ofrecidos en la Oficina de Servicios a Estudiantes con Impedimentos (OSEI). De igual forma, se incluir\u00e1 documentos con datos relevantes sobre los estudiantes con diversidad funcional, y recomendaciones para los docentes. De necesitar alguna informaci\u00f3n en particular relacionado a esta secci\u00f3n, puede comunicarse al siguiente correo electr\u00f3nico:\u00a0<a href=\"mailto:osei.rcm@upr.edu\">osei.rcm@upr.edu<\/a>.<\/p>\n<ul>\n<li><a href=\"https:\/\/rcm1.rcm.upr.edu\/decanatoestudiantes\/wp-content\/uploads\/sites\/13\/2025\/03\/Orientacion-OSEI.pdf\">Orientaci\u00f3n OSEI<\/a><\/li>\n<li><a href=\"https:\/\/rcm1.rcm.upr.edu\/decanatoestudiantes\/wp-content\/uploads\/sites\/13\/2025\/03\/Carta-de-Derechos-de-las-Personas-con-Impedimentos.pdf\">Carta de Derechos de las Personas con Impedimentos<\/a>\n<ul>\n<li><a href=\"https:\/\/rcm1.rcm.upr.edu\/decanatoestudiantes\/wp-content\/uploads\/sites\/13\/2025\/03\/Defensoria-de-las-Personas-con-Impedimentos-DPI.pdf\">Defensor\u00eda de las Personas con Impedimentos (DPI)<\/a><\/li>\n<\/ul>\n<\/li>\n<\/ul>\n<p><a href=\"https:\/\/rcm1.rcm.upr.edu\/decanatoestudiantes\/wp-content\/uploads\/sites\/13\/2025\/03\/Principios-de-Inclusion.pdf\">Principios de Inclusi\u00f3n<\/a>[\/vc_column_text][\/vc_column][\/vc_row]<\/p>\n<\/div>","protected":false},"excerpt":{"rendered":"<p>[vc_row][vc_column][vc_column_text css=&#8221;&#8221;]En esta secci\u00f3n encontrar\u00e1 material informativo sobre los servicios ofrecidos en la Oficina de Servicios a Estudiantes con Impedimentos (OSEI). De igual forma, se incluir\u00e1 documentos con datos relevantes sobre los estudiantes con diversidad funcional, y recomendaciones para los docentes. De necesitar alguna informaci\u00f3n en particular relacionado a esta secci\u00f3n, puede comunicarse al siguiente&hellip;<\/p>\n","protected":false},"author":3,"featured_media":0,"parent":0,"menu_order":0,"comment_status":"closed","ping_status":"closed","template":"","meta":{"footnotes":""},"class_list":["post-12587","page","type-page","status-publish","hentry","description-off"],"aioseo_notices":[],"_links":{"self":[{"href":"https:\/\/rcm1.rcm.upr.edu\/decanatoestudiantes\/wp-json\/wp\/v2\/pages\/12587","targetHints":{"allow":["GET"]}}],"collection":[{"href":"https:\/\/rcm1.rcm.upr.edu\/decanatoestudiantes\/wp-json\/wp\/v2\/pages"}],"about":[{"href":"https:\/\/rcm1.rcm.upr.edu\/decanatoestudiantes\/wp-json\/wp\/v2\/types\/page"}],"author":[{"embeddable":true,"href":"https:\/\/rcm1.rcm.upr.edu\/decanatoestudiantes\/wp-json\/wp\/v2\/users\/3"}],"replies":[{"embeddable":true,"href":"https:\/\/rcm1.rcm.upr.edu\/decanatoestudiantes\/wp-json\/wp\/v2\/comments?post=12587"}],"version-history":[{"count":1,"href":"https:\/\/rcm1.rcm.upr.edu\/decanatoestudiantes\/wp-json\/wp\/v2\/pages\/12587\/revisions"}],"predecessor-version":[{"id":12592,"href":"https:\/\/rcm1.rcm.upr.edu\/decanatoestudiantes\/wp-json\/wp\/v2\/pages\/12587\/revisions\/12592"}],"wp:attachment":[{"href":"https:\/\/rcm1.rcm.upr.edu\/decanatoestudiantes\/wp-json\/wp\/v2\/media?parent=12587"}],"curies":[{"name":"wp","href":"https:\/\/api.w.org\/{rel}","templated":true}]}}