{"id":12610,"date":"2025-05-21T10:53:36","date_gmt":"2025-05-21T10:53:36","guid":{"rendered":"https:\/\/rcm1.rcm.upr.edu\/decanatoestudiantes\/?page_id=12610"},"modified":"2025-06-04T13:49:12","modified_gmt":"2025-06-04T13:49:12","slug":"como-solicitar-ayudas-economicas","status":"publish","type":"page","link":"https:\/\/rcm1.rcm.upr.edu\/decanatoestudiantes\/asistencia-economica\/como-solicitar-ayudas-economicas\/","title":{"rendered":"C\u00f3mo Solicitar Ayudas Econ\u00f3micas"},"content":{"rendered":"<div class=\"wpb-content-wrapper\"><p>[vc_row][vc_column width=&#8221;3\/4&#8243;][vc_column_text css=&#8221;&#8221;]<b>Pasos a seguir para solicitar ayudas econ\u00f3micas Federales y Estatales<\/b><\/p>\n<ul>\n<li style=\"font-weight: 400;\"><span style=\"font-weight: 400;\">Solicitar el \u201cFSA ID\u201d accediendo a <\/span><a href=\"https:\/\/studentaid.gov\/fsa-id\/sign-in\/landing\"><span style=\"font-weight: 400;\">https:\/\/fsaid.ed.gov\/npas\/index.htm<\/span><\/a>\n<ul>\n<li style=\"font-weight: 400;\"><span style=\"font-weight: 400;\">Completar la Solicitud Gratuita de Ayuda Econ\u00f3mica Federal (FAFSA) accediendo a <\/span><a href=\"https:\/\/studentaid.gov\/h\/apply-for-aid\/fafsa\" target=\"_blank\" rel=\"noopener noreferrer\"><span style=\"font-weight: 400;\">www.fafsa.ed.gov<\/span><\/a><\/li>\n<li style=\"font-weight: 400;\"><span style=\"font-weight: 400;\">El c\u00f3digo federal del Recinto de Ciencias M\u00e9dicas a ingresar en la FAFSA es: <\/span><b>003945<\/b><\/li>\n<\/ul>\n<ul>\n<li style=\"font-weight: 400;\">Completar la solicitud de ayuda econ\u00f3mica provista por la Oficina de Asistencia Econ\u00f3mica del Recinto. Para obtenerla debe acceder al <a href=\"https:\/\/portal.upr.edu\/rcm\/portal.php?a=rea_login\" target=\"_blank\" rel=\"noopener noreferrer\">Portal NEXT<\/a> si es estudiante activo del RCM y si es estudiante de nuevo ingreso el Oficial de Asistencia Econ\u00f3mica le orientar\u00e1 sobre como obtenerla.<\/li>\n<\/ul>\n<\/li>\n<\/ul>\n<p>[\/vc_column_text][vc_column_text css=&#8221;&#8221;]<strong>Subir Documentos al Portal NEXT<\/strong><\/p>\n<p>Instrucciones:<\/p>\n<ul>\n<li>Acceda al Portal NEXT Portal UPR-RCM<\/li>\n<li>Autent\u00edquese con su correo electr\u00f3nico y contrase\u00f1a<\/li>\n<li>Dir\u00edjase a \u201cMy Financial Aid\u201d y luego oprima \u201cView Status\u201d<\/li>\n<li>En \u201cStep 2\u201d verifique los documentos solicitados<\/li>\n<\/ul>\n<p><img loading=\"lazy\" decoding=\"async\" class=\"aligncenter wp-image-11375 size-full\" src=\"https:\/\/rcm1.rcm.upr.edu\/decanatoestudiantes\/wp-content\/uploads\/sites\/13\/2022\/05\/Application-Process.jpg\" alt=\"\" width=\"521\" height=\"369\" srcset=\"https:\/\/rcm1.rcm.upr.edu\/decanatoestudiantes\/wp-content\/uploads\/sites\/13\/2022\/05\/Application-Process.jpg 521w, https:\/\/rcm1.rcm.upr.edu\/decanatoestudiantes\/wp-content\/uploads\/sites\/13\/2022\/05\/Application-Process-300x212.jpg 300w\" sizes=\"auto, (max-width: 521px) 100vw, 521px\" \/><\/p>\n<ul>\n<li>Una vez identificados los documentos debe grabarlos en su dispositivo electr\u00f3nico (Computadora, Tableta, etc.)<\/li>\n<li>Oprima \u201cSelect the document to upload\u201d<\/li>\n<li>La siguiente pantalla se desplegar\u00e1 y debe buscar por \u201cChoose File\u201d el documento a subir.<\/li>\n<\/ul>\n<p>Ejemplo:<\/p>\n<p><img loading=\"lazy\" decoding=\"async\" class=\"aligncenter wp-image-11376 size-full\" src=\"https:\/\/rcm1.rcm.upr.edu\/decanatoestudiantes\/wp-content\/uploads\/sites\/13\/2022\/05\/Upload-Documents.jpg\" alt=\"\" width=\"536\" height=\"132\" srcset=\"https:\/\/rcm1.rcm.upr.edu\/decanatoestudiantes\/wp-content\/uploads\/sites\/13\/2022\/05\/Upload-Documents.jpg 536w, https:\/\/rcm1.rcm.upr.edu\/decanatoestudiantes\/wp-content\/uploads\/sites\/13\/2022\/05\/Upload-Documents-300x74.jpg 300w\" sizes=\"auto, (max-width: 536px) 100vw, 536px\" \/>[\/vc_column_text][\/vc_column][vc_column width=&#8221;1\/4&#8243;][vc_wp_custommenu nav_menu=&#8221;11&#8243;][\/vc_column][\/vc_row]<\/p>\n<\/div>","protected":false},"excerpt":{"rendered":"<p>[vc_row][vc_column width=&#8221;3\/4&#8243;][vc_column_text css=&#8221;&#8221;]Pasos a seguir para solicitar ayudas econ\u00f3micas Federales y Estatales Solicitar el \u201cFSA ID\u201d accediendo a https:\/\/fsaid.ed.gov\/npas\/index.htm Completar la Solicitud Gratuita de Ayuda Econ\u00f3mica Federal (FAFSA) accediendo a www.fafsa.ed.gov El c\u00f3digo federal del Recinto de Ciencias M\u00e9dicas a ingresar en la FAFSA es: 003945 Completar la solicitud de ayuda econ\u00f3mica provista por la&hellip;<\/p>\n","protected":false},"author":3,"featured_media":0,"parent":3080,"menu_order":0,"comment_status":"closed","ping_status":"closed","template":"template-microsite.php","meta":{"footnotes":""},"class_list":["post-12610","page","type-page","status-publish","hentry","description-off"],"aioseo_notices":[],"_links":{"self":[{"href":"https:\/\/rcm1.rcm.upr.edu\/decanatoestudiantes\/wp-json\/wp\/v2\/pages\/12610","targetHints":{"allow":["GET"]}}],"collection":[{"href":"https:\/\/rcm1.rcm.upr.edu\/decanatoestudiantes\/wp-json\/wp\/v2\/pages"}],"about":[{"href":"https:\/\/rcm1.rcm.upr.edu\/decanatoestudiantes\/wp-json\/wp\/v2\/types\/page"}],"author":[{"embeddable":true,"href":"https:\/\/rcm1.rcm.upr.edu\/decanatoestudiantes\/wp-json\/wp\/v2\/users\/3"}],"replies":[{"embeddable":true,"href":"https:\/\/rcm1.rcm.upr.edu\/decanatoestudiantes\/wp-json\/wp\/v2\/comments?post=12610"}],"version-history":[{"count":2,"href":"https:\/\/rcm1.rcm.upr.edu\/decanatoestudiantes\/wp-json\/wp\/v2\/pages\/12610\/revisions"}],"predecessor-version":[{"id":12670,"href":"https:\/\/rcm1.rcm.upr.edu\/decanatoestudiantes\/wp-json\/wp\/v2\/pages\/12610\/revisions\/12670"}],"up":[{"embeddable":true,"href":"https:\/\/rcm1.rcm.upr.edu\/decanatoestudiantes\/wp-json\/wp\/v2\/pages\/3080"}],"wp:attachment":[{"href":"https:\/\/rcm1.rcm.upr.edu\/decanatoestudiantes\/wp-json\/wp\/v2\/media?parent=12610"}],"curies":[{"name":"wp","href":"https:\/\/api.w.org\/{rel}","templated":true}]}}