{"id":12627,"date":"2025-05-21T11:09:45","date_gmt":"2025-05-21T11:09:45","guid":{"rendered":"https:\/\/rcm1.rcm.upr.edu\/decanatoestudiantes\/?page_id=12627"},"modified":"2025-08-05T12:02:51","modified_gmt":"2025-08-05T12:02:51","slug":"prestamos-federales","status":"publish","type":"page","link":"https:\/\/rcm1.rcm.upr.edu\/decanatoestudiantes\/asistencia-economica\/prestamos-federales\/","title":{"rendered":"Pr\u00e9stamos Federales"},"content":{"rendered":"<div class=\"wpb-content-wrapper\"><p>[vc_row][vc_column width=&#8221;3\/4&#8243;][vc_column_text css=&#8221;&#8221;]El\u00a0estudiante debe completar la Entrevista de Entrada y Master Promissory Note Subsidized\/No Subsidized accediendo a\u202f<a href=\"https:\/\/studentaid.gov\/\">https:\/\/studentaid.gov\/<\/a>\u202finmediatamente somete la solicitud de Pr\u00e9stamo.[\/vc_column_text][vc_column_text css=&#8221;&#8221;]<\/p>\n<h2>Pr\u00e9stamos Federales disponibles para estudiantes Subgraduados<\/h2>\n<p>[\/vc_column_text][vc_column_text css=&#8221;&#8221;]<a href=\"https:\/\/rcm1.rcm.upr.edu\/decanatoestudiantes\/wp-content\/uploads\/sites\/13\/2025\/08\/calendario-prestamos-2025-2026.pdf\">Calendario de Desembolso de Pr\u00e9stamo de Estudiantes <\/a>[\/vc_column_text][vc_column_text css=&#8221;&#8221;]<b><span data-contrast=\"none\">Pr\u00e9stamo Subsidiado<\/span><\/b><span data-ccp-props=\"{}\">\u00a0<\/span><span data-ccp-props=\"{}\">\u00a0<\/span><\/p>\n<ul>\n<li data-leveltext=\"\uf0b7\" data-font=\"Symbol\" data-listid=\"1\" data-aria-posinset=\"1\" data-aria-level=\"1\"><span data-contrast=\"none\">La elegibilidad para esta ayuda requiere que el estudiante se encuentre matriculado con una carga acad\u00e9mica no menos de medio tiempo (6 cr\u00e9ditos).<\/span><span data-ccp-props=\"{&quot;335559685&quot;:1020}\">\u00a0<\/span><\/li>\n<li data-leveltext=\"\uf0b7\" data-font=\"Symbol\" data-listid=\"1\" data-aria-posinset=\"2\" data-aria-level=\"1\">La cantidad del pr\u00e9stamo var\u00eda dependiendo del a\u00f1o de estudio, el SAI calculado al completar la solicitud de ayuda econ\u00f3mica (FAFSA)\u202fy otras ayudas econ\u00f3micas otorgadas al estudiante, si alguna.<\/li>\n<li data-leveltext=\"\uf0b7\" data-font=\"Symbol\" data-listid=\"1\" data-aria-posinset=\"3\" data-aria-level=\"1\"><span data-contrast=\"none\">La<\/span><span data-contrast=\"none\">s<\/span><span data-contrast=\"none\">\u00a0cantidad<\/span><span data-contrast=\"none\">es<\/span><span data-contrast=\"none\">\u00a0a solicitar seg\u00fan el a\u00f1o de estudio\u00a0<\/span><span data-contrast=\"none\">son<\/span><span data-contrast=\"none\">: primer a\u00f1o hasta $3,500, segundo a\u00f1o hasta $4,500, tercer a\u00f1o y cuarto a\u00f1o hasta $5,500.<\/span><span data-ccp-props=\"{&quot;335559685&quot;:1020}\">\u00a0<\/span><\/li>\n<li data-leveltext=\"\uf0b7\" data-font=\"Symbol\" data-listid=\"1\" data-aria-posinset=\"4\" data-aria-level=\"1\"><span data-contrast=\"none\">Estudiantes de Grado Asociado \u2013\u00a0<\/span><span data-contrast=\"none\">deb<\/span><span data-contrast=\"none\">en\u00a0<\/span><span data-contrast=\"none\">comunicarse con su Oficial de Asistencia Econ\u00f3mica<\/span><span data-contrast=\"none\">\u00a0<\/span><span data-contrast=\"none\">para conocer la cantidad de pr\u00e9stamo al que son elegibles.<\/span><span data-ccp-props=\"{&quot;335559685&quot;:1020}\">\u00a0<\/span><\/li>\n<li data-leveltext=\"\uf0b7\" data-font=\"Symbol\" data-listid=\"1\" data-aria-posinset=\"1\" data-aria-level=\"1\"><span data-contrast=\"none\">Est<\/span><span data-contrast=\"none\">e tipo de pr\u00e9stamo\u00a0<\/span><span data-contrast=\"none\">NO acumula intereses durante el tiempo que se encuentre estudiando (medio tiempo o m\u00e1s)<\/span><span data-ccp-props=\"{&quot;335559685&quot;:1020}\">\u00a0<\/span><\/li>\n<li data-leveltext=\"\uf0b7\" data-font=\"Symbol\" data-listid=\"1\" data-aria-posinset=\"2\" data-aria-level=\"1\"><span data-contrast=\"none\">O<\/span><span data-contrast=\"none\">torga\u00a0<\/span><span data-contrast=\"none\">6 meses\u00a0<\/span><span data-contrast=\"none\">de\u00a0<\/span><span data-contrast=\"none\">periodo de gracia para comenzar a pagar el pr\u00e9stamo (acumula intereses durante ese periodo)<\/span><span data-ccp-props=\"{&quot;335559685&quot;:1020}\">\u00a0<\/span><\/li>\n<li data-leveltext=\"\uf0b7\" data-font=\"Symbol\" data-listid=\"1\" data-aria-posinset=\"3\" data-aria-level=\"1\">6.53% es la tasa de inter\u00e9s fija aplicable del 1 de julio de 2024 al 30 junio 2025.<\/li>\n<li data-leveltext=\"\uf0b7\" data-font=\"Symbol\" data-listid=\"1\" data-aria-posinset=\"4\" data-aria-level=\"1\"><span data-contrast=\"none\">Se\u00a0<\/span><span data-contrast=\"none\">emiten<\/span><span data-contrast=\"none\">\u00a0dos desembolsos al a\u00f1o uno por semestre<\/span><span data-ccp-props=\"{&quot;335559685&quot;:1020}\">\u00a0<\/span><\/li>\n<li data-leveltext=\"\uf0b7\" data-font=\"Symbol\" data-listid=\"1\" data-aria-posinset=\"5\" data-aria-level=\"1\">El Gobierno Federal retendr\u00e1 un 1.057% de la cantidad del pr\u00e9stamo por concepto de gastos de originaci\u00f3n.<\/li>\n<\/ul>\n<p>[\/vc_column_text][vc_column_text css=&#8221;&#8221;]<b><span data-contrast=\"none\">Pr\u00e9stamo No Subsidiado<\/span><\/b><span data-ccp-props=\"{}\">\u00a0<\/span><span data-ccp-props=\"{}\">\u00a0<\/span><\/p>\n<ul>\n<li><span data-contrast=\"none\">La elegibilidad para esta ayuda requiere que el estudiante se encuentre matriculado con una carga acad\u00e9mica no menos de medio tiempo (6 cr\u00e9ditos).<\/span><span data-ccp-props=\"{&quot;335559685&quot;:1020}\">\u00a0<\/span><\/li>\n<li><span data-contrast=\"none\">La cantidad del pr\u00e9stamo var\u00eda dependiendo del a\u00f1o de estudio, el EFC calculado al completar la solicitud de ayuda econ\u00f3mica (FAFSA)\u202fy otras ayudas econ\u00f3micas otorgadas al estudiante, si alguna.<\/span><span data-ccp-props=\"{&quot;335559685&quot;:1020}\">\u00a0<\/span><\/li>\n<li><span data-contrast=\"none\">La<\/span><span data-contrast=\"none\">s<\/span><span data-contrast=\"none\">\u00a0cantidad<\/span><span data-contrast=\"none\">es<\/span><span data-contrast=\"none\">\u00a0a solicitar seg\u00fan el a\u00f1o de estudio\u00a0<\/span><span data-contrast=\"none\">son<\/span><span data-contrast=\"none\">: primer a\u00f1o hasta $3,500, segundo a\u00f1o hasta $4,500, tercer a\u00f1o y cuarto a\u00f1o hasta $5,500.<\/span><span data-ccp-props=\"{&quot;335559685&quot;:1020}\">\u00a0<\/span><\/li>\n<li><span data-contrast=\"none\">Estudiantes de Grado Asociado \u2013\u00a0<\/span><span data-contrast=\"none\">deb<\/span><span data-contrast=\"none\">en\u00a0<\/span><span data-contrast=\"none\">comunicarse con su Oficial de Asistencia Econ\u00f3mica<\/span><span data-contrast=\"none\">\u00a0<\/span><span data-contrast=\"none\">para conocer la cantidad de pr\u00e9stamo al que son elegibles.<\/span><span data-ccp-props=\"{&quot;335559685&quot;:1020}\">\u00a0<\/span><\/li>\n<li><span data-contrast=\"none\">Est<\/span><span data-contrast=\"none\">e tipo de pr\u00e9stamo acumula intereses a partir del primer desembolso.<\/span><span data-ccp-props=\"{&quot;335559685&quot;:1020}\">\u00a0<\/span><\/li>\n<li><span data-contrast=\"none\">O<\/span><span data-contrast=\"none\">torga\u00a0<\/span><span data-contrast=\"none\">6 meses\u00a0<\/span><span data-contrast=\"none\">de\u00a0<\/span><span data-contrast=\"none\">periodo de gracia para comenzar a pagar el pr\u00e9stamo (acumula intereses durante ese periodo)<\/span><span data-contrast=\"none\">.<\/span><span data-ccp-props=\"{&quot;335559685&quot;:1020}\">\u00a0<\/span><\/li>\n<li>5.50% es la tasa de inter\u00e9s fija aplicable del 1 de julio de 2024 al 30 junio 2025.<\/li>\n<li><span data-contrast=\"none\">Se\u00a0<\/span><span data-contrast=\"none\">emiten<\/span><span data-contrast=\"none\">\u00a0dos desembolsos al a\u00f1o uno por semestre<\/span><span data-contrast=\"none\">.<\/span><span data-ccp-props=\"{&quot;335559685&quot;:1020}\">\u00a0<\/span><\/li>\n<li><span data-contrast=\"none\">El Gobierno Federal retendr\u00e1 un 1.57% de la cantidad del pr\u00e9stamo por concepto de gastos de originaci\u00f3n<\/span><span data-contrast=\"none\">.<\/span><span data-ccp-props=\"{&quot;335559685&quot;:1020}\">\u00a0<\/span><\/li>\n<\/ul>\n<p>[\/vc_column_text][vc_column_text css=&#8221;&#8221;]<span class=\"TextRun SCXW235093546 BCX0\" lang=\"ES-PR\" xml:lang=\"ES-PR\" data-contrast=\"none\"><span class=\"NormalTextRun SCXW235093546 BCX0\">Requisito impuesto por el Gobierno Federal a todo estudiante que solicita pr\u00e9stamo:<\/span><\/span><br \/>\n<span data-contrast=\"none\">El Gobierno Federal requiere completar la Entrevista de Salida accediendo a\u202f<\/span><a href=\"https:\/\/studentaid.gov\/\"><span data-contrast=\"none\">https:\/\/studentaid.gov\/<\/span><\/a><span data-contrast=\"none\">\u202fa todo estudiante que:<\/span><span data-ccp-props=\"{}\">\u00a0<\/span><\/p>\n<ul>\n<li><span data-contrast=\"none\">Complete sus estudios<\/span><span data-ccp-props=\"{&quot;335559685&quot;:1020}\">\u00a0<\/span><\/li>\n<li><span data-contrast=\"none\">Se retire de sus estudios por Baja Total<\/span><span data-ccp-props=\"{&quot;335559685&quot;:1020}\">\u00a0<\/span><\/li>\n<li><span data-contrast=\"none\">Disminuya su carga acad\u00e9mica a menos de medio tiempo<\/span><span data-ccp-props=\"{&quot;335559685&quot;:1020}\">\u00a0<\/span><\/li>\n<\/ul>\n<p><span data-ccp-props=\"{&quot;335559685&quot;:1020}\">\u00a0<\/span><span data-contrast=\"none\">Una vez complete la misma, debe comunicarse con\u00a0<\/span><span data-contrast=\"none\">e<\/span><span data-contrast=\"none\">l<\/span><span data-contrast=\"none\">\u00a0Oficial de Asistencia Econ\u00f3mica v\u00eda telef\u00f3nica, correo electr\u00f3nico o visitando la oficina<\/span><span data-contrast=\"none\">\u00a0<\/span><span data-contrast=\"none\">para recibir infomaci\u00f3n importante.<\/span><span data-ccp-props=\"{}\">\u00a0<\/span>[\/vc_column_text][vc_column_text css=&#8221;&#8221;]<\/p>\n<h2>Pr\u00e9stamos Federales disponibles para estudiantes Graduados<\/h2>\n<p>[\/vc_column_text][vc_column_text css=&#8221;&#8221;]<b><span data-contrast=\"none\">Estudiante Graduado \u2013\u202f<\/span><\/b><span data-contrast=\"none\">es el estudiante que se encuentra matriculado para completar un grado a nivel de Certificado, Maestr\u00eda o a nivel Doctoral<\/span><span data-contrast=\"none\">.<\/span><span data-ccp-props=\"{}\">\u00a0<\/span><span data-ccp-props=\"{}\">\u00a0<\/span>El\u00a0estudiante debe completar la Entrevista de Entrada y Master Promissory Note Subsidized\/No Subsidized accediendo a\u202f<a href=\"https:\/\/studentaid.gov\/\">https:\/\/studentaid.gov\/<\/a>\u202finmediatamente somete la solicitud de Pr\u00e9stamo.[\/vc_column_text][vc_column_text css=&#8221;&#8221;]<b><span data-contrast=\"none\">Pr\u00e9stamo No Subsidiado<\/span><\/b><span data-ccp-props=\"{}\">\u00a0<\/span><span data-ccp-props=\"{}\">\u00a0<\/span><\/p>\n<ul>\n<li data-leveltext=\"\uf0b7\" data-font=\"Symbol\" data-listid=\"1\" data-aria-posinset=\"1\" data-aria-level=\"1\"><span data-contrast=\"none\">La elegibilidad para esta ayuda requiere que el estudiante se encuentre matriculado con una carga acad\u00e9mica no menos de medio tiempo<\/span><span data-contrast=\"none\">.<\/span><span data-ccp-props=\"{&quot;335559685&quot;:1020}\">\u00a0<\/span><\/li>\n<li data-leveltext=\"\uf0b7\" data-font=\"Symbol\" data-listid=\"5\" data-aria-posinset=\"2\" data-aria-level=\"1\"><span data-contrast=\"none\">Este tipo de pr\u00e9stamo acumula intereses a partir del primer desembolso.<\/span><span data-ccp-props=\"{&quot;335559685&quot;:1020}\">\u00a0<\/span><\/li>\n<li data-leveltext=\"\uf0b7\" data-font=\"Symbol\" data-listid=\"5\" data-aria-posinset=\"3\" data-aria-level=\"1\"><span data-contrast=\"none\">Otorga\u00a0<\/span><span data-contrast=\"none\">6 meses\u00a0<\/span><span data-contrast=\"none\">de\u00a0<\/span><span data-contrast=\"none\">periodo de gracia para comenzar a pagar el pr\u00e9stamo<\/span><span data-contrast=\"none\">.<\/span><span data-ccp-props=\"{&quot;335559685&quot;:1020}\">\u00a0<\/span><\/li>\n<li data-leveltext=\"\uf0b7\" data-font=\"Symbol\" data-listid=\"5\" data-aria-posinset=\"4\" data-aria-level=\"1\">8.08% es la tasa de inter\u00e9s fija aplicable del 1 de julio de 2024 al 30 junio 2025<\/li>\n<li data-leveltext=\"\uf0b7\" data-font=\"Symbol\" data-listid=\"5\" data-aria-posinset=\"1\" data-aria-level=\"1\"><span data-contrast=\"none\">Se\u00a0<\/span><span data-contrast=\"none\">emi<\/span><span data-contrast=\"none\">ten<\/span><span data-contrast=\"none\">\u00a0dos desembolsos del pr\u00e9stamo al a\u00f1o uno por semestre (Sesi\u00f3n Semestral y Anual).<\/span><span data-ccp-props=\"{&quot;335559685&quot;:1020}\">\u00a0<\/span><\/li>\n<li data-leveltext=\"\uf0b7\" data-font=\"Symbol\" data-listid=\"5\" data-aria-posinset=\"2\" data-aria-level=\"1\"><span data-contrast=\"none\">Se\u00a0<\/span><span data-contrast=\"none\">e<\/span><span data-contrast=\"none\">miten<\/span><span data-contrast=\"none\">\u00a0tres desembolsos del pr\u00e9stamo al a\u00f1o un<\/span><span data-contrast=\"none\">o<\/span><span data-contrast=\"none\">\u00a0por Trimestre (Sesi\u00f3n Trimestral).<\/span><span data-ccp-props=\"{&quot;335559685&quot;:1020}\">\u00a0<\/span><\/li>\n<li data-leveltext=\"\uf0b7\" data-font=\"Symbol\" data-listid=\"5\" data-aria-posinset=\"3\" data-aria-level=\"1\">El Gobierno Federal retendr\u00e1 un 1.057% de la cantidad del pr\u00e9stamo por concepto de gastos de originaci\u00f3n.<\/li>\n<\/ul>\n<p>[\/vc_column_text][vc_column_text css=&#8221;&#8221;]<strong>Pr\u00e9stamo Plus<\/strong><span data-ccp-props=\"{}\">\u00a0<\/span><\/p>\n<ul>\n<li><span data-contrast=\"none\">La elegibilidad para esta ayuda requiere que el estudiante se encuentre matriculado con una carga acad\u00e9mica no menos de medio tiempo<\/span><span data-contrast=\"none\">.<\/span><span data-ccp-props=\"{&quot;335559685&quot;:1020}\">\u00a0<\/span><\/li>\n<li><span data-contrast=\"none\">La cantidad del pr\u00e9stamo depende de los costos\u00a0<\/span><span data-contrast=\"none\">de es<\/span><span data-contrast=\"none\">tudios\u00a0<\/span><span data-contrast=\"none\">del programa y de otras ayudas otorgadas al estudiante, si alguna. Debe comunicarse con\u00a0<\/span><span data-contrast=\"none\">el<\/span><span data-contrast=\"none\">\u00a0Oficial de Asistencia Econ\u00f3mica para conocer\u00a0<\/span><span data-contrast=\"none\">la\u00a0<\/span><span data-contrast=\"none\">cantidad<\/span><span data-contrast=\"none\">\u00a0a la qu<\/span><span data-contrast=\"none\">e es elegible<\/span><span data-contrast=\"none\">.<\/span><span data-ccp-props=\"{&quot;335559685&quot;:1020}\">\u00a0<\/span><\/li>\n<li><span data-contrast=\"none\">No tener un historial de cr\u00e9dito negativo<\/span><span data-contrast=\"none\">.<\/span><span data-ccp-props=\"{&quot;335559685&quot;:1020}\">\u00a0<\/span><\/li>\n<li><span data-contrast=\"none\">Este tipo de pr\u00e9stamo acumula intereses a partir del primer desembolso.<\/span><span data-ccp-props=\"{}\">\u00a0<\/span><\/li>\n<li>9.08% es la tasa de inter\u00e9s fija aplicable del 1 de julio de 2024 al 30 junio 2025<\/li>\n<li><span data-contrast=\"none\">El gobierno Federal retendr\u00e1 un 4.228% de la cantidad del pr\u00e9stamo por concepto de gastos de originaci\u00f3n.<\/span><\/li>\n<li>Tiene seis(6) meses de periodo de gracia.<\/li>\n<li>Debe llenar un MPN (Master Promissory Note) correspondiente a Prestamo PLUS<\/li>\n<\/ul>\n<p>[\/vc_column_text][vc_column_text css=&#8221;&#8221;]<span class=\"TextRun SCXW235093546 BCX0\" lang=\"ES-PR\" xml:lang=\"ES-PR\" data-contrast=\"none\"><span class=\"NormalTextRun SCXW235093546 BCX0\">Requisito impuesto por el Gobierno Federal a todo estudiante que solicita pr\u00e9stamo:<\/span><\/span><br \/>\n<span data-contrast=\"none\">El Gobierno Federal requiere completar la Entrevista de Salida accediendo a\u202f<\/span><a href=\"https:\/\/studentaid.gov\/\"><span data-contrast=\"none\">https:\/\/studentaid.gov\/<\/span><\/a><span data-contrast=\"none\">\u202fa todo estudiante que:<\/span><span data-ccp-props=\"{}\">\u00a0<\/span><\/p>\n<ul>\n<li><span data-contrast=\"none\">Complete sus estudios<\/span><span data-ccp-props=\"{&quot;335559685&quot;:1020}\">\u00a0<\/span><\/li>\n<li><span data-contrast=\"none\">Se retire de sus estudios por Baja Total<\/span><span data-ccp-props=\"{&quot;335559685&quot;:1020}\">\u00a0<\/span><\/li>\n<li><span data-contrast=\"none\">Disminuya su carga acad\u00e9mica a menos de medio tiempo<\/span><span data-ccp-props=\"{&quot;335559685&quot;:1020}\">\u00a0<\/span><\/li>\n<\/ul>\n<p><span data-ccp-props=\"{&quot;335559685&quot;:1020}\">\u00a0<\/span><span data-contrast=\"none\">Una vez complete la misma, debe comunicarse con\u00a0<\/span><span data-contrast=\"none\">e<\/span><span data-contrast=\"none\">l<\/span><span data-contrast=\"none\">\u00a0Oficial de Asistencia Econ\u00f3mica v\u00eda telef\u00f3nica, correo electr\u00f3nico o visitando la oficina<\/span><span data-contrast=\"none\">\u00a0<\/span><span data-contrast=\"none\">para recibir infomaci\u00f3n importante.<\/span><span data-ccp-props=\"{}\">\u00a0<\/span>[\/vc_column_text][\/vc_column][vc_column width=&#8221;1\/4&#8243;][vc_wp_custommenu nav_menu=&#8221;11&#8243;][\/vc_column][\/vc_row]<\/p>\n<\/div>","protected":false},"excerpt":{"rendered":"<p>[vc_row][vc_column width=&#8221;3\/4&#8243;][vc_column_text css=&#8221;&#8221;]El\u00a0estudiante debe completar la Entrevista de Entrada y Master Promissory Note Subsidized\/No Subsidized accediendo a\u202fhttps:\/\/studentaid.gov\/\u202finmediatamente somete la solicitud de Pr\u00e9stamo.[\/vc_column_text][vc_column_text css=&#8221;&#8221;] Pr\u00e9stamos Federales disponibles para estudiantes Subgraduados [\/vc_column_text][vc_column_text css=&#8221;&#8221;]Calendario de Desembolso de Pr\u00e9stamo de Estudiantes [\/vc_column_text][vc_column_text css=&#8221;&#8221;]Pr\u00e9stamo Subsidiado\u00a0\u00a0 La elegibilidad para esta ayuda requiere que el estudiante se encuentre matriculado con una carga&hellip;<\/p>\n","protected":false},"author":3,"featured_media":0,"parent":3080,"menu_order":0,"comment_status":"closed","ping_status":"closed","template":"template-microsite.php","meta":{"footnotes":""},"class_list":["post-12627","page","type-page","status-publish","hentry","description-off"],"aioseo_notices":[],"_links":{"self":[{"href":"https:\/\/rcm1.rcm.upr.edu\/decanatoestudiantes\/wp-json\/wp\/v2\/pages\/12627","targetHints":{"allow":["GET"]}}],"collection":[{"href":"https:\/\/rcm1.rcm.upr.edu\/decanatoestudiantes\/wp-json\/wp\/v2\/pages"}],"about":[{"href":"https:\/\/rcm1.rcm.upr.edu\/decanatoestudiantes\/wp-json\/wp\/v2\/types\/page"}],"author":[{"embeddable":true,"href":"https:\/\/rcm1.rcm.upr.edu\/decanatoestudiantes\/wp-json\/wp\/v2\/users\/3"}],"replies":[{"embeddable":true,"href":"https:\/\/rcm1.rcm.upr.edu\/decanatoestudiantes\/wp-json\/wp\/v2\/comments?post=12627"}],"version-history":[{"count":6,"href":"https:\/\/rcm1.rcm.upr.edu\/decanatoestudiantes\/wp-json\/wp\/v2\/pages\/12627\/revisions"}],"predecessor-version":[{"id":12721,"href":"https:\/\/rcm1.rcm.upr.edu\/decanatoestudiantes\/wp-json\/wp\/v2\/pages\/12627\/revisions\/12721"}],"up":[{"embeddable":true,"href":"https:\/\/rcm1.rcm.upr.edu\/decanatoestudiantes\/wp-json\/wp\/v2\/pages\/3080"}],"wp:attachment":[{"href":"https:\/\/rcm1.rcm.upr.edu\/decanatoestudiantes\/wp-json\/wp\/v2\/media?parent=12627"}],"curies":[{"name":"wp","href":"https:\/\/api.w.org\/{rel}","templated":true}]}}